{"id":3143,"date":"2022-05-26T11:21:58","date_gmt":"2022-05-26T08:26:00","guid":{"rendered":"https:\/\/orto.ee\/?post_type=product&#038;p=3143"},"modified":"2022-05-26T11:26:01","modified_gmt":"2022-05-26T08:26:01","slug":"ortomed-kosteuttava-voide-urea-45-500-ml","status":"publish","type":"product","link":"https:\/\/kataloog.orto.ee\/fi\/pood\/ortomed-kosteuttava-voide-urea-45-500-ml\/","title":{"rendered":"Ortomed kosteuttava voide Urea 4,5% 500 ml"},"content":{"rendered":"<p>K\u00e4ytet\u00e4\u00e4n p\u00e4ivitt\u00e4in normaalin, kuivan, kire\u00e4n, sarveistuneen, karhean tai hilseilev\u00e4n ihon kosteuttamiseen ja pehment\u00e4miseen.<\/p>\n<p>Viron psoriaasiliiton ja dermatologien yhteisty\u00f6ss\u00e4 kehitetty kasvoja, k\u00e4si\u00e4 ja vartaloa tehokkaasti kosteuttava ja ihon kuntoa parantava voide. Ihoa kosteuttavaan luonnolliseen ainesosaan kuuluva <strong>urea<\/strong> tunkeutuu marrasketeen pehment\u00e4en ja kosteuttaen ihoa luonnollisella tavalla. <strong>Urea<\/strong> edist\u00e4\u00e4 ihon uusiutumista. Ihosta tulee vahvempi, ja se kest\u00e4\u00e4 paremmin ymp\u00e4rist\u00f6n aiheuttamia haittavaikutuksia. <strong>\u00d6ljyt<\/strong> pehment\u00e4v\u00e4t ihoa ja muodostavat suojaavan kerroksen sen pinnalle sek\u00e4 pident\u00e4v\u00e4t voiteen kosteuttavaa vaikutusta.<\/p>\n<p>Dermatologisesti testattu.<\/p>\n","protected":false},"excerpt":{"rendered":"<p>K\u00e4ytet\u00e4\u00e4n p\u00e4ivitt\u00e4in normaalin, kuivan, kire\u00e4n, sarveistuneen, karhean tai hilseilev\u00e4n ihon kosteuttamiseen ja pehment\u00e4miseen. Viron psoriaasiliiton ja dermatologien yhteisty\u00f6ss\u00e4 kehitetty kasvoja,&#8230;<\/p>\n","protected":false},"featured_media":3124,"template":"","meta":{"_et_pb_use_builder":"","_et_pb_old_content":"","_et_gb_content_width":""},"product_cat":[75],"product_tag":[],"acf":[],"yoast_head":"<!-- This site is optimized with the Yoast SEO plugin v21.5 - https:\/\/yoast.com\/wordpress\/plugins\/seo\/ -->\n<title>Ortomed kosteuttava voide Urea 4,5% 500 ml - Orto<\/title>\n<meta name=\"description\" content=\"Ortomed kosteuttava voide Urea 4,5% 500 ml\" \/>\n<meta name=\"robots\" content=\"noindex, follow, max-snippet:-1, max-image-preview:large, max-video-preview:-1\" \/>\n<meta property=\"og:locale\" content=\"fi_FI\" \/>\n<meta property=\"og:type\" content=\"article\" \/>\n<meta property=\"og:title\" content=\"Ortomed kosteuttava voide Urea 4,5% 500 ml - Orto\" \/>\n<meta property=\"og:description\" content=\"Ortomed kosteuttava voide Urea 4,5% 500 ml\" \/>\n<meta property=\"og:url\" content=\"https:\/\/kataloog.orto.ee\/pood\/ortomed-urea-45-kreem-500ml-pump\/\" \/>\n<meta property=\"og:site_name\" content=\"Orto\" \/>\n<meta property=\"article:modified_time\" content=\"2022-05-26T08:26:01+00:00\" \/>\n<meta property=\"og:image\" content=\"https:\/\/kataloog.orto.ee\/wp-content\/uploads\/2022\/05\/Ortomed_500ml_mockup_Urea45.png\" \/>\n\t<meta property=\"og:image:width\" content=\"4000\" \/>\n\t<meta property=\"og:image:height\" content=\"4000\" \/>\n\t<meta property=\"og:image:type\" content=\"image\/png\" \/>\n<meta name=\"twitter:card\" content=\"summary_large_image\" \/>\n<meta name=\"twitter:label1\" content=\"Arvioitu lukuaika\" \/>\n\t<meta name=\"twitter:data1\" content=\"1 minuutti\" \/>\n<script type=\"application\/ld+json\" class=\"yoast-schema-graph\">{\"@context\":\"https:\/\/schema.org\",\"@graph\":[{\"@type\":\"WebPage\",\"@id\":\"https:\/\/kataloog.orto.ee\/pood\/ortomed-urea-45-kreem-500ml-pump\/\",\"url\":\"https:\/\/kataloog.orto.ee\/pood\/ortomed-urea-45-kreem-500ml-pump\/\",\"name\":\"Ortomed kosteuttava voide Urea 4,5% 500 ml - Orto\",\"isPartOf\":{\"@id\":\"https:\/\/kataloog.orto.ee\/#website\"},\"datePublished\":\"2022-05-26T08:26:00+00:00\",\"dateModified\":\"2022-05-26T08:26:01+00:00\",\"description\":\"Ortomed kosteuttava voide Urea 4,5% 500 ml\",\"breadcrumb\":{\"@id\":\"https:\/\/kataloog.orto.ee\/pood\/ortomed-urea-45-kreem-500ml-pump\/#breadcrumb\"},\"inLanguage\":\"fi\",\"potentialAction\":[{\"@type\":\"ReadAction\",\"target\":[\"https:\/\/kataloog.orto.ee\/pood\/ortomed-urea-45-kreem-500ml-pump\/\"]}]},{\"@type\":\"BreadcrumbList\",\"@id\":\"https:\/\/kataloog.orto.ee\/pood\/ortomed-urea-45-kreem-500ml-pump\/#breadcrumb\",\"itemListElement\":[{\"@type\":\"ListItem\",\"position\":1,\"name\":\"Home\",\"item\":\"https:\/\/kataloog.orto.ee\/\"},{\"@type\":\"ListItem\",\"position\":2,\"name\":\"Tuotteet\",\"item\":\"https:\/\/kataloog.orto.ee\/tooted\/\"},{\"@type\":\"ListItem\",\"position\":3,\"name\":\"Ortomed kosteuttava voide Urea 4,5% 500 ml\"}]},{\"@type\":\"WebSite\",\"@id\":\"https:\/\/kataloog.orto.ee\/#website\",\"url\":\"https:\/\/kataloog.orto.ee\/\",\"name\":\"Orto\",\"description\":\"\",\"potentialAction\":[{\"@type\":\"SearchAction\",\"target\":{\"@type\":\"EntryPoint\",\"urlTemplate\":\"https:\/\/kataloog.orto.ee\/?s={search_term_string}\"},\"query-input\":\"required name=search_term_string\"}],\"inLanguage\":\"fi\"}]}<\/script>\n<!-- \/ Yoast SEO plugin. -->","yoast_head_json":{"title":"Ortomed kosteuttava voide Urea 4,5% 500 ml - Orto","description":"Ortomed kosteuttava voide Urea 4,5% 500 ml","robots":{"index":"noindex","follow":"follow","max-snippet":"max-snippet:-1","max-image-preview":"max-image-preview:large","max-video-preview":"max-video-preview:-1"},"og_locale":"fi_FI","og_type":"article","og_title":"Ortomed kosteuttava voide Urea 4,5% 500 ml - Orto","og_description":"Ortomed kosteuttava voide Urea 4,5% 500 ml","og_url":"https:\/\/kataloog.orto.ee\/pood\/ortomed-urea-45-kreem-500ml-pump\/","og_site_name":"Orto","article_modified_time":"2022-05-26T08:26:01+00:00","og_image":[{"width":4000,"height":4000,"url":"https:\/\/kataloog.orto.ee\/wp-content\/uploads\/2022\/05\/Ortomed_500ml_mockup_Urea45.png","type":"image\/png"}],"twitter_card":"summary_large_image","twitter_misc":{"Arvioitu lukuaika":"1 minuutti"},"schema":{"@context":"https:\/\/schema.org","@graph":[{"@type":"WebPage","@id":"https:\/\/kataloog.orto.ee\/pood\/ortomed-urea-45-kreem-500ml-pump\/","url":"https:\/\/kataloog.orto.ee\/pood\/ortomed-urea-45-kreem-500ml-pump\/","name":"Ortomed kosteuttava voide Urea 4,5% 500 ml - Orto","isPartOf":{"@id":"https:\/\/kataloog.orto.ee\/#website"},"datePublished":"2022-05-26T08:26:00+00:00","dateModified":"2022-05-26T08:26:01+00:00","description":"Ortomed kosteuttava voide Urea 4,5% 500 ml","breadcrumb":{"@id":"https:\/\/kataloog.orto.ee\/pood\/ortomed-urea-45-kreem-500ml-pump\/#breadcrumb"},"inLanguage":"fi","potentialAction":[{"@type":"ReadAction","target":["https:\/\/kataloog.orto.ee\/pood\/ortomed-urea-45-kreem-500ml-pump\/"]}]},{"@type":"BreadcrumbList","@id":"https:\/\/kataloog.orto.ee\/pood\/ortomed-urea-45-kreem-500ml-pump\/#breadcrumb","itemListElement":[{"@type":"ListItem","position":1,"name":"Home","item":"https:\/\/kataloog.orto.ee\/"},{"@type":"ListItem","position":2,"name":"Tuotteet","item":"https:\/\/kataloog.orto.ee\/tooted\/"},{"@type":"ListItem","position":3,"name":"Ortomed kosteuttava voide Urea 4,5% 500 ml"}]},{"@type":"WebSite","@id":"https:\/\/kataloog.orto.ee\/#website","url":"https:\/\/kataloog.orto.ee\/","name":"Orto","description":"","potentialAction":[{"@type":"SearchAction","target":{"@type":"EntryPoint","urlTemplate":"https:\/\/kataloog.orto.ee\/?s={search_term_string}"},"query-input":"required name=search_term_string"}],"inLanguage":"fi"}]}},"_links":{"self":[{"href":"https:\/\/kataloog.orto.ee\/fi\/wp-json\/wp\/v2\/product\/3143"}],"collection":[{"href":"https:\/\/kataloog.orto.ee\/fi\/wp-json\/wp\/v2\/product"}],"about":[{"href":"https:\/\/kataloog.orto.ee\/fi\/wp-json\/wp\/v2\/types\/product"}],"wp:featuredmedia":[{"embeddable":true,"href":"https:\/\/kataloog.orto.ee\/fi\/wp-json\/wp\/v2\/media\/3124"}],"wp:attachment":[{"href":"https:\/\/kataloog.orto.ee\/fi\/wp-json\/wp\/v2\/media?parent=3143"}],"wp:term":[{"taxonomy":"product_cat","embeddable":true,"href":"https:\/\/kataloog.orto.ee\/fi\/wp-json\/wp\/v2\/product_cat?post=3143"},{"taxonomy":"product_tag","embeddable":true,"href":"https:\/\/kataloog.orto.ee\/fi\/wp-json\/wp\/v2\/product_tag?post=3143"}],"curies":[{"name":"wp","href":"https:\/\/api.w.org\/{rel}","templated":true}]}}