{"id":2820,"date":"2020-04-17T13:28:46","date_gmt":"2020-04-17T10:28:46","guid":{"rendered":"https:\/\/orto.ee\/pood\/must-kingakreem-viks-50g\/"},"modified":"2022-06-06T13:09:44","modified_gmt":"2022-06-06T10:09:44","slug":"must-kingakreem-viks-50g","status":"publish","type":"product","link":"https:\/\/kataloog.orto.ee\/fi\/pood\/must-kingakreem-viks-50g\/","title":{"rendered":"Musta kenk\u00e4voide \u201eVIKS\u201c 50 g"},"content":{"rendered":"<p>Kenkavoide musta<\/p>\n<p>Huoltaa ja kiillottaa kenki\u00e4<\/p>\n<p>Silikoni\u00f6ljy\u00e4 ja luonnonvahaa sis\u00e4lt\u00e4v\u00e4 kenk\u00e4voide lis\u00e4\u00e4 nahan kosteudenkest\u00e4vyytt\u00e4 ja joustavuutta. Huoltaa kenki\u00e4 ja peitt\u00e4\u00e4 mikronaarmut. Antaa kengille t\u00e4ydellisen kiillon. Helppo levitt\u00e4\u00e4 sek\u00e4 sienell\u00e4 ett\u00e4 harjalla.<\/p>\n<p>VIKS \u2013 tunnettu br\u00e4ndi vuodesta 1995. Keng\u00e4t kiilt\u00e4viksi!<\/p>\n","protected":false},"excerpt":{"rendered":"<p>Kenkavoide musta Huoltaa ja kiillottaa kenki\u00e4 Silikoni\u00f6ljy\u00e4 ja luonnonvahaa sis\u00e4lt\u00e4v\u00e4 kenk\u00e4voide lis\u00e4\u00e4 nahan kosteudenkest\u00e4vyytt\u00e4 ja joustavuutta. Huoltaa kenki\u00e4 ja peitt\u00e4\u00e4&#8230;<\/p>\n","protected":false},"featured_media":2821,"template":"","meta":{"_et_pb_use_builder":"","_et_pb_old_content":"","_et_gb_content_width":""},"product_cat":[101],"product_tag":[],"acf":[],"yoast_head":"<!-- This site is optimized with the Yoast SEO plugin v21.5 - https:\/\/yoast.com\/wordpress\/plugins\/seo\/ -->\n<title>Musta kenk\u00e4voide \u201eVIKS\u201c 50 g - Orto<\/title>\n<meta name=\"description\" content=\"Musta kenk\u00e4voide \u201eVIKS\u201c 50 g\" \/>\n<meta name=\"robots\" content=\"noindex, follow, max-snippet:-1, max-image-preview:large, max-video-preview:-1\" \/>\n<meta property=\"og:locale\" content=\"fi_FI\" \/>\n<meta property=\"og:type\" content=\"article\" \/>\n<meta property=\"og:title\" content=\"Musta kenk\u00e4voide \u201eVIKS\u201c 50 g - Orto\" \/>\n<meta property=\"og:description\" content=\"Musta kenk\u00e4voide \u201eVIKS\u201c 50 g\" \/>\n<meta property=\"og:url\" content=\"https:\/\/kataloog.orto.ee\/pood\/must-kingakreem-viks-50g\/\" \/>\n<meta property=\"og:site_name\" content=\"Orto\" \/>\n<meta property=\"article:modified_time\" content=\"2022-06-06T10:09:44+00:00\" \/>\n<meta property=\"og:image\" content=\"https:\/\/kataloog.orto.ee\/wp-content\/uploads\/2020\/04\/must-viks.jpg\" \/>\n\t<meta property=\"og:image:width\" content=\"255\" \/>\n\t<meta property=\"og:image:height\" content=\"545\" \/>\n\t<meta property=\"og:image:type\" content=\"image\/jpeg\" \/>\n<meta name=\"twitter:card\" content=\"summary_large_image\" \/>\n<meta name=\"twitter:label1\" content=\"Arvioitu lukuaika\" \/>\n\t<meta name=\"twitter:data1\" content=\"1 minuutti\" \/>\n<script type=\"application\/ld+json\" class=\"yoast-schema-graph\">{\"@context\":\"https:\/\/schema.org\",\"@graph\":[{\"@type\":\"WebPage\",\"@id\":\"https:\/\/kataloog.orto.ee\/pood\/must-kingakreem-viks-50g\/\",\"url\":\"https:\/\/kataloog.orto.ee\/pood\/must-kingakreem-viks-50g\/\",\"name\":\"Musta kenk\u00e4voide \u201eVIKS\u201c 50 g - Orto\",\"isPartOf\":{\"@id\":\"https:\/\/kataloog.orto.ee\/#website\"},\"datePublished\":\"2020-04-17T10:28:46+00:00\",\"dateModified\":\"2022-06-06T10:09:44+00:00\",\"description\":\"Musta kenk\u00e4voide \u201eVIKS\u201c 50 g\",\"breadcrumb\":{\"@id\":\"https:\/\/kataloog.orto.ee\/pood\/must-kingakreem-viks-50g\/#breadcrumb\"},\"inLanguage\":\"fi\",\"potentialAction\":[{\"@type\":\"ReadAction\",\"target\":[\"https:\/\/kataloog.orto.ee\/pood\/must-kingakreem-viks-50g\/\"]}]},{\"@type\":\"BreadcrumbList\",\"@id\":\"https:\/\/kataloog.orto.ee\/pood\/must-kingakreem-viks-50g\/#breadcrumb\",\"itemListElement\":[{\"@type\":\"ListItem\",\"position\":1,\"name\":\"Home\",\"item\":\"https:\/\/kataloog.orto.ee\/\"},{\"@type\":\"ListItem\",\"position\":2,\"name\":\"Tuotteet\",\"item\":\"https:\/\/kataloog.orto.ee\/tooted\/\"},{\"@type\":\"ListItem\",\"position\":3,\"name\":\"Musta kenk\u00e4voide \u201eVIKS\u201c 50 g\"}]},{\"@type\":\"WebSite\",\"@id\":\"https:\/\/kataloog.orto.ee\/#website\",\"url\":\"https:\/\/kataloog.orto.ee\/\",\"name\":\"Orto\",\"description\":\"\",\"potentialAction\":[{\"@type\":\"SearchAction\",\"target\":{\"@type\":\"EntryPoint\",\"urlTemplate\":\"https:\/\/kataloog.orto.ee\/?s={search_term_string}\"},\"query-input\":\"required name=search_term_string\"}],\"inLanguage\":\"fi\"}]}<\/script>\n<!-- \/ Yoast SEO plugin. -->","yoast_head_json":{"title":"Musta kenk\u00e4voide \u201eVIKS\u201c 50 g - Orto","description":"Musta kenk\u00e4voide \u201eVIKS\u201c 50 g","robots":{"index":"noindex","follow":"follow","max-snippet":"max-snippet:-1","max-image-preview":"max-image-preview:large","max-video-preview":"max-video-preview:-1"},"og_locale":"fi_FI","og_type":"article","og_title":"Musta kenk\u00e4voide \u201eVIKS\u201c 50 g - Orto","og_description":"Musta kenk\u00e4voide \u201eVIKS\u201c 50 g","og_url":"https:\/\/kataloog.orto.ee\/pood\/must-kingakreem-viks-50g\/","og_site_name":"Orto","article_modified_time":"2022-06-06T10:09:44+00:00","og_image":[{"width":255,"height":545,"url":"https:\/\/kataloog.orto.ee\/wp-content\/uploads\/2020\/04\/must-viks.jpg","type":"image\/jpeg"}],"twitter_card":"summary_large_image","twitter_misc":{"Arvioitu lukuaika":"1 minuutti"},"schema":{"@context":"https:\/\/schema.org","@graph":[{"@type":"WebPage","@id":"https:\/\/kataloog.orto.ee\/pood\/must-kingakreem-viks-50g\/","url":"https:\/\/kataloog.orto.ee\/pood\/must-kingakreem-viks-50g\/","name":"Musta kenk\u00e4voide \u201eVIKS\u201c 50 g - Orto","isPartOf":{"@id":"https:\/\/kataloog.orto.ee\/#website"},"datePublished":"2020-04-17T10:28:46+00:00","dateModified":"2022-06-06T10:09:44+00:00","description":"Musta kenk\u00e4voide \u201eVIKS\u201c 50 g","breadcrumb":{"@id":"https:\/\/kataloog.orto.ee\/pood\/must-kingakreem-viks-50g\/#breadcrumb"},"inLanguage":"fi","potentialAction":[{"@type":"ReadAction","target":["https:\/\/kataloog.orto.ee\/pood\/must-kingakreem-viks-50g\/"]}]},{"@type":"BreadcrumbList","@id":"https:\/\/kataloog.orto.ee\/pood\/must-kingakreem-viks-50g\/#breadcrumb","itemListElement":[{"@type":"ListItem","position":1,"name":"Home","item":"https:\/\/kataloog.orto.ee\/"},{"@type":"ListItem","position":2,"name":"Tuotteet","item":"https:\/\/kataloog.orto.ee\/tooted\/"},{"@type":"ListItem","position":3,"name":"Musta kenk\u00e4voide \u201eVIKS\u201c 50 g"}]},{"@type":"WebSite","@id":"https:\/\/kataloog.orto.ee\/#website","url":"https:\/\/kataloog.orto.ee\/","name":"Orto","description":"","potentialAction":[{"@type":"SearchAction","target":{"@type":"EntryPoint","urlTemplate":"https:\/\/kataloog.orto.ee\/?s={search_term_string}"},"query-input":"required name=search_term_string"}],"inLanguage":"fi"}]}},"_links":{"self":[{"href":"https:\/\/kataloog.orto.ee\/fi\/wp-json\/wp\/v2\/product\/2820"}],"collection":[{"href":"https:\/\/kataloog.orto.ee\/fi\/wp-json\/wp\/v2\/product"}],"about":[{"href":"https:\/\/kataloog.orto.ee\/fi\/wp-json\/wp\/v2\/types\/product"}],"wp:featuredmedia":[{"embeddable":true,"href":"https:\/\/kataloog.orto.ee\/fi\/wp-json\/wp\/v2\/media\/2821"}],"wp:attachment":[{"href":"https:\/\/kataloog.orto.ee\/fi\/wp-json\/wp\/v2\/media?parent=2820"}],"wp:term":[{"taxonomy":"product_cat","embeddable":true,"href":"https:\/\/kataloog.orto.ee\/fi\/wp-json\/wp\/v2\/product_cat?post=2820"},{"taxonomy":"product_tag","embeddable":true,"href":"https:\/\/kataloog.orto.ee\/fi\/wp-json\/wp\/v2\/product_tag?post=2820"}],"curies":[{"name":"wp","href":"https:\/\/api.w.org\/{rel}","templated":true}]}}