{"id":2815,"date":"2020-09-22T10:54:31","date_gmt":"2020-09-22T07:54:31","guid":{"rendered":"https:\/\/orto.ee\/pood\/saapamaare-merelovi-650g\/"},"modified":"2022-06-06T14:00:44","modified_gmt":"2022-06-06T11:00:44","slug":"saapamaare-merelovi-650g","status":"publish","type":"product","link":"https:\/\/kataloog.orto.ee\/fi\/pood\/saapamaare-merelovi-650g\/","title":{"rendered":"Nahkarasva Merel\u00f5vi 650 g"},"content":{"rendered":"<p>Nahkarasva.<\/p>\n<p>Parantaa jalkineiden vedenpit\u00e4vyytt\u00e4<\/p>\n<p>Silikoni\u00f6ljy\u00e4 ja el\u00e4inrasvaa sis\u00e4lt\u00e4v\u00e4 nahkarasva vaativissa olosuhteissa k\u00e4ytett\u00e4vien jalkineiden s\u00e4\u00e4nn\u00f6lliseen huoltoon. Pehment\u00e4\u00e4 nahkaa, parantaa jalkineiden vedenpit\u00e4vyytt\u00e4 ja suojaa niit\u00e4 \u00e4\u00e4rimm\u00e4isiss\u00e4 olosuhteissa.<\/p>\n<p>&nbsp;<\/p>\n","protected":false},"excerpt":{"rendered":"<p>Nahkarasva. Parantaa jalkineiden vedenpit\u00e4vyytt\u00e4 Silikoni\u00f6ljy\u00e4 ja el\u00e4inrasvaa sis\u00e4lt\u00e4v\u00e4 nahkarasva vaativissa olosuhteissa k\u00e4ytett\u00e4vien jalkineiden s\u00e4\u00e4nn\u00f6lliseen huoltoon. Pehment\u00e4\u00e4 nahkaa, parantaa jalkineiden vedenpit\u00e4vyytt\u00e4&#8230;<\/p>\n","protected":false},"featured_media":2816,"template":"","meta":{"_et_pb_use_builder":"","_et_pb_old_content":"","_et_gb_content_width":""},"product_cat":[101],"product_tag":[],"acf":[],"yoast_head":"<!-- This site is optimized with the Yoast SEO plugin v21.5 - https:\/\/yoast.com\/wordpress\/plugins\/seo\/ -->\n<title>Nahkarasva Merel\u00f5vi 650 g - Orto<\/title>\n<meta name=\"description\" content=\"Nahkarasva Merel\u00f5vi 650 g\" \/>\n<meta name=\"robots\" content=\"noindex, follow, max-snippet:-1, max-image-preview:large, max-video-preview:-1\" \/>\n<meta property=\"og:locale\" content=\"fi_FI\" \/>\n<meta property=\"og:type\" content=\"article\" \/>\n<meta property=\"og:title\" content=\"Nahkarasva Merel\u00f5vi 650 g - Orto\" \/>\n<meta property=\"og:description\" content=\"Nahkarasva Merel\u00f5vi 650 g\" \/>\n<meta property=\"og:url\" content=\"https:\/\/kataloog.orto.ee\/pood\/saapamaare-merelovi-650g\/\" \/>\n<meta property=\"og:site_name\" content=\"Orto\" \/>\n<meta property=\"article:modified_time\" content=\"2022-06-06T11:00:44+00:00\" \/>\n<meta property=\"og:image\" content=\"https:\/\/kataloog.orto.ee\/wp-content\/uploads\/2021\/03\/Merel\u00f5vi-650-g-1-scaled.jpg\" \/>\n\t<meta property=\"og:image:width\" content=\"2560\" \/>\n\t<meta property=\"og:image:height\" content=\"2030\" \/>\n\t<meta property=\"og:image:type\" content=\"image\/jpeg\" \/>\n<meta name=\"twitter:card\" content=\"summary_large_image\" \/>\n<meta name=\"twitter:label1\" content=\"Arvioitu lukuaika\" \/>\n\t<meta name=\"twitter:data1\" content=\"1 minuutti\" \/>\n<script type=\"application\/ld+json\" class=\"yoast-schema-graph\">{\"@context\":\"https:\/\/schema.org\",\"@graph\":[{\"@type\":\"WebPage\",\"@id\":\"https:\/\/kataloog.orto.ee\/pood\/saapamaare-merelovi-650g\/\",\"url\":\"https:\/\/kataloog.orto.ee\/pood\/saapamaare-merelovi-650g\/\",\"name\":\"Nahkarasva Merel\u00f5vi 650 g - Orto\",\"isPartOf\":{\"@id\":\"https:\/\/kataloog.orto.ee\/#website\"},\"datePublished\":\"2020-09-22T07:54:31+00:00\",\"dateModified\":\"2022-06-06T11:00:44+00:00\",\"description\":\"Nahkarasva Merel\u00f5vi 650 g\",\"breadcrumb\":{\"@id\":\"https:\/\/kataloog.orto.ee\/pood\/saapamaare-merelovi-650g\/#breadcrumb\"},\"inLanguage\":\"fi\",\"potentialAction\":[{\"@type\":\"ReadAction\",\"target\":[\"https:\/\/kataloog.orto.ee\/pood\/saapamaare-merelovi-650g\/\"]}]},{\"@type\":\"BreadcrumbList\",\"@id\":\"https:\/\/kataloog.orto.ee\/pood\/saapamaare-merelovi-650g\/#breadcrumb\",\"itemListElement\":[{\"@type\":\"ListItem\",\"position\":1,\"name\":\"Home\",\"item\":\"https:\/\/kataloog.orto.ee\/\"},{\"@type\":\"ListItem\",\"position\":2,\"name\":\"Tuotteet\",\"item\":\"https:\/\/kataloog.orto.ee\/tooted\/\"},{\"@type\":\"ListItem\",\"position\":3,\"name\":\"Nahkarasva Merel\u00f5vi 650 g\"}]},{\"@type\":\"WebSite\",\"@id\":\"https:\/\/kataloog.orto.ee\/#website\",\"url\":\"https:\/\/kataloog.orto.ee\/\",\"name\":\"Orto\",\"description\":\"\",\"potentialAction\":[{\"@type\":\"SearchAction\",\"target\":{\"@type\":\"EntryPoint\",\"urlTemplate\":\"https:\/\/kataloog.orto.ee\/?s={search_term_string}\"},\"query-input\":\"required name=search_term_string\"}],\"inLanguage\":\"fi\"}]}<\/script>\n<!-- \/ Yoast SEO plugin. -->","yoast_head_json":{"title":"Nahkarasva Merel\u00f5vi 650 g - Orto","description":"Nahkarasva Merel\u00f5vi 650 g","robots":{"index":"noindex","follow":"follow","max-snippet":"max-snippet:-1","max-image-preview":"max-image-preview:large","max-video-preview":"max-video-preview:-1"},"og_locale":"fi_FI","og_type":"article","og_title":"Nahkarasva Merel\u00f5vi 650 g - Orto","og_description":"Nahkarasva Merel\u00f5vi 650 g","og_url":"https:\/\/kataloog.orto.ee\/pood\/saapamaare-merelovi-650g\/","og_site_name":"Orto","article_modified_time":"2022-06-06T11:00:44+00:00","og_image":[{"width":2560,"height":2030,"url":"https:\/\/kataloog.orto.ee\/wp-content\/uploads\/2021\/03\/Merel\u00f5vi-650-g-1-scaled.jpg","type":"image\/jpeg"}],"twitter_card":"summary_large_image","twitter_misc":{"Arvioitu lukuaika":"1 minuutti"},"schema":{"@context":"https:\/\/schema.org","@graph":[{"@type":"WebPage","@id":"https:\/\/kataloog.orto.ee\/pood\/saapamaare-merelovi-650g\/","url":"https:\/\/kataloog.orto.ee\/pood\/saapamaare-merelovi-650g\/","name":"Nahkarasva Merel\u00f5vi 650 g - Orto","isPartOf":{"@id":"https:\/\/kataloog.orto.ee\/#website"},"datePublished":"2020-09-22T07:54:31+00:00","dateModified":"2022-06-06T11:00:44+00:00","description":"Nahkarasva Merel\u00f5vi 650 g","breadcrumb":{"@id":"https:\/\/kataloog.orto.ee\/pood\/saapamaare-merelovi-650g\/#breadcrumb"},"inLanguage":"fi","potentialAction":[{"@type":"ReadAction","target":["https:\/\/kataloog.orto.ee\/pood\/saapamaare-merelovi-650g\/"]}]},{"@type":"BreadcrumbList","@id":"https:\/\/kataloog.orto.ee\/pood\/saapamaare-merelovi-650g\/#breadcrumb","itemListElement":[{"@type":"ListItem","position":1,"name":"Home","item":"https:\/\/kataloog.orto.ee\/"},{"@type":"ListItem","position":2,"name":"Tuotteet","item":"https:\/\/kataloog.orto.ee\/tooted\/"},{"@type":"ListItem","position":3,"name":"Nahkarasva Merel\u00f5vi 650 g"}]},{"@type":"WebSite","@id":"https:\/\/kataloog.orto.ee\/#website","url":"https:\/\/kataloog.orto.ee\/","name":"Orto","description":"","potentialAction":[{"@type":"SearchAction","target":{"@type":"EntryPoint","urlTemplate":"https:\/\/kataloog.orto.ee\/?s={search_term_string}"},"query-input":"required name=search_term_string"}],"inLanguage":"fi"}]}},"_links":{"self":[{"href":"https:\/\/kataloog.orto.ee\/fi\/wp-json\/wp\/v2\/product\/2815"}],"collection":[{"href":"https:\/\/kataloog.orto.ee\/fi\/wp-json\/wp\/v2\/product"}],"about":[{"href":"https:\/\/kataloog.orto.ee\/fi\/wp-json\/wp\/v2\/types\/product"}],"wp:featuredmedia":[{"embeddable":true,"href":"https:\/\/kataloog.orto.ee\/fi\/wp-json\/wp\/v2\/media\/2816"}],"wp:attachment":[{"href":"https:\/\/kataloog.orto.ee\/fi\/wp-json\/wp\/v2\/media?parent=2815"}],"wp:term":[{"taxonomy":"product_cat","embeddable":true,"href":"https:\/\/kataloog.orto.ee\/fi\/wp-json\/wp\/v2\/product_cat?post=2815"},{"taxonomy":"product_tag","embeddable":true,"href":"https:\/\/kataloog.orto.ee\/fi\/wp-json\/wp\/v2\/product_tag?post=2815"}],"curies":[{"name":"wp","href":"https:\/\/api.w.org\/{rel}","templated":true}]}}