{"id":2565,"date":"2020-04-02T15:37:25","date_gmt":"2020-04-02T12:37:25","guid":{"rendered":"https:\/\/orto.ee\/pood\/kortsudevastane-kreem-kasepung-75-ml\/"},"modified":"2022-08-08T11:30:36","modified_gmt":"2022-08-08T08:30:36","slug":"kortsudevastane-kreem-kasepung-75-ml","status":"publish","type":"product","link":"https:\/\/kataloog.orto.ee\/fi\/pood\/kortsudevastane-kreem-kasepung-75-ml\/","title":{"rendered":"Ryppyj\u00e4 ehk\u00e4isev\u00e4 voide Koivunsilmu Puhas Loodus  75 ml"},"content":{"rendered":"<p>Normaalille ja kuivalle iholle.<\/p>\n<p>Koivunsilmu-uutteen, koentsyymin Q10, manteli\u00f6ljyn, avokado\u00f6ljyn ja E-vitamiinin yhdistelm\u00e4 elvytt\u00e4\u00e4 ihon aineenvaihduntaa, lis\u00e4\u00e4 kollageenin muodostumista ihossa, palauttaa ihon lipidien tasapainon ja auttaa neutralisoimaan vapaita radikaaleja. Voiteen aktiiviaineet est\u00e4v\u00e4t ryppyjen muodostumista ja kiinteytt\u00e4v\u00e4t ihoa. Voiteen ymp\u00e4rivuorokautinen j\u00e4lkivaikutus suojaa ihoa my\u00f6s p\u00e4iv\u00e4ll\u00e4 ymp\u00e4rist\u00f6n vaikutuksilta.<\/p>\n<p>95 % luonnollista alkuper\u00e4\u00e4.<\/p>\n","protected":false},"excerpt":{"rendered":"<p>Normaalille ja kuivalle iholle. Koivunsilmu-uutteen, koentsyymin Q10, manteli\u00f6ljyn, avokado\u00f6ljyn ja E-vitamiinin yhdistelm\u00e4 elvytt\u00e4\u00e4 ihon aineenvaihduntaa, lis\u00e4\u00e4 kollageenin muodostumista ihossa, palauttaa&#8230;<\/p>\n","protected":false},"featured_media":3275,"template":"","meta":{"_et_pb_use_builder":"","_et_pb_old_content":"","_et_gb_content_width":""},"product_cat":[110],"product_tag":[],"acf":[],"yoast_head":"<!-- This site is optimized with the Yoast SEO plugin v21.5 - https:\/\/yoast.com\/wordpress\/plugins\/seo\/ -->\n<title>Ryppyj\u00e4 ehk\u00e4isev\u00e4 voide Koivunsilmu Puhas Loodus 75 ml - Orto<\/title>\n<meta name=\"description\" content=\"Ryppyj\u00e4 ehk\u00e4isev\u00e4 voide Koivunsilmu Puhas Loodus 75 ml\" \/>\n<meta name=\"robots\" content=\"noindex, follow, max-snippet:-1, max-image-preview:large, max-video-preview:-1\" \/>\n<meta property=\"og:locale\" content=\"fi_FI\" \/>\n<meta property=\"og:type\" content=\"article\" \/>\n<meta property=\"og:title\" content=\"Ryppyj\u00e4 ehk\u00e4isev\u00e4 voide Koivunsilmu Puhas Loodus 75 ml - Orto\" \/>\n<meta property=\"og:description\" content=\"Ryppyj\u00e4 ehk\u00e4isev\u00e4 voide Koivunsilmu Puhas Loodus 75 ml\" \/>\n<meta property=\"og:url\" content=\"https:\/\/kataloog.orto.ee\/pood\/kortsudevastane-kreem-kasepung-75-ml\/\" \/>\n<meta property=\"og:site_name\" content=\"Orto\" \/>\n<meta property=\"article:modified_time\" content=\"2022-08-08T08:30:36+00:00\" \/>\n<meta property=\"og:image\" content=\"https:\/\/kataloog.orto.ee\/wp-content\/uploads\/2022\/08\/Orto_PL_75ml_Kasepung_mockup-scaled.jpg\" \/>\n\t<meta property=\"og:image:width\" content=\"1166\" \/>\n\t<meta property=\"og:image:height\" content=\"2560\" \/>\n\t<meta property=\"og:image:type\" content=\"image\/jpeg\" \/>\n<meta name=\"twitter:card\" content=\"summary_large_image\" \/>\n<meta name=\"twitter:label1\" content=\"Arvioitu lukuaika\" \/>\n\t<meta name=\"twitter:data1\" content=\"1 minuutti\" \/>\n<script type=\"application\/ld+json\" class=\"yoast-schema-graph\">{\"@context\":\"https:\/\/schema.org\",\"@graph\":[{\"@type\":\"WebPage\",\"@id\":\"https:\/\/kataloog.orto.ee\/pood\/kortsudevastane-kreem-kasepung-75-ml\/\",\"url\":\"https:\/\/kataloog.orto.ee\/pood\/kortsudevastane-kreem-kasepung-75-ml\/\",\"name\":\"Ryppyj\u00e4 ehk\u00e4isev\u00e4 voide Koivunsilmu Puhas Loodus 75 ml - Orto\",\"isPartOf\":{\"@id\":\"https:\/\/kataloog.orto.ee\/#website\"},\"datePublished\":\"2020-04-02T12:37:25+00:00\",\"dateModified\":\"2022-08-08T08:30:36+00:00\",\"description\":\"Ryppyj\u00e4 ehk\u00e4isev\u00e4 voide Koivunsilmu Puhas Loodus 75 ml\",\"breadcrumb\":{\"@id\":\"https:\/\/kataloog.orto.ee\/pood\/kortsudevastane-kreem-kasepung-75-ml\/#breadcrumb\"},\"inLanguage\":\"fi\",\"potentialAction\":[{\"@type\":\"ReadAction\",\"target\":[\"https:\/\/kataloog.orto.ee\/pood\/kortsudevastane-kreem-kasepung-75-ml\/\"]}]},{\"@type\":\"BreadcrumbList\",\"@id\":\"https:\/\/kataloog.orto.ee\/pood\/kortsudevastane-kreem-kasepung-75-ml\/#breadcrumb\",\"itemListElement\":[{\"@type\":\"ListItem\",\"position\":1,\"name\":\"Home\",\"item\":\"https:\/\/kataloog.orto.ee\/\"},{\"@type\":\"ListItem\",\"position\":2,\"name\":\"Tuotteet\",\"item\":\"https:\/\/kataloog.orto.ee\/tooted\/\"},{\"@type\":\"ListItem\",\"position\":3,\"name\":\"Ryppyj\u00e4 ehk\u00e4isev\u00e4 voide Koivunsilmu Puhas Loodus 75 ml\"}]},{\"@type\":\"WebSite\",\"@id\":\"https:\/\/kataloog.orto.ee\/#website\",\"url\":\"https:\/\/kataloog.orto.ee\/\",\"name\":\"Orto\",\"description\":\"\",\"potentialAction\":[{\"@type\":\"SearchAction\",\"target\":{\"@type\":\"EntryPoint\",\"urlTemplate\":\"https:\/\/kataloog.orto.ee\/?s={search_term_string}\"},\"query-input\":\"required name=search_term_string\"}],\"inLanguage\":\"fi\"}]}<\/script>\n<!-- \/ Yoast SEO plugin. -->","yoast_head_json":{"title":"Ryppyj\u00e4 ehk\u00e4isev\u00e4 voide Koivunsilmu Puhas Loodus 75 ml - Orto","description":"Ryppyj\u00e4 ehk\u00e4isev\u00e4 voide Koivunsilmu Puhas Loodus 75 ml","robots":{"index":"noindex","follow":"follow","max-snippet":"max-snippet:-1","max-image-preview":"max-image-preview:large","max-video-preview":"max-video-preview:-1"},"og_locale":"fi_FI","og_type":"article","og_title":"Ryppyj\u00e4 ehk\u00e4isev\u00e4 voide Koivunsilmu Puhas Loodus 75 ml - Orto","og_description":"Ryppyj\u00e4 ehk\u00e4isev\u00e4 voide Koivunsilmu Puhas Loodus 75 ml","og_url":"https:\/\/kataloog.orto.ee\/pood\/kortsudevastane-kreem-kasepung-75-ml\/","og_site_name":"Orto","article_modified_time":"2022-08-08T08:30:36+00:00","og_image":[{"width":1166,"height":2560,"url":"https:\/\/kataloog.orto.ee\/wp-content\/uploads\/2022\/08\/Orto_PL_75ml_Kasepung_mockup-scaled.jpg","type":"image\/jpeg"}],"twitter_card":"summary_large_image","twitter_misc":{"Arvioitu lukuaika":"1 minuutti"},"schema":{"@context":"https:\/\/schema.org","@graph":[{"@type":"WebPage","@id":"https:\/\/kataloog.orto.ee\/pood\/kortsudevastane-kreem-kasepung-75-ml\/","url":"https:\/\/kataloog.orto.ee\/pood\/kortsudevastane-kreem-kasepung-75-ml\/","name":"Ryppyj\u00e4 ehk\u00e4isev\u00e4 voide Koivunsilmu Puhas Loodus 75 ml - Orto","isPartOf":{"@id":"https:\/\/kataloog.orto.ee\/#website"},"datePublished":"2020-04-02T12:37:25+00:00","dateModified":"2022-08-08T08:30:36+00:00","description":"Ryppyj\u00e4 ehk\u00e4isev\u00e4 voide Koivunsilmu Puhas Loodus 75 ml","breadcrumb":{"@id":"https:\/\/kataloog.orto.ee\/pood\/kortsudevastane-kreem-kasepung-75-ml\/#breadcrumb"},"inLanguage":"fi","potentialAction":[{"@type":"ReadAction","target":["https:\/\/kataloog.orto.ee\/pood\/kortsudevastane-kreem-kasepung-75-ml\/"]}]},{"@type":"BreadcrumbList","@id":"https:\/\/kataloog.orto.ee\/pood\/kortsudevastane-kreem-kasepung-75-ml\/#breadcrumb","itemListElement":[{"@type":"ListItem","position":1,"name":"Home","item":"https:\/\/kataloog.orto.ee\/"},{"@type":"ListItem","position":2,"name":"Tuotteet","item":"https:\/\/kataloog.orto.ee\/tooted\/"},{"@type":"ListItem","position":3,"name":"Ryppyj\u00e4 ehk\u00e4isev\u00e4 voide Koivunsilmu Puhas Loodus 75 ml"}]},{"@type":"WebSite","@id":"https:\/\/kataloog.orto.ee\/#website","url":"https:\/\/kataloog.orto.ee\/","name":"Orto","description":"","potentialAction":[{"@type":"SearchAction","target":{"@type":"EntryPoint","urlTemplate":"https:\/\/kataloog.orto.ee\/?s={search_term_string}"},"query-input":"required name=search_term_string"}],"inLanguage":"fi"}]}},"_links":{"self":[{"href":"https:\/\/kataloog.orto.ee\/fi\/wp-json\/wp\/v2\/product\/2565"}],"collection":[{"href":"https:\/\/kataloog.orto.ee\/fi\/wp-json\/wp\/v2\/product"}],"about":[{"href":"https:\/\/kataloog.orto.ee\/fi\/wp-json\/wp\/v2\/types\/product"}],"wp:featuredmedia":[{"embeddable":true,"href":"https:\/\/kataloog.orto.ee\/fi\/wp-json\/wp\/v2\/media\/3275"}],"wp:attachment":[{"href":"https:\/\/kataloog.orto.ee\/fi\/wp-json\/wp\/v2\/media?parent=2565"}],"wp:term":[{"taxonomy":"product_cat","embeddable":true,"href":"https:\/\/kataloog.orto.ee\/fi\/wp-json\/wp\/v2\/product_cat?post=2565"},{"taxonomy":"product_tag","embeddable":true,"href":"https:\/\/kataloog.orto.ee\/fi\/wp-json\/wp\/v2\/product_tag?post=2565"}],"curies":[{"name":"wp","href":"https:\/\/api.w.org\/{rel}","templated":true}]}}