{"id":2559,"date":"2020-04-02T15:37:57","date_gmt":"2020-04-02T12:37:57","guid":{"rendered":"https:\/\/orto.ee\/pood\/vananemisvastane-paevakreem-viinamari-75-ml\/"},"modified":"2021-09-24T13:41:51","modified_gmt":"2021-09-24T10:41:51","slug":"vananemisvastane-paevakreem-viinamari-75-ml","status":"publish","type":"product","link":"https:\/\/kataloog.orto.ee\/fi\/pood\/vananemisvastane-paevakreem-viinamari-75-ml\/","title":{"rendered":"Ik\u00e4\u00e4ntymist\u00e4 est\u00e4v\u00e4 p\u00e4iv\u00e4voide Viiniryp\u00e4le Puhas Loodus 75 ml"},"content":{"rendered":"<p>Kaikille ihotyypeille.<\/p>\n<p>Viinirypalesiemen\u00f6ljyn ja hyaluronihapon tehokas yhteisvaikutus varmistaa ihon kosteusvarat ja lis\u00e4\u00e4 ihon joustavuutta. Sis\u00e4lt\u00e4\u00e4 UV-suodatinta, tyrni\u00f6ljy\u00e4 ja\u00a0 \u00a0 E-vitamiinia, jotka suojaavat ihoa ymp\u00e4rist\u00f6n vahingollisilta vaikutuksilta. Tamanu\u00f6ljy stimuloi ihon kollageenin tuotantoa, silottaa ihoa ja hidasta sen ik\u00e4\u00e4ntymisprosesseja. Luontaiset \u00f6ljyt antavat iholleelinvoimaa ja aktivoivat solujen uusiutumista.<\/p>\n<p>Ainesosista 95% ovat luontoper\u00e4isi\u00e4.<\/p>\n","protected":false},"excerpt":{"rendered":"<p>Kaikille ihotyypeille. Viinirypalesiemen\u00f6ljyn ja hyaluronihapon tehokas yhteisvaikutus varmistaa ihon kosteusvarat ja lis\u00e4\u00e4 ihon joustavuutta. Sis\u00e4lt\u00e4\u00e4 UV-suodatinta, tyrni\u00f6ljy\u00e4 ja\u00a0 \u00a0 E-vitamiinia,&#8230;<\/p>\n","protected":false},"featured_media":3283,"template":"","meta":{"_et_pb_use_builder":"","_et_pb_old_content":"","_et_gb_content_width":""},"product_cat":[110],"product_tag":[],"acf":[],"yoast_head":"<!-- This site is optimized with the Yoast SEO plugin v21.5 - https:\/\/yoast.com\/wordpress\/plugins\/seo\/ -->\n<title>Ik\u00e4\u00e4ntymist\u00e4 est\u00e4v\u00e4 p\u00e4iv\u00e4voide Viiniryp\u00e4le Puhas Loodus 75 ml - Orto<\/title>\n<meta name=\"description\" content=\"Ik\u00e4\u00e4ntymist\u00e4 est\u00e4v\u00e4 p\u00e4iv\u00e4voide Viiniryp\u00e4le Puhas Loodus 75 ml\" \/>\n<meta name=\"robots\" content=\"noindex, follow, max-snippet:-1, max-image-preview:large, max-video-preview:-1\" \/>\n<meta property=\"og:locale\" content=\"fi_FI\" \/>\n<meta property=\"og:type\" content=\"article\" \/>\n<meta property=\"og:title\" content=\"Ik\u00e4\u00e4ntymist\u00e4 est\u00e4v\u00e4 p\u00e4iv\u00e4voide Viiniryp\u00e4le Puhas Loodus 75 ml - Orto\" \/>\n<meta property=\"og:description\" content=\"Ik\u00e4\u00e4ntymist\u00e4 est\u00e4v\u00e4 p\u00e4iv\u00e4voide Viiniryp\u00e4le Puhas Loodus 75 ml\" \/>\n<meta property=\"og:url\" content=\"https:\/\/kataloog.orto.ee\/pood\/vananemisvastane-paevakreem-viinamari-75-ml\/\" \/>\n<meta property=\"og:site_name\" content=\"Orto\" \/>\n<meta property=\"article:modified_time\" content=\"2021-09-24T10:41:51+00:00\" \/>\n<meta property=\"og:image\" content=\"https:\/\/kataloog.orto.ee\/wp-content\/uploads\/2022\/08\/Orto_PL_75ml_Viinamari-Pa\u0308eva_mockup-scaled.jpg\" \/>\n\t<meta property=\"og:image:width\" content=\"1166\" \/>\n\t<meta property=\"og:image:height\" content=\"2560\" \/>\n\t<meta property=\"og:image:type\" content=\"image\/jpeg\" \/>\n<meta name=\"twitter:card\" content=\"summary_large_image\" \/>\n<meta name=\"twitter:label1\" content=\"Arvioitu lukuaika\" \/>\n\t<meta name=\"twitter:data1\" content=\"1 minuutti\" \/>\n<script type=\"application\/ld+json\" class=\"yoast-schema-graph\">{\"@context\":\"https:\/\/schema.org\",\"@graph\":[{\"@type\":\"WebPage\",\"@id\":\"https:\/\/kataloog.orto.ee\/pood\/vananemisvastane-paevakreem-viinamari-75-ml\/\",\"url\":\"https:\/\/kataloog.orto.ee\/pood\/vananemisvastane-paevakreem-viinamari-75-ml\/\",\"name\":\"Ik\u00e4\u00e4ntymist\u00e4 est\u00e4v\u00e4 p\u00e4iv\u00e4voide Viiniryp\u00e4le Puhas Loodus 75 ml - Orto\",\"isPartOf\":{\"@id\":\"https:\/\/kataloog.orto.ee\/#website\"},\"datePublished\":\"2020-04-02T12:37:57+00:00\",\"dateModified\":\"2021-09-24T10:41:51+00:00\",\"description\":\"Ik\u00e4\u00e4ntymist\u00e4 est\u00e4v\u00e4 p\u00e4iv\u00e4voide Viiniryp\u00e4le Puhas Loodus 75 ml\",\"breadcrumb\":{\"@id\":\"https:\/\/kataloog.orto.ee\/pood\/vananemisvastane-paevakreem-viinamari-75-ml\/#breadcrumb\"},\"inLanguage\":\"fi\",\"potentialAction\":[{\"@type\":\"ReadAction\",\"target\":[\"https:\/\/kataloog.orto.ee\/pood\/vananemisvastane-paevakreem-viinamari-75-ml\/\"]}]},{\"@type\":\"BreadcrumbList\",\"@id\":\"https:\/\/kataloog.orto.ee\/pood\/vananemisvastane-paevakreem-viinamari-75-ml\/#breadcrumb\",\"itemListElement\":[{\"@type\":\"ListItem\",\"position\":1,\"name\":\"Home\",\"item\":\"https:\/\/kataloog.orto.ee\/\"},{\"@type\":\"ListItem\",\"position\":2,\"name\":\"Tuotteet\",\"item\":\"https:\/\/kataloog.orto.ee\/tooted\/\"},{\"@type\":\"ListItem\",\"position\":3,\"name\":\"Ik\u00e4\u00e4ntymist\u00e4 est\u00e4v\u00e4 p\u00e4iv\u00e4voide Viiniryp\u00e4le Puhas Loodus 75 ml\"}]},{\"@type\":\"WebSite\",\"@id\":\"https:\/\/kataloog.orto.ee\/#website\",\"url\":\"https:\/\/kataloog.orto.ee\/\",\"name\":\"Orto\",\"description\":\"\",\"potentialAction\":[{\"@type\":\"SearchAction\",\"target\":{\"@type\":\"EntryPoint\",\"urlTemplate\":\"https:\/\/kataloog.orto.ee\/?s={search_term_string}\"},\"query-input\":\"required name=search_term_string\"}],\"inLanguage\":\"fi\"}]}<\/script>\n<!-- \/ Yoast SEO plugin. -->","yoast_head_json":{"title":"Ik\u00e4\u00e4ntymist\u00e4 est\u00e4v\u00e4 p\u00e4iv\u00e4voide Viiniryp\u00e4le Puhas Loodus 75 ml - Orto","description":"Ik\u00e4\u00e4ntymist\u00e4 est\u00e4v\u00e4 p\u00e4iv\u00e4voide Viiniryp\u00e4le Puhas Loodus 75 ml","robots":{"index":"noindex","follow":"follow","max-snippet":"max-snippet:-1","max-image-preview":"max-image-preview:large","max-video-preview":"max-video-preview:-1"},"og_locale":"fi_FI","og_type":"article","og_title":"Ik\u00e4\u00e4ntymist\u00e4 est\u00e4v\u00e4 p\u00e4iv\u00e4voide Viiniryp\u00e4le Puhas Loodus 75 ml - Orto","og_description":"Ik\u00e4\u00e4ntymist\u00e4 est\u00e4v\u00e4 p\u00e4iv\u00e4voide Viiniryp\u00e4le Puhas Loodus 75 ml","og_url":"https:\/\/kataloog.orto.ee\/pood\/vananemisvastane-paevakreem-viinamari-75-ml\/","og_site_name":"Orto","article_modified_time":"2021-09-24T10:41:51+00:00","og_image":[{"width":1166,"height":2560,"url":"https:\/\/kataloog.orto.ee\/wp-content\/uploads\/2022\/08\/Orto_PL_75ml_Viinamari-Pa\u0308eva_mockup-scaled.jpg","type":"image\/jpeg"}],"twitter_card":"summary_large_image","twitter_misc":{"Arvioitu lukuaika":"1 minuutti"},"schema":{"@context":"https:\/\/schema.org","@graph":[{"@type":"WebPage","@id":"https:\/\/kataloog.orto.ee\/pood\/vananemisvastane-paevakreem-viinamari-75-ml\/","url":"https:\/\/kataloog.orto.ee\/pood\/vananemisvastane-paevakreem-viinamari-75-ml\/","name":"Ik\u00e4\u00e4ntymist\u00e4 est\u00e4v\u00e4 p\u00e4iv\u00e4voide Viiniryp\u00e4le Puhas Loodus 75 ml - Orto","isPartOf":{"@id":"https:\/\/kataloog.orto.ee\/#website"},"datePublished":"2020-04-02T12:37:57+00:00","dateModified":"2021-09-24T10:41:51+00:00","description":"Ik\u00e4\u00e4ntymist\u00e4 est\u00e4v\u00e4 p\u00e4iv\u00e4voide Viiniryp\u00e4le Puhas Loodus 75 ml","breadcrumb":{"@id":"https:\/\/kataloog.orto.ee\/pood\/vananemisvastane-paevakreem-viinamari-75-ml\/#breadcrumb"},"inLanguage":"fi","potentialAction":[{"@type":"ReadAction","target":["https:\/\/kataloog.orto.ee\/pood\/vananemisvastane-paevakreem-viinamari-75-ml\/"]}]},{"@type":"BreadcrumbList","@id":"https:\/\/kataloog.orto.ee\/pood\/vananemisvastane-paevakreem-viinamari-75-ml\/#breadcrumb","itemListElement":[{"@type":"ListItem","position":1,"name":"Home","item":"https:\/\/kataloog.orto.ee\/"},{"@type":"ListItem","position":2,"name":"Tuotteet","item":"https:\/\/kataloog.orto.ee\/tooted\/"},{"@type":"ListItem","position":3,"name":"Ik\u00e4\u00e4ntymist\u00e4 est\u00e4v\u00e4 p\u00e4iv\u00e4voide Viiniryp\u00e4le Puhas Loodus 75 ml"}]},{"@type":"WebSite","@id":"https:\/\/kataloog.orto.ee\/#website","url":"https:\/\/kataloog.orto.ee\/","name":"Orto","description":"","potentialAction":[{"@type":"SearchAction","target":{"@type":"EntryPoint","urlTemplate":"https:\/\/kataloog.orto.ee\/?s={search_term_string}"},"query-input":"required name=search_term_string"}],"inLanguage":"fi"}]}},"_links":{"self":[{"href":"https:\/\/kataloog.orto.ee\/fi\/wp-json\/wp\/v2\/product\/2559"}],"collection":[{"href":"https:\/\/kataloog.orto.ee\/fi\/wp-json\/wp\/v2\/product"}],"about":[{"href":"https:\/\/kataloog.orto.ee\/fi\/wp-json\/wp\/v2\/types\/product"}],"wp:featuredmedia":[{"embeddable":true,"href":"https:\/\/kataloog.orto.ee\/fi\/wp-json\/wp\/v2\/media\/3283"}],"wp:attachment":[{"href":"https:\/\/kataloog.orto.ee\/fi\/wp-json\/wp\/v2\/media?parent=2559"}],"wp:term":[{"taxonomy":"product_cat","embeddable":true,"href":"https:\/\/kataloog.orto.ee\/fi\/wp-json\/wp\/v2\/product_cat?post=2559"},{"taxonomy":"product_tag","embeddable":true,"href":"https:\/\/kataloog.orto.ee\/fi\/wp-json\/wp\/v2\/product_tag?post=2559"}],"curies":[{"name":"wp","href":"https:\/\/api.w.org\/{rel}","templated":true}]}}