{"id":2553,"date":"2020-04-02T15:38:27","date_gmt":"2020-04-02T12:38:27","guid":{"rendered":"https:\/\/orto.ee\/pood\/vananemisvastane-ookreem-viinamari-75-ml\/"},"modified":"2022-06-06T13:17:10","modified_gmt":"2022-06-06T10:17:10","slug":"vananemisvastane-ookreem-viinamari-75-ml","status":"publish","type":"product","link":"https:\/\/kataloog.orto.ee\/fi\/pood\/vananemisvastane-ookreem-viinamari-75-ml\/","title":{"rendered":"Ik\u00e4\u00e4ntymist\u00e4 est\u00e4v\u00e4 y\u00f6voide Viiniryp\u00e4le Puhas Loodus  75 ml"},"content":{"rendered":"<p>Kaikille ihotyypeille.<\/p>\n<p>Voide pohjautuu viiniryp\u00e4lesiemen- ja oliivi\u00f6ljyyn, jotka yhdess\u00e4 hyaluronihapon kanssa takaavat ihon kosteusvaroja, lis\u00e4\u00e4v\u00e4t ihon joustavuutta ja sileytt\u00e4. Ihon ik\u00e4\u00e4ntymist\u00e4 est\u00e4v\u00e4n pitk\u00e4kestoisen vaikutuksen varmistaa sheavoi, joka yhdess\u00e4 keh\u00e4kukkauutteen ja luontaisten \u00f6ljyjen kanssa nopeuttaa ihokudosten uusiutumista, suojaa ihoa ilmassa olevilta saasteilta.<\/p>\n<p>Ainesosista 95% ovat luontoper\u00e4isi\u00e4<\/p>\n","protected":false},"excerpt":{"rendered":"<p>Kaikille ihotyypeille. Voide pohjautuu viiniryp\u00e4lesiemen- ja oliivi\u00f6ljyyn, jotka yhdess\u00e4 hyaluronihapon kanssa takaavat ihon kosteusvaroja, lis\u00e4\u00e4v\u00e4t ihon joustavuutta ja sileytt\u00e4. Ihon&#8230;<\/p>\n","protected":false},"featured_media":3287,"template":"","meta":{"_et_pb_use_builder":"","_et_pb_old_content":"","_et_gb_content_width":""},"product_cat":[110],"product_tag":[],"acf":[],"yoast_head":"<!-- This site is optimized with the Yoast SEO plugin v21.5 - https:\/\/yoast.com\/wordpress\/plugins\/seo\/ -->\n<title>Ik\u00e4\u00e4ntymist\u00e4 est\u00e4v\u00e4 y\u00f6voide Viiniryp\u00e4le Puhas Loodus 75 ml - Orto<\/title>\n<meta name=\"description\" content=\"Ik\u00e4\u00e4ntymist\u00e4 est\u00e4v\u00e4 y\u00f6voide Viiniryp\u00e4le Puhas Loodus 75 ml\" \/>\n<meta name=\"robots\" content=\"noindex, follow, max-snippet:-1, max-image-preview:large, max-video-preview:-1\" \/>\n<meta property=\"og:locale\" content=\"fi_FI\" \/>\n<meta property=\"og:type\" content=\"article\" \/>\n<meta property=\"og:title\" content=\"Ik\u00e4\u00e4ntymist\u00e4 est\u00e4v\u00e4 y\u00f6voide Viiniryp\u00e4le Puhas Loodus 75 ml - Orto\" \/>\n<meta property=\"og:description\" content=\"Ik\u00e4\u00e4ntymist\u00e4 est\u00e4v\u00e4 y\u00f6voide Viiniryp\u00e4le Puhas Loodus 75 ml\" \/>\n<meta property=\"og:url\" content=\"https:\/\/kataloog.orto.ee\/pood\/vananemisvastane-ookreem-viinamari-75-ml\/\" \/>\n<meta property=\"og:site_name\" content=\"Orto\" \/>\n<meta property=\"article:modified_time\" content=\"2022-06-06T10:17:10+00:00\" \/>\n<meta property=\"og:image\" content=\"https:\/\/kataloog.orto.ee\/wp-content\/uploads\/2022\/08\/Orto_PL_75ml_Viinamari-O\u0308o\u0308_mockup-scaled.jpg\" \/>\n\t<meta property=\"og:image:width\" content=\"1166\" \/>\n\t<meta property=\"og:image:height\" content=\"2560\" \/>\n\t<meta property=\"og:image:type\" content=\"image\/jpeg\" \/>\n<meta name=\"twitter:card\" content=\"summary_large_image\" \/>\n<meta name=\"twitter:label1\" content=\"Arvioitu lukuaika\" \/>\n\t<meta name=\"twitter:data1\" content=\"1 minuutti\" \/>\n<script type=\"application\/ld+json\" class=\"yoast-schema-graph\">{\"@context\":\"https:\/\/schema.org\",\"@graph\":[{\"@type\":\"WebPage\",\"@id\":\"https:\/\/kataloog.orto.ee\/pood\/vananemisvastane-ookreem-viinamari-75-ml\/\",\"url\":\"https:\/\/kataloog.orto.ee\/pood\/vananemisvastane-ookreem-viinamari-75-ml\/\",\"name\":\"Ik\u00e4\u00e4ntymist\u00e4 est\u00e4v\u00e4 y\u00f6voide Viiniryp\u00e4le Puhas Loodus 75 ml - Orto\",\"isPartOf\":{\"@id\":\"https:\/\/kataloog.orto.ee\/#website\"},\"datePublished\":\"2020-04-02T12:38:27+00:00\",\"dateModified\":\"2022-06-06T10:17:10+00:00\",\"description\":\"Ik\u00e4\u00e4ntymist\u00e4 est\u00e4v\u00e4 y\u00f6voide Viiniryp\u00e4le Puhas Loodus 75 ml\",\"breadcrumb\":{\"@id\":\"https:\/\/kataloog.orto.ee\/pood\/vananemisvastane-ookreem-viinamari-75-ml\/#breadcrumb\"},\"inLanguage\":\"fi\",\"potentialAction\":[{\"@type\":\"ReadAction\",\"target\":[\"https:\/\/kataloog.orto.ee\/pood\/vananemisvastane-ookreem-viinamari-75-ml\/\"]}]},{\"@type\":\"BreadcrumbList\",\"@id\":\"https:\/\/kataloog.orto.ee\/pood\/vananemisvastane-ookreem-viinamari-75-ml\/#breadcrumb\",\"itemListElement\":[{\"@type\":\"ListItem\",\"position\":1,\"name\":\"Home\",\"item\":\"https:\/\/kataloog.orto.ee\/\"},{\"@type\":\"ListItem\",\"position\":2,\"name\":\"Tuotteet\",\"item\":\"https:\/\/kataloog.orto.ee\/tooted\/\"},{\"@type\":\"ListItem\",\"position\":3,\"name\":\"Ik\u00e4\u00e4ntymist\u00e4 est\u00e4v\u00e4 y\u00f6voide Viiniryp\u00e4le Puhas Loodus 75 ml\"}]},{\"@type\":\"WebSite\",\"@id\":\"https:\/\/kataloog.orto.ee\/#website\",\"url\":\"https:\/\/kataloog.orto.ee\/\",\"name\":\"Orto\",\"description\":\"\",\"potentialAction\":[{\"@type\":\"SearchAction\",\"target\":{\"@type\":\"EntryPoint\",\"urlTemplate\":\"https:\/\/kataloog.orto.ee\/?s={search_term_string}\"},\"query-input\":\"required name=search_term_string\"}],\"inLanguage\":\"fi\"}]}<\/script>\n<!-- \/ Yoast SEO plugin. -->","yoast_head_json":{"title":"Ik\u00e4\u00e4ntymist\u00e4 est\u00e4v\u00e4 y\u00f6voide Viiniryp\u00e4le Puhas Loodus 75 ml - Orto","description":"Ik\u00e4\u00e4ntymist\u00e4 est\u00e4v\u00e4 y\u00f6voide Viiniryp\u00e4le Puhas Loodus 75 ml","robots":{"index":"noindex","follow":"follow","max-snippet":"max-snippet:-1","max-image-preview":"max-image-preview:large","max-video-preview":"max-video-preview:-1"},"og_locale":"fi_FI","og_type":"article","og_title":"Ik\u00e4\u00e4ntymist\u00e4 est\u00e4v\u00e4 y\u00f6voide Viiniryp\u00e4le Puhas Loodus 75 ml - Orto","og_description":"Ik\u00e4\u00e4ntymist\u00e4 est\u00e4v\u00e4 y\u00f6voide Viiniryp\u00e4le Puhas Loodus 75 ml","og_url":"https:\/\/kataloog.orto.ee\/pood\/vananemisvastane-ookreem-viinamari-75-ml\/","og_site_name":"Orto","article_modified_time":"2022-06-06T10:17:10+00:00","og_image":[{"width":1166,"height":2560,"url":"https:\/\/kataloog.orto.ee\/wp-content\/uploads\/2022\/08\/Orto_PL_75ml_Viinamari-O\u0308o\u0308_mockup-scaled.jpg","type":"image\/jpeg"}],"twitter_card":"summary_large_image","twitter_misc":{"Arvioitu lukuaika":"1 minuutti"},"schema":{"@context":"https:\/\/schema.org","@graph":[{"@type":"WebPage","@id":"https:\/\/kataloog.orto.ee\/pood\/vananemisvastane-ookreem-viinamari-75-ml\/","url":"https:\/\/kataloog.orto.ee\/pood\/vananemisvastane-ookreem-viinamari-75-ml\/","name":"Ik\u00e4\u00e4ntymist\u00e4 est\u00e4v\u00e4 y\u00f6voide Viiniryp\u00e4le Puhas Loodus 75 ml - Orto","isPartOf":{"@id":"https:\/\/kataloog.orto.ee\/#website"},"datePublished":"2020-04-02T12:38:27+00:00","dateModified":"2022-06-06T10:17:10+00:00","description":"Ik\u00e4\u00e4ntymist\u00e4 est\u00e4v\u00e4 y\u00f6voide Viiniryp\u00e4le Puhas Loodus 75 ml","breadcrumb":{"@id":"https:\/\/kataloog.orto.ee\/pood\/vananemisvastane-ookreem-viinamari-75-ml\/#breadcrumb"},"inLanguage":"fi","potentialAction":[{"@type":"ReadAction","target":["https:\/\/kataloog.orto.ee\/pood\/vananemisvastane-ookreem-viinamari-75-ml\/"]}]},{"@type":"BreadcrumbList","@id":"https:\/\/kataloog.orto.ee\/pood\/vananemisvastane-ookreem-viinamari-75-ml\/#breadcrumb","itemListElement":[{"@type":"ListItem","position":1,"name":"Home","item":"https:\/\/kataloog.orto.ee\/"},{"@type":"ListItem","position":2,"name":"Tuotteet","item":"https:\/\/kataloog.orto.ee\/tooted\/"},{"@type":"ListItem","position":3,"name":"Ik\u00e4\u00e4ntymist\u00e4 est\u00e4v\u00e4 y\u00f6voide Viiniryp\u00e4le Puhas Loodus 75 ml"}]},{"@type":"WebSite","@id":"https:\/\/kataloog.orto.ee\/#website","url":"https:\/\/kataloog.orto.ee\/","name":"Orto","description":"","potentialAction":[{"@type":"SearchAction","target":{"@type":"EntryPoint","urlTemplate":"https:\/\/kataloog.orto.ee\/?s={search_term_string}"},"query-input":"required name=search_term_string"}],"inLanguage":"fi"}]}},"_links":{"self":[{"href":"https:\/\/kataloog.orto.ee\/fi\/wp-json\/wp\/v2\/product\/2553"}],"collection":[{"href":"https:\/\/kataloog.orto.ee\/fi\/wp-json\/wp\/v2\/product"}],"about":[{"href":"https:\/\/kataloog.orto.ee\/fi\/wp-json\/wp\/v2\/types\/product"}],"wp:featuredmedia":[{"embeddable":true,"href":"https:\/\/kataloog.orto.ee\/fi\/wp-json\/wp\/v2\/media\/3287"}],"wp:attachment":[{"href":"https:\/\/kataloog.orto.ee\/fi\/wp-json\/wp\/v2\/media?parent=2553"}],"wp:term":[{"taxonomy":"product_cat","embeddable":true,"href":"https:\/\/kataloog.orto.ee\/fi\/wp-json\/wp\/v2\/product_cat?post=2553"},{"taxonomy":"product_tag","embeddable":true,"href":"https:\/\/kataloog.orto.ee\/fi\/wp-json\/wp\/v2\/product_tag?post=2553"}],"curies":[{"name":"wp","href":"https:\/\/api.w.org\/{rel}","templated":true}]}}