{"id":2545,"date":"2020-04-17T12:21:03","date_gmt":"2020-04-17T09:21:03","guid":{"rendered":"https:\/\/orto.ee\/pood\/puhas-loodus-sugavpuhastav-mudamask-75-ml\/"},"modified":"2022-06-06T13:12:02","modified_gmt":"2022-06-06T10:12:02","slug":"puhas-loodus-sugavpuhastav-mudamask-75-ml","status":"publish","type":"product","link":"https:\/\/kataloog.orto.ee\/fi\/pood\/puhas-loodus-sugavpuhastav-mudamask-75-ml\/","title":{"rendered":"Syv\u00e4puhdistava mutanaamio Puhas Loodus 75 ml"},"content":{"rendered":"<p>Sis\u00e4lt\u00e4\u00e4 luonnon kivenn\u00e4isaineita.<\/p>\n<p>Viron terveysmuta, johon on lis\u00e4tty kaoliinia, poistaa ep\u00e4puhtaudet ihon pinnalta sek\u00e4 imee ylim\u00e4\u00e4r\u00e4isen talin pois ihohuokosista. Salvia- ja katajanmarjauute torjuvat iholta haitallisen mikroflooran, lievitt\u00e4v\u00e4t tulehdusta sek\u00e4 supistavat huokosia. Allantoiini sek\u00e4 mudan vitamiinit ja mineraaliaineet elvytt\u00e4v\u00e4t ihosolujen toimintaa sek\u00e4 edist\u00e4v\u00e4t ihon uudistumista.<\/p>\n","protected":false},"excerpt":{"rendered":"<p>Sis\u00e4lt\u00e4\u00e4 luonnon kivenn\u00e4isaineita. Viron terveysmuta, johon on lis\u00e4tty kaoliinia, poistaa ep\u00e4puhtaudet ihon pinnalta sek\u00e4 imee ylim\u00e4\u00e4r\u00e4isen talin pois ihohuokosista. Salvia-&#8230;<\/p>\n","protected":false},"featured_media":3279,"template":"","meta":{"_et_pb_use_builder":"","_et_pb_old_content":"","_et_gb_content_width":""},"product_cat":[109,110],"product_tag":[],"acf":[],"yoast_head":"<!-- This site is optimized with the Yoast SEO plugin v21.5 - https:\/\/yoast.com\/wordpress\/plugins\/seo\/ -->\n<title>Syv\u00e4puhdistava mutanaamio Puhas Loodus 75 ml - Orto<\/title>\n<meta name=\"description\" content=\"Syv\u00e4puhdistava mutanaamio Puhas Loodus 75 ml\" \/>\n<meta name=\"robots\" content=\"noindex, follow, max-snippet:-1, max-image-preview:large, max-video-preview:-1\" \/>\n<meta property=\"og:locale\" content=\"fi_FI\" \/>\n<meta property=\"og:type\" content=\"article\" \/>\n<meta property=\"og:title\" content=\"Syv\u00e4puhdistava mutanaamio Puhas Loodus 75 ml - Orto\" \/>\n<meta property=\"og:description\" content=\"Syv\u00e4puhdistava mutanaamio Puhas Loodus 75 ml\" \/>\n<meta property=\"og:url\" content=\"https:\/\/kataloog.orto.ee\/pood\/puhas-loodus-sugavpuhastav-mudamask-75-ml\/\" \/>\n<meta property=\"og:site_name\" content=\"Orto\" \/>\n<meta property=\"article:modified_time\" content=\"2022-06-06T10:12:02+00:00\" \/>\n<meta property=\"og:image\" content=\"https:\/\/kataloog.orto.ee\/wp-content\/uploads\/2022\/08\/Orto_PL_75ml_Mudamask_mockup-scaled.jpg\" \/>\n\t<meta property=\"og:image:width\" content=\"1166\" \/>\n\t<meta property=\"og:image:height\" content=\"2560\" \/>\n\t<meta property=\"og:image:type\" content=\"image\/jpeg\" \/>\n<meta name=\"twitter:card\" content=\"summary_large_image\" \/>\n<meta name=\"twitter:label1\" content=\"Arvioitu lukuaika\" \/>\n\t<meta name=\"twitter:data1\" content=\"1 minuutti\" \/>\n<script type=\"application\/ld+json\" class=\"yoast-schema-graph\">{\"@context\":\"https:\/\/schema.org\",\"@graph\":[{\"@type\":\"WebPage\",\"@id\":\"https:\/\/kataloog.orto.ee\/pood\/puhas-loodus-sugavpuhastav-mudamask-75-ml\/\",\"url\":\"https:\/\/kataloog.orto.ee\/pood\/puhas-loodus-sugavpuhastav-mudamask-75-ml\/\",\"name\":\"Syv\u00e4puhdistava mutanaamio Puhas Loodus 75 ml - Orto\",\"isPartOf\":{\"@id\":\"https:\/\/kataloog.orto.ee\/#website\"},\"datePublished\":\"2020-04-17T09:21:03+00:00\",\"dateModified\":\"2022-06-06T10:12:02+00:00\",\"description\":\"Syv\u00e4puhdistava mutanaamio Puhas Loodus 75 ml\",\"breadcrumb\":{\"@id\":\"https:\/\/kataloog.orto.ee\/pood\/puhas-loodus-sugavpuhastav-mudamask-75-ml\/#breadcrumb\"},\"inLanguage\":\"fi\",\"potentialAction\":[{\"@type\":\"ReadAction\",\"target\":[\"https:\/\/kataloog.orto.ee\/pood\/puhas-loodus-sugavpuhastav-mudamask-75-ml\/\"]}]},{\"@type\":\"BreadcrumbList\",\"@id\":\"https:\/\/kataloog.orto.ee\/pood\/puhas-loodus-sugavpuhastav-mudamask-75-ml\/#breadcrumb\",\"itemListElement\":[{\"@type\":\"ListItem\",\"position\":1,\"name\":\"Home\",\"item\":\"https:\/\/kataloog.orto.ee\/\"},{\"@type\":\"ListItem\",\"position\":2,\"name\":\"Tuotteet\",\"item\":\"https:\/\/kataloog.orto.ee\/tooted\/\"},{\"@type\":\"ListItem\",\"position\":3,\"name\":\"Syv\u00e4puhdistava mutanaamio Puhas Loodus 75 ml\"}]},{\"@type\":\"WebSite\",\"@id\":\"https:\/\/kataloog.orto.ee\/#website\",\"url\":\"https:\/\/kataloog.orto.ee\/\",\"name\":\"Orto\",\"description\":\"\",\"potentialAction\":[{\"@type\":\"SearchAction\",\"target\":{\"@type\":\"EntryPoint\",\"urlTemplate\":\"https:\/\/kataloog.orto.ee\/?s={search_term_string}\"},\"query-input\":\"required name=search_term_string\"}],\"inLanguage\":\"fi\"}]}<\/script>\n<!-- \/ Yoast SEO plugin. -->","yoast_head_json":{"title":"Syv\u00e4puhdistava mutanaamio Puhas Loodus 75 ml - Orto","description":"Syv\u00e4puhdistava mutanaamio Puhas Loodus 75 ml","robots":{"index":"noindex","follow":"follow","max-snippet":"max-snippet:-1","max-image-preview":"max-image-preview:large","max-video-preview":"max-video-preview:-1"},"og_locale":"fi_FI","og_type":"article","og_title":"Syv\u00e4puhdistava mutanaamio Puhas Loodus 75 ml - Orto","og_description":"Syv\u00e4puhdistava mutanaamio Puhas Loodus 75 ml","og_url":"https:\/\/kataloog.orto.ee\/pood\/puhas-loodus-sugavpuhastav-mudamask-75-ml\/","og_site_name":"Orto","article_modified_time":"2022-06-06T10:12:02+00:00","og_image":[{"width":1166,"height":2560,"url":"https:\/\/kataloog.orto.ee\/wp-content\/uploads\/2022\/08\/Orto_PL_75ml_Mudamask_mockup-scaled.jpg","type":"image\/jpeg"}],"twitter_card":"summary_large_image","twitter_misc":{"Arvioitu lukuaika":"1 minuutti"},"schema":{"@context":"https:\/\/schema.org","@graph":[{"@type":"WebPage","@id":"https:\/\/kataloog.orto.ee\/pood\/puhas-loodus-sugavpuhastav-mudamask-75-ml\/","url":"https:\/\/kataloog.orto.ee\/pood\/puhas-loodus-sugavpuhastav-mudamask-75-ml\/","name":"Syv\u00e4puhdistava mutanaamio Puhas Loodus 75 ml - Orto","isPartOf":{"@id":"https:\/\/kataloog.orto.ee\/#website"},"datePublished":"2020-04-17T09:21:03+00:00","dateModified":"2022-06-06T10:12:02+00:00","description":"Syv\u00e4puhdistava mutanaamio Puhas Loodus 75 ml","breadcrumb":{"@id":"https:\/\/kataloog.orto.ee\/pood\/puhas-loodus-sugavpuhastav-mudamask-75-ml\/#breadcrumb"},"inLanguage":"fi","potentialAction":[{"@type":"ReadAction","target":["https:\/\/kataloog.orto.ee\/pood\/puhas-loodus-sugavpuhastav-mudamask-75-ml\/"]}]},{"@type":"BreadcrumbList","@id":"https:\/\/kataloog.orto.ee\/pood\/puhas-loodus-sugavpuhastav-mudamask-75-ml\/#breadcrumb","itemListElement":[{"@type":"ListItem","position":1,"name":"Home","item":"https:\/\/kataloog.orto.ee\/"},{"@type":"ListItem","position":2,"name":"Tuotteet","item":"https:\/\/kataloog.orto.ee\/tooted\/"},{"@type":"ListItem","position":3,"name":"Syv\u00e4puhdistava mutanaamio Puhas Loodus 75 ml"}]},{"@type":"WebSite","@id":"https:\/\/kataloog.orto.ee\/#website","url":"https:\/\/kataloog.orto.ee\/","name":"Orto","description":"","potentialAction":[{"@type":"SearchAction","target":{"@type":"EntryPoint","urlTemplate":"https:\/\/kataloog.orto.ee\/?s={search_term_string}"},"query-input":"required name=search_term_string"}],"inLanguage":"fi"}]}},"_links":{"self":[{"href":"https:\/\/kataloog.orto.ee\/fi\/wp-json\/wp\/v2\/product\/2545"}],"collection":[{"href":"https:\/\/kataloog.orto.ee\/fi\/wp-json\/wp\/v2\/product"}],"about":[{"href":"https:\/\/kataloog.orto.ee\/fi\/wp-json\/wp\/v2\/types\/product"}],"wp:featuredmedia":[{"embeddable":true,"href":"https:\/\/kataloog.orto.ee\/fi\/wp-json\/wp\/v2\/media\/3279"}],"wp:attachment":[{"href":"https:\/\/kataloog.orto.ee\/fi\/wp-json\/wp\/v2\/media?parent=2545"}],"wp:term":[{"taxonomy":"product_cat","embeddable":true,"href":"https:\/\/kataloog.orto.ee\/fi\/wp-json\/wp\/v2\/product_cat?post=2545"},{"taxonomy":"product_tag","embeddable":true,"href":"https:\/\/kataloog.orto.ee\/fi\/wp-json\/wp\/v2\/product_tag?post=2545"}],"curies":[{"name":"wp","href":"https:\/\/api.w.org\/{rel}","templated":true}]}}