{"id":2533,"date":"2020-04-17T13:21:56","date_gmt":"2020-04-17T10:21:56","guid":{"rendered":"https:\/\/orto.ee\/pood\/koerashampoon-tommy-190ml\/"},"modified":"2021-09-14T11:53:53","modified_gmt":"2021-09-14T08:53:53","slug":"koerashampoon-tommy-190ml","status":"publish","type":"product","link":"https:\/\/kataloog.orto.ee\/fi\/pood\/koerashampoon-tommy-190ml\/","title":{"rendered":"Koiran shampoo Tommy 240 ml"},"content":{"rendered":"<p>Pehme\u00e4 shampoo sek\u00e4 pitk\u00e4- ett\u00e4 lyhytkarvaisille koirille. Aloe Vera -geeli\u00e4 ja pantenolia sis\u00e4lt\u00e4v\u00e4 shampoo ravitsee ja kosteuttaa sek\u00e4 rauhoittaa \u00e4rtynytt\u00e4 ihoa. Glyseriini auttaa yll\u00e4pit\u00e4m\u00e4\u00e4n ihon luonnollista kosteutta ja lis\u00e4\u00e4 turkin pehmeytt\u00e4. Shampoo vaahtoaa nopeasti ja huuhtoutuu helposti turkista.<\/p>\n","protected":false},"excerpt":{"rendered":"<p>Pehme\u00e4 shampoo sek\u00e4 pitk\u00e4- ett\u00e4 lyhytkarvaisille koirille. Aloe Vera -geeli\u00e4 ja pantenolia sis\u00e4lt\u00e4v\u00e4 shampoo ravitsee ja kosteuttaa sek\u00e4 rauhoittaa \u00e4rtynytt\u00e4&#8230;<\/p>\n","protected":false},"featured_media":1972,"template":"","meta":{"_et_pb_use_builder":"","_et_pb_old_content":"","_et_gb_content_width":""},"product_cat":[100],"product_tag":[],"acf":[],"yoast_head":"<!-- This site is optimized with the Yoast SEO plugin v21.5 - https:\/\/yoast.com\/wordpress\/plugins\/seo\/ -->\n<title>Koiran shampoo Tommy 240 ml - Orto<\/title>\n<meta name=\"description\" content=\"Koiran shampoo Tommy 240 ml\" \/>\n<meta name=\"robots\" content=\"noindex, follow, max-snippet:-1, max-image-preview:large, max-video-preview:-1\" \/>\n<meta property=\"og:locale\" content=\"fi_FI\" \/>\n<meta property=\"og:type\" content=\"article\" \/>\n<meta property=\"og:title\" content=\"Koiran shampoo Tommy 240 ml - Orto\" \/>\n<meta property=\"og:description\" content=\"Koiran shampoo Tommy 240 ml\" \/>\n<meta property=\"og:url\" content=\"https:\/\/kataloog.orto.ee\/pood\/koerashampoon-tommy-190ml\/\" \/>\n<meta property=\"og:site_name\" content=\"Orto\" \/>\n<meta property=\"article:modified_time\" content=\"2021-09-14T08:53:53+00:00\" \/>\n<meta property=\"og:image\" content=\"https:\/\/kataloog.orto.ee\/wp-content\/uploads\/2021\/06\/Orto_Tommy_koerashampoon_mockup_010621.png\" \/>\n\t<meta property=\"og:image:width\" content=\"1884\" \/>\n\t<meta property=\"og:image:height\" content=\"4000\" \/>\n\t<meta property=\"og:image:type\" content=\"image\/png\" \/>\n<meta name=\"twitter:card\" content=\"summary_large_image\" \/>\n<meta name=\"twitter:label1\" content=\"Arvioitu lukuaika\" \/>\n\t<meta name=\"twitter:data1\" content=\"1 minuutti\" \/>\n<script type=\"application\/ld+json\" class=\"yoast-schema-graph\">{\"@context\":\"https:\/\/schema.org\",\"@graph\":[{\"@type\":\"WebPage\",\"@id\":\"https:\/\/kataloog.orto.ee\/pood\/koerashampoon-tommy-190ml\/\",\"url\":\"https:\/\/kataloog.orto.ee\/pood\/koerashampoon-tommy-190ml\/\",\"name\":\"Koiran shampoo Tommy 240 ml - Orto\",\"isPartOf\":{\"@id\":\"https:\/\/kataloog.orto.ee\/#website\"},\"datePublished\":\"2020-04-17T10:21:56+00:00\",\"dateModified\":\"2021-09-14T08:53:53+00:00\",\"description\":\"Koiran shampoo Tommy 240 ml\",\"breadcrumb\":{\"@id\":\"https:\/\/kataloog.orto.ee\/pood\/koerashampoon-tommy-190ml\/#breadcrumb\"},\"inLanguage\":\"fi\",\"potentialAction\":[{\"@type\":\"ReadAction\",\"target\":[\"https:\/\/kataloog.orto.ee\/pood\/koerashampoon-tommy-190ml\/\"]}]},{\"@type\":\"BreadcrumbList\",\"@id\":\"https:\/\/kataloog.orto.ee\/pood\/koerashampoon-tommy-190ml\/#breadcrumb\",\"itemListElement\":[{\"@type\":\"ListItem\",\"position\":1,\"name\":\"Home\",\"item\":\"https:\/\/kataloog.orto.ee\/\"},{\"@type\":\"ListItem\",\"position\":2,\"name\":\"Tuotteet\",\"item\":\"https:\/\/kataloog.orto.ee\/tooted\/\"},{\"@type\":\"ListItem\",\"position\":3,\"name\":\"Koiran shampoo Tommy 240 ml\"}]},{\"@type\":\"WebSite\",\"@id\":\"https:\/\/kataloog.orto.ee\/#website\",\"url\":\"https:\/\/kataloog.orto.ee\/\",\"name\":\"Orto\",\"description\":\"\",\"potentialAction\":[{\"@type\":\"SearchAction\",\"target\":{\"@type\":\"EntryPoint\",\"urlTemplate\":\"https:\/\/kataloog.orto.ee\/?s={search_term_string}\"},\"query-input\":\"required name=search_term_string\"}],\"inLanguage\":\"fi\"}]}<\/script>\n<!-- \/ Yoast SEO plugin. -->","yoast_head_json":{"title":"Koiran shampoo Tommy 240 ml - Orto","description":"Koiran shampoo Tommy 240 ml","robots":{"index":"noindex","follow":"follow","max-snippet":"max-snippet:-1","max-image-preview":"max-image-preview:large","max-video-preview":"max-video-preview:-1"},"og_locale":"fi_FI","og_type":"article","og_title":"Koiran shampoo Tommy 240 ml - Orto","og_description":"Koiran shampoo Tommy 240 ml","og_url":"https:\/\/kataloog.orto.ee\/pood\/koerashampoon-tommy-190ml\/","og_site_name":"Orto","article_modified_time":"2021-09-14T08:53:53+00:00","og_image":[{"width":1884,"height":4000,"url":"https:\/\/kataloog.orto.ee\/wp-content\/uploads\/2021\/06\/Orto_Tommy_koerashampoon_mockup_010621.png","type":"image\/png"}],"twitter_card":"summary_large_image","twitter_misc":{"Arvioitu lukuaika":"1 minuutti"},"schema":{"@context":"https:\/\/schema.org","@graph":[{"@type":"WebPage","@id":"https:\/\/kataloog.orto.ee\/pood\/koerashampoon-tommy-190ml\/","url":"https:\/\/kataloog.orto.ee\/pood\/koerashampoon-tommy-190ml\/","name":"Koiran shampoo Tommy 240 ml - Orto","isPartOf":{"@id":"https:\/\/kataloog.orto.ee\/#website"},"datePublished":"2020-04-17T10:21:56+00:00","dateModified":"2021-09-14T08:53:53+00:00","description":"Koiran shampoo Tommy 240 ml","breadcrumb":{"@id":"https:\/\/kataloog.orto.ee\/pood\/koerashampoon-tommy-190ml\/#breadcrumb"},"inLanguage":"fi","potentialAction":[{"@type":"ReadAction","target":["https:\/\/kataloog.orto.ee\/pood\/koerashampoon-tommy-190ml\/"]}]},{"@type":"BreadcrumbList","@id":"https:\/\/kataloog.orto.ee\/pood\/koerashampoon-tommy-190ml\/#breadcrumb","itemListElement":[{"@type":"ListItem","position":1,"name":"Home","item":"https:\/\/kataloog.orto.ee\/"},{"@type":"ListItem","position":2,"name":"Tuotteet","item":"https:\/\/kataloog.orto.ee\/tooted\/"},{"@type":"ListItem","position":3,"name":"Koiran shampoo Tommy 240 ml"}]},{"@type":"WebSite","@id":"https:\/\/kataloog.orto.ee\/#website","url":"https:\/\/kataloog.orto.ee\/","name":"Orto","description":"","potentialAction":[{"@type":"SearchAction","target":{"@type":"EntryPoint","urlTemplate":"https:\/\/kataloog.orto.ee\/?s={search_term_string}"},"query-input":"required name=search_term_string"}],"inLanguage":"fi"}]}},"_links":{"self":[{"href":"https:\/\/kataloog.orto.ee\/fi\/wp-json\/wp\/v2\/product\/2533"}],"collection":[{"href":"https:\/\/kataloog.orto.ee\/fi\/wp-json\/wp\/v2\/product"}],"about":[{"href":"https:\/\/kataloog.orto.ee\/fi\/wp-json\/wp\/v2\/types\/product"}],"wp:featuredmedia":[{"embeddable":true,"href":"https:\/\/kataloog.orto.ee\/fi\/wp-json\/wp\/v2\/media\/1972"}],"wp:attachment":[{"href":"https:\/\/kataloog.orto.ee\/fi\/wp-json\/wp\/v2\/media?parent=2533"}],"wp:term":[{"taxonomy":"product_cat","embeddable":true,"href":"https:\/\/kataloog.orto.ee\/fi\/wp-json\/wp\/v2\/product_cat?post=2533"},{"taxonomy":"product_tag","embeddable":true,"href":"https:\/\/kataloog.orto.ee\/fi\/wp-json\/wp\/v2\/product_tag?post=2533"}],"curies":[{"name":"wp","href":"https:\/\/api.w.org\/{rel}","templated":true}]}}