{"id":2510,"date":"2020-04-16T16:43:58","date_gmt":"2020-04-16T13:43:58","guid":{"rendered":"https:\/\/orto.ee\/pood\/orto-pehmendav-kaitsekreem-avokaadooli-ja-meevahaga-50-ml\/"},"modified":"2022-06-14T12:50:07","modified_gmt":"2022-06-14T09:50:07","slug":"orto-pehmendav-kaitsekreem-avokaadooli-ja-meevahaga-50-ml","status":"publish","type":"product","link":"https:\/\/kataloog.orto.ee\/fi\/pood\/orto-pehmendav-kaitsekreem-avokaadooli-ja-meevahaga-50-ml\/","title":{"rendered":"Avokado\u00f6ljy\u00e4 sis\u00e4lt\u00e4v\u00e4 pehment\u00e4v\u00e4 ihovoide 50 ml"},"content":{"rendered":"<p>Kuivalle iholle.<\/p>\n<p>Tehokkaasti pehment\u00e4v\u00e4 neutraali voide ihon kuivuuden ja karheuden lievitt\u00e4miseen.\u00a0 Voiteen sis\u00e4lt\u00e4m\u00e4t hunajavaha ja \u00f6ljyt ravitsevat, pehment\u00e4v\u00e4t ja silottavat ihoa, auttavat s\u00e4ilytt\u00e4m\u00e4\u00e4n ihon luonnollisen kosteuspitoisuuden ja suojaavat ihoa tuulen, pakkasen ja auringon haitallisilta vaikutuksilta. Hunajavahan tulehdusta est\u00e4vien ominaisuuksien vuoksi voide sopii my\u00f6s karhealle ja halkeilevalle iholle. Sopii my\u00f6s k\u00e4sien ja jalkojen kuivan ihon kosteuttamiseen.<\/p>\n","protected":false},"excerpt":{"rendered":"<p>Kuivalle iholle. Tehokkaasti pehment\u00e4v\u00e4 neutraali voide ihon kuivuuden ja karheuden lievitt\u00e4miseen.\u00a0 Voiteen sis\u00e4lt\u00e4m\u00e4t hunajavaha ja \u00f6ljyt ravitsevat, pehment\u00e4v\u00e4t ja silottavat&#8230;<\/p>\n","protected":false},"featured_media":3244,"template":"","meta":{"_et_pb_use_builder":"","_et_pb_old_content":"","_et_gb_content_width":""},"product_cat":[80],"product_tag":[],"acf":[],"yoast_head":"<!-- This site is optimized with the Yoast SEO plugin v21.5 - https:\/\/yoast.com\/wordpress\/plugins\/seo\/ -->\n<title>Avokado\u00f6ljy\u00e4 sis\u00e4lt\u00e4v\u00e4 pehment\u00e4v\u00e4 ihovoide 50 ml - Orto<\/title>\n<meta name=\"description\" content=\"Avokado\u00f6ljy\u00e4 sis\u00e4lt\u00e4v\u00e4 pehment\u00e4v\u00e4 ihovoide 50 ml\" \/>\n<meta name=\"robots\" content=\"noindex, follow, max-snippet:-1, max-image-preview:large, max-video-preview:-1\" \/>\n<meta property=\"og:locale\" content=\"fi_FI\" \/>\n<meta property=\"og:type\" content=\"article\" \/>\n<meta property=\"og:title\" content=\"Avokado\u00f6ljy\u00e4 sis\u00e4lt\u00e4v\u00e4 pehment\u00e4v\u00e4 ihovoide 50 ml - Orto\" \/>\n<meta property=\"og:description\" content=\"Avokado\u00f6ljy\u00e4 sis\u00e4lt\u00e4v\u00e4 pehment\u00e4v\u00e4 ihovoide 50 ml\" \/>\n<meta property=\"og:url\" content=\"https:\/\/kataloog.orto.ee\/pood\/orto-pehmendav-kaitsekreem-avokaadooli-ja-meevahaga-50-ml\/\" \/>\n<meta property=\"og:site_name\" content=\"Orto\" \/>\n<meta property=\"article:modified_time\" content=\"2022-06-14T09:50:07+00:00\" \/>\n<meta property=\"og:image\" content=\"https:\/\/kataloog.orto.ee\/wp-content\/uploads\/2022\/06\/4740006012275.jpg\" \/>\n\t<meta property=\"og:image:width\" content=\"747\" \/>\n\t<meta property=\"og:image:height\" content=\"1619\" \/>\n\t<meta property=\"og:image:type\" content=\"image\/jpeg\" \/>\n<meta name=\"twitter:card\" content=\"summary_large_image\" \/>\n<meta name=\"twitter:label1\" content=\"Arvioitu lukuaika\" \/>\n\t<meta name=\"twitter:data1\" content=\"1 minuutti\" \/>\n<script type=\"application\/ld+json\" class=\"yoast-schema-graph\">{\"@context\":\"https:\/\/schema.org\",\"@graph\":[{\"@type\":\"WebPage\",\"@id\":\"https:\/\/kataloog.orto.ee\/pood\/orto-pehmendav-kaitsekreem-avokaadooli-ja-meevahaga-50-ml\/\",\"url\":\"https:\/\/kataloog.orto.ee\/pood\/orto-pehmendav-kaitsekreem-avokaadooli-ja-meevahaga-50-ml\/\",\"name\":\"Avokado\u00f6ljy\u00e4 sis\u00e4lt\u00e4v\u00e4 pehment\u00e4v\u00e4 ihovoide 50 ml - Orto\",\"isPartOf\":{\"@id\":\"https:\/\/kataloog.orto.ee\/#website\"},\"datePublished\":\"2020-04-16T13:43:58+00:00\",\"dateModified\":\"2022-06-14T09:50:07+00:00\",\"description\":\"Avokado\u00f6ljy\u00e4 sis\u00e4lt\u00e4v\u00e4 pehment\u00e4v\u00e4 ihovoide 50 ml\",\"breadcrumb\":{\"@id\":\"https:\/\/kataloog.orto.ee\/pood\/orto-pehmendav-kaitsekreem-avokaadooli-ja-meevahaga-50-ml\/#breadcrumb\"},\"inLanguage\":\"fi\",\"potentialAction\":[{\"@type\":\"ReadAction\",\"target\":[\"https:\/\/kataloog.orto.ee\/pood\/orto-pehmendav-kaitsekreem-avokaadooli-ja-meevahaga-50-ml\/\"]}]},{\"@type\":\"BreadcrumbList\",\"@id\":\"https:\/\/kataloog.orto.ee\/pood\/orto-pehmendav-kaitsekreem-avokaadooli-ja-meevahaga-50-ml\/#breadcrumb\",\"itemListElement\":[{\"@type\":\"ListItem\",\"position\":1,\"name\":\"Home\",\"item\":\"https:\/\/kataloog.orto.ee\/\"},{\"@type\":\"ListItem\",\"position\":2,\"name\":\"Tuotteet\",\"item\":\"https:\/\/kataloog.orto.ee\/tooted\/\"},{\"@type\":\"ListItem\",\"position\":3,\"name\":\"Avokado\u00f6ljy\u00e4 sis\u00e4lt\u00e4v\u00e4 pehment\u00e4v\u00e4 ihovoide 50 ml\"}]},{\"@type\":\"WebSite\",\"@id\":\"https:\/\/kataloog.orto.ee\/#website\",\"url\":\"https:\/\/kataloog.orto.ee\/\",\"name\":\"Orto\",\"description\":\"\",\"potentialAction\":[{\"@type\":\"SearchAction\",\"target\":{\"@type\":\"EntryPoint\",\"urlTemplate\":\"https:\/\/kataloog.orto.ee\/?s={search_term_string}\"},\"query-input\":\"required name=search_term_string\"}],\"inLanguage\":\"fi\"}]}<\/script>\n<!-- \/ Yoast SEO plugin. -->","yoast_head_json":{"title":"Avokado\u00f6ljy\u00e4 sis\u00e4lt\u00e4v\u00e4 pehment\u00e4v\u00e4 ihovoide 50 ml - Orto","description":"Avokado\u00f6ljy\u00e4 sis\u00e4lt\u00e4v\u00e4 pehment\u00e4v\u00e4 ihovoide 50 ml","robots":{"index":"noindex","follow":"follow","max-snippet":"max-snippet:-1","max-image-preview":"max-image-preview:large","max-video-preview":"max-video-preview:-1"},"og_locale":"fi_FI","og_type":"article","og_title":"Avokado\u00f6ljy\u00e4 sis\u00e4lt\u00e4v\u00e4 pehment\u00e4v\u00e4 ihovoide 50 ml - Orto","og_description":"Avokado\u00f6ljy\u00e4 sis\u00e4lt\u00e4v\u00e4 pehment\u00e4v\u00e4 ihovoide 50 ml","og_url":"https:\/\/kataloog.orto.ee\/pood\/orto-pehmendav-kaitsekreem-avokaadooli-ja-meevahaga-50-ml\/","og_site_name":"Orto","article_modified_time":"2022-06-14T09:50:07+00:00","og_image":[{"width":747,"height":1619,"url":"https:\/\/kataloog.orto.ee\/wp-content\/uploads\/2022\/06\/4740006012275.jpg","type":"image\/jpeg"}],"twitter_card":"summary_large_image","twitter_misc":{"Arvioitu lukuaika":"1 minuutti"},"schema":{"@context":"https:\/\/schema.org","@graph":[{"@type":"WebPage","@id":"https:\/\/kataloog.orto.ee\/pood\/orto-pehmendav-kaitsekreem-avokaadooli-ja-meevahaga-50-ml\/","url":"https:\/\/kataloog.orto.ee\/pood\/orto-pehmendav-kaitsekreem-avokaadooli-ja-meevahaga-50-ml\/","name":"Avokado\u00f6ljy\u00e4 sis\u00e4lt\u00e4v\u00e4 pehment\u00e4v\u00e4 ihovoide 50 ml - Orto","isPartOf":{"@id":"https:\/\/kataloog.orto.ee\/#website"},"datePublished":"2020-04-16T13:43:58+00:00","dateModified":"2022-06-14T09:50:07+00:00","description":"Avokado\u00f6ljy\u00e4 sis\u00e4lt\u00e4v\u00e4 pehment\u00e4v\u00e4 ihovoide 50 ml","breadcrumb":{"@id":"https:\/\/kataloog.orto.ee\/pood\/orto-pehmendav-kaitsekreem-avokaadooli-ja-meevahaga-50-ml\/#breadcrumb"},"inLanguage":"fi","potentialAction":[{"@type":"ReadAction","target":["https:\/\/kataloog.orto.ee\/pood\/orto-pehmendav-kaitsekreem-avokaadooli-ja-meevahaga-50-ml\/"]}]},{"@type":"BreadcrumbList","@id":"https:\/\/kataloog.orto.ee\/pood\/orto-pehmendav-kaitsekreem-avokaadooli-ja-meevahaga-50-ml\/#breadcrumb","itemListElement":[{"@type":"ListItem","position":1,"name":"Home","item":"https:\/\/kataloog.orto.ee\/"},{"@type":"ListItem","position":2,"name":"Tuotteet","item":"https:\/\/kataloog.orto.ee\/tooted\/"},{"@type":"ListItem","position":3,"name":"Avokado\u00f6ljy\u00e4 sis\u00e4lt\u00e4v\u00e4 pehment\u00e4v\u00e4 ihovoide 50 ml"}]},{"@type":"WebSite","@id":"https:\/\/kataloog.orto.ee\/#website","url":"https:\/\/kataloog.orto.ee\/","name":"Orto","description":"","potentialAction":[{"@type":"SearchAction","target":{"@type":"EntryPoint","urlTemplate":"https:\/\/kataloog.orto.ee\/?s={search_term_string}"},"query-input":"required name=search_term_string"}],"inLanguage":"fi"}]}},"_links":{"self":[{"href":"https:\/\/kataloog.orto.ee\/fi\/wp-json\/wp\/v2\/product\/2510"}],"collection":[{"href":"https:\/\/kataloog.orto.ee\/fi\/wp-json\/wp\/v2\/product"}],"about":[{"href":"https:\/\/kataloog.orto.ee\/fi\/wp-json\/wp\/v2\/types\/product"}],"wp:featuredmedia":[{"embeddable":true,"href":"https:\/\/kataloog.orto.ee\/fi\/wp-json\/wp\/v2\/media\/3244"}],"wp:attachment":[{"href":"https:\/\/kataloog.orto.ee\/fi\/wp-json\/wp\/v2\/media?parent=2510"}],"wp:term":[{"taxonomy":"product_cat","embeddable":true,"href":"https:\/\/kataloog.orto.ee\/fi\/wp-json\/wp\/v2\/product_cat?post=2510"},{"taxonomy":"product_tag","embeddable":true,"href":"https:\/\/kataloog.orto.ee\/fi\/wp-json\/wp\/v2\/product_tag?post=2510"}],"curies":[{"name":"wp","href":"https:\/\/api.w.org\/{rel}","templated":true}]}}