{"id":2471,"date":"2020-04-17T12:16:29","date_gmt":"2020-04-17T09:16:29","guid":{"rendered":"https:\/\/orto.ee\/pood\/puhas-loodus-rahustav-ja-niisutav-alkoholivaba-naovesi-kummel-200ml\/"},"modified":"2021-09-24T11:43:30","modified_gmt":"2021-09-24T08:43:30","slug":"puhas-loodus-rahustav-ja-niisutav-alkoholivaba-naovesi-kummel-200ml","status":"publish","type":"product","link":"https:\/\/kataloog.orto.ee\/fi\/pood\/puhas-loodus-rahustav-ja-niisutav-alkoholivaba-naovesi-kummel-200ml\/","title":{"rendered":"Alkoholiton rauhoittava ja kosteuttava kasvovesi Kamomilla Puhas Loodus 200 ml"},"content":{"rendered":"<p>Kasvovesi kuivalle ja herk\u00e4lle iholle.<\/p>\n<p>Ihon p\u00e4ivitt\u00e4isen puhdistuksen viimeistelyyn. Kamomillauute ja aloe vera rahoittavat, kosteuttavat sek\u00e4 pehmitt\u00e4v\u00e4t ihoa ja v\u00e4hent\u00e4v\u00e4t vapaiden radikaalien vahingoittavaa vaikutusta. Luontoper\u00e4iset ihoyst\u00e4v\u00e4lliset kosteuttajat auttavat yll\u00e4pit\u00e4m\u00e4\u00e4n ja palauttamaan ihon luonnollisen suojakerroksen.<\/p>\n<p>Ainesosista 99% ovat luontoper\u00e4isi\u00e4. Ei sis\u00e4ll\u00e4 alkoholia, parabeeneja, keinotekoisia v\u00e4riaineita eik\u00e4 allergisoivia hajusteita.<\/p>\n<p>&nbsp;<\/p>\n","protected":false},"excerpt":{"rendered":"<p>Kasvovesi kuivalle ja herk\u00e4lle iholle. Ihon p\u00e4ivitt\u00e4isen puhdistuksen viimeistelyyn. Kamomillauute ja aloe vera rahoittavat, kosteuttavat sek\u00e4 pehmitt\u00e4v\u00e4t ihoa ja v\u00e4hent\u00e4v\u00e4t&#8230;<\/p>\n","protected":false},"featured_media":2472,"template":"","meta":{"_et_pb_use_builder":"","_et_pb_old_content":"","_et_gb_content_width":""},"product_cat":[109],"product_tag":[],"acf":[],"yoast_head":"<!-- This site is optimized with the Yoast SEO plugin v21.5 - https:\/\/yoast.com\/wordpress\/plugins\/seo\/ -->\n<title>Alkoholiton rauhoittava ja kosteuttava kasvovesi Kamomilla Puhas Loodus 200 ml - Orto<\/title>\n<meta name=\"description\" content=\"Alkoholiton rauhoittava ja kosteuttava kasvovesi Kamomilla Puhas Loodus 200 ml\" \/>\n<meta name=\"robots\" content=\"noindex, follow, max-snippet:-1, max-image-preview:large, max-video-preview:-1\" \/>\n<meta property=\"og:locale\" content=\"fi_FI\" \/>\n<meta property=\"og:type\" content=\"article\" \/>\n<meta property=\"og:title\" content=\"Alkoholiton rauhoittava ja kosteuttava kasvovesi Kamomilla Puhas Loodus 200 ml - Orto\" \/>\n<meta property=\"og:description\" content=\"Alkoholiton rauhoittava ja kosteuttava kasvovesi Kamomilla Puhas Loodus 200 ml\" \/>\n<meta property=\"og:url\" content=\"https:\/\/kataloog.orto.ee\/pood\/puhas-loodus-rahustav-ja-niisutav-alkoholivaba-naovesi-kummel-200ml\/\" \/>\n<meta property=\"og:site_name\" content=\"Orto\" \/>\n<meta property=\"article:modified_time\" content=\"2021-09-24T08:43:30+00:00\" \/>\n<meta property=\"og:image\" content=\"https:\/\/kataloog.orto.ee\/wp-content\/uploads\/2020\/04\/Alkoholivaba-n\u00e4ovesi-Kummel-scaled.jpg\" \/>\n\t<meta property=\"og:image:width\" content=\"1707\" \/>\n\t<meta property=\"og:image:height\" content=\"2560\" \/>\n\t<meta property=\"og:image:type\" content=\"image\/jpeg\" \/>\n<meta name=\"twitter:card\" content=\"summary_large_image\" \/>\n<meta name=\"twitter:label1\" content=\"Arvioitu lukuaika\" \/>\n\t<meta name=\"twitter:data1\" content=\"1 minuutti\" \/>\n<script type=\"application\/ld+json\" class=\"yoast-schema-graph\">{\"@context\":\"https:\/\/schema.org\",\"@graph\":[{\"@type\":\"WebPage\",\"@id\":\"https:\/\/kataloog.orto.ee\/pood\/puhas-loodus-rahustav-ja-niisutav-alkoholivaba-naovesi-kummel-200ml\/\",\"url\":\"https:\/\/kataloog.orto.ee\/pood\/puhas-loodus-rahustav-ja-niisutav-alkoholivaba-naovesi-kummel-200ml\/\",\"name\":\"Alkoholiton rauhoittava ja kosteuttava kasvovesi Kamomilla Puhas Loodus 200 ml - Orto\",\"isPartOf\":{\"@id\":\"https:\/\/kataloog.orto.ee\/#website\"},\"datePublished\":\"2020-04-17T09:16:29+00:00\",\"dateModified\":\"2021-09-24T08:43:30+00:00\",\"description\":\"Alkoholiton rauhoittava ja kosteuttava kasvovesi Kamomilla Puhas Loodus 200 ml\",\"breadcrumb\":{\"@id\":\"https:\/\/kataloog.orto.ee\/pood\/puhas-loodus-rahustav-ja-niisutav-alkoholivaba-naovesi-kummel-200ml\/#breadcrumb\"},\"inLanguage\":\"fi\",\"potentialAction\":[{\"@type\":\"ReadAction\",\"target\":[\"https:\/\/kataloog.orto.ee\/pood\/puhas-loodus-rahustav-ja-niisutav-alkoholivaba-naovesi-kummel-200ml\/\"]}]},{\"@type\":\"BreadcrumbList\",\"@id\":\"https:\/\/kataloog.orto.ee\/pood\/puhas-loodus-rahustav-ja-niisutav-alkoholivaba-naovesi-kummel-200ml\/#breadcrumb\",\"itemListElement\":[{\"@type\":\"ListItem\",\"position\":1,\"name\":\"Home\",\"item\":\"https:\/\/kataloog.orto.ee\/\"},{\"@type\":\"ListItem\",\"position\":2,\"name\":\"Tuotteet\",\"item\":\"https:\/\/kataloog.orto.ee\/tooted\/\"},{\"@type\":\"ListItem\",\"position\":3,\"name\":\"Alkoholiton rauhoittava ja kosteuttava kasvovesi Kamomilla Puhas Loodus 200 ml\"}]},{\"@type\":\"WebSite\",\"@id\":\"https:\/\/kataloog.orto.ee\/#website\",\"url\":\"https:\/\/kataloog.orto.ee\/\",\"name\":\"Orto\",\"description\":\"\",\"potentialAction\":[{\"@type\":\"SearchAction\",\"target\":{\"@type\":\"EntryPoint\",\"urlTemplate\":\"https:\/\/kataloog.orto.ee\/?s={search_term_string}\"},\"query-input\":\"required name=search_term_string\"}],\"inLanguage\":\"fi\"}]}<\/script>\n<!-- \/ Yoast SEO plugin. -->","yoast_head_json":{"title":"Alkoholiton rauhoittava ja kosteuttava kasvovesi Kamomilla Puhas Loodus 200 ml - Orto","description":"Alkoholiton rauhoittava ja kosteuttava kasvovesi Kamomilla Puhas Loodus 200 ml","robots":{"index":"noindex","follow":"follow","max-snippet":"max-snippet:-1","max-image-preview":"max-image-preview:large","max-video-preview":"max-video-preview:-1"},"og_locale":"fi_FI","og_type":"article","og_title":"Alkoholiton rauhoittava ja kosteuttava kasvovesi Kamomilla Puhas Loodus 200 ml - Orto","og_description":"Alkoholiton rauhoittava ja kosteuttava kasvovesi Kamomilla Puhas Loodus 200 ml","og_url":"https:\/\/kataloog.orto.ee\/pood\/puhas-loodus-rahustav-ja-niisutav-alkoholivaba-naovesi-kummel-200ml\/","og_site_name":"Orto","article_modified_time":"2021-09-24T08:43:30+00:00","og_image":[{"width":1707,"height":2560,"url":"https:\/\/kataloog.orto.ee\/wp-content\/uploads\/2020\/04\/Alkoholivaba-n\u00e4ovesi-Kummel-scaled.jpg","type":"image\/jpeg"}],"twitter_card":"summary_large_image","twitter_misc":{"Arvioitu lukuaika":"1 minuutti"},"schema":{"@context":"https:\/\/schema.org","@graph":[{"@type":"WebPage","@id":"https:\/\/kataloog.orto.ee\/pood\/puhas-loodus-rahustav-ja-niisutav-alkoholivaba-naovesi-kummel-200ml\/","url":"https:\/\/kataloog.orto.ee\/pood\/puhas-loodus-rahustav-ja-niisutav-alkoholivaba-naovesi-kummel-200ml\/","name":"Alkoholiton rauhoittava ja kosteuttava kasvovesi Kamomilla Puhas Loodus 200 ml - Orto","isPartOf":{"@id":"https:\/\/kataloog.orto.ee\/#website"},"datePublished":"2020-04-17T09:16:29+00:00","dateModified":"2021-09-24T08:43:30+00:00","description":"Alkoholiton rauhoittava ja kosteuttava kasvovesi Kamomilla Puhas Loodus 200 ml","breadcrumb":{"@id":"https:\/\/kataloog.orto.ee\/pood\/puhas-loodus-rahustav-ja-niisutav-alkoholivaba-naovesi-kummel-200ml\/#breadcrumb"},"inLanguage":"fi","potentialAction":[{"@type":"ReadAction","target":["https:\/\/kataloog.orto.ee\/pood\/puhas-loodus-rahustav-ja-niisutav-alkoholivaba-naovesi-kummel-200ml\/"]}]},{"@type":"BreadcrumbList","@id":"https:\/\/kataloog.orto.ee\/pood\/puhas-loodus-rahustav-ja-niisutav-alkoholivaba-naovesi-kummel-200ml\/#breadcrumb","itemListElement":[{"@type":"ListItem","position":1,"name":"Home","item":"https:\/\/kataloog.orto.ee\/"},{"@type":"ListItem","position":2,"name":"Tuotteet","item":"https:\/\/kataloog.orto.ee\/tooted\/"},{"@type":"ListItem","position":3,"name":"Alkoholiton rauhoittava ja kosteuttava kasvovesi Kamomilla Puhas Loodus 200 ml"}]},{"@type":"WebSite","@id":"https:\/\/kataloog.orto.ee\/#website","url":"https:\/\/kataloog.orto.ee\/","name":"Orto","description":"","potentialAction":[{"@type":"SearchAction","target":{"@type":"EntryPoint","urlTemplate":"https:\/\/kataloog.orto.ee\/?s={search_term_string}"},"query-input":"required name=search_term_string"}],"inLanguage":"fi"}]}},"_links":{"self":[{"href":"https:\/\/kataloog.orto.ee\/fi\/wp-json\/wp\/v2\/product\/2471"}],"collection":[{"href":"https:\/\/kataloog.orto.ee\/fi\/wp-json\/wp\/v2\/product"}],"about":[{"href":"https:\/\/kataloog.orto.ee\/fi\/wp-json\/wp\/v2\/types\/product"}],"wp:featuredmedia":[{"embeddable":true,"href":"https:\/\/kataloog.orto.ee\/fi\/wp-json\/wp\/v2\/media\/2472"}],"wp:attachment":[{"href":"https:\/\/kataloog.orto.ee\/fi\/wp-json\/wp\/v2\/media?parent=2471"}],"wp:term":[{"taxonomy":"product_cat","embeddable":true,"href":"https:\/\/kataloog.orto.ee\/fi\/wp-json\/wp\/v2\/product_cat?post=2471"},{"taxonomy":"product_tag","embeddable":true,"href":"https:\/\/kataloog.orto.ee\/fi\/wp-json\/wp\/v2\/product_tag?post=2471"}],"curies":[{"name":"wp","href":"https:\/\/api.w.org\/{rel}","templated":true}]}}