{"id":2417,"date":"2020-04-17T13:11:49","date_gmt":"2020-04-17T10:11:49","guid":{"rendered":"https:\/\/orto.ee\/pood\/solar-paevitusjargne-piim-150-ml\/"},"modified":"2022-06-06T14:27:06","modified_gmt":"2022-06-06T11:27:06","slug":"solar-paevitusjargne-piim-150-ml","status":"publish","type":"product","link":"https:\/\/kataloog.orto.ee\/fi\/pood\/solar-paevitusjargne-piim-150-ml\/","title":{"rendered":"After sun &#8211; maito Solar 150 ml"},"content":{"rendered":"<p>.<\/p>\n<p>VIILENT\u00c4V\u00c4, KOSTEUTTAVA, RAUHOITTAVA<\/p>\n<p>ALOE VERALLA<strong>,<\/strong> PANTENOLILLA, PORKKANAUUTTEELLA<\/p>\n<p>Aloe vera, E-vitamiini, pantenoli ja allantoiini kosteuttavat ja rauhoittavat auringonoton \u00e4rsytt\u00e4m\u00e4\u00e4 ja kuivaa ihoa, est\u00e4v\u00e4t UV-s\u00e4teilyn aiheuttamaa ennenaikaista ik\u00e4\u00e4ntymist\u00e4. Erityinen yhdistelm\u00e4 viilent\u00e4\u00e4 kuumaa ihoa ja virkist\u00e4\u00e4 oloasi. Runsaasti karotenoideja, mineraaleja ja vitamiineja sis\u00e4lt\u00e4v\u00e4 porkkanauute syvent\u00e4\u00e4 rusketusta ja pident\u00e4\u00e4 sen pysyvyytt\u00e4, palauttaa ihon kyvykkyytt\u00e4 suojautua UV-s\u00e4teilylt\u00e4.<\/p>\n<p><strong>SOLAR &#8211; ILOA AURINGOSTA!<\/strong><\/p>\n","protected":false},"excerpt":{"rendered":"<p>. VIILENT\u00c4V\u00c4, KOSTEUTTAVA, RAUHOITTAVA ALOE VERALLA, PANTENOLILLA, PORKKANAUUTTEELLA Aloe vera, E-vitamiini, pantenoli ja allantoiini kosteuttavat ja rauhoittavat auringonoton \u00e4rsytt\u00e4m\u00e4\u00e4 ja&#8230;<\/p>\n","protected":false},"featured_media":3151,"template":"","meta":{"_et_pb_use_builder":"","_et_pb_old_content":"","_et_gb_content_width":""},"product_cat":[84],"product_tag":[],"acf":[],"yoast_head":"<!-- This site is optimized with the Yoast SEO plugin v21.5 - https:\/\/yoast.com\/wordpress\/plugins\/seo\/ -->\n<title>After sun - maito Solar 150 ml - Orto<\/title>\n<meta name=\"description\" content=\"After sun - maito Solar 150 ml\" \/>\n<meta name=\"robots\" content=\"noindex, follow, max-snippet:-1, max-image-preview:large, max-video-preview:-1\" \/>\n<meta property=\"og:locale\" content=\"fi_FI\" \/>\n<meta property=\"og:type\" content=\"article\" \/>\n<meta property=\"og:title\" content=\"After sun - maito Solar 150 ml - Orto\" \/>\n<meta property=\"og:description\" content=\"After sun - maito Solar 150 ml\" \/>\n<meta property=\"og:url\" content=\"https:\/\/kataloog.orto.ee\/pood\/solar-paevitusjargne-piim-150-ml\/\" \/>\n<meta property=\"og:site_name\" content=\"Orto\" \/>\n<meta property=\"article:modified_time\" content=\"2022-06-06T11:27:06+00:00\" \/>\n<meta property=\"og:image\" content=\"https:\/\/kataloog.orto.ee\/wp-content\/uploads\/2022\/05\/Orto_SOLAR-Piim_mock_aftersun.png\" \/>\n\t<meta property=\"og:image:width\" content=\"1124\" \/>\n\t<meta property=\"og:image:height\" content=\"2322\" \/>\n\t<meta property=\"og:image:type\" content=\"image\/png\" \/>\n<meta name=\"twitter:card\" content=\"summary_large_image\" \/>\n<meta name=\"twitter:label1\" content=\"Arvioitu lukuaika\" \/>\n\t<meta name=\"twitter:data1\" content=\"1 minuutti\" \/>\n<script type=\"application\/ld+json\" class=\"yoast-schema-graph\">{\"@context\":\"https:\/\/schema.org\",\"@graph\":[{\"@type\":\"WebPage\",\"@id\":\"https:\/\/kataloog.orto.ee\/pood\/solar-paevitusjargne-piim-150-ml\/\",\"url\":\"https:\/\/kataloog.orto.ee\/pood\/solar-paevitusjargne-piim-150-ml\/\",\"name\":\"After sun - maito Solar 150 ml - Orto\",\"isPartOf\":{\"@id\":\"https:\/\/kataloog.orto.ee\/#website\"},\"datePublished\":\"2020-04-17T10:11:49+00:00\",\"dateModified\":\"2022-06-06T11:27:06+00:00\",\"description\":\"After sun - maito Solar 150 ml\",\"breadcrumb\":{\"@id\":\"https:\/\/kataloog.orto.ee\/pood\/solar-paevitusjargne-piim-150-ml\/#breadcrumb\"},\"inLanguage\":\"fi\",\"potentialAction\":[{\"@type\":\"ReadAction\",\"target\":[\"https:\/\/kataloog.orto.ee\/pood\/solar-paevitusjargne-piim-150-ml\/\"]}]},{\"@type\":\"BreadcrumbList\",\"@id\":\"https:\/\/kataloog.orto.ee\/pood\/solar-paevitusjargne-piim-150-ml\/#breadcrumb\",\"itemListElement\":[{\"@type\":\"ListItem\",\"position\":1,\"name\":\"Home\",\"item\":\"https:\/\/kataloog.orto.ee\/\"},{\"@type\":\"ListItem\",\"position\":2,\"name\":\"Tuotteet\",\"item\":\"https:\/\/kataloog.orto.ee\/tooted\/\"},{\"@type\":\"ListItem\",\"position\":3,\"name\":\"After sun &#8211; maito Solar 150 ml\"}]},{\"@type\":\"WebSite\",\"@id\":\"https:\/\/kataloog.orto.ee\/#website\",\"url\":\"https:\/\/kataloog.orto.ee\/\",\"name\":\"Orto\",\"description\":\"\",\"potentialAction\":[{\"@type\":\"SearchAction\",\"target\":{\"@type\":\"EntryPoint\",\"urlTemplate\":\"https:\/\/kataloog.orto.ee\/?s={search_term_string}\"},\"query-input\":\"required name=search_term_string\"}],\"inLanguage\":\"fi\"}]}<\/script>\n<!-- \/ Yoast SEO plugin. -->","yoast_head_json":{"title":"After sun - maito Solar 150 ml - Orto","description":"After sun - maito Solar 150 ml","robots":{"index":"noindex","follow":"follow","max-snippet":"max-snippet:-1","max-image-preview":"max-image-preview:large","max-video-preview":"max-video-preview:-1"},"og_locale":"fi_FI","og_type":"article","og_title":"After sun - maito Solar 150 ml - Orto","og_description":"After sun - maito Solar 150 ml","og_url":"https:\/\/kataloog.orto.ee\/pood\/solar-paevitusjargne-piim-150-ml\/","og_site_name":"Orto","article_modified_time":"2022-06-06T11:27:06+00:00","og_image":[{"width":1124,"height":2322,"url":"https:\/\/kataloog.orto.ee\/wp-content\/uploads\/2022\/05\/Orto_SOLAR-Piim_mock_aftersun.png","type":"image\/png"}],"twitter_card":"summary_large_image","twitter_misc":{"Arvioitu lukuaika":"1 minuutti"},"schema":{"@context":"https:\/\/schema.org","@graph":[{"@type":"WebPage","@id":"https:\/\/kataloog.orto.ee\/pood\/solar-paevitusjargne-piim-150-ml\/","url":"https:\/\/kataloog.orto.ee\/pood\/solar-paevitusjargne-piim-150-ml\/","name":"After sun - maito Solar 150 ml - Orto","isPartOf":{"@id":"https:\/\/kataloog.orto.ee\/#website"},"datePublished":"2020-04-17T10:11:49+00:00","dateModified":"2022-06-06T11:27:06+00:00","description":"After sun - maito Solar 150 ml","breadcrumb":{"@id":"https:\/\/kataloog.orto.ee\/pood\/solar-paevitusjargne-piim-150-ml\/#breadcrumb"},"inLanguage":"fi","potentialAction":[{"@type":"ReadAction","target":["https:\/\/kataloog.orto.ee\/pood\/solar-paevitusjargne-piim-150-ml\/"]}]},{"@type":"BreadcrumbList","@id":"https:\/\/kataloog.orto.ee\/pood\/solar-paevitusjargne-piim-150-ml\/#breadcrumb","itemListElement":[{"@type":"ListItem","position":1,"name":"Home","item":"https:\/\/kataloog.orto.ee\/"},{"@type":"ListItem","position":2,"name":"Tuotteet","item":"https:\/\/kataloog.orto.ee\/tooted\/"},{"@type":"ListItem","position":3,"name":"After sun &#8211; maito Solar 150 ml"}]},{"@type":"WebSite","@id":"https:\/\/kataloog.orto.ee\/#website","url":"https:\/\/kataloog.orto.ee\/","name":"Orto","description":"","potentialAction":[{"@type":"SearchAction","target":{"@type":"EntryPoint","urlTemplate":"https:\/\/kataloog.orto.ee\/?s={search_term_string}"},"query-input":"required name=search_term_string"}],"inLanguage":"fi"}]}},"_links":{"self":[{"href":"https:\/\/kataloog.orto.ee\/fi\/wp-json\/wp\/v2\/product\/2417"}],"collection":[{"href":"https:\/\/kataloog.orto.ee\/fi\/wp-json\/wp\/v2\/product"}],"about":[{"href":"https:\/\/kataloog.orto.ee\/fi\/wp-json\/wp\/v2\/types\/product"}],"wp:featuredmedia":[{"embeddable":true,"href":"https:\/\/kataloog.orto.ee\/fi\/wp-json\/wp\/v2\/media\/3151"}],"wp:attachment":[{"href":"https:\/\/kataloog.orto.ee\/fi\/wp-json\/wp\/v2\/media?parent=2417"}],"wp:term":[{"taxonomy":"product_cat","embeddable":true,"href":"https:\/\/kataloog.orto.ee\/fi\/wp-json\/wp\/v2\/product_cat?post=2417"},{"taxonomy":"product_tag","embeddable":true,"href":"https:\/\/kataloog.orto.ee\/fi\/wp-json\/wp\/v2\/product_tag?post=2417"}],"curies":[{"name":"wp","href":"https:\/\/api.w.org\/{rel}","templated":true}]}}