{"id":2377,"date":"2020-04-17T12:43:38","date_gmt":"2020-04-17T09:43:38","guid":{"rendered":"https:\/\/orto.ee\/pood\/solar-paevituskreem-spf-6-100-ml\/"},"modified":"2022-11-23T11:36:51","modified_gmt":"2022-11-23T09:36:51","slug":"solar-paevituskreem-spf-6-100-ml","status":"publish","type":"product","link":"https:\/\/kataloog.orto.ee\/fi\/pood\/solar-paevituskreem-spf-6-100-ml\/","title":{"rendered":"Aurinkovoide Solar SPF 6 100ml"},"content":{"rendered":"<p><strong>Matala suoja. SPF 6. Vedenkest\u00e4v\u00e4.<\/strong><\/p>\n<p>KOSTEUTTAVA<\/p>\n<p>UVA- JA UVB- SUODATTIMILLA<\/p>\n<p>SIS\u00c4LT\u00c4\u00c4 ALOE VERAA<\/p>\n<p>Suojaa pohjoismaalaista herkk\u00e4\u00e4 ihoa auringonpolttamilta, ehk\u00e4isee ennenaikaista ik\u00e4\u00e4ntymist\u00e4. Suojaus pysyy my\u00f6s uimisen j\u00e4lkeen. Luonnolliset \u00f6ljyt ja allantoiini pehment\u00e4v\u00e4t, kosteuttavat ja rauhoittavat ihoa. Sis\u00e4lt\u00e4\u00e4 oksibentsonia.<\/p>\n<p><strong>SOLAR &#8211; ILOA AURINGOSTA!<\/strong><\/p>\n","protected":false},"excerpt":{"rendered":"<p>Matala suoja. SPF 6. Vedenkest\u00e4v\u00e4. KOSTEUTTAVA UVA- JA UVB- SUODATTIMILLA SIS\u00c4LT\u00c4\u00c4 ALOE VERAA Suojaa pohjoismaalaista herkk\u00e4\u00e4 ihoa auringonpolttamilta, ehk\u00e4isee ennenaikaista&#8230;<\/p>\n","protected":false},"featured_media":3297,"template":"","meta":{"_et_pb_use_builder":"","_et_pb_old_content":"","_et_gb_content_width":""},"product_cat":[84],"product_tag":[],"acf":[],"yoast_head":"<!-- This site is optimized with the Yoast SEO plugin v21.5 - https:\/\/yoast.com\/wordpress\/plugins\/seo\/ -->\n<title>Aurinkovoide Solar SPF 6 100ml - Orto<\/title>\n<meta name=\"description\" content=\"Aurinkovoide Solar SPF 6 100ml\" \/>\n<meta name=\"robots\" content=\"noindex, follow, max-snippet:-1, max-image-preview:large, max-video-preview:-1\" \/>\n<meta property=\"og:locale\" content=\"fi_FI\" \/>\n<meta property=\"og:type\" content=\"article\" \/>\n<meta property=\"og:title\" content=\"Aurinkovoide Solar SPF 6 100ml - Orto\" \/>\n<meta property=\"og:description\" content=\"Aurinkovoide Solar SPF 6 100ml\" \/>\n<meta property=\"og:url\" content=\"https:\/\/kataloog.orto.ee\/pood\/solar-paevituskreem-spf-6-100-ml\/\" \/>\n<meta property=\"og:site_name\" content=\"Orto\" \/>\n<meta property=\"article:modified_time\" content=\"2022-11-23T09:36:51+00:00\" \/>\n<meta property=\"og:image\" content=\"https:\/\/kataloog.orto.ee\/wp-content\/uploads\/2022\/08\/Orto_SOLAR-Kreem_mock_SPF6.png\" \/>\n\t<meta property=\"og:image:width\" content=\"1070\" \/>\n\t<meta property=\"og:image:height\" content=\"2500\" \/>\n\t<meta property=\"og:image:type\" content=\"image\/png\" \/>\n<meta name=\"twitter:card\" content=\"summary_large_image\" \/>\n<meta name=\"twitter:label1\" content=\"Arvioitu lukuaika\" \/>\n\t<meta name=\"twitter:data1\" content=\"1 minuutti\" \/>\n<script type=\"application\/ld+json\" class=\"yoast-schema-graph\">{\"@context\":\"https:\/\/schema.org\",\"@graph\":[{\"@type\":\"WebPage\",\"@id\":\"https:\/\/kataloog.orto.ee\/pood\/solar-paevituskreem-spf-6-100-ml\/\",\"url\":\"https:\/\/kataloog.orto.ee\/pood\/solar-paevituskreem-spf-6-100-ml\/\",\"name\":\"Aurinkovoide Solar SPF 6 100ml - Orto\",\"isPartOf\":{\"@id\":\"https:\/\/kataloog.orto.ee\/#website\"},\"datePublished\":\"2020-04-17T09:43:38+00:00\",\"dateModified\":\"2022-11-23T09:36:51+00:00\",\"description\":\"Aurinkovoide Solar SPF 6 100ml\",\"breadcrumb\":{\"@id\":\"https:\/\/kataloog.orto.ee\/pood\/solar-paevituskreem-spf-6-100-ml\/#breadcrumb\"},\"inLanguage\":\"fi\",\"potentialAction\":[{\"@type\":\"ReadAction\",\"target\":[\"https:\/\/kataloog.orto.ee\/pood\/solar-paevituskreem-spf-6-100-ml\/\"]}]},{\"@type\":\"BreadcrumbList\",\"@id\":\"https:\/\/kataloog.orto.ee\/pood\/solar-paevituskreem-spf-6-100-ml\/#breadcrumb\",\"itemListElement\":[{\"@type\":\"ListItem\",\"position\":1,\"name\":\"Home\",\"item\":\"https:\/\/kataloog.orto.ee\/\"},{\"@type\":\"ListItem\",\"position\":2,\"name\":\"Tuotteet\",\"item\":\"https:\/\/kataloog.orto.ee\/tooted\/\"},{\"@type\":\"ListItem\",\"position\":3,\"name\":\"Aurinkovoide Solar SPF 6 100ml\"}]},{\"@type\":\"WebSite\",\"@id\":\"https:\/\/kataloog.orto.ee\/#website\",\"url\":\"https:\/\/kataloog.orto.ee\/\",\"name\":\"Orto\",\"description\":\"\",\"potentialAction\":[{\"@type\":\"SearchAction\",\"target\":{\"@type\":\"EntryPoint\",\"urlTemplate\":\"https:\/\/kataloog.orto.ee\/?s={search_term_string}\"},\"query-input\":\"required name=search_term_string\"}],\"inLanguage\":\"fi\"}]}<\/script>\n<!-- \/ Yoast SEO plugin. -->","yoast_head_json":{"title":"Aurinkovoide Solar SPF 6 100ml - Orto","description":"Aurinkovoide Solar SPF 6 100ml","robots":{"index":"noindex","follow":"follow","max-snippet":"max-snippet:-1","max-image-preview":"max-image-preview:large","max-video-preview":"max-video-preview:-1"},"og_locale":"fi_FI","og_type":"article","og_title":"Aurinkovoide Solar SPF 6 100ml - Orto","og_description":"Aurinkovoide Solar SPF 6 100ml","og_url":"https:\/\/kataloog.orto.ee\/pood\/solar-paevituskreem-spf-6-100-ml\/","og_site_name":"Orto","article_modified_time":"2022-11-23T09:36:51+00:00","og_image":[{"width":1070,"height":2500,"url":"https:\/\/kataloog.orto.ee\/wp-content\/uploads\/2022\/08\/Orto_SOLAR-Kreem_mock_SPF6.png","type":"image\/png"}],"twitter_card":"summary_large_image","twitter_misc":{"Arvioitu lukuaika":"1 minuutti"},"schema":{"@context":"https:\/\/schema.org","@graph":[{"@type":"WebPage","@id":"https:\/\/kataloog.orto.ee\/pood\/solar-paevituskreem-spf-6-100-ml\/","url":"https:\/\/kataloog.orto.ee\/pood\/solar-paevituskreem-spf-6-100-ml\/","name":"Aurinkovoide Solar SPF 6 100ml - Orto","isPartOf":{"@id":"https:\/\/kataloog.orto.ee\/#website"},"datePublished":"2020-04-17T09:43:38+00:00","dateModified":"2022-11-23T09:36:51+00:00","description":"Aurinkovoide Solar SPF 6 100ml","breadcrumb":{"@id":"https:\/\/kataloog.orto.ee\/pood\/solar-paevituskreem-spf-6-100-ml\/#breadcrumb"},"inLanguage":"fi","potentialAction":[{"@type":"ReadAction","target":["https:\/\/kataloog.orto.ee\/pood\/solar-paevituskreem-spf-6-100-ml\/"]}]},{"@type":"BreadcrumbList","@id":"https:\/\/kataloog.orto.ee\/pood\/solar-paevituskreem-spf-6-100-ml\/#breadcrumb","itemListElement":[{"@type":"ListItem","position":1,"name":"Home","item":"https:\/\/kataloog.orto.ee\/"},{"@type":"ListItem","position":2,"name":"Tuotteet","item":"https:\/\/kataloog.orto.ee\/tooted\/"},{"@type":"ListItem","position":3,"name":"Aurinkovoide Solar SPF 6 100ml"}]},{"@type":"WebSite","@id":"https:\/\/kataloog.orto.ee\/#website","url":"https:\/\/kataloog.orto.ee\/","name":"Orto","description":"","potentialAction":[{"@type":"SearchAction","target":{"@type":"EntryPoint","urlTemplate":"https:\/\/kataloog.orto.ee\/?s={search_term_string}"},"query-input":"required name=search_term_string"}],"inLanguage":"fi"}]}},"_links":{"self":[{"href":"https:\/\/kataloog.orto.ee\/fi\/wp-json\/wp\/v2\/product\/2377"}],"collection":[{"href":"https:\/\/kataloog.orto.ee\/fi\/wp-json\/wp\/v2\/product"}],"about":[{"href":"https:\/\/kataloog.orto.ee\/fi\/wp-json\/wp\/v2\/types\/product"}],"wp:featuredmedia":[{"embeddable":true,"href":"https:\/\/kataloog.orto.ee\/fi\/wp-json\/wp\/v2\/media\/3297"}],"wp:attachment":[{"href":"https:\/\/kataloog.orto.ee\/fi\/wp-json\/wp\/v2\/media?parent=2377"}],"wp:term":[{"taxonomy":"product_cat","embeddable":true,"href":"https:\/\/kataloog.orto.ee\/fi\/wp-json\/wp\/v2\/product_cat?post=2377"},{"taxonomy":"product_tag","embeddable":true,"href":"https:\/\/kataloog.orto.ee\/fi\/wp-json\/wp\/v2\/product_tag?post=2377"}],"curies":[{"name":"wp","href":"https:\/\/api.w.org\/{rel}","templated":true}]}}