{"id":2366,"date":"2020-04-17T13:36:31","date_gmt":"2020-04-17T10:36:31","guid":{"rendered":"https:\/\/orto.ee\/pood\/noudepesuvahend-madli-5000ml\/"},"modified":"2022-06-06T13:52:21","modified_gmt":"2022-06-06T10:52:21","slug":"noudepesuvahend-madli-5000ml","status":"publish","type":"product","link":"https:\/\/kataloog.orto.ee\/fi\/pood\/noudepesuvahend-madli-5000ml\/","title":{"rendered":"Astianpesuaine Madli 5000 ml"},"content":{"rendered":"<p>Ymp\u00e4rist\u00f6yst\u00e4v\u00e4llinen astiapesuaine, joka poistaa jo pienell\u00e4 m\u00e4\u00e4r\u00e4ll\u00e4 helposti rasvan my\u00f6s kovassa ja haaleassa vedess\u00e4. Astiapesuaine sis\u00e4lt\u00e4\u00e4 arvokasta, k\u00e4sien ihoa kosteuttavaa aloe vera-uutetta. Se rauhoittaa ihoa, suojaa kuivumiselta ja s\u00e4ilytt\u00e4\u00e4 ihon kimmoisuuden.<\/p>\n<p>&nbsp;<\/p>\n<p>&nbsp;<\/p>\n<p>&nbsp;<\/p>\n","protected":false},"excerpt":{"rendered":"<p>Ymp\u00e4rist\u00f6yst\u00e4v\u00e4llinen astiapesuaine, joka poistaa jo pienell\u00e4 m\u00e4\u00e4r\u00e4ll\u00e4 helposti rasvan my\u00f6s kovassa ja haaleassa vedess\u00e4. Astiapesuaine sis\u00e4lt\u00e4\u00e4 arvokasta, k\u00e4sien ihoa kosteuttavaa&#8230;<\/p>\n","protected":false},"featured_media":2368,"template":"","meta":{"_et_pb_use_builder":"","_et_pb_old_content":"","_et_gb_content_width":""},"product_cat":[96],"product_tag":[],"acf":[],"yoast_head":"<!-- This site is optimized with the Yoast SEO plugin v21.5 - https:\/\/yoast.com\/wordpress\/plugins\/seo\/ -->\n<title>Astianpesuaine Madli 5000 ml - Orto<\/title>\n<meta name=\"description\" content=\"Astianpesuaine Madli 5000 ml\" \/>\n<meta name=\"robots\" content=\"noindex, follow, max-snippet:-1, max-image-preview:large, max-video-preview:-1\" \/>\n<meta property=\"og:locale\" content=\"fi_FI\" \/>\n<meta property=\"og:type\" content=\"article\" \/>\n<meta property=\"og:title\" content=\"Astianpesuaine Madli 5000 ml - Orto\" \/>\n<meta property=\"og:description\" content=\"Astianpesuaine Madli 5000 ml\" \/>\n<meta property=\"og:url\" content=\"https:\/\/kataloog.orto.ee\/pood\/noudepesuvahend-madli-5000ml\/\" \/>\n<meta property=\"og:site_name\" content=\"Orto\" \/>\n<meta property=\"article:modified_time\" content=\"2022-06-06T10:52:21+00:00\" \/>\n<meta property=\"og:image\" content=\"https:\/\/kataloog.orto.ee\/wp-content\/uploads\/2020\/04\/N\u00f5udepesuvahend-kanister-1-scaled.jpg\" \/>\n\t<meta property=\"og:image:width\" content=\"1707\" \/>\n\t<meta property=\"og:image:height\" content=\"2560\" \/>\n\t<meta property=\"og:image:type\" content=\"image\/jpeg\" \/>\n<meta name=\"twitter:card\" content=\"summary_large_image\" \/>\n<meta name=\"twitter:label1\" content=\"Arvioitu lukuaika\" \/>\n\t<meta name=\"twitter:data1\" content=\"1 minuutti\" \/>\n<script type=\"application\/ld+json\" class=\"yoast-schema-graph\">{\"@context\":\"https:\/\/schema.org\",\"@graph\":[{\"@type\":\"WebPage\",\"@id\":\"https:\/\/kataloog.orto.ee\/pood\/noudepesuvahend-madli-5000ml\/\",\"url\":\"https:\/\/kataloog.orto.ee\/pood\/noudepesuvahend-madli-5000ml\/\",\"name\":\"Astianpesuaine Madli 5000 ml - Orto\",\"isPartOf\":{\"@id\":\"https:\/\/kataloog.orto.ee\/#website\"},\"datePublished\":\"2020-04-17T10:36:31+00:00\",\"dateModified\":\"2022-06-06T10:52:21+00:00\",\"description\":\"Astianpesuaine Madli 5000 ml\",\"breadcrumb\":{\"@id\":\"https:\/\/kataloog.orto.ee\/pood\/noudepesuvahend-madli-5000ml\/#breadcrumb\"},\"inLanguage\":\"fi\",\"potentialAction\":[{\"@type\":\"ReadAction\",\"target\":[\"https:\/\/kataloog.orto.ee\/pood\/noudepesuvahend-madli-5000ml\/\"]}]},{\"@type\":\"BreadcrumbList\",\"@id\":\"https:\/\/kataloog.orto.ee\/pood\/noudepesuvahend-madli-5000ml\/#breadcrumb\",\"itemListElement\":[{\"@type\":\"ListItem\",\"position\":1,\"name\":\"Home\",\"item\":\"https:\/\/kataloog.orto.ee\/\"},{\"@type\":\"ListItem\",\"position\":2,\"name\":\"Tuotteet\",\"item\":\"https:\/\/kataloog.orto.ee\/tooted\/\"},{\"@type\":\"ListItem\",\"position\":3,\"name\":\"Astianpesuaine Madli 5000 ml\"}]},{\"@type\":\"WebSite\",\"@id\":\"https:\/\/kataloog.orto.ee\/#website\",\"url\":\"https:\/\/kataloog.orto.ee\/\",\"name\":\"Orto\",\"description\":\"\",\"potentialAction\":[{\"@type\":\"SearchAction\",\"target\":{\"@type\":\"EntryPoint\",\"urlTemplate\":\"https:\/\/kataloog.orto.ee\/?s={search_term_string}\"},\"query-input\":\"required name=search_term_string\"}],\"inLanguage\":\"fi\"}]}<\/script>\n<!-- \/ Yoast SEO plugin. -->","yoast_head_json":{"title":"Astianpesuaine Madli 5000 ml - Orto","description":"Astianpesuaine Madli 5000 ml","robots":{"index":"noindex","follow":"follow","max-snippet":"max-snippet:-1","max-image-preview":"max-image-preview:large","max-video-preview":"max-video-preview:-1"},"og_locale":"fi_FI","og_type":"article","og_title":"Astianpesuaine Madli 5000 ml - Orto","og_description":"Astianpesuaine Madli 5000 ml","og_url":"https:\/\/kataloog.orto.ee\/pood\/noudepesuvahend-madli-5000ml\/","og_site_name":"Orto","article_modified_time":"2022-06-06T10:52:21+00:00","og_image":[{"width":1707,"height":2560,"url":"https:\/\/kataloog.orto.ee\/wp-content\/uploads\/2020\/04\/N\u00f5udepesuvahend-kanister-1-scaled.jpg","type":"image\/jpeg"}],"twitter_card":"summary_large_image","twitter_misc":{"Arvioitu lukuaika":"1 minuutti"},"schema":{"@context":"https:\/\/schema.org","@graph":[{"@type":"WebPage","@id":"https:\/\/kataloog.orto.ee\/pood\/noudepesuvahend-madli-5000ml\/","url":"https:\/\/kataloog.orto.ee\/pood\/noudepesuvahend-madli-5000ml\/","name":"Astianpesuaine Madli 5000 ml - Orto","isPartOf":{"@id":"https:\/\/kataloog.orto.ee\/#website"},"datePublished":"2020-04-17T10:36:31+00:00","dateModified":"2022-06-06T10:52:21+00:00","description":"Astianpesuaine Madli 5000 ml","breadcrumb":{"@id":"https:\/\/kataloog.orto.ee\/pood\/noudepesuvahend-madli-5000ml\/#breadcrumb"},"inLanguage":"fi","potentialAction":[{"@type":"ReadAction","target":["https:\/\/kataloog.orto.ee\/pood\/noudepesuvahend-madli-5000ml\/"]}]},{"@type":"BreadcrumbList","@id":"https:\/\/kataloog.orto.ee\/pood\/noudepesuvahend-madli-5000ml\/#breadcrumb","itemListElement":[{"@type":"ListItem","position":1,"name":"Home","item":"https:\/\/kataloog.orto.ee\/"},{"@type":"ListItem","position":2,"name":"Tuotteet","item":"https:\/\/kataloog.orto.ee\/tooted\/"},{"@type":"ListItem","position":3,"name":"Astianpesuaine Madli 5000 ml"}]},{"@type":"WebSite","@id":"https:\/\/kataloog.orto.ee\/#website","url":"https:\/\/kataloog.orto.ee\/","name":"Orto","description":"","potentialAction":[{"@type":"SearchAction","target":{"@type":"EntryPoint","urlTemplate":"https:\/\/kataloog.orto.ee\/?s={search_term_string}"},"query-input":"required name=search_term_string"}],"inLanguage":"fi"}]}},"_links":{"self":[{"href":"https:\/\/kataloog.orto.ee\/fi\/wp-json\/wp\/v2\/product\/2366"}],"collection":[{"href":"https:\/\/kataloog.orto.ee\/fi\/wp-json\/wp\/v2\/product"}],"about":[{"href":"https:\/\/kataloog.orto.ee\/fi\/wp-json\/wp\/v2\/types\/product"}],"wp:featuredmedia":[{"embeddable":true,"href":"https:\/\/kataloog.orto.ee\/fi\/wp-json\/wp\/v2\/media\/2368"}],"wp:attachment":[{"href":"https:\/\/kataloog.orto.ee\/fi\/wp-json\/wp\/v2\/media?parent=2366"}],"wp:term":[{"taxonomy":"product_cat","embeddable":true,"href":"https:\/\/kataloog.orto.ee\/fi\/wp-json\/wp\/v2\/product_cat?post=2366"},{"taxonomy":"product_tag","embeddable":true,"href":"https:\/\/kataloog.orto.ee\/fi\/wp-json\/wp\/v2\/product_tag?post=2366"}],"curies":[{"name":"wp","href":"https:\/\/api.w.org\/{rel}","templated":true}]}}