{"id":2337,"date":"2020-04-17T11:33:44","date_gmt":"2020-04-17T08:33:44","guid":{"rendered":"https:\/\/orto.ee\/pood\/ortomed-orn-vedelseep-500ml\/"},"modified":"2022-01-20T12:04:17","modified_gmt":"2022-01-20T10:04:17","slug":"ortomed-orn-vedelseep-500ml","status":"publish","type":"product","link":"https:\/\/kataloog.orto.ee\/fi\/pood\/ortomed-orn-vedelseep-500ml\/","title":{"rendered":"Ortomed Hell\u00e4varainen nestesaippua 500 ml"},"content":{"rendered":"<p>Mieto saippuaton saippua, johon ei ole iho\u00e4rsytyksen v\u00e4hent\u00e4miseksi lis\u00e4tty hajusteita, v\u00e4riaineita eik\u00e4 kasviuutteita. Tuote soveltuu herk\u00e4lle iholle sek\u00e4 intiimipesuun. Hemmotteleva vaahto j\u00e4tt\u00e4\u00e4 ihon pesun j\u00e4lkeen miellytt\u00e4v\u00e4n pehme\u00e4ksi. Maitohappo ja vesilintujen h\u00f6yhenrasvaa imitoivat lis\u00e4aineet auttavat pehment\u00e4m\u00e4\u00e4n kuivaa ja karheaa ihoa.<\/p>\n","protected":false},"excerpt":{"rendered":"<p>Mieto saippuaton saippua, johon ei ole iho\u00e4rsytyksen v\u00e4hent\u00e4miseksi lis\u00e4tty hajusteita, v\u00e4riaineita eik\u00e4 kasviuutteita. Tuote soveltuu herk\u00e4lle iholle sek\u00e4 intiimipesuun. Hemmotteleva&#8230;<\/p>\n","protected":false},"featured_media":2338,"template":"","meta":{"_et_pb_use_builder":"","_et_pb_old_content":"","_et_gb_content_width":""},"product_cat":[75],"product_tag":[],"acf":[],"yoast_head":"<!-- This site is optimized with the Yoast SEO plugin v21.5 - https:\/\/yoast.com\/wordpress\/plugins\/seo\/ -->\n<title>Ortomed Hell\u00e4varainen nestesaippua 500 ml - Orto<\/title>\n<meta name=\"description\" content=\"Ortomed Hell\u00e4varainen nestesaippua 500 ml\" \/>\n<meta name=\"robots\" content=\"noindex, follow, max-snippet:-1, max-image-preview:large, max-video-preview:-1\" \/>\n<meta property=\"og:locale\" content=\"fi_FI\" \/>\n<meta property=\"og:type\" content=\"article\" \/>\n<meta property=\"og:title\" content=\"Ortomed Hell\u00e4varainen nestesaippua 500 ml - Orto\" \/>\n<meta property=\"og:description\" content=\"Ortomed Hell\u00e4varainen nestesaippua 500 ml\" \/>\n<meta property=\"og:url\" content=\"https:\/\/kataloog.orto.ee\/pood\/ortomed-orn-vedelseep-500ml\/\" \/>\n<meta property=\"og:site_name\" content=\"Orto\" \/>\n<meta property=\"article:modified_time\" content=\"2022-01-20T10:04:17+00:00\" \/>\n<meta property=\"og:image\" content=\"https:\/\/kataloog.orto.ee\/wp-content\/uploads\/2020\/04\/ortomed-vedelseep.jpg\" \/>\n\t<meta property=\"og:image:width\" content=\"329\" \/>\n\t<meta property=\"og:image:height\" content=\"551\" \/>\n\t<meta property=\"og:image:type\" content=\"image\/jpeg\" \/>\n<meta name=\"twitter:card\" content=\"summary_large_image\" \/>\n<meta name=\"twitter:label1\" content=\"Arvioitu lukuaika\" \/>\n\t<meta name=\"twitter:data1\" content=\"1 minuutti\" \/>\n<script type=\"application\/ld+json\" class=\"yoast-schema-graph\">{\"@context\":\"https:\/\/schema.org\",\"@graph\":[{\"@type\":\"WebPage\",\"@id\":\"https:\/\/kataloog.orto.ee\/pood\/ortomed-orn-vedelseep-500ml\/\",\"url\":\"https:\/\/kataloog.orto.ee\/pood\/ortomed-orn-vedelseep-500ml\/\",\"name\":\"Ortomed Hell\u00e4varainen nestesaippua 500 ml - Orto\",\"isPartOf\":{\"@id\":\"https:\/\/kataloog.orto.ee\/#website\"},\"datePublished\":\"2020-04-17T08:33:44+00:00\",\"dateModified\":\"2022-01-20T10:04:17+00:00\",\"description\":\"Ortomed Hell\u00e4varainen nestesaippua 500 ml\",\"breadcrumb\":{\"@id\":\"https:\/\/kataloog.orto.ee\/pood\/ortomed-orn-vedelseep-500ml\/#breadcrumb\"},\"inLanguage\":\"fi\",\"potentialAction\":[{\"@type\":\"ReadAction\",\"target\":[\"https:\/\/kataloog.orto.ee\/pood\/ortomed-orn-vedelseep-500ml\/\"]}]},{\"@type\":\"BreadcrumbList\",\"@id\":\"https:\/\/kataloog.orto.ee\/pood\/ortomed-orn-vedelseep-500ml\/#breadcrumb\",\"itemListElement\":[{\"@type\":\"ListItem\",\"position\":1,\"name\":\"Home\",\"item\":\"https:\/\/kataloog.orto.ee\/\"},{\"@type\":\"ListItem\",\"position\":2,\"name\":\"Tuotteet\",\"item\":\"https:\/\/kataloog.orto.ee\/tooted\/\"},{\"@type\":\"ListItem\",\"position\":3,\"name\":\"Ortomed Hell\u00e4varainen nestesaippua 500 ml\"}]},{\"@type\":\"WebSite\",\"@id\":\"https:\/\/kataloog.orto.ee\/#website\",\"url\":\"https:\/\/kataloog.orto.ee\/\",\"name\":\"Orto\",\"description\":\"\",\"potentialAction\":[{\"@type\":\"SearchAction\",\"target\":{\"@type\":\"EntryPoint\",\"urlTemplate\":\"https:\/\/kataloog.orto.ee\/?s={search_term_string}\"},\"query-input\":\"required name=search_term_string\"}],\"inLanguage\":\"fi\"}]}<\/script>\n<!-- \/ Yoast SEO plugin. -->","yoast_head_json":{"title":"Ortomed Hell\u00e4varainen nestesaippua 500 ml - Orto","description":"Ortomed Hell\u00e4varainen nestesaippua 500 ml","robots":{"index":"noindex","follow":"follow","max-snippet":"max-snippet:-1","max-image-preview":"max-image-preview:large","max-video-preview":"max-video-preview:-1"},"og_locale":"fi_FI","og_type":"article","og_title":"Ortomed Hell\u00e4varainen nestesaippua 500 ml - Orto","og_description":"Ortomed Hell\u00e4varainen nestesaippua 500 ml","og_url":"https:\/\/kataloog.orto.ee\/pood\/ortomed-orn-vedelseep-500ml\/","og_site_name":"Orto","article_modified_time":"2022-01-20T10:04:17+00:00","og_image":[{"width":329,"height":551,"url":"https:\/\/kataloog.orto.ee\/wp-content\/uploads\/2020\/04\/ortomed-vedelseep.jpg","type":"image\/jpeg"}],"twitter_card":"summary_large_image","twitter_misc":{"Arvioitu lukuaika":"1 minuutti"},"schema":{"@context":"https:\/\/schema.org","@graph":[{"@type":"WebPage","@id":"https:\/\/kataloog.orto.ee\/pood\/ortomed-orn-vedelseep-500ml\/","url":"https:\/\/kataloog.orto.ee\/pood\/ortomed-orn-vedelseep-500ml\/","name":"Ortomed Hell\u00e4varainen nestesaippua 500 ml - Orto","isPartOf":{"@id":"https:\/\/kataloog.orto.ee\/#website"},"datePublished":"2020-04-17T08:33:44+00:00","dateModified":"2022-01-20T10:04:17+00:00","description":"Ortomed Hell\u00e4varainen nestesaippua 500 ml","breadcrumb":{"@id":"https:\/\/kataloog.orto.ee\/pood\/ortomed-orn-vedelseep-500ml\/#breadcrumb"},"inLanguage":"fi","potentialAction":[{"@type":"ReadAction","target":["https:\/\/kataloog.orto.ee\/pood\/ortomed-orn-vedelseep-500ml\/"]}]},{"@type":"BreadcrumbList","@id":"https:\/\/kataloog.orto.ee\/pood\/ortomed-orn-vedelseep-500ml\/#breadcrumb","itemListElement":[{"@type":"ListItem","position":1,"name":"Home","item":"https:\/\/kataloog.orto.ee\/"},{"@type":"ListItem","position":2,"name":"Tuotteet","item":"https:\/\/kataloog.orto.ee\/tooted\/"},{"@type":"ListItem","position":3,"name":"Ortomed Hell\u00e4varainen nestesaippua 500 ml"}]},{"@type":"WebSite","@id":"https:\/\/kataloog.orto.ee\/#website","url":"https:\/\/kataloog.orto.ee\/","name":"Orto","description":"","potentialAction":[{"@type":"SearchAction","target":{"@type":"EntryPoint","urlTemplate":"https:\/\/kataloog.orto.ee\/?s={search_term_string}"},"query-input":"required name=search_term_string"}],"inLanguage":"fi"}]}},"_links":{"self":[{"href":"https:\/\/kataloog.orto.ee\/fi\/wp-json\/wp\/v2\/product\/2337"}],"collection":[{"href":"https:\/\/kataloog.orto.ee\/fi\/wp-json\/wp\/v2\/product"}],"about":[{"href":"https:\/\/kataloog.orto.ee\/fi\/wp-json\/wp\/v2\/types\/product"}],"wp:featuredmedia":[{"embeddable":true,"href":"https:\/\/kataloog.orto.ee\/fi\/wp-json\/wp\/v2\/media\/2338"}],"wp:attachment":[{"href":"https:\/\/kataloog.orto.ee\/fi\/wp-json\/wp\/v2\/media?parent=2337"}],"wp:term":[{"taxonomy":"product_cat","embeddable":true,"href":"https:\/\/kataloog.orto.ee\/fi\/wp-json\/wp\/v2\/product_cat?post=2337"},{"taxonomy":"product_tag","embeddable":true,"href":"https:\/\/kataloog.orto.ee\/fi\/wp-json\/wp\/v2\/product_tag?post=2337"}],"curies":[{"name":"wp","href":"https:\/\/api.w.org\/{rel}","templated":true}]}}