{"id":2332,"date":"2021-01-08T12:04:54","date_gmt":"2021-01-08T10:04:54","guid":{"rendered":"https:\/\/orto.ee\/pood\/kreemseep-kanister-5-l\/"},"modified":"2022-06-06T14:15:17","modified_gmt":"2022-06-06T11:15:17","slug":"kreemseep-kanister-5-l","status":"publish","type":"product","link":"https:\/\/kataloog.orto.ee\/fi\/pood\/kreemseep-kanister-5-l\/","title":{"rendered":"Mieto kosmeettinen voidesaippua 5 L"},"content":{"rendered":"<p>Ihoyst\u00e4v\u00e4llinen voidemainen saippuaton saippua k\u00e4sien ja vartalon pesuun. Kosteuttava glyseroli, ihoa suojaavat yhdisteet ja E-vitamiini s\u00e4ilytt\u00e4v\u00e4t ihon pehmeytt\u00e4, luonnollista kosteutta ja yll\u00e4pit\u00e4v\u00e4t sen pH-arvoa.\u00a0 V\u00e4riaineeton.<\/p>\n","protected":false},"excerpt":{"rendered":"<p>Ihoyst\u00e4v\u00e4llinen voidemainen saippuaton saippua k\u00e4sien ja vartalon pesuun. Kosteuttava glyseroli, ihoa suojaavat yhdisteet ja E-vitamiini s\u00e4ilytt\u00e4v\u00e4t ihon pehmeytt\u00e4, luonnollista kosteutta&#8230;<\/p>\n","protected":false},"featured_media":2333,"template":"","meta":{"_et_pb_use_builder":"","_et_pb_old_content":"","_et_gb_content_width":""},"product_cat":[91],"product_tag":[],"acf":[],"yoast_head":"<!-- This site is optimized with the Yoast SEO plugin v21.5 - https:\/\/yoast.com\/wordpress\/plugins\/seo\/ -->\n<title>Mieto kosmeettinen voidesaippua 5 L - Orto<\/title>\n<meta name=\"description\" content=\"Mieto kosmeettinen voidesaippua 5 L\" \/>\n<meta name=\"robots\" content=\"noindex, follow, max-snippet:-1, max-image-preview:large, max-video-preview:-1\" \/>\n<meta property=\"og:locale\" content=\"fi_FI\" \/>\n<meta property=\"og:type\" content=\"article\" \/>\n<meta property=\"og:title\" content=\"Mieto kosmeettinen voidesaippua 5 L - Orto\" \/>\n<meta property=\"og:description\" content=\"Mieto kosmeettinen voidesaippua 5 L\" \/>\n<meta property=\"og:url\" content=\"https:\/\/kataloog.orto.ee\/pood\/kreemseep-kanister-5-l\/\" \/>\n<meta property=\"og:site_name\" content=\"Orto\" \/>\n<meta property=\"article:modified_time\" content=\"2022-06-06T11:15:17+00:00\" \/>\n<meta property=\"og:image\" content=\"https:\/\/kataloog.orto.ee\/wp-content\/uploads\/2021\/01\/VS-Kreemseep-5L-pilt.jpg\" \/>\n\t<meta property=\"og:image:width\" content=\"533\" \/>\n\t<meta property=\"og:image:height\" content=\"800\" \/>\n\t<meta property=\"og:image:type\" content=\"image\/jpeg\" \/>\n<meta name=\"twitter:card\" content=\"summary_large_image\" \/>\n<meta name=\"twitter:label1\" content=\"Arvioitu lukuaika\" \/>\n\t<meta name=\"twitter:data1\" content=\"1 minuutti\" \/>\n<script type=\"application\/ld+json\" class=\"yoast-schema-graph\">{\"@context\":\"https:\/\/schema.org\",\"@graph\":[{\"@type\":\"WebPage\",\"@id\":\"https:\/\/kataloog.orto.ee\/pood\/kreemseep-kanister-5-l\/\",\"url\":\"https:\/\/kataloog.orto.ee\/pood\/kreemseep-kanister-5-l\/\",\"name\":\"Mieto kosmeettinen voidesaippua 5 L - Orto\",\"isPartOf\":{\"@id\":\"https:\/\/kataloog.orto.ee\/#website\"},\"datePublished\":\"2021-01-08T10:04:54+00:00\",\"dateModified\":\"2022-06-06T11:15:17+00:00\",\"description\":\"Mieto kosmeettinen voidesaippua 5 L\",\"breadcrumb\":{\"@id\":\"https:\/\/kataloog.orto.ee\/pood\/kreemseep-kanister-5-l\/#breadcrumb\"},\"inLanguage\":\"fi\",\"potentialAction\":[{\"@type\":\"ReadAction\",\"target\":[\"https:\/\/kataloog.orto.ee\/pood\/kreemseep-kanister-5-l\/\"]}]},{\"@type\":\"BreadcrumbList\",\"@id\":\"https:\/\/kataloog.orto.ee\/pood\/kreemseep-kanister-5-l\/#breadcrumb\",\"itemListElement\":[{\"@type\":\"ListItem\",\"position\":1,\"name\":\"Home\",\"item\":\"https:\/\/kataloog.orto.ee\/\"},{\"@type\":\"ListItem\",\"position\":2,\"name\":\"Tuotteet\",\"item\":\"https:\/\/kataloog.orto.ee\/tooted\/\"},{\"@type\":\"ListItem\",\"position\":3,\"name\":\"Mieto kosmeettinen voidesaippua 5 L\"}]},{\"@type\":\"WebSite\",\"@id\":\"https:\/\/kataloog.orto.ee\/#website\",\"url\":\"https:\/\/kataloog.orto.ee\/\",\"name\":\"Orto\",\"description\":\"\",\"potentialAction\":[{\"@type\":\"SearchAction\",\"target\":{\"@type\":\"EntryPoint\",\"urlTemplate\":\"https:\/\/kataloog.orto.ee\/?s={search_term_string}\"},\"query-input\":\"required name=search_term_string\"}],\"inLanguage\":\"fi\"}]}<\/script>\n<!-- \/ Yoast SEO plugin. -->","yoast_head_json":{"title":"Mieto kosmeettinen voidesaippua 5 L - Orto","description":"Mieto kosmeettinen voidesaippua 5 L","robots":{"index":"noindex","follow":"follow","max-snippet":"max-snippet:-1","max-image-preview":"max-image-preview:large","max-video-preview":"max-video-preview:-1"},"og_locale":"fi_FI","og_type":"article","og_title":"Mieto kosmeettinen voidesaippua 5 L - Orto","og_description":"Mieto kosmeettinen voidesaippua 5 L","og_url":"https:\/\/kataloog.orto.ee\/pood\/kreemseep-kanister-5-l\/","og_site_name":"Orto","article_modified_time":"2022-06-06T11:15:17+00:00","og_image":[{"width":533,"height":800,"url":"https:\/\/kataloog.orto.ee\/wp-content\/uploads\/2021\/01\/VS-Kreemseep-5L-pilt.jpg","type":"image\/jpeg"}],"twitter_card":"summary_large_image","twitter_misc":{"Arvioitu lukuaika":"1 minuutti"},"schema":{"@context":"https:\/\/schema.org","@graph":[{"@type":"WebPage","@id":"https:\/\/kataloog.orto.ee\/pood\/kreemseep-kanister-5-l\/","url":"https:\/\/kataloog.orto.ee\/pood\/kreemseep-kanister-5-l\/","name":"Mieto kosmeettinen voidesaippua 5 L - Orto","isPartOf":{"@id":"https:\/\/kataloog.orto.ee\/#website"},"datePublished":"2021-01-08T10:04:54+00:00","dateModified":"2022-06-06T11:15:17+00:00","description":"Mieto kosmeettinen voidesaippua 5 L","breadcrumb":{"@id":"https:\/\/kataloog.orto.ee\/pood\/kreemseep-kanister-5-l\/#breadcrumb"},"inLanguage":"fi","potentialAction":[{"@type":"ReadAction","target":["https:\/\/kataloog.orto.ee\/pood\/kreemseep-kanister-5-l\/"]}]},{"@type":"BreadcrumbList","@id":"https:\/\/kataloog.orto.ee\/pood\/kreemseep-kanister-5-l\/#breadcrumb","itemListElement":[{"@type":"ListItem","position":1,"name":"Home","item":"https:\/\/kataloog.orto.ee\/"},{"@type":"ListItem","position":2,"name":"Tuotteet","item":"https:\/\/kataloog.orto.ee\/tooted\/"},{"@type":"ListItem","position":3,"name":"Mieto kosmeettinen voidesaippua 5 L"}]},{"@type":"WebSite","@id":"https:\/\/kataloog.orto.ee\/#website","url":"https:\/\/kataloog.orto.ee\/","name":"Orto","description":"","potentialAction":[{"@type":"SearchAction","target":{"@type":"EntryPoint","urlTemplate":"https:\/\/kataloog.orto.ee\/?s={search_term_string}"},"query-input":"required name=search_term_string"}],"inLanguage":"fi"}]}},"_links":{"self":[{"href":"https:\/\/kataloog.orto.ee\/fi\/wp-json\/wp\/v2\/product\/2332"}],"collection":[{"href":"https:\/\/kataloog.orto.ee\/fi\/wp-json\/wp\/v2\/product"}],"about":[{"href":"https:\/\/kataloog.orto.ee\/fi\/wp-json\/wp\/v2\/types\/product"}],"wp:featuredmedia":[{"embeddable":true,"href":"https:\/\/kataloog.orto.ee\/fi\/wp-json\/wp\/v2\/media\/2333"}],"wp:attachment":[{"href":"https:\/\/kataloog.orto.ee\/fi\/wp-json\/wp\/v2\/media?parent=2332"}],"wp:term":[{"taxonomy":"product_cat","embeddable":true,"href":"https:\/\/kataloog.orto.ee\/fi\/wp-json\/wp\/v2\/product_cat?post=2332"},{"taxonomy":"product_tag","embeddable":true,"href":"https:\/\/kataloog.orto.ee\/fi\/wp-json\/wp\/v2\/product_tag?post=2332"}],"curies":[{"name":"wp","href":"https:\/\/api.w.org\/{rel}","templated":true}]}}