{"id":2307,"date":"2020-04-17T13:27:34","date_gmt":"2020-04-17T10:27:34","guid":{"rendered":"https:\/\/orto.ee\/pood\/plix-saasehammustuste-leevenduszelee-60ml\/"},"modified":"2022-06-09T13:59:20","modified_gmt":"2022-06-09T10:59:20","slug":"plix-saasehammustuste-leevenduszelee-60ml","status":"publish","type":"product","link":"https:\/\/kataloog.orto.ee\/fi\/pood\/plix-saasehammustuste-leevenduszelee-60ml\/","title":{"rendered":"Hyttysepiston lievitt\u00e4j\u00e4 geeli Plix 60ml"},"content":{"rendered":"<p>Piparminttu\u00f6ljy\u00e4, keh\u00e4kukkauutetta, allantoiinia ja kamferia sis\u00e4lt\u00e4v\u00e4 j\u00e4\u00e4hdytysgeeli puhdistaa ja rauhoittaa ihoa sek\u00e4 auttaa kutinaa vastaan.<\/p>\n","protected":false},"excerpt":{"rendered":"<p>Piparminttu\u00f6ljy\u00e4, keh\u00e4kukkauutetta, allantoiinia ja kamferia sis\u00e4lt\u00e4v\u00e4 j\u00e4\u00e4hdytysgeeli puhdistaa ja rauhoittaa ihoa sek\u00e4 auttaa kutinaa vastaan.<\/p>\n","protected":false},"featured_media":3084,"template":"","meta":{"_et_pb_use_builder":"","_et_pb_old_content":"","_et_gb_content_width":""},"product_cat":[87],"product_tag":[],"acf":[],"yoast_head":"<!-- This site is optimized with the Yoast SEO plugin v21.5 - https:\/\/yoast.com\/wordpress\/plugins\/seo\/ -->\n<title>Hyttysepiston lievitt\u00e4j\u00e4 geeli Plix 60ml - Orto<\/title>\n<meta name=\"description\" content=\"Hyttysepiston lievitt\u00e4j\u00e4 geeli Plix 60ml\" \/>\n<meta name=\"robots\" content=\"noindex, follow, max-snippet:-1, max-image-preview:large, max-video-preview:-1\" \/>\n<meta property=\"og:locale\" content=\"fi_FI\" \/>\n<meta property=\"og:type\" content=\"article\" \/>\n<meta property=\"og:title\" content=\"Hyttysepiston lievitt\u00e4j\u00e4 geeli Plix 60ml - Orto\" \/>\n<meta property=\"og:description\" content=\"Hyttysepiston lievitt\u00e4j\u00e4 geeli Plix 60ml\" \/>\n<meta property=\"og:url\" content=\"https:\/\/kataloog.orto.ee\/pood\/plix-saasehammustuste-leevenduszelee-60ml\/\" \/>\n<meta property=\"og:site_name\" content=\"Orto\" \/>\n<meta property=\"article:modified_time\" content=\"2022-06-09T10:59:20+00:00\" \/>\n<meta property=\"og:image\" content=\"https:\/\/kataloog.orto.ee\/wp-content\/uploads\/2022\/05\/EAN4740006011247.png\" \/>\n\t<meta property=\"og:image:width\" content=\"1000\" \/>\n\t<meta property=\"og:image:height\" content=\"2434\" \/>\n\t<meta property=\"og:image:type\" content=\"image\/png\" \/>\n<meta name=\"twitter:card\" content=\"summary_large_image\" \/>\n<meta name=\"twitter:label1\" content=\"Arvioitu lukuaika\" \/>\n\t<meta name=\"twitter:data1\" content=\"1 minuutti\" \/>\n<script type=\"application\/ld+json\" class=\"yoast-schema-graph\">{\"@context\":\"https:\/\/schema.org\",\"@graph\":[{\"@type\":\"WebPage\",\"@id\":\"https:\/\/kataloog.orto.ee\/pood\/plix-saasehammustuste-leevenduszelee-60ml\/\",\"url\":\"https:\/\/kataloog.orto.ee\/pood\/plix-saasehammustuste-leevenduszelee-60ml\/\",\"name\":\"Hyttysepiston lievitt\u00e4j\u00e4 geeli Plix 60ml - Orto\",\"isPartOf\":{\"@id\":\"https:\/\/kataloog.orto.ee\/#website\"},\"datePublished\":\"2020-04-17T10:27:34+00:00\",\"dateModified\":\"2022-06-09T10:59:20+00:00\",\"description\":\"Hyttysepiston lievitt\u00e4j\u00e4 geeli Plix 60ml\",\"breadcrumb\":{\"@id\":\"https:\/\/kataloog.orto.ee\/pood\/plix-saasehammustuste-leevenduszelee-60ml\/#breadcrumb\"},\"inLanguage\":\"fi\",\"potentialAction\":[{\"@type\":\"ReadAction\",\"target\":[\"https:\/\/kataloog.orto.ee\/pood\/plix-saasehammustuste-leevenduszelee-60ml\/\"]}]},{\"@type\":\"BreadcrumbList\",\"@id\":\"https:\/\/kataloog.orto.ee\/pood\/plix-saasehammustuste-leevenduszelee-60ml\/#breadcrumb\",\"itemListElement\":[{\"@type\":\"ListItem\",\"position\":1,\"name\":\"Home\",\"item\":\"https:\/\/kataloog.orto.ee\/\"},{\"@type\":\"ListItem\",\"position\":2,\"name\":\"Tuotteet\",\"item\":\"https:\/\/kataloog.orto.ee\/tooted\/\"},{\"@type\":\"ListItem\",\"position\":3,\"name\":\"Hyttysepiston lievitt\u00e4j\u00e4 geeli Plix 60ml\"}]},{\"@type\":\"WebSite\",\"@id\":\"https:\/\/kataloog.orto.ee\/#website\",\"url\":\"https:\/\/kataloog.orto.ee\/\",\"name\":\"Orto\",\"description\":\"\",\"potentialAction\":[{\"@type\":\"SearchAction\",\"target\":{\"@type\":\"EntryPoint\",\"urlTemplate\":\"https:\/\/kataloog.orto.ee\/?s={search_term_string}\"},\"query-input\":\"required name=search_term_string\"}],\"inLanguage\":\"fi\"}]}<\/script>\n<!-- \/ Yoast SEO plugin. -->","yoast_head_json":{"title":"Hyttysepiston lievitt\u00e4j\u00e4 geeli Plix 60ml - Orto","description":"Hyttysepiston lievitt\u00e4j\u00e4 geeli Plix 60ml","robots":{"index":"noindex","follow":"follow","max-snippet":"max-snippet:-1","max-image-preview":"max-image-preview:large","max-video-preview":"max-video-preview:-1"},"og_locale":"fi_FI","og_type":"article","og_title":"Hyttysepiston lievitt\u00e4j\u00e4 geeli Plix 60ml - Orto","og_description":"Hyttysepiston lievitt\u00e4j\u00e4 geeli Plix 60ml","og_url":"https:\/\/kataloog.orto.ee\/pood\/plix-saasehammustuste-leevenduszelee-60ml\/","og_site_name":"Orto","article_modified_time":"2022-06-09T10:59:20+00:00","og_image":[{"width":1000,"height":2434,"url":"https:\/\/kataloog.orto.ee\/wp-content\/uploads\/2022\/05\/EAN4740006011247.png","type":"image\/png"}],"twitter_card":"summary_large_image","twitter_misc":{"Arvioitu lukuaika":"1 minuutti"},"schema":{"@context":"https:\/\/schema.org","@graph":[{"@type":"WebPage","@id":"https:\/\/kataloog.orto.ee\/pood\/plix-saasehammustuste-leevenduszelee-60ml\/","url":"https:\/\/kataloog.orto.ee\/pood\/plix-saasehammustuste-leevenduszelee-60ml\/","name":"Hyttysepiston lievitt\u00e4j\u00e4 geeli Plix 60ml - Orto","isPartOf":{"@id":"https:\/\/kataloog.orto.ee\/#website"},"datePublished":"2020-04-17T10:27:34+00:00","dateModified":"2022-06-09T10:59:20+00:00","description":"Hyttysepiston lievitt\u00e4j\u00e4 geeli Plix 60ml","breadcrumb":{"@id":"https:\/\/kataloog.orto.ee\/pood\/plix-saasehammustuste-leevenduszelee-60ml\/#breadcrumb"},"inLanguage":"fi","potentialAction":[{"@type":"ReadAction","target":["https:\/\/kataloog.orto.ee\/pood\/plix-saasehammustuste-leevenduszelee-60ml\/"]}]},{"@type":"BreadcrumbList","@id":"https:\/\/kataloog.orto.ee\/pood\/plix-saasehammustuste-leevenduszelee-60ml\/#breadcrumb","itemListElement":[{"@type":"ListItem","position":1,"name":"Home","item":"https:\/\/kataloog.orto.ee\/"},{"@type":"ListItem","position":2,"name":"Tuotteet","item":"https:\/\/kataloog.orto.ee\/tooted\/"},{"@type":"ListItem","position":3,"name":"Hyttysepiston lievitt\u00e4j\u00e4 geeli Plix 60ml"}]},{"@type":"WebSite","@id":"https:\/\/kataloog.orto.ee\/#website","url":"https:\/\/kataloog.orto.ee\/","name":"Orto","description":"","potentialAction":[{"@type":"SearchAction","target":{"@type":"EntryPoint","urlTemplate":"https:\/\/kataloog.orto.ee\/?s={search_term_string}"},"query-input":"required name=search_term_string"}],"inLanguage":"fi"}]}},"_links":{"self":[{"href":"https:\/\/kataloog.orto.ee\/fi\/wp-json\/wp\/v2\/product\/2307"}],"collection":[{"href":"https:\/\/kataloog.orto.ee\/fi\/wp-json\/wp\/v2\/product"}],"about":[{"href":"https:\/\/kataloog.orto.ee\/fi\/wp-json\/wp\/v2\/types\/product"}],"wp:featuredmedia":[{"embeddable":true,"href":"https:\/\/kataloog.orto.ee\/fi\/wp-json\/wp\/v2\/media\/3084"}],"wp:attachment":[{"href":"https:\/\/kataloog.orto.ee\/fi\/wp-json\/wp\/v2\/media?parent=2307"}],"wp:term":[{"taxonomy":"product_cat","embeddable":true,"href":"https:\/\/kataloog.orto.ee\/fi\/wp-json\/wp\/v2\/product_cat?post=2307"},{"taxonomy":"product_tag","embeddable":true,"href":"https:\/\/kataloog.orto.ee\/fi\/wp-json\/wp\/v2\/product_tag?post=2307"}],"curies":[{"name":"wp","href":"https:\/\/api.w.org\/{rel}","templated":true}]}}