{"id":2299,"date":"2020-04-17T13:26:29","date_gmt":"2020-04-17T10:26:29","guid":{"rendered":"https:\/\/orto.ee\/pood\/plix-saasehammustuste-leevendi-pihustiga-50-ml\/"},"modified":"2022-06-06T14:04:37","modified_gmt":"2022-06-06T11:04:37","slug":"plix-saasehammustuste-leevendi-pihustiga-50-ml","status":"publish","type":"product","link":"https:\/\/kataloog.orto.ee\/fi\/pood\/plix-saasehammustuste-leevendi-pihustiga-50-ml\/","title":{"rendered":"Hyttysenpiston lievitt\u00e4j\u00e4 suihke Plix 50 ml"},"content":{"rendered":"<p>Lievitt\u00e4\u00e4 hyttysten ja paarmojen pistojen ja puremien aiheuttamaa kutinaa ja iho\u00e4rsytyst\u00e4. Puhdistaa ja viilent\u00e4\u00e4 ihoa. Keh\u00e4kukkauute ja Aloe vera rauhoittavat hyttysen pistosten aiheuttamaa iho\u00e4rsytyst\u00e4, siksi toistuva k\u00e4ytt\u00f6 v\u00e4hent\u00e4\u00e4 turvotusta ja lievitt\u00e4\u00e4 punoitusta.<\/p>\n","protected":false},"excerpt":{"rendered":"<p>Lievitt\u00e4\u00e4 hyttysten ja paarmojen pistojen ja puremien aiheuttamaa kutinaa ja iho\u00e4rsytyst\u00e4. Puhdistaa ja viilent\u00e4\u00e4 ihoa. Keh\u00e4kukkauute ja Aloe vera rauhoittavat&#8230;<\/p>\n","protected":false},"featured_media":3068,"template":"","meta":{"_et_pb_use_builder":"","_et_pb_old_content":"","_et_gb_content_width":""},"product_cat":[87],"product_tag":[],"acf":[],"yoast_head":"<!-- This site is optimized with the Yoast SEO plugin v21.5 - https:\/\/yoast.com\/wordpress\/plugins\/seo\/ -->\n<title>Hyttysenpiston lievitt\u00e4j\u00e4 suihke Plix 50 ml - Orto<\/title>\n<meta name=\"description\" content=\"Hyttysenpiston lievitt\u00e4j\u00e4 suihke Plix 50 ml\" \/>\n<meta name=\"robots\" content=\"noindex, follow, max-snippet:-1, max-image-preview:large, max-video-preview:-1\" \/>\n<meta property=\"og:locale\" content=\"fi_FI\" \/>\n<meta property=\"og:type\" content=\"article\" \/>\n<meta property=\"og:title\" content=\"Hyttysenpiston lievitt\u00e4j\u00e4 suihke Plix 50 ml - Orto\" \/>\n<meta property=\"og:description\" content=\"Hyttysenpiston lievitt\u00e4j\u00e4 suihke Plix 50 ml\" \/>\n<meta property=\"og:url\" content=\"https:\/\/kataloog.orto.ee\/pood\/plix-saasehammustuste-leevendi-pihustiga-50-ml\/\" \/>\n<meta property=\"og:site_name\" content=\"Orto\" \/>\n<meta property=\"article:modified_time\" content=\"2022-06-06T11:04:37+00:00\" \/>\n<meta property=\"og:image\" content=\"https:\/\/kataloog.orto.ee\/wp-content\/uploads\/2022\/05\/EAN4740006011261.png\" \/>\n\t<meta property=\"og:image:width\" content=\"1000\" \/>\n\t<meta property=\"og:image:height\" content=\"2000\" \/>\n\t<meta property=\"og:image:type\" content=\"image\/png\" \/>\n<meta name=\"twitter:card\" content=\"summary_large_image\" \/>\n<meta name=\"twitter:label1\" content=\"Arvioitu lukuaika\" \/>\n\t<meta name=\"twitter:data1\" content=\"1 minuutti\" \/>\n<script type=\"application\/ld+json\" class=\"yoast-schema-graph\">{\"@context\":\"https:\/\/schema.org\",\"@graph\":[{\"@type\":\"WebPage\",\"@id\":\"https:\/\/kataloog.orto.ee\/pood\/plix-saasehammustuste-leevendi-pihustiga-50-ml\/\",\"url\":\"https:\/\/kataloog.orto.ee\/pood\/plix-saasehammustuste-leevendi-pihustiga-50-ml\/\",\"name\":\"Hyttysenpiston lievitt\u00e4j\u00e4 suihke Plix 50 ml - Orto\",\"isPartOf\":{\"@id\":\"https:\/\/kataloog.orto.ee\/#website\"},\"datePublished\":\"2020-04-17T10:26:29+00:00\",\"dateModified\":\"2022-06-06T11:04:37+00:00\",\"description\":\"Hyttysenpiston lievitt\u00e4j\u00e4 suihke Plix 50 ml\",\"breadcrumb\":{\"@id\":\"https:\/\/kataloog.orto.ee\/pood\/plix-saasehammustuste-leevendi-pihustiga-50-ml\/#breadcrumb\"},\"inLanguage\":\"fi\",\"potentialAction\":[{\"@type\":\"ReadAction\",\"target\":[\"https:\/\/kataloog.orto.ee\/pood\/plix-saasehammustuste-leevendi-pihustiga-50-ml\/\"]}]},{\"@type\":\"BreadcrumbList\",\"@id\":\"https:\/\/kataloog.orto.ee\/pood\/plix-saasehammustuste-leevendi-pihustiga-50-ml\/#breadcrumb\",\"itemListElement\":[{\"@type\":\"ListItem\",\"position\":1,\"name\":\"Home\",\"item\":\"https:\/\/kataloog.orto.ee\/\"},{\"@type\":\"ListItem\",\"position\":2,\"name\":\"Tuotteet\",\"item\":\"https:\/\/kataloog.orto.ee\/tooted\/\"},{\"@type\":\"ListItem\",\"position\":3,\"name\":\"Hyttysenpiston lievitt\u00e4j\u00e4 suihke Plix 50 ml\"}]},{\"@type\":\"WebSite\",\"@id\":\"https:\/\/kataloog.orto.ee\/#website\",\"url\":\"https:\/\/kataloog.orto.ee\/\",\"name\":\"Orto\",\"description\":\"\",\"potentialAction\":[{\"@type\":\"SearchAction\",\"target\":{\"@type\":\"EntryPoint\",\"urlTemplate\":\"https:\/\/kataloog.orto.ee\/?s={search_term_string}\"},\"query-input\":\"required name=search_term_string\"}],\"inLanguage\":\"fi\"}]}<\/script>\n<!-- \/ Yoast SEO plugin. -->","yoast_head_json":{"title":"Hyttysenpiston lievitt\u00e4j\u00e4 suihke Plix 50 ml - Orto","description":"Hyttysenpiston lievitt\u00e4j\u00e4 suihke Plix 50 ml","robots":{"index":"noindex","follow":"follow","max-snippet":"max-snippet:-1","max-image-preview":"max-image-preview:large","max-video-preview":"max-video-preview:-1"},"og_locale":"fi_FI","og_type":"article","og_title":"Hyttysenpiston lievitt\u00e4j\u00e4 suihke Plix 50 ml - Orto","og_description":"Hyttysenpiston lievitt\u00e4j\u00e4 suihke Plix 50 ml","og_url":"https:\/\/kataloog.orto.ee\/pood\/plix-saasehammustuste-leevendi-pihustiga-50-ml\/","og_site_name":"Orto","article_modified_time":"2022-06-06T11:04:37+00:00","og_image":[{"width":1000,"height":2000,"url":"https:\/\/kataloog.orto.ee\/wp-content\/uploads\/2022\/05\/EAN4740006011261.png","type":"image\/png"}],"twitter_card":"summary_large_image","twitter_misc":{"Arvioitu lukuaika":"1 minuutti"},"schema":{"@context":"https:\/\/schema.org","@graph":[{"@type":"WebPage","@id":"https:\/\/kataloog.orto.ee\/pood\/plix-saasehammustuste-leevendi-pihustiga-50-ml\/","url":"https:\/\/kataloog.orto.ee\/pood\/plix-saasehammustuste-leevendi-pihustiga-50-ml\/","name":"Hyttysenpiston lievitt\u00e4j\u00e4 suihke Plix 50 ml - Orto","isPartOf":{"@id":"https:\/\/kataloog.orto.ee\/#website"},"datePublished":"2020-04-17T10:26:29+00:00","dateModified":"2022-06-06T11:04:37+00:00","description":"Hyttysenpiston lievitt\u00e4j\u00e4 suihke Plix 50 ml","breadcrumb":{"@id":"https:\/\/kataloog.orto.ee\/pood\/plix-saasehammustuste-leevendi-pihustiga-50-ml\/#breadcrumb"},"inLanguage":"fi","potentialAction":[{"@type":"ReadAction","target":["https:\/\/kataloog.orto.ee\/pood\/plix-saasehammustuste-leevendi-pihustiga-50-ml\/"]}]},{"@type":"BreadcrumbList","@id":"https:\/\/kataloog.orto.ee\/pood\/plix-saasehammustuste-leevendi-pihustiga-50-ml\/#breadcrumb","itemListElement":[{"@type":"ListItem","position":1,"name":"Home","item":"https:\/\/kataloog.orto.ee\/"},{"@type":"ListItem","position":2,"name":"Tuotteet","item":"https:\/\/kataloog.orto.ee\/tooted\/"},{"@type":"ListItem","position":3,"name":"Hyttysenpiston lievitt\u00e4j\u00e4 suihke Plix 50 ml"}]},{"@type":"WebSite","@id":"https:\/\/kataloog.orto.ee\/#website","url":"https:\/\/kataloog.orto.ee\/","name":"Orto","description":"","potentialAction":[{"@type":"SearchAction","target":{"@type":"EntryPoint","urlTemplate":"https:\/\/kataloog.orto.ee\/?s={search_term_string}"},"query-input":"required name=search_term_string"}],"inLanguage":"fi"}]}},"_links":{"self":[{"href":"https:\/\/kataloog.orto.ee\/fi\/wp-json\/wp\/v2\/product\/2299"}],"collection":[{"href":"https:\/\/kataloog.orto.ee\/fi\/wp-json\/wp\/v2\/product"}],"about":[{"href":"https:\/\/kataloog.orto.ee\/fi\/wp-json\/wp\/v2\/types\/product"}],"wp:featuredmedia":[{"embeddable":true,"href":"https:\/\/kataloog.orto.ee\/fi\/wp-json\/wp\/v2\/media\/3068"}],"wp:attachment":[{"href":"https:\/\/kataloog.orto.ee\/fi\/wp-json\/wp\/v2\/media?parent=2299"}],"wp:term":[{"taxonomy":"product_cat","embeddable":true,"href":"https:\/\/kataloog.orto.ee\/fi\/wp-json\/wp\/v2\/product_cat?post=2299"},{"taxonomy":"product_tag","embeddable":true,"href":"https:\/\/kataloog.orto.ee\/fi\/wp-json\/wp\/v2\/product_tag?post=2299"}],"curies":[{"name":"wp","href":"https:\/\/api.w.org\/{rel}","templated":true}]}}