{"id":2283,"date":"2020-04-17T13:24:11","date_gmt":"2020-04-17T10:24:11","guid":{"rendered":"https:\/\/orto.ee\/pood\/plix-laste-saasehirm-kummeliekstraktiga-50ml\/"},"modified":"2022-06-06T14:07:09","modified_gmt":"2022-06-06T11:07:09","slug":"plix-laste-saasehirm-kummeliekstraktiga-50ml","status":"publish","type":"product","link":"https:\/\/kataloog.orto.ee\/fi\/pood\/plix-laste-saasehirm-kummeliekstraktiga-50ml\/","title":{"rendered":"Hyttyskarkote lapsille kamomilla suihke Plix 50 ml"},"content":{"rendered":"<p>Neste hyttysten karkottamiseen iholta, suoja-aika noin 1-2 tuntia. Antaa suojan my\u00f6s paarmoja, m\u00e4k\u00e4r\u00e4isi\u00e4 ja muita hankalia hy\u00f6nteisi\u00e4 vastaan. Noudata k\u00e4sittely\u00e4 koskevia turvallisuusm\u00e4\u00e4r\u00e4yksi\u00e4! Sis\u00e4lt\u00e4\u00e4 biosidia. Lue k\u00e4ytt\u00f6ohjeet ennen k\u00e4ytt\u00f6\u00e4. K\u00e4ytt\u00f6 muihin tarkoituksiin on kielletty!<\/p>\n<p>&nbsp;<\/p>\n","protected":false},"excerpt":{"rendered":"<p>Neste hyttysten karkottamiseen iholta, suoja-aika noin 1-2 tuntia. Antaa suojan my\u00f6s paarmoja, m\u00e4k\u00e4r\u00e4isi\u00e4 ja muita hankalia hy\u00f6nteisi\u00e4 vastaan. Noudata k\u00e4sittely\u00e4&#8230;<\/p>\n","protected":false},"featured_media":3072,"template":"","meta":{"_et_pb_use_builder":"","_et_pb_old_content":"","_et_gb_content_width":""},"product_cat":[87],"product_tag":[],"acf":[],"yoast_head":"<!-- This site is optimized with the Yoast SEO plugin v21.5 - https:\/\/yoast.com\/wordpress\/plugins\/seo\/ -->\n<title>Hyttyskarkote lapsille kamomilla suihke Plix 50 ml - Orto<\/title>\n<meta name=\"description\" content=\"Hyttyskarkote lapsille kamomilla suihke Plix 50 ml\" \/>\n<meta name=\"robots\" content=\"noindex, follow, max-snippet:-1, max-image-preview:large, max-video-preview:-1\" \/>\n<meta property=\"og:locale\" content=\"fi_FI\" \/>\n<meta property=\"og:type\" content=\"article\" \/>\n<meta property=\"og:title\" content=\"Hyttyskarkote lapsille kamomilla suihke Plix 50 ml - Orto\" \/>\n<meta property=\"og:description\" content=\"Hyttyskarkote lapsille kamomilla suihke Plix 50 ml\" \/>\n<meta property=\"og:url\" content=\"https:\/\/kataloog.orto.ee\/pood\/plix-laste-saasehirm-kummeliekstraktiga-50ml\/\" \/>\n<meta property=\"og:site_name\" content=\"Orto\" \/>\n<meta property=\"article:modified_time\" content=\"2022-06-06T11:07:09+00:00\" \/>\n<meta property=\"og:image\" content=\"https:\/\/kataloog.orto.ee\/wp-content\/uploads\/2022\/05\/EAN4740006011209.png\" \/>\n\t<meta property=\"og:image:width\" content=\"1000\" \/>\n\t<meta property=\"og:image:height\" content=\"2000\" \/>\n\t<meta property=\"og:image:type\" content=\"image\/png\" \/>\n<meta name=\"twitter:card\" content=\"summary_large_image\" \/>\n<meta name=\"twitter:label1\" content=\"Arvioitu lukuaika\" \/>\n\t<meta name=\"twitter:data1\" content=\"1 minuutti\" \/>\n<script type=\"application\/ld+json\" class=\"yoast-schema-graph\">{\"@context\":\"https:\/\/schema.org\",\"@graph\":[{\"@type\":\"WebPage\",\"@id\":\"https:\/\/kataloog.orto.ee\/pood\/plix-laste-saasehirm-kummeliekstraktiga-50ml\/\",\"url\":\"https:\/\/kataloog.orto.ee\/pood\/plix-laste-saasehirm-kummeliekstraktiga-50ml\/\",\"name\":\"Hyttyskarkote lapsille kamomilla suihke Plix 50 ml - Orto\",\"isPartOf\":{\"@id\":\"https:\/\/kataloog.orto.ee\/#website\"},\"datePublished\":\"2020-04-17T10:24:11+00:00\",\"dateModified\":\"2022-06-06T11:07:09+00:00\",\"description\":\"Hyttyskarkote lapsille kamomilla suihke Plix 50 ml\",\"breadcrumb\":{\"@id\":\"https:\/\/kataloog.orto.ee\/pood\/plix-laste-saasehirm-kummeliekstraktiga-50ml\/#breadcrumb\"},\"inLanguage\":\"fi\",\"potentialAction\":[{\"@type\":\"ReadAction\",\"target\":[\"https:\/\/kataloog.orto.ee\/pood\/plix-laste-saasehirm-kummeliekstraktiga-50ml\/\"]}]},{\"@type\":\"BreadcrumbList\",\"@id\":\"https:\/\/kataloog.orto.ee\/pood\/plix-laste-saasehirm-kummeliekstraktiga-50ml\/#breadcrumb\",\"itemListElement\":[{\"@type\":\"ListItem\",\"position\":1,\"name\":\"Home\",\"item\":\"https:\/\/kataloog.orto.ee\/\"},{\"@type\":\"ListItem\",\"position\":2,\"name\":\"Tuotteet\",\"item\":\"https:\/\/kataloog.orto.ee\/tooted\/\"},{\"@type\":\"ListItem\",\"position\":3,\"name\":\"Hyttyskarkote lapsille kamomilla suihke Plix 50 ml\"}]},{\"@type\":\"WebSite\",\"@id\":\"https:\/\/kataloog.orto.ee\/#website\",\"url\":\"https:\/\/kataloog.orto.ee\/\",\"name\":\"Orto\",\"description\":\"\",\"potentialAction\":[{\"@type\":\"SearchAction\",\"target\":{\"@type\":\"EntryPoint\",\"urlTemplate\":\"https:\/\/kataloog.orto.ee\/?s={search_term_string}\"},\"query-input\":\"required name=search_term_string\"}],\"inLanguage\":\"fi\"}]}<\/script>\n<!-- \/ Yoast SEO plugin. -->","yoast_head_json":{"title":"Hyttyskarkote lapsille kamomilla suihke Plix 50 ml - Orto","description":"Hyttyskarkote lapsille kamomilla suihke Plix 50 ml","robots":{"index":"noindex","follow":"follow","max-snippet":"max-snippet:-1","max-image-preview":"max-image-preview:large","max-video-preview":"max-video-preview:-1"},"og_locale":"fi_FI","og_type":"article","og_title":"Hyttyskarkote lapsille kamomilla suihke Plix 50 ml - Orto","og_description":"Hyttyskarkote lapsille kamomilla suihke Plix 50 ml","og_url":"https:\/\/kataloog.orto.ee\/pood\/plix-laste-saasehirm-kummeliekstraktiga-50ml\/","og_site_name":"Orto","article_modified_time":"2022-06-06T11:07:09+00:00","og_image":[{"width":1000,"height":2000,"url":"https:\/\/kataloog.orto.ee\/wp-content\/uploads\/2022\/05\/EAN4740006011209.png","type":"image\/png"}],"twitter_card":"summary_large_image","twitter_misc":{"Arvioitu lukuaika":"1 minuutti"},"schema":{"@context":"https:\/\/schema.org","@graph":[{"@type":"WebPage","@id":"https:\/\/kataloog.orto.ee\/pood\/plix-laste-saasehirm-kummeliekstraktiga-50ml\/","url":"https:\/\/kataloog.orto.ee\/pood\/plix-laste-saasehirm-kummeliekstraktiga-50ml\/","name":"Hyttyskarkote lapsille kamomilla suihke Plix 50 ml - Orto","isPartOf":{"@id":"https:\/\/kataloog.orto.ee\/#website"},"datePublished":"2020-04-17T10:24:11+00:00","dateModified":"2022-06-06T11:07:09+00:00","description":"Hyttyskarkote lapsille kamomilla suihke Plix 50 ml","breadcrumb":{"@id":"https:\/\/kataloog.orto.ee\/pood\/plix-laste-saasehirm-kummeliekstraktiga-50ml\/#breadcrumb"},"inLanguage":"fi","potentialAction":[{"@type":"ReadAction","target":["https:\/\/kataloog.orto.ee\/pood\/plix-laste-saasehirm-kummeliekstraktiga-50ml\/"]}]},{"@type":"BreadcrumbList","@id":"https:\/\/kataloog.orto.ee\/pood\/plix-laste-saasehirm-kummeliekstraktiga-50ml\/#breadcrumb","itemListElement":[{"@type":"ListItem","position":1,"name":"Home","item":"https:\/\/kataloog.orto.ee\/"},{"@type":"ListItem","position":2,"name":"Tuotteet","item":"https:\/\/kataloog.orto.ee\/tooted\/"},{"@type":"ListItem","position":3,"name":"Hyttyskarkote lapsille kamomilla suihke Plix 50 ml"}]},{"@type":"WebSite","@id":"https:\/\/kataloog.orto.ee\/#website","url":"https:\/\/kataloog.orto.ee\/","name":"Orto","description":"","potentialAction":[{"@type":"SearchAction","target":{"@type":"EntryPoint","urlTemplate":"https:\/\/kataloog.orto.ee\/?s={search_term_string}"},"query-input":"required name=search_term_string"}],"inLanguage":"fi"}]}},"_links":{"self":[{"href":"https:\/\/kataloog.orto.ee\/fi\/wp-json\/wp\/v2\/product\/2283"}],"collection":[{"href":"https:\/\/kataloog.orto.ee\/fi\/wp-json\/wp\/v2\/product"}],"about":[{"href":"https:\/\/kataloog.orto.ee\/fi\/wp-json\/wp\/v2\/types\/product"}],"wp:featuredmedia":[{"embeddable":true,"href":"https:\/\/kataloog.orto.ee\/fi\/wp-json\/wp\/v2\/media\/3072"}],"wp:attachment":[{"href":"https:\/\/kataloog.orto.ee\/fi\/wp-json\/wp\/v2\/media?parent=2283"}],"wp:term":[{"taxonomy":"product_cat","embeddable":true,"href":"https:\/\/kataloog.orto.ee\/fi\/wp-json\/wp\/v2\/product_cat?post=2283"},{"taxonomy":"product_tag","embeddable":true,"href":"https:\/\/kataloog.orto.ee\/fi\/wp-json\/wp\/v2\/product_tag?post=2283"}],"curies":[{"name":"wp","href":"https:\/\/api.w.org\/{rel}","templated":true}]}}