{"id":2275,"date":"2020-04-17T13:23:15","date_gmt":"2020-04-17T10:23:15","guid":{"rendered":"https:\/\/orto.ee\/pood\/looduslik-saasehirm-plix-50ml\/"},"modified":"2022-06-09T14:02:30","modified_gmt":"2022-06-09T11:02:30","slug":"looduslik-saasehirm-plix-50ml","status":"publish","type":"product","link":"https:\/\/kataloog.orto.ee\/fi\/pood\/looduslik-saasehirm-plix-50ml\/","title":{"rendered":"Luonnollinen hyttyskarkote suihke Plix 50ml"},"content":{"rendered":"<p>Monipuolinen suihke koko perheelle hyttyskaudeksi. Sis\u00e4lt\u00e4\u00e4 andiroba\u00f6ljy\u00e4 ja E-vitamiinia.<\/p>\n<p>Intian kansanl\u00e4\u00e4ketieteess\u00e4 vuosisatojen ajan k\u00e4ytetty Amazonin sademets\u00e4n andiroba\u00f6ljy suojaa hyttyshy\u00f6kk\u00e4yksilt\u00e4 sek\u00e4 pehment\u00e4\u00e4 ja kosteuttaa ihoa.<\/p>\n<p>Luonnollinen PLIX:<\/p>\n<ul>\n<li>muodostaa iholle luonnollisen suojakerroksen, joka suojaa hyttysilt\u00e4 ja muilta hankalilta hy\u00f6nteisilt\u00e4 noin tunnin ajan<\/li>\n<li>lievitt\u00e4\u00e4 hyttysen piston aiheuttamaa iho\u00e4rsytyst\u00e4<\/li>\n<li>sopii my\u00f6s hiuksiin ja hiuspohjaan<\/li>\n<li>sopii my\u00f6s lapsille ja toistuvaan k\u00e4ytt\u00f6\u00f6n p\u00e4iv\u00e4n aikana<\/li>\n<li>ilman s\u00e4il\u00f6nt\u00e4aineita<\/li>\n<\/ul>\n<p>90 % luonnollinen koostumus.<\/p>\n<p>&nbsp;<\/p>\n<p>&nbsp;<\/p>\n<p>&nbsp;<\/p>\n<p>&nbsp;<\/p>\n","protected":false},"excerpt":{"rendered":"<p>Monipuolinen suihke koko perheelle hyttyskaudeksi. Sis\u00e4lt\u00e4\u00e4 andiroba\u00f6ljy\u00e4 ja E-vitamiinia. Intian kansanl\u00e4\u00e4ketieteess\u00e4 vuosisatojen ajan k\u00e4ytetty Amazonin sademets\u00e4n andiroba\u00f6ljy suojaa hyttyshy\u00f6kk\u00e4yksilt\u00e4 sek\u00e4&#8230;<\/p>\n","protected":false},"featured_media":3076,"template":"","meta":{"_et_pb_use_builder":"","_et_pb_old_content":"","_et_gb_content_width":""},"product_cat":[87],"product_tag":[],"acf":[],"yoast_head":"<!-- This site is optimized with the Yoast SEO plugin v21.5 - https:\/\/yoast.com\/wordpress\/plugins\/seo\/ -->\n<title>Luonnollinen hyttyskarkote suihke Plix 50ml - Orto<\/title>\n<meta name=\"description\" content=\"Luonnollinen hyttyskarkote suihke Plix 50ml\" \/>\n<meta name=\"robots\" content=\"noindex, follow, max-snippet:-1, max-image-preview:large, max-video-preview:-1\" \/>\n<meta property=\"og:locale\" content=\"fi_FI\" \/>\n<meta property=\"og:type\" content=\"article\" \/>\n<meta property=\"og:title\" content=\"Luonnollinen hyttyskarkote suihke Plix 50ml - Orto\" \/>\n<meta property=\"og:description\" content=\"Luonnollinen hyttyskarkote suihke Plix 50ml\" \/>\n<meta property=\"og:url\" content=\"https:\/\/kataloog.orto.ee\/pood\/looduslik-saasehirm-plix-50ml\/\" \/>\n<meta property=\"og:site_name\" content=\"Orto\" \/>\n<meta property=\"article:modified_time\" content=\"2022-06-09T11:02:30+00:00\" \/>\n<meta property=\"og:image\" content=\"https:\/\/kataloog.orto.ee\/wp-content\/uploads\/2022\/05\/EAN4740006011285.png\" \/>\n\t<meta property=\"og:image:width\" content=\"1000\" \/>\n\t<meta property=\"og:image:height\" content=\"2000\" \/>\n\t<meta property=\"og:image:type\" content=\"image\/png\" \/>\n<meta name=\"twitter:card\" content=\"summary_large_image\" \/>\n<meta name=\"twitter:label1\" content=\"Arvioitu lukuaika\" \/>\n\t<meta name=\"twitter:data1\" content=\"1 minuutti\" \/>\n<script type=\"application\/ld+json\" class=\"yoast-schema-graph\">{\"@context\":\"https:\/\/schema.org\",\"@graph\":[{\"@type\":\"WebPage\",\"@id\":\"https:\/\/kataloog.orto.ee\/pood\/looduslik-saasehirm-plix-50ml\/\",\"url\":\"https:\/\/kataloog.orto.ee\/pood\/looduslik-saasehirm-plix-50ml\/\",\"name\":\"Luonnollinen hyttyskarkote suihke Plix 50ml - Orto\",\"isPartOf\":{\"@id\":\"https:\/\/kataloog.orto.ee\/#website\"},\"datePublished\":\"2020-04-17T10:23:15+00:00\",\"dateModified\":\"2022-06-09T11:02:30+00:00\",\"description\":\"Luonnollinen hyttyskarkote suihke Plix 50ml\",\"breadcrumb\":{\"@id\":\"https:\/\/kataloog.orto.ee\/pood\/looduslik-saasehirm-plix-50ml\/#breadcrumb\"},\"inLanguage\":\"fi\",\"potentialAction\":[{\"@type\":\"ReadAction\",\"target\":[\"https:\/\/kataloog.orto.ee\/pood\/looduslik-saasehirm-plix-50ml\/\"]}]},{\"@type\":\"BreadcrumbList\",\"@id\":\"https:\/\/kataloog.orto.ee\/pood\/looduslik-saasehirm-plix-50ml\/#breadcrumb\",\"itemListElement\":[{\"@type\":\"ListItem\",\"position\":1,\"name\":\"Home\",\"item\":\"https:\/\/kataloog.orto.ee\/\"},{\"@type\":\"ListItem\",\"position\":2,\"name\":\"Tuotteet\",\"item\":\"https:\/\/kataloog.orto.ee\/tooted\/\"},{\"@type\":\"ListItem\",\"position\":3,\"name\":\"Luonnollinen hyttyskarkote suihke Plix 50ml\"}]},{\"@type\":\"WebSite\",\"@id\":\"https:\/\/kataloog.orto.ee\/#website\",\"url\":\"https:\/\/kataloog.orto.ee\/\",\"name\":\"Orto\",\"description\":\"\",\"potentialAction\":[{\"@type\":\"SearchAction\",\"target\":{\"@type\":\"EntryPoint\",\"urlTemplate\":\"https:\/\/kataloog.orto.ee\/?s={search_term_string}\"},\"query-input\":\"required name=search_term_string\"}],\"inLanguage\":\"fi\"}]}<\/script>\n<!-- \/ Yoast SEO plugin. -->","yoast_head_json":{"title":"Luonnollinen hyttyskarkote suihke Plix 50ml - Orto","description":"Luonnollinen hyttyskarkote suihke Plix 50ml","robots":{"index":"noindex","follow":"follow","max-snippet":"max-snippet:-1","max-image-preview":"max-image-preview:large","max-video-preview":"max-video-preview:-1"},"og_locale":"fi_FI","og_type":"article","og_title":"Luonnollinen hyttyskarkote suihke Plix 50ml - Orto","og_description":"Luonnollinen hyttyskarkote suihke Plix 50ml","og_url":"https:\/\/kataloog.orto.ee\/pood\/looduslik-saasehirm-plix-50ml\/","og_site_name":"Orto","article_modified_time":"2022-06-09T11:02:30+00:00","og_image":[{"width":1000,"height":2000,"url":"https:\/\/kataloog.orto.ee\/wp-content\/uploads\/2022\/05\/EAN4740006011285.png","type":"image\/png"}],"twitter_card":"summary_large_image","twitter_misc":{"Arvioitu lukuaika":"1 minuutti"},"schema":{"@context":"https:\/\/schema.org","@graph":[{"@type":"WebPage","@id":"https:\/\/kataloog.orto.ee\/pood\/looduslik-saasehirm-plix-50ml\/","url":"https:\/\/kataloog.orto.ee\/pood\/looduslik-saasehirm-plix-50ml\/","name":"Luonnollinen hyttyskarkote suihke Plix 50ml - Orto","isPartOf":{"@id":"https:\/\/kataloog.orto.ee\/#website"},"datePublished":"2020-04-17T10:23:15+00:00","dateModified":"2022-06-09T11:02:30+00:00","description":"Luonnollinen hyttyskarkote suihke Plix 50ml","breadcrumb":{"@id":"https:\/\/kataloog.orto.ee\/pood\/looduslik-saasehirm-plix-50ml\/#breadcrumb"},"inLanguage":"fi","potentialAction":[{"@type":"ReadAction","target":["https:\/\/kataloog.orto.ee\/pood\/looduslik-saasehirm-plix-50ml\/"]}]},{"@type":"BreadcrumbList","@id":"https:\/\/kataloog.orto.ee\/pood\/looduslik-saasehirm-plix-50ml\/#breadcrumb","itemListElement":[{"@type":"ListItem","position":1,"name":"Home","item":"https:\/\/kataloog.orto.ee\/"},{"@type":"ListItem","position":2,"name":"Tuotteet","item":"https:\/\/kataloog.orto.ee\/tooted\/"},{"@type":"ListItem","position":3,"name":"Luonnollinen hyttyskarkote suihke Plix 50ml"}]},{"@type":"WebSite","@id":"https:\/\/kataloog.orto.ee\/#website","url":"https:\/\/kataloog.orto.ee\/","name":"Orto","description":"","potentialAction":[{"@type":"SearchAction","target":{"@type":"EntryPoint","urlTemplate":"https:\/\/kataloog.orto.ee\/?s={search_term_string}"},"query-input":"required name=search_term_string"}],"inLanguage":"fi"}]}},"_links":{"self":[{"href":"https:\/\/kataloog.orto.ee\/fi\/wp-json\/wp\/v2\/product\/2275"}],"collection":[{"href":"https:\/\/kataloog.orto.ee\/fi\/wp-json\/wp\/v2\/product"}],"about":[{"href":"https:\/\/kataloog.orto.ee\/fi\/wp-json\/wp\/v2\/types\/product"}],"wp:featuredmedia":[{"embeddable":true,"href":"https:\/\/kataloog.orto.ee\/fi\/wp-json\/wp\/v2\/media\/3076"}],"wp:attachment":[{"href":"https:\/\/kataloog.orto.ee\/fi\/wp-json\/wp\/v2\/media?parent=2275"}],"wp:term":[{"taxonomy":"product_cat","embeddable":true,"href":"https:\/\/kataloog.orto.ee\/fi\/wp-json\/wp\/v2\/product_cat?post=2275"},{"taxonomy":"product_tag","embeddable":true,"href":"https:\/\/kataloog.orto.ee\/fi\/wp-json\/wp\/v2\/product_tag?post=2275"}],"curies":[{"name":"wp","href":"https:\/\/api.w.org\/{rel}","templated":true}]}}