{"id":2235,"date":"2020-04-17T12:11:09","date_gmt":"2020-04-17T09:11:09","guid":{"rendered":"https:\/\/orto.ee\/pood\/puhas-loodus-naovesi-piparmunt200-ml\/"},"modified":"2022-06-06T13:14:41","modified_gmt":"2022-06-06T10:14:41","slug":"puhas-loodus-naovesi-piparmunt200-ml","status":"publish","type":"product","link":"https:\/\/kataloog.orto.ee\/fi\/pood\/puhas-loodus-naovesi-piparmunt200-ml\/","title":{"rendered":"Kasvovesi Piparminttu Puhas Loodus 200 ml"},"content":{"rendered":"<p>Viilent\u00e4\u00e4 ihoa ja puhdistaa huokosia.<\/p>\n<p>Normaalille ja rasvaiselle iholle.<\/p>\n<p>Kasvovesi Piparminttu ongelmaihon tehokkaaseen hoitoon. Luonnolliset ainesosat \u2013 piparminttu- ja mansikkauute sek\u00e4 salisyylihappo \u2013 auttavat p\u00e4\u00e4sem\u00e4\u00e4n eroon mustap\u00e4ist\u00e4, rauhoittavat ja viilent\u00e4v\u00e4t ihoa sek\u00e4 j\u00e4tt\u00e4v\u00e4t iholle miellytt\u00e4v\u00e4n raikkaan tuoksun. 100 % luonnollinen salisyylihappo tekee ihosta pehme\u00e4n ja sile\u00e4n.<\/p>\n<p>100\u00a0% ainesosista on luonnollista alkuper\u00e4\u00e4.<\/p>\n","protected":false},"excerpt":{"rendered":"<p>Viilent\u00e4\u00e4 ihoa ja puhdistaa huokosia. Normaalille ja rasvaiselle iholle. Kasvovesi Piparminttu ongelmaihon tehokkaaseen hoitoon. Luonnolliset ainesosat \u2013 piparminttu- ja mansikkauute&#8230;<\/p>\n","protected":false},"featured_media":2236,"template":"","meta":{"_et_pb_use_builder":"","_et_pb_old_content":"","_et_gb_content_width":""},"product_cat":[109],"product_tag":[],"acf":[],"yoast_head":"<!-- This site is optimized with the Yoast SEO plugin v21.5 - https:\/\/yoast.com\/wordpress\/plugins\/seo\/ -->\n<title>Kasvovesi Piparminttu Puhas Loodus 200 ml - Orto<\/title>\n<meta name=\"description\" content=\"Kasvovesi Piparminttu Puhas Loodus 200 ml\" \/>\n<meta name=\"robots\" content=\"noindex, follow, max-snippet:-1, max-image-preview:large, max-video-preview:-1\" \/>\n<meta property=\"og:locale\" content=\"fi_FI\" \/>\n<meta property=\"og:type\" content=\"article\" \/>\n<meta property=\"og:title\" content=\"Kasvovesi Piparminttu Puhas Loodus 200 ml - Orto\" \/>\n<meta property=\"og:description\" content=\"Kasvovesi Piparminttu Puhas Loodus 200 ml\" \/>\n<meta property=\"og:url\" content=\"https:\/\/kataloog.orto.ee\/pood\/puhas-loodus-naovesi-piparmunt200-ml\/\" \/>\n<meta property=\"og:site_name\" content=\"Orto\" \/>\n<meta property=\"article:modified_time\" content=\"2022-06-06T10:14:41+00:00\" \/>\n<meta property=\"og:image\" content=\"https:\/\/kataloog.orto.ee\/wp-content\/uploads\/2020\/04\/N\u00e4ovesi-Piparm\u00fcnt-scaled.jpg\" \/>\n\t<meta property=\"og:image:width\" content=\"1707\" \/>\n\t<meta property=\"og:image:height\" content=\"2560\" \/>\n\t<meta property=\"og:image:type\" content=\"image\/jpeg\" \/>\n<meta name=\"twitter:card\" content=\"summary_large_image\" \/>\n<meta name=\"twitter:label1\" content=\"Arvioitu lukuaika\" \/>\n\t<meta name=\"twitter:data1\" content=\"1 minuutti\" \/>\n<script type=\"application\/ld+json\" class=\"yoast-schema-graph\">{\"@context\":\"https:\/\/schema.org\",\"@graph\":[{\"@type\":\"WebPage\",\"@id\":\"https:\/\/kataloog.orto.ee\/pood\/puhas-loodus-naovesi-piparmunt200-ml\/\",\"url\":\"https:\/\/kataloog.orto.ee\/pood\/puhas-loodus-naovesi-piparmunt200-ml\/\",\"name\":\"Kasvovesi Piparminttu Puhas Loodus 200 ml - Orto\",\"isPartOf\":{\"@id\":\"https:\/\/kataloog.orto.ee\/#website\"},\"datePublished\":\"2020-04-17T09:11:09+00:00\",\"dateModified\":\"2022-06-06T10:14:41+00:00\",\"description\":\"Kasvovesi Piparminttu Puhas Loodus 200 ml\",\"breadcrumb\":{\"@id\":\"https:\/\/kataloog.orto.ee\/pood\/puhas-loodus-naovesi-piparmunt200-ml\/#breadcrumb\"},\"inLanguage\":\"fi\",\"potentialAction\":[{\"@type\":\"ReadAction\",\"target\":[\"https:\/\/kataloog.orto.ee\/pood\/puhas-loodus-naovesi-piparmunt200-ml\/\"]}]},{\"@type\":\"BreadcrumbList\",\"@id\":\"https:\/\/kataloog.orto.ee\/pood\/puhas-loodus-naovesi-piparmunt200-ml\/#breadcrumb\",\"itemListElement\":[{\"@type\":\"ListItem\",\"position\":1,\"name\":\"Home\",\"item\":\"https:\/\/kataloog.orto.ee\/\"},{\"@type\":\"ListItem\",\"position\":2,\"name\":\"Tuotteet\",\"item\":\"https:\/\/kataloog.orto.ee\/tooted\/\"},{\"@type\":\"ListItem\",\"position\":3,\"name\":\"Kasvovesi Piparminttu Puhas Loodus 200 ml\"}]},{\"@type\":\"WebSite\",\"@id\":\"https:\/\/kataloog.orto.ee\/#website\",\"url\":\"https:\/\/kataloog.orto.ee\/\",\"name\":\"Orto\",\"description\":\"\",\"potentialAction\":[{\"@type\":\"SearchAction\",\"target\":{\"@type\":\"EntryPoint\",\"urlTemplate\":\"https:\/\/kataloog.orto.ee\/?s={search_term_string}\"},\"query-input\":\"required name=search_term_string\"}],\"inLanguage\":\"fi\"}]}<\/script>\n<!-- \/ Yoast SEO plugin. -->","yoast_head_json":{"title":"Kasvovesi Piparminttu Puhas Loodus 200 ml - Orto","description":"Kasvovesi Piparminttu Puhas Loodus 200 ml","robots":{"index":"noindex","follow":"follow","max-snippet":"max-snippet:-1","max-image-preview":"max-image-preview:large","max-video-preview":"max-video-preview:-1"},"og_locale":"fi_FI","og_type":"article","og_title":"Kasvovesi Piparminttu Puhas Loodus 200 ml - Orto","og_description":"Kasvovesi Piparminttu Puhas Loodus 200 ml","og_url":"https:\/\/kataloog.orto.ee\/pood\/puhas-loodus-naovesi-piparmunt200-ml\/","og_site_name":"Orto","article_modified_time":"2022-06-06T10:14:41+00:00","og_image":[{"width":1707,"height":2560,"url":"https:\/\/kataloog.orto.ee\/wp-content\/uploads\/2020\/04\/N\u00e4ovesi-Piparm\u00fcnt-scaled.jpg","type":"image\/jpeg"}],"twitter_card":"summary_large_image","twitter_misc":{"Arvioitu lukuaika":"1 minuutti"},"schema":{"@context":"https:\/\/schema.org","@graph":[{"@type":"WebPage","@id":"https:\/\/kataloog.orto.ee\/pood\/puhas-loodus-naovesi-piparmunt200-ml\/","url":"https:\/\/kataloog.orto.ee\/pood\/puhas-loodus-naovesi-piparmunt200-ml\/","name":"Kasvovesi Piparminttu Puhas Loodus 200 ml - Orto","isPartOf":{"@id":"https:\/\/kataloog.orto.ee\/#website"},"datePublished":"2020-04-17T09:11:09+00:00","dateModified":"2022-06-06T10:14:41+00:00","description":"Kasvovesi Piparminttu Puhas Loodus 200 ml","breadcrumb":{"@id":"https:\/\/kataloog.orto.ee\/pood\/puhas-loodus-naovesi-piparmunt200-ml\/#breadcrumb"},"inLanguage":"fi","potentialAction":[{"@type":"ReadAction","target":["https:\/\/kataloog.orto.ee\/pood\/puhas-loodus-naovesi-piparmunt200-ml\/"]}]},{"@type":"BreadcrumbList","@id":"https:\/\/kataloog.orto.ee\/pood\/puhas-loodus-naovesi-piparmunt200-ml\/#breadcrumb","itemListElement":[{"@type":"ListItem","position":1,"name":"Home","item":"https:\/\/kataloog.orto.ee\/"},{"@type":"ListItem","position":2,"name":"Tuotteet","item":"https:\/\/kataloog.orto.ee\/tooted\/"},{"@type":"ListItem","position":3,"name":"Kasvovesi Piparminttu Puhas Loodus 200 ml"}]},{"@type":"WebSite","@id":"https:\/\/kataloog.orto.ee\/#website","url":"https:\/\/kataloog.orto.ee\/","name":"Orto","description":"","potentialAction":[{"@type":"SearchAction","target":{"@type":"EntryPoint","urlTemplate":"https:\/\/kataloog.orto.ee\/?s={search_term_string}"},"query-input":"required name=search_term_string"}],"inLanguage":"fi"}]}},"_links":{"self":[{"href":"https:\/\/kataloog.orto.ee\/fi\/wp-json\/wp\/v2\/product\/2235"}],"collection":[{"href":"https:\/\/kataloog.orto.ee\/fi\/wp-json\/wp\/v2\/product"}],"about":[{"href":"https:\/\/kataloog.orto.ee\/fi\/wp-json\/wp\/v2\/types\/product"}],"wp:featuredmedia":[{"embeddable":true,"href":"https:\/\/kataloog.orto.ee\/fi\/wp-json\/wp\/v2\/media\/2236"}],"wp:attachment":[{"href":"https:\/\/kataloog.orto.ee\/fi\/wp-json\/wp\/v2\/media?parent=2235"}],"wp:term":[{"taxonomy":"product_cat","embeddable":true,"href":"https:\/\/kataloog.orto.ee\/fi\/wp-json\/wp\/v2\/product_cat?post=2235"},{"taxonomy":"product_tag","embeddable":true,"href":"https:\/\/kataloog.orto.ee\/fi\/wp-json\/wp\/v2\/product_tag?post=2235"}],"curies":[{"name":"wp","href":"https:\/\/api.w.org\/{rel}","templated":true}]}}