{"id":2227,"date":"2020-04-16T16:35:47","date_gmt":"2020-04-16T13:35:47","guid":{"rendered":"https:\/\/orto.ee\/pood\/orn-kosmeetiline-vedelseep-astelpaju-500-ml\/"},"modified":"2021-09-24T13:22:26","modified_gmt":"2021-09-24T10:22:26","slug":"orn-kosmeetiline-vedelseep-astelpaju-500-ml","status":"publish","type":"product","link":"https:\/\/kataloog.orto.ee\/fi\/pood\/orn-kosmeetiline-vedelseep-astelpaju-500-ml\/","title":{"rendered":"Hell\u00e4varainen kosmeettinen nestesaippua Tyrni Puhas Loodus 500 ml"},"content":{"rendered":"<p>Ihoyst\u00e4v\u00e4llinen saippuaton saippua k\u00e4sien ja vartalon pesuun.<\/p>\n<p>Trooppisten hedelmien raikas aromi tekee pesusta miellytt\u00e4v\u00e4n ja vaikuttaa rentouttavasti. Tyrniuute yhdess\u00e4 muiden kosteusvoiteiden ja E-vitamiinin kanssa parantaa ihon kosteustasapainoa. Iho on pesun j\u00e4lkeen pehme\u00e4 ja miellytt\u00e4v\u00e4n tuoksuinen.<\/p>\n<p>Luonnon inspiroima \u2013 valtaosa ainesosista on luonnollista alkuper\u00e4\u00e4.<\/p>\n","protected":false},"excerpt":{"rendered":"<p>Ihoyst\u00e4v\u00e4llinen saippuaton saippua k\u00e4sien ja vartalon pesuun. Trooppisten hedelmien raikas aromi tekee pesusta miellytt\u00e4v\u00e4n ja vaikuttaa rentouttavasti. Tyrniuute yhdess\u00e4 muiden&#8230;<\/p>\n","protected":false},"featured_media":2228,"template":"","meta":{"_et_pb_use_builder":"","_et_pb_old_content":"","_et_gb_content_width":""},"product_cat":[141],"product_tag":[],"acf":[],"yoast_head":"<!-- This site is optimized with the Yoast SEO plugin v21.5 - https:\/\/yoast.com\/wordpress\/plugins\/seo\/ -->\n<title>Hell\u00e4varainen kosmeettinen nestesaippua Tyrni Puhas Loodus 500 ml - Orto<\/title>\n<meta name=\"description\" content=\"Hell\u00e4varainen kosmeettinen nestesaippua Tyrni Puhas Loodus 500 ml\" \/>\n<meta name=\"robots\" content=\"noindex, follow, max-snippet:-1, max-image-preview:large, max-video-preview:-1\" \/>\n<meta property=\"og:locale\" content=\"fi_FI\" \/>\n<meta property=\"og:type\" content=\"article\" \/>\n<meta property=\"og:title\" content=\"Hell\u00e4varainen kosmeettinen nestesaippua Tyrni Puhas Loodus 500 ml - Orto\" \/>\n<meta property=\"og:description\" content=\"Hell\u00e4varainen kosmeettinen nestesaippua Tyrni Puhas Loodus 500 ml\" \/>\n<meta property=\"og:url\" content=\"https:\/\/kataloog.orto.ee\/pood\/orn-kosmeetiline-vedelseep-astelpaju-500-ml\/\" \/>\n<meta property=\"og:site_name\" content=\"Orto\" \/>\n<meta property=\"article:modified_time\" content=\"2021-09-24T10:22:26+00:00\" \/>\n<meta property=\"og:image\" content=\"https:\/\/kataloog.orto.ee\/wp-content\/uploads\/2021\/03\/PL-Vedelseep-Astelpaju-pilt-scaled.jpg\" \/>\n\t<meta property=\"og:image:width\" content=\"1707\" \/>\n\t<meta property=\"og:image:height\" content=\"2560\" \/>\n\t<meta property=\"og:image:type\" content=\"image\/jpeg\" \/>\n<meta name=\"twitter:card\" content=\"summary_large_image\" \/>\n<meta name=\"twitter:label1\" content=\"Arvioitu lukuaika\" \/>\n\t<meta name=\"twitter:data1\" content=\"1 minuutti\" \/>\n<script type=\"application\/ld+json\" class=\"yoast-schema-graph\">{\"@context\":\"https:\/\/schema.org\",\"@graph\":[{\"@type\":\"WebPage\",\"@id\":\"https:\/\/kataloog.orto.ee\/pood\/orn-kosmeetiline-vedelseep-astelpaju-500-ml\/\",\"url\":\"https:\/\/kataloog.orto.ee\/pood\/orn-kosmeetiline-vedelseep-astelpaju-500-ml\/\",\"name\":\"Hell\u00e4varainen kosmeettinen nestesaippua Tyrni Puhas Loodus 500 ml - Orto\",\"isPartOf\":{\"@id\":\"https:\/\/kataloog.orto.ee\/#website\"},\"datePublished\":\"2020-04-16T13:35:47+00:00\",\"dateModified\":\"2021-09-24T10:22:26+00:00\",\"description\":\"Hell\u00e4varainen kosmeettinen nestesaippua Tyrni Puhas Loodus 500 ml\",\"breadcrumb\":{\"@id\":\"https:\/\/kataloog.orto.ee\/pood\/orn-kosmeetiline-vedelseep-astelpaju-500-ml\/#breadcrumb\"},\"inLanguage\":\"fi\",\"potentialAction\":[{\"@type\":\"ReadAction\",\"target\":[\"https:\/\/kataloog.orto.ee\/pood\/orn-kosmeetiline-vedelseep-astelpaju-500-ml\/\"]}]},{\"@type\":\"BreadcrumbList\",\"@id\":\"https:\/\/kataloog.orto.ee\/pood\/orn-kosmeetiline-vedelseep-astelpaju-500-ml\/#breadcrumb\",\"itemListElement\":[{\"@type\":\"ListItem\",\"position\":1,\"name\":\"Home\",\"item\":\"https:\/\/kataloog.orto.ee\/\"},{\"@type\":\"ListItem\",\"position\":2,\"name\":\"Tuotteet\",\"item\":\"https:\/\/kataloog.orto.ee\/tooted\/\"},{\"@type\":\"ListItem\",\"position\":3,\"name\":\"Hell\u00e4varainen kosmeettinen nestesaippua Tyrni Puhas Loodus 500 ml\"}]},{\"@type\":\"WebSite\",\"@id\":\"https:\/\/kataloog.orto.ee\/#website\",\"url\":\"https:\/\/kataloog.orto.ee\/\",\"name\":\"Orto\",\"description\":\"\",\"potentialAction\":[{\"@type\":\"SearchAction\",\"target\":{\"@type\":\"EntryPoint\",\"urlTemplate\":\"https:\/\/kataloog.orto.ee\/?s={search_term_string}\"},\"query-input\":\"required name=search_term_string\"}],\"inLanguage\":\"fi\"}]}<\/script>\n<!-- \/ Yoast SEO plugin. -->","yoast_head_json":{"title":"Hell\u00e4varainen kosmeettinen nestesaippua Tyrni Puhas Loodus 500 ml - Orto","description":"Hell\u00e4varainen kosmeettinen nestesaippua Tyrni Puhas Loodus 500 ml","robots":{"index":"noindex","follow":"follow","max-snippet":"max-snippet:-1","max-image-preview":"max-image-preview:large","max-video-preview":"max-video-preview:-1"},"og_locale":"fi_FI","og_type":"article","og_title":"Hell\u00e4varainen kosmeettinen nestesaippua Tyrni Puhas Loodus 500 ml - Orto","og_description":"Hell\u00e4varainen kosmeettinen nestesaippua Tyrni Puhas Loodus 500 ml","og_url":"https:\/\/kataloog.orto.ee\/pood\/orn-kosmeetiline-vedelseep-astelpaju-500-ml\/","og_site_name":"Orto","article_modified_time":"2021-09-24T10:22:26+00:00","og_image":[{"width":1707,"height":2560,"url":"https:\/\/kataloog.orto.ee\/wp-content\/uploads\/2021\/03\/PL-Vedelseep-Astelpaju-pilt-scaled.jpg","type":"image\/jpeg"}],"twitter_card":"summary_large_image","twitter_misc":{"Arvioitu lukuaika":"1 minuutti"},"schema":{"@context":"https:\/\/schema.org","@graph":[{"@type":"WebPage","@id":"https:\/\/kataloog.orto.ee\/pood\/orn-kosmeetiline-vedelseep-astelpaju-500-ml\/","url":"https:\/\/kataloog.orto.ee\/pood\/orn-kosmeetiline-vedelseep-astelpaju-500-ml\/","name":"Hell\u00e4varainen kosmeettinen nestesaippua Tyrni Puhas Loodus 500 ml - Orto","isPartOf":{"@id":"https:\/\/kataloog.orto.ee\/#website"},"datePublished":"2020-04-16T13:35:47+00:00","dateModified":"2021-09-24T10:22:26+00:00","description":"Hell\u00e4varainen kosmeettinen nestesaippua Tyrni Puhas Loodus 500 ml","breadcrumb":{"@id":"https:\/\/kataloog.orto.ee\/pood\/orn-kosmeetiline-vedelseep-astelpaju-500-ml\/#breadcrumb"},"inLanguage":"fi","potentialAction":[{"@type":"ReadAction","target":["https:\/\/kataloog.orto.ee\/pood\/orn-kosmeetiline-vedelseep-astelpaju-500-ml\/"]}]},{"@type":"BreadcrumbList","@id":"https:\/\/kataloog.orto.ee\/pood\/orn-kosmeetiline-vedelseep-astelpaju-500-ml\/#breadcrumb","itemListElement":[{"@type":"ListItem","position":1,"name":"Home","item":"https:\/\/kataloog.orto.ee\/"},{"@type":"ListItem","position":2,"name":"Tuotteet","item":"https:\/\/kataloog.orto.ee\/tooted\/"},{"@type":"ListItem","position":3,"name":"Hell\u00e4varainen kosmeettinen nestesaippua Tyrni Puhas Loodus 500 ml"}]},{"@type":"WebSite","@id":"https:\/\/kataloog.orto.ee\/#website","url":"https:\/\/kataloog.orto.ee\/","name":"Orto","description":"","potentialAction":[{"@type":"SearchAction","target":{"@type":"EntryPoint","urlTemplate":"https:\/\/kataloog.orto.ee\/?s={search_term_string}"},"query-input":"required name=search_term_string"}],"inLanguage":"fi"}]}},"_links":{"self":[{"href":"https:\/\/kataloog.orto.ee\/fi\/wp-json\/wp\/v2\/product\/2227"}],"collection":[{"href":"https:\/\/kataloog.orto.ee\/fi\/wp-json\/wp\/v2\/product"}],"about":[{"href":"https:\/\/kataloog.orto.ee\/fi\/wp-json\/wp\/v2\/types\/product"}],"wp:featuredmedia":[{"embeddable":true,"href":"https:\/\/kataloog.orto.ee\/fi\/wp-json\/wp\/v2\/media\/2228"}],"wp:attachment":[{"href":"https:\/\/kataloog.orto.ee\/fi\/wp-json\/wp\/v2\/media?parent=2227"}],"wp:term":[{"taxonomy":"product_cat","embeddable":true,"href":"https:\/\/kataloog.orto.ee\/fi\/wp-json\/wp\/v2\/product_cat?post=2227"},{"taxonomy":"product_tag","embeddable":true,"href":"https:\/\/kataloog.orto.ee\/fi\/wp-json\/wp\/v2\/product_tag?post=2227"}],"curies":[{"name":"wp","href":"https:\/\/api.w.org\/{rel}","templated":true}]}}