{"id":2196,"date":"2020-04-17T11:13:31","date_gmt":"2020-04-17T08:13:31","guid":{"rendered":"https:\/\/orto.ee\/pood\/puhas-limpa-sampoon-ja-dusigeel-poistele-300ml\/"},"modified":"2021-09-24T12:58:53","modified_gmt":"2021-09-24T09:58:53","slug":"puhas-limpa-sampoon-ja-dusigeel-poistele-300ml","status":"publish","type":"product","link":"https:\/\/kataloog.orto.ee\/fi\/pood\/puhas-limpa-sampoon-ja-dusigeel-poistele-300ml\/","title":{"rendered":"Shampoo ja suihkugeeli pojille Puhas Limpa 300 ml"},"content":{"rendered":"<p>Limpa suosittelee:<\/p>\n<p>Hei, pikkukaverit! Miksi pit\u00e4isi k\u00e4ytt\u00e4\u00e4 suihkugeeli\u00e4 ja shampoota erikseen, kun on olemassa shampoo-suihkugeeli! Sen avulla voit pest\u00e4 p\u00e4iv\u00e4n lian ihan helposti sek\u00e4 vartalosta ett\u00e4 hiuksista. Luonnolliset pesuaineet (kookos, maissi, omena) ja mustikkauute muodostavat kivan vaahdon, joka tekee pesusta hauskan! Jos sinulla on p\u00f6rr\u00f6iset tai muuten kurittamattomat hiukset, k\u00e4yt\u00e4 pesun j\u00e4lkeen my\u00f6s Limpan hiustenhoitoainetta.<\/p>\n<p>VIHRE\u00c4 KOOSTUMUS \u2013 yli 95\u00a0% ainesosista on luonnollista alkuper\u00e4\u00e4.<\/p>\n","protected":false},"excerpt":{"rendered":"<p>Limpa suosittelee: Hei, pikkukaverit! Miksi pit\u00e4isi k\u00e4ytt\u00e4\u00e4 suihkugeeli\u00e4 ja shampoota erikseen, kun on olemassa shampoo-suihkugeeli! Sen avulla voit pest\u00e4 p\u00e4iv\u00e4n&#8230;<\/p>\n","protected":false},"featured_media":2197,"template":"","meta":{"_et_pb_use_builder":"","_et_pb_old_content":"","_et_gb_content_width":""},"product_cat":[79],"product_tag":[],"acf":[],"yoast_head":"<!-- This site is optimized with the Yoast SEO plugin v21.5 - https:\/\/yoast.com\/wordpress\/plugins\/seo\/ -->\n<title>Shampoo ja suihkugeeli pojille Puhas Limpa 300 ml - Orto<\/title>\n<meta name=\"description\" content=\"Shampoo ja suihkugeeli pojille Puhas Limpa 300 ml\" \/>\n<meta name=\"robots\" content=\"noindex, follow, max-snippet:-1, max-image-preview:large, max-video-preview:-1\" \/>\n<meta property=\"og:locale\" content=\"fi_FI\" \/>\n<meta property=\"og:type\" content=\"article\" \/>\n<meta property=\"og:title\" content=\"Shampoo ja suihkugeeli pojille Puhas Limpa 300 ml - Orto\" \/>\n<meta property=\"og:description\" content=\"Shampoo ja suihkugeeli pojille Puhas Limpa 300 ml\" \/>\n<meta property=\"og:url\" content=\"https:\/\/kataloog.orto.ee\/pood\/puhas-limpa-sampoon-ja-dusigeel-poistele-300ml\/\" \/>\n<meta property=\"og:site_name\" content=\"Orto\" \/>\n<meta property=\"article:modified_time\" content=\"2021-09-24T09:58:53+00:00\" \/>\n<meta property=\"og:image\" content=\"https:\/\/kataloog.orto.ee\/wp-content\/uploads\/2020\/04\/\u0161ampoon-ja-du\u0161igeel-poistele.jpg\" \/>\n\t<meta property=\"og:image:width\" content=\"429\" \/>\n\t<meta property=\"og:image:height\" content=\"911\" \/>\n\t<meta property=\"og:image:type\" content=\"image\/jpeg\" \/>\n<meta name=\"twitter:card\" content=\"summary_large_image\" \/>\n<meta name=\"twitter:label1\" content=\"Arvioitu lukuaika\" \/>\n\t<meta name=\"twitter:data1\" content=\"1 minuutti\" \/>\n<script type=\"application\/ld+json\" class=\"yoast-schema-graph\">{\"@context\":\"https:\/\/schema.org\",\"@graph\":[{\"@type\":\"WebPage\",\"@id\":\"https:\/\/kataloog.orto.ee\/pood\/puhas-limpa-sampoon-ja-dusigeel-poistele-300ml\/\",\"url\":\"https:\/\/kataloog.orto.ee\/pood\/puhas-limpa-sampoon-ja-dusigeel-poistele-300ml\/\",\"name\":\"Shampoo ja suihkugeeli pojille Puhas Limpa 300 ml - Orto\",\"isPartOf\":{\"@id\":\"https:\/\/kataloog.orto.ee\/#website\"},\"datePublished\":\"2020-04-17T08:13:31+00:00\",\"dateModified\":\"2021-09-24T09:58:53+00:00\",\"description\":\"Shampoo ja suihkugeeli pojille Puhas Limpa 300 ml\",\"breadcrumb\":{\"@id\":\"https:\/\/kataloog.orto.ee\/pood\/puhas-limpa-sampoon-ja-dusigeel-poistele-300ml\/#breadcrumb\"},\"inLanguage\":\"fi\",\"potentialAction\":[{\"@type\":\"ReadAction\",\"target\":[\"https:\/\/kataloog.orto.ee\/pood\/puhas-limpa-sampoon-ja-dusigeel-poistele-300ml\/\"]}]},{\"@type\":\"BreadcrumbList\",\"@id\":\"https:\/\/kataloog.orto.ee\/pood\/puhas-limpa-sampoon-ja-dusigeel-poistele-300ml\/#breadcrumb\",\"itemListElement\":[{\"@type\":\"ListItem\",\"position\":1,\"name\":\"Home\",\"item\":\"https:\/\/kataloog.orto.ee\/\"},{\"@type\":\"ListItem\",\"position\":2,\"name\":\"Tuotteet\",\"item\":\"https:\/\/kataloog.orto.ee\/tooted\/\"},{\"@type\":\"ListItem\",\"position\":3,\"name\":\"Shampoo ja suihkugeeli pojille Puhas Limpa 300 ml\"}]},{\"@type\":\"WebSite\",\"@id\":\"https:\/\/kataloog.orto.ee\/#website\",\"url\":\"https:\/\/kataloog.orto.ee\/\",\"name\":\"Orto\",\"description\":\"\",\"potentialAction\":[{\"@type\":\"SearchAction\",\"target\":{\"@type\":\"EntryPoint\",\"urlTemplate\":\"https:\/\/kataloog.orto.ee\/?s={search_term_string}\"},\"query-input\":\"required name=search_term_string\"}],\"inLanguage\":\"fi\"}]}<\/script>\n<!-- \/ Yoast SEO plugin. -->","yoast_head_json":{"title":"Shampoo ja suihkugeeli pojille Puhas Limpa 300 ml - Orto","description":"Shampoo ja suihkugeeli pojille Puhas Limpa 300 ml","robots":{"index":"noindex","follow":"follow","max-snippet":"max-snippet:-1","max-image-preview":"max-image-preview:large","max-video-preview":"max-video-preview:-1"},"og_locale":"fi_FI","og_type":"article","og_title":"Shampoo ja suihkugeeli pojille Puhas Limpa 300 ml - Orto","og_description":"Shampoo ja suihkugeeli pojille Puhas Limpa 300 ml","og_url":"https:\/\/kataloog.orto.ee\/pood\/puhas-limpa-sampoon-ja-dusigeel-poistele-300ml\/","og_site_name":"Orto","article_modified_time":"2021-09-24T09:58:53+00:00","og_image":[{"width":429,"height":911,"url":"https:\/\/kataloog.orto.ee\/wp-content\/uploads\/2020\/04\/\u0161ampoon-ja-du\u0161igeel-poistele.jpg","type":"image\/jpeg"}],"twitter_card":"summary_large_image","twitter_misc":{"Arvioitu lukuaika":"1 minuutti"},"schema":{"@context":"https:\/\/schema.org","@graph":[{"@type":"WebPage","@id":"https:\/\/kataloog.orto.ee\/pood\/puhas-limpa-sampoon-ja-dusigeel-poistele-300ml\/","url":"https:\/\/kataloog.orto.ee\/pood\/puhas-limpa-sampoon-ja-dusigeel-poistele-300ml\/","name":"Shampoo ja suihkugeeli pojille Puhas Limpa 300 ml - Orto","isPartOf":{"@id":"https:\/\/kataloog.orto.ee\/#website"},"datePublished":"2020-04-17T08:13:31+00:00","dateModified":"2021-09-24T09:58:53+00:00","description":"Shampoo ja suihkugeeli pojille Puhas Limpa 300 ml","breadcrumb":{"@id":"https:\/\/kataloog.orto.ee\/pood\/puhas-limpa-sampoon-ja-dusigeel-poistele-300ml\/#breadcrumb"},"inLanguage":"fi","potentialAction":[{"@type":"ReadAction","target":["https:\/\/kataloog.orto.ee\/pood\/puhas-limpa-sampoon-ja-dusigeel-poistele-300ml\/"]}]},{"@type":"BreadcrumbList","@id":"https:\/\/kataloog.orto.ee\/pood\/puhas-limpa-sampoon-ja-dusigeel-poistele-300ml\/#breadcrumb","itemListElement":[{"@type":"ListItem","position":1,"name":"Home","item":"https:\/\/kataloog.orto.ee\/"},{"@type":"ListItem","position":2,"name":"Tuotteet","item":"https:\/\/kataloog.orto.ee\/tooted\/"},{"@type":"ListItem","position":3,"name":"Shampoo ja suihkugeeli pojille Puhas Limpa 300 ml"}]},{"@type":"WebSite","@id":"https:\/\/kataloog.orto.ee\/#website","url":"https:\/\/kataloog.orto.ee\/","name":"Orto","description":"","potentialAction":[{"@type":"SearchAction","target":{"@type":"EntryPoint","urlTemplate":"https:\/\/kataloog.orto.ee\/?s={search_term_string}"},"query-input":"required name=search_term_string"}],"inLanguage":"fi"}]}},"_links":{"self":[{"href":"https:\/\/kataloog.orto.ee\/fi\/wp-json\/wp\/v2\/product\/2196"}],"collection":[{"href":"https:\/\/kataloog.orto.ee\/fi\/wp-json\/wp\/v2\/product"}],"about":[{"href":"https:\/\/kataloog.orto.ee\/fi\/wp-json\/wp\/v2\/types\/product"}],"wp:featuredmedia":[{"embeddable":true,"href":"https:\/\/kataloog.orto.ee\/fi\/wp-json\/wp\/v2\/media\/2197"}],"wp:attachment":[{"href":"https:\/\/kataloog.orto.ee\/fi\/wp-json\/wp\/v2\/media?parent=2196"}],"wp:term":[{"taxonomy":"product_cat","embeddable":true,"href":"https:\/\/kataloog.orto.ee\/fi\/wp-json\/wp\/v2\/product_cat?post=2196"},{"taxonomy":"product_tag","embeddable":true,"href":"https:\/\/kataloog.orto.ee\/fi\/wp-json\/wp\/v2\/product_tag?post=2196"}],"curies":[{"name":"wp","href":"https:\/\/api.w.org\/{rel}","templated":true}]}}