{"id":2190,"date":"2020-04-17T11:11:29","date_gmt":"2020-04-17T08:11:29","guid":{"rendered":"https:\/\/orto.ee\/pood\/puhas-limpa-sampoon-ja-dusigeel-lastele-300ml\/"},"modified":"2021-09-24T11:51:25","modified_gmt":"2021-09-24T08:51:25","slug":"puhas-limpa-sampoon-ja-dusigeel-lastele-300ml","status":"publish","type":"product","link":"https:\/\/kataloog.orto.ee\/fi\/pood\/puhas-limpa-sampoon-ja-dusigeel-lastele-300ml\/","title":{"rendered":"Shampoo ja suihkugeeli lapsille Puhas Limpa 300 ml"},"content":{"rendered":"<p>Limpa suosittelee:<\/p>\n<p>T\u00e4m\u00e4 lapsille tarkoitettu hauska shampoo-suihkugeeli puhdistaa pienen vartalon hell\u00e4varaisesti p\u00e4\u00e4st\u00e4 jalkoihin. Luonnolliset pesuaineet (kookos, maissi, omena) vaahtoavat miellytt\u00e4v\u00e4sti ja pesev\u00e4t hell\u00e4sti puhtaaksi sek\u00e4 hiukset ett\u00e4 vartalon. Lehmuksenkukkauute ja lis\u00e4tty hoitoaine huolehtivat siit\u00e4, ett\u00e4 hiuksista tulee kiilt\u00e4v\u00e4t ja kauniin sile\u00e4t. Jos sinulla on pidemm\u00e4t tai eritt\u00e4in p\u00f6rr\u00f6iset hiukset, k\u00e4yt\u00e4 my\u00f6s Limpan hiustenhoitoainetta.<\/p>\n<p>VIHRE\u00c4 KOOSTUMUS \u2013 yli 95\u00a0% ainesosista on luonnollista alkuper\u00e4\u00e4.<\/p>\n","protected":false},"excerpt":{"rendered":"<p>Limpa suosittelee: T\u00e4m\u00e4 lapsille tarkoitettu hauska shampoo-suihkugeeli puhdistaa pienen vartalon hell\u00e4varaisesti p\u00e4\u00e4st\u00e4 jalkoihin. Luonnolliset pesuaineet (kookos, maissi, omena) vaahtoavat miellytt\u00e4v\u00e4sti&#8230;<\/p>\n","protected":false},"featured_media":2191,"template":"","meta":{"_et_pb_use_builder":"","_et_pb_old_content":"","_et_gb_content_width":""},"product_cat":[79],"product_tag":[],"acf":[],"yoast_head":"<!-- This site is optimized with the Yoast SEO plugin v21.5 - https:\/\/yoast.com\/wordpress\/plugins\/seo\/ -->\n<title>Shampoo ja suihkugeeli lapsille Puhas Limpa 300 ml - Orto<\/title>\n<meta name=\"description\" content=\"Shampoo ja suihkugeeli lapsille Puhas Limpa 300 ml\" \/>\n<meta name=\"robots\" content=\"noindex, follow, max-snippet:-1, max-image-preview:large, max-video-preview:-1\" \/>\n<meta property=\"og:locale\" content=\"fi_FI\" \/>\n<meta property=\"og:type\" content=\"article\" \/>\n<meta property=\"og:title\" content=\"Shampoo ja suihkugeeli lapsille Puhas Limpa 300 ml - Orto\" \/>\n<meta property=\"og:description\" content=\"Shampoo ja suihkugeeli lapsille Puhas Limpa 300 ml\" \/>\n<meta property=\"og:url\" content=\"https:\/\/kataloog.orto.ee\/pood\/puhas-limpa-sampoon-ja-dusigeel-lastele-300ml\/\" \/>\n<meta property=\"og:site_name\" content=\"Orto\" \/>\n<meta property=\"article:modified_time\" content=\"2021-09-24T08:51:25+00:00\" \/>\n<meta property=\"og:image\" content=\"https:\/\/kataloog.orto.ee\/wp-content\/uploads\/2020\/04\/shampoon-ja-dusigeel-lastele.jpg\" \/>\n\t<meta property=\"og:image:width\" content=\"441\" \/>\n\t<meta property=\"og:image:height\" content=\"947\" \/>\n\t<meta property=\"og:image:type\" content=\"image\/jpeg\" \/>\n<meta name=\"twitter:card\" content=\"summary_large_image\" \/>\n<meta name=\"twitter:label1\" content=\"Arvioitu lukuaika\" \/>\n\t<meta name=\"twitter:data1\" content=\"1 minuutti\" \/>\n<script type=\"application\/ld+json\" class=\"yoast-schema-graph\">{\"@context\":\"https:\/\/schema.org\",\"@graph\":[{\"@type\":\"WebPage\",\"@id\":\"https:\/\/kataloog.orto.ee\/pood\/puhas-limpa-sampoon-ja-dusigeel-lastele-300ml\/\",\"url\":\"https:\/\/kataloog.orto.ee\/pood\/puhas-limpa-sampoon-ja-dusigeel-lastele-300ml\/\",\"name\":\"Shampoo ja suihkugeeli lapsille Puhas Limpa 300 ml - Orto\",\"isPartOf\":{\"@id\":\"https:\/\/kataloog.orto.ee\/#website\"},\"datePublished\":\"2020-04-17T08:11:29+00:00\",\"dateModified\":\"2021-09-24T08:51:25+00:00\",\"description\":\"Shampoo ja suihkugeeli lapsille Puhas Limpa 300 ml\",\"breadcrumb\":{\"@id\":\"https:\/\/kataloog.orto.ee\/pood\/puhas-limpa-sampoon-ja-dusigeel-lastele-300ml\/#breadcrumb\"},\"inLanguage\":\"fi\",\"potentialAction\":[{\"@type\":\"ReadAction\",\"target\":[\"https:\/\/kataloog.orto.ee\/pood\/puhas-limpa-sampoon-ja-dusigeel-lastele-300ml\/\"]}]},{\"@type\":\"BreadcrumbList\",\"@id\":\"https:\/\/kataloog.orto.ee\/pood\/puhas-limpa-sampoon-ja-dusigeel-lastele-300ml\/#breadcrumb\",\"itemListElement\":[{\"@type\":\"ListItem\",\"position\":1,\"name\":\"Home\",\"item\":\"https:\/\/kataloog.orto.ee\/\"},{\"@type\":\"ListItem\",\"position\":2,\"name\":\"Tuotteet\",\"item\":\"https:\/\/kataloog.orto.ee\/tooted\/\"},{\"@type\":\"ListItem\",\"position\":3,\"name\":\"Shampoo ja suihkugeeli lapsille Puhas Limpa 300 ml\"}]},{\"@type\":\"WebSite\",\"@id\":\"https:\/\/kataloog.orto.ee\/#website\",\"url\":\"https:\/\/kataloog.orto.ee\/\",\"name\":\"Orto\",\"description\":\"\",\"potentialAction\":[{\"@type\":\"SearchAction\",\"target\":{\"@type\":\"EntryPoint\",\"urlTemplate\":\"https:\/\/kataloog.orto.ee\/?s={search_term_string}\"},\"query-input\":\"required name=search_term_string\"}],\"inLanguage\":\"fi\"}]}<\/script>\n<!-- \/ Yoast SEO plugin. -->","yoast_head_json":{"title":"Shampoo ja suihkugeeli lapsille Puhas Limpa 300 ml - Orto","description":"Shampoo ja suihkugeeli lapsille Puhas Limpa 300 ml","robots":{"index":"noindex","follow":"follow","max-snippet":"max-snippet:-1","max-image-preview":"max-image-preview:large","max-video-preview":"max-video-preview:-1"},"og_locale":"fi_FI","og_type":"article","og_title":"Shampoo ja suihkugeeli lapsille Puhas Limpa 300 ml - Orto","og_description":"Shampoo ja suihkugeeli lapsille Puhas Limpa 300 ml","og_url":"https:\/\/kataloog.orto.ee\/pood\/puhas-limpa-sampoon-ja-dusigeel-lastele-300ml\/","og_site_name":"Orto","article_modified_time":"2021-09-24T08:51:25+00:00","og_image":[{"width":441,"height":947,"url":"https:\/\/kataloog.orto.ee\/wp-content\/uploads\/2020\/04\/shampoon-ja-dusigeel-lastele.jpg","type":"image\/jpeg"}],"twitter_card":"summary_large_image","twitter_misc":{"Arvioitu lukuaika":"1 minuutti"},"schema":{"@context":"https:\/\/schema.org","@graph":[{"@type":"WebPage","@id":"https:\/\/kataloog.orto.ee\/pood\/puhas-limpa-sampoon-ja-dusigeel-lastele-300ml\/","url":"https:\/\/kataloog.orto.ee\/pood\/puhas-limpa-sampoon-ja-dusigeel-lastele-300ml\/","name":"Shampoo ja suihkugeeli lapsille Puhas Limpa 300 ml - Orto","isPartOf":{"@id":"https:\/\/kataloog.orto.ee\/#website"},"datePublished":"2020-04-17T08:11:29+00:00","dateModified":"2021-09-24T08:51:25+00:00","description":"Shampoo ja suihkugeeli lapsille Puhas Limpa 300 ml","breadcrumb":{"@id":"https:\/\/kataloog.orto.ee\/pood\/puhas-limpa-sampoon-ja-dusigeel-lastele-300ml\/#breadcrumb"},"inLanguage":"fi","potentialAction":[{"@type":"ReadAction","target":["https:\/\/kataloog.orto.ee\/pood\/puhas-limpa-sampoon-ja-dusigeel-lastele-300ml\/"]}]},{"@type":"BreadcrumbList","@id":"https:\/\/kataloog.orto.ee\/pood\/puhas-limpa-sampoon-ja-dusigeel-lastele-300ml\/#breadcrumb","itemListElement":[{"@type":"ListItem","position":1,"name":"Home","item":"https:\/\/kataloog.orto.ee\/"},{"@type":"ListItem","position":2,"name":"Tuotteet","item":"https:\/\/kataloog.orto.ee\/tooted\/"},{"@type":"ListItem","position":3,"name":"Shampoo ja suihkugeeli lapsille Puhas Limpa 300 ml"}]},{"@type":"WebSite","@id":"https:\/\/kataloog.orto.ee\/#website","url":"https:\/\/kataloog.orto.ee\/","name":"Orto","description":"","potentialAction":[{"@type":"SearchAction","target":{"@type":"EntryPoint","urlTemplate":"https:\/\/kataloog.orto.ee\/?s={search_term_string}"},"query-input":"required name=search_term_string"}],"inLanguage":"fi"}]}},"_links":{"self":[{"href":"https:\/\/kataloog.orto.ee\/fi\/wp-json\/wp\/v2\/product\/2190"}],"collection":[{"href":"https:\/\/kataloog.orto.ee\/fi\/wp-json\/wp\/v2\/product"}],"about":[{"href":"https:\/\/kataloog.orto.ee\/fi\/wp-json\/wp\/v2\/types\/product"}],"wp:featuredmedia":[{"embeddable":true,"href":"https:\/\/kataloog.orto.ee\/fi\/wp-json\/wp\/v2\/media\/2191"}],"wp:attachment":[{"href":"https:\/\/kataloog.orto.ee\/fi\/wp-json\/wp\/v2\/media?parent=2190"}],"wp:term":[{"taxonomy":"product_cat","embeddable":true,"href":"https:\/\/kataloog.orto.ee\/fi\/wp-json\/wp\/v2\/product_cat?post=2190"},{"taxonomy":"product_tag","embeddable":true,"href":"https:\/\/kataloog.orto.ee\/fi\/wp-json\/wp\/v2\/product_tag?post=2190"}],"curies":[{"name":"wp","href":"https:\/\/api.w.org\/{rel}","templated":true}]}}