{"id":2168,"date":"2020-04-17T11:17:23","date_gmt":"2020-04-17T08:17:23","guid":{"rendered":"https:\/\/orto.ee\/pood\/puhas-limpa-sampoon-tudrukutele-300ml\/"},"modified":"2021-09-24T13:00:01","modified_gmt":"2021-09-24T10:00:01","slug":"puhas-limpa-sampoon-tudrukutele-300ml","status":"publish","type":"product","link":"https:\/\/kataloog.orto.ee\/fi\/pood\/puhas-limpa-sampoon-tudrukutele-300ml\/","title":{"rendered":"Shampoo tyt\u00f6ille Puhas Limpa  300 ml"},"content":{"rendered":"<p>Limpa suosittelee:<\/p>\n<p>Shampoo kaikille pienille kultakutreille! Luonnolliset pesuaineet (kookosp\u00e4hkin\u00e4, maissi, omena) ja ruusunmarjauute muodostavat runsaan vaahdon, joka puhdista kauniit hiuksesi hell\u00e4varaisesti mutta perusteellisesti, j\u00e4tt\u00e4en ne luonnollisen raikkaiksi ja mangon tuoksuisiksi. Shampoo sis\u00e4lt\u00e4\u00e4 my\u00f6s hivenen guaranaa, joka tekee hiukset kauniin kiilt\u00e4viksi ja helposti kammattaviksi. Jos sinulla on pidemm\u00e4t tai eritt\u00e4in p\u00f6rr\u00f6iset hiukset, k\u00e4yt\u00e4 my\u00f6s Limpan hiustenhoitoainetta.<\/p>\n<p>VIHRE\u00c4 KOOSTUMUS \u2013 yli 95\u00a0% ainesosista on luonnollista alkuper\u00e4\u00e4.<\/p>\n","protected":false},"excerpt":{"rendered":"<p>Limpa suosittelee: Shampoo kaikille pienille kultakutreille! Luonnolliset pesuaineet (kookosp\u00e4hkin\u00e4, maissi, omena) ja ruusunmarjauute muodostavat runsaan vaahdon, joka puhdista kauniit hiuksesi&#8230;<\/p>\n","protected":false},"featured_media":2169,"template":"","meta":{"_et_pb_use_builder":"","_et_pb_old_content":"","_et_gb_content_width":""},"product_cat":[79],"product_tag":[],"acf":[],"yoast_head":"<!-- This site is optimized with the Yoast SEO plugin v21.5 - https:\/\/yoast.com\/wordpress\/plugins\/seo\/ -->\n<title>Shampoo tyt\u00f6ille Puhas Limpa 300 ml - Orto<\/title>\n<meta name=\"description\" content=\"Shampoo tyt\u00f6ille Puhas Limpa 300 ml\" \/>\n<meta name=\"robots\" content=\"noindex, follow, max-snippet:-1, max-image-preview:large, max-video-preview:-1\" \/>\n<meta property=\"og:locale\" content=\"fi_FI\" \/>\n<meta property=\"og:type\" content=\"article\" \/>\n<meta property=\"og:title\" content=\"Shampoo tyt\u00f6ille Puhas Limpa 300 ml - Orto\" \/>\n<meta property=\"og:description\" content=\"Shampoo tyt\u00f6ille Puhas Limpa 300 ml\" \/>\n<meta property=\"og:url\" content=\"https:\/\/kataloog.orto.ee\/pood\/puhas-limpa-sampoon-tudrukutele-300ml\/\" \/>\n<meta property=\"og:site_name\" content=\"Orto\" \/>\n<meta property=\"article:modified_time\" content=\"2021-09-24T10:00:01+00:00\" \/>\n<meta property=\"og:image\" content=\"https:\/\/kataloog.orto.ee\/wp-content\/uploads\/2020\/04\/\u0161ampoon-t\u00fcdruktele.jpg\" \/>\n\t<meta property=\"og:image:width\" content=\"433\" \/>\n\t<meta property=\"og:image:height\" content=\"898\" \/>\n\t<meta property=\"og:image:type\" content=\"image\/jpeg\" \/>\n<meta name=\"twitter:card\" content=\"summary_large_image\" \/>\n<meta name=\"twitter:label1\" content=\"Arvioitu lukuaika\" \/>\n\t<meta name=\"twitter:data1\" content=\"1 minuutti\" \/>\n<script type=\"application\/ld+json\" class=\"yoast-schema-graph\">{\"@context\":\"https:\/\/schema.org\",\"@graph\":[{\"@type\":\"WebPage\",\"@id\":\"https:\/\/kataloog.orto.ee\/pood\/puhas-limpa-sampoon-tudrukutele-300ml\/\",\"url\":\"https:\/\/kataloog.orto.ee\/pood\/puhas-limpa-sampoon-tudrukutele-300ml\/\",\"name\":\"Shampoo tyt\u00f6ille Puhas Limpa 300 ml - Orto\",\"isPartOf\":{\"@id\":\"https:\/\/kataloog.orto.ee\/#website\"},\"datePublished\":\"2020-04-17T08:17:23+00:00\",\"dateModified\":\"2021-09-24T10:00:01+00:00\",\"description\":\"Shampoo tyt\u00f6ille Puhas Limpa 300 ml\",\"breadcrumb\":{\"@id\":\"https:\/\/kataloog.orto.ee\/pood\/puhas-limpa-sampoon-tudrukutele-300ml\/#breadcrumb\"},\"inLanguage\":\"fi\",\"potentialAction\":[{\"@type\":\"ReadAction\",\"target\":[\"https:\/\/kataloog.orto.ee\/pood\/puhas-limpa-sampoon-tudrukutele-300ml\/\"]}]},{\"@type\":\"BreadcrumbList\",\"@id\":\"https:\/\/kataloog.orto.ee\/pood\/puhas-limpa-sampoon-tudrukutele-300ml\/#breadcrumb\",\"itemListElement\":[{\"@type\":\"ListItem\",\"position\":1,\"name\":\"Home\",\"item\":\"https:\/\/kataloog.orto.ee\/\"},{\"@type\":\"ListItem\",\"position\":2,\"name\":\"Tuotteet\",\"item\":\"https:\/\/kataloog.orto.ee\/tooted\/\"},{\"@type\":\"ListItem\",\"position\":3,\"name\":\"Shampoo tyt\u00f6ille Puhas Limpa 300 ml\"}]},{\"@type\":\"WebSite\",\"@id\":\"https:\/\/kataloog.orto.ee\/#website\",\"url\":\"https:\/\/kataloog.orto.ee\/\",\"name\":\"Orto\",\"description\":\"\",\"potentialAction\":[{\"@type\":\"SearchAction\",\"target\":{\"@type\":\"EntryPoint\",\"urlTemplate\":\"https:\/\/kataloog.orto.ee\/?s={search_term_string}\"},\"query-input\":\"required name=search_term_string\"}],\"inLanguage\":\"fi\"}]}<\/script>\n<!-- \/ Yoast SEO plugin. -->","yoast_head_json":{"title":"Shampoo tyt\u00f6ille Puhas Limpa 300 ml - Orto","description":"Shampoo tyt\u00f6ille Puhas Limpa 300 ml","robots":{"index":"noindex","follow":"follow","max-snippet":"max-snippet:-1","max-image-preview":"max-image-preview:large","max-video-preview":"max-video-preview:-1"},"og_locale":"fi_FI","og_type":"article","og_title":"Shampoo tyt\u00f6ille Puhas Limpa 300 ml - Orto","og_description":"Shampoo tyt\u00f6ille Puhas Limpa 300 ml","og_url":"https:\/\/kataloog.orto.ee\/pood\/puhas-limpa-sampoon-tudrukutele-300ml\/","og_site_name":"Orto","article_modified_time":"2021-09-24T10:00:01+00:00","og_image":[{"width":433,"height":898,"url":"https:\/\/kataloog.orto.ee\/wp-content\/uploads\/2020\/04\/\u0161ampoon-t\u00fcdruktele.jpg","type":"image\/jpeg"}],"twitter_card":"summary_large_image","twitter_misc":{"Arvioitu lukuaika":"1 minuutti"},"schema":{"@context":"https:\/\/schema.org","@graph":[{"@type":"WebPage","@id":"https:\/\/kataloog.orto.ee\/pood\/puhas-limpa-sampoon-tudrukutele-300ml\/","url":"https:\/\/kataloog.orto.ee\/pood\/puhas-limpa-sampoon-tudrukutele-300ml\/","name":"Shampoo tyt\u00f6ille Puhas Limpa 300 ml - Orto","isPartOf":{"@id":"https:\/\/kataloog.orto.ee\/#website"},"datePublished":"2020-04-17T08:17:23+00:00","dateModified":"2021-09-24T10:00:01+00:00","description":"Shampoo tyt\u00f6ille Puhas Limpa 300 ml","breadcrumb":{"@id":"https:\/\/kataloog.orto.ee\/pood\/puhas-limpa-sampoon-tudrukutele-300ml\/#breadcrumb"},"inLanguage":"fi","potentialAction":[{"@type":"ReadAction","target":["https:\/\/kataloog.orto.ee\/pood\/puhas-limpa-sampoon-tudrukutele-300ml\/"]}]},{"@type":"BreadcrumbList","@id":"https:\/\/kataloog.orto.ee\/pood\/puhas-limpa-sampoon-tudrukutele-300ml\/#breadcrumb","itemListElement":[{"@type":"ListItem","position":1,"name":"Home","item":"https:\/\/kataloog.orto.ee\/"},{"@type":"ListItem","position":2,"name":"Tuotteet","item":"https:\/\/kataloog.orto.ee\/tooted\/"},{"@type":"ListItem","position":3,"name":"Shampoo tyt\u00f6ille Puhas Limpa 300 ml"}]},{"@type":"WebSite","@id":"https:\/\/kataloog.orto.ee\/#website","url":"https:\/\/kataloog.orto.ee\/","name":"Orto","description":"","potentialAction":[{"@type":"SearchAction","target":{"@type":"EntryPoint","urlTemplate":"https:\/\/kataloog.orto.ee\/?s={search_term_string}"},"query-input":"required name=search_term_string"}],"inLanguage":"fi"}]}},"_links":{"self":[{"href":"https:\/\/kataloog.orto.ee\/fi\/wp-json\/wp\/v2\/product\/2168"}],"collection":[{"href":"https:\/\/kataloog.orto.ee\/fi\/wp-json\/wp\/v2\/product"}],"about":[{"href":"https:\/\/kataloog.orto.ee\/fi\/wp-json\/wp\/v2\/types\/product"}],"wp:featuredmedia":[{"embeddable":true,"href":"https:\/\/kataloog.orto.ee\/fi\/wp-json\/wp\/v2\/media\/2169"}],"wp:attachment":[{"href":"https:\/\/kataloog.orto.ee\/fi\/wp-json\/wp\/v2\/media?parent=2168"}],"wp:term":[{"taxonomy":"product_cat","embeddable":true,"href":"https:\/\/kataloog.orto.ee\/fi\/wp-json\/wp\/v2\/product_cat?post=2168"},{"taxonomy":"product_tag","embeddable":true,"href":"https:\/\/kataloog.orto.ee\/fi\/wp-json\/wp\/v2\/product_tag?post=2168"}],"curies":[{"name":"wp","href":"https:\/\/api.w.org\/{rel}","templated":true}]}}