{"id":2101,"date":"2020-04-16T16:13:38","date_gmt":"2020-04-16T13:13:38","guid":{"rendered":"https:\/\/orto.ee\/pood\/puhas-loodus-tugevdav-sampoon-takjas-250-ml\/"},"modified":"2021-09-24T13:31:40","modified_gmt":"2021-09-24T10:31:40","slug":"puhas-loodus-tugevdav-sampoon-takjas-250-ml","status":"publish","type":"product","link":"https:\/\/kataloog.orto.ee\/fi\/pood\/puhas-loodus-tugevdav-sampoon-takjas-250-ml\/","title":{"rendered":"Vahvistava shampoo Takiainen Puhas Loodus 250 ml"},"content":{"rendered":"<p>Vahvistava shampoo normaaleille ja rasvaisille hiuksille p\u00e4ivitt\u00e4iseen pesuun.<\/p>\n<p>Pehme\u00e4t kasvi\u00f6ljyist\u00e4 ja sokereista saadut pesev\u00e4t aineet puhdistavat hiukset ja hiuspohjan runsaalla vaahdolla. Takiaisjuuresta saatu biouute stimuloi hiusten kasvua, vahvistaa hiusjuuria ja auttaa est\u00e4m\u00e4\u00e4n hiustenl\u00e4ht\u00f6\u00e4. Sokerijuurikkaasta uutettu luonnollinen betaiini ja pantenoli lis\u00e4\u00e4v\u00e4t hiuksiin vahvuutta, joustavuutta ja kiiltoa sek\u00e4 auttavat yll\u00e4pit\u00e4m\u00e4\u00e4n hiusten kosteustasoa. Ainutlaatuinen biopolymeerien yhdistelm\u00e4 silottaa hiuksia sek\u00e4 parantaa kammattavuutta.<\/p>\n<p>VIHRE\u00c4 KOOSTUMUS \u2013 valtaosa ainesosista on luonnollista alkuper\u00e4\u00e4.<\/p>\n","protected":false},"excerpt":{"rendered":"<p>Vahvistava shampoo normaaleille ja rasvaisille hiuksille p\u00e4ivitt\u00e4iseen pesuun. Pehme\u00e4t kasvi\u00f6ljyist\u00e4 ja sokereista saadut pesev\u00e4t aineet puhdistavat hiukset ja hiuspohjan runsaalla&#8230;<\/p>\n","protected":false},"featured_media":2103,"template":"","meta":{"_et_pb_use_builder":"","_et_pb_old_content":"","_et_gb_content_width":""},"product_cat":[73,132],"product_tag":[],"acf":[],"yoast_head":"<!-- This site is optimized with the Yoast SEO plugin v21.5 - https:\/\/yoast.com\/wordpress\/plugins\/seo\/ -->\n<title>Vahvistava shampoo Takiainen Puhas Loodus 250 ml - Orto<\/title>\n<meta name=\"description\" content=\"Vahvistava shampoo Takiainen Puhas Loodus 250 ml\" \/>\n<meta name=\"robots\" content=\"noindex, follow, max-snippet:-1, max-image-preview:large, max-video-preview:-1\" \/>\n<meta property=\"og:locale\" content=\"fi_FI\" \/>\n<meta property=\"og:type\" content=\"article\" \/>\n<meta property=\"og:title\" content=\"Vahvistava shampoo Takiainen Puhas Loodus 250 ml - Orto\" \/>\n<meta property=\"og:description\" content=\"Vahvistava shampoo Takiainen Puhas Loodus 250 ml\" \/>\n<meta property=\"og:url\" content=\"https:\/\/kataloog.orto.ee\/pood\/puhas-loodus-tugevdav-sampoon-takjas-250-ml\/\" \/>\n<meta property=\"og:site_name\" content=\"Orto\" \/>\n<meta property=\"article:modified_time\" content=\"2021-09-24T10:31:40+00:00\" \/>\n<meta property=\"og:image\" content=\"https:\/\/kataloog.orto.ee\/wp-content\/uploads\/2020\/04\/Puhas_Loodus_takjas_shampoo-1.png\" \/>\n\t<meta property=\"og:image:width\" content=\"1413\" \/>\n\t<meta property=\"og:image:height\" content=\"3000\" \/>\n\t<meta property=\"og:image:type\" content=\"image\/png\" \/>\n<meta name=\"twitter:card\" content=\"summary_large_image\" \/>\n<meta name=\"twitter:label1\" content=\"Arvioitu lukuaika\" \/>\n\t<meta name=\"twitter:data1\" content=\"1 minuutti\" \/>\n<script type=\"application\/ld+json\" class=\"yoast-schema-graph\">{\"@context\":\"https:\/\/schema.org\",\"@graph\":[{\"@type\":\"WebPage\",\"@id\":\"https:\/\/kataloog.orto.ee\/pood\/puhas-loodus-tugevdav-sampoon-takjas-250-ml\/\",\"url\":\"https:\/\/kataloog.orto.ee\/pood\/puhas-loodus-tugevdav-sampoon-takjas-250-ml\/\",\"name\":\"Vahvistava shampoo Takiainen Puhas Loodus 250 ml - Orto\",\"isPartOf\":{\"@id\":\"https:\/\/kataloog.orto.ee\/#website\"},\"datePublished\":\"2020-04-16T13:13:38+00:00\",\"dateModified\":\"2021-09-24T10:31:40+00:00\",\"description\":\"Vahvistava shampoo Takiainen Puhas Loodus 250 ml\",\"breadcrumb\":{\"@id\":\"https:\/\/kataloog.orto.ee\/pood\/puhas-loodus-tugevdav-sampoon-takjas-250-ml\/#breadcrumb\"},\"inLanguage\":\"fi\",\"potentialAction\":[{\"@type\":\"ReadAction\",\"target\":[\"https:\/\/kataloog.orto.ee\/pood\/puhas-loodus-tugevdav-sampoon-takjas-250-ml\/\"]}]},{\"@type\":\"BreadcrumbList\",\"@id\":\"https:\/\/kataloog.orto.ee\/pood\/puhas-loodus-tugevdav-sampoon-takjas-250-ml\/#breadcrumb\",\"itemListElement\":[{\"@type\":\"ListItem\",\"position\":1,\"name\":\"Home\",\"item\":\"https:\/\/kataloog.orto.ee\/\"},{\"@type\":\"ListItem\",\"position\":2,\"name\":\"Tuotteet\",\"item\":\"https:\/\/kataloog.orto.ee\/tooted\/\"},{\"@type\":\"ListItem\",\"position\":3,\"name\":\"Vahvistava shampoo Takiainen Puhas Loodus 250 ml\"}]},{\"@type\":\"WebSite\",\"@id\":\"https:\/\/kataloog.orto.ee\/#website\",\"url\":\"https:\/\/kataloog.orto.ee\/\",\"name\":\"Orto\",\"description\":\"\",\"potentialAction\":[{\"@type\":\"SearchAction\",\"target\":{\"@type\":\"EntryPoint\",\"urlTemplate\":\"https:\/\/kataloog.orto.ee\/?s={search_term_string}\"},\"query-input\":\"required name=search_term_string\"}],\"inLanguage\":\"fi\"}]}<\/script>\n<!-- \/ Yoast SEO plugin. -->","yoast_head_json":{"title":"Vahvistava shampoo Takiainen Puhas Loodus 250 ml - Orto","description":"Vahvistava shampoo Takiainen Puhas Loodus 250 ml","robots":{"index":"noindex","follow":"follow","max-snippet":"max-snippet:-1","max-image-preview":"max-image-preview:large","max-video-preview":"max-video-preview:-1"},"og_locale":"fi_FI","og_type":"article","og_title":"Vahvistava shampoo Takiainen Puhas Loodus 250 ml - Orto","og_description":"Vahvistava shampoo Takiainen Puhas Loodus 250 ml","og_url":"https:\/\/kataloog.orto.ee\/pood\/puhas-loodus-tugevdav-sampoon-takjas-250-ml\/","og_site_name":"Orto","article_modified_time":"2021-09-24T10:31:40+00:00","og_image":[{"width":1413,"height":3000,"url":"https:\/\/kataloog.orto.ee\/wp-content\/uploads\/2020\/04\/Puhas_Loodus_takjas_shampoo-1.png","type":"image\/png"}],"twitter_card":"summary_large_image","twitter_misc":{"Arvioitu lukuaika":"1 minuutti"},"schema":{"@context":"https:\/\/schema.org","@graph":[{"@type":"WebPage","@id":"https:\/\/kataloog.orto.ee\/pood\/puhas-loodus-tugevdav-sampoon-takjas-250-ml\/","url":"https:\/\/kataloog.orto.ee\/pood\/puhas-loodus-tugevdav-sampoon-takjas-250-ml\/","name":"Vahvistava shampoo Takiainen Puhas Loodus 250 ml - Orto","isPartOf":{"@id":"https:\/\/kataloog.orto.ee\/#website"},"datePublished":"2020-04-16T13:13:38+00:00","dateModified":"2021-09-24T10:31:40+00:00","description":"Vahvistava shampoo Takiainen Puhas Loodus 250 ml","breadcrumb":{"@id":"https:\/\/kataloog.orto.ee\/pood\/puhas-loodus-tugevdav-sampoon-takjas-250-ml\/#breadcrumb"},"inLanguage":"fi","potentialAction":[{"@type":"ReadAction","target":["https:\/\/kataloog.orto.ee\/pood\/puhas-loodus-tugevdav-sampoon-takjas-250-ml\/"]}]},{"@type":"BreadcrumbList","@id":"https:\/\/kataloog.orto.ee\/pood\/puhas-loodus-tugevdav-sampoon-takjas-250-ml\/#breadcrumb","itemListElement":[{"@type":"ListItem","position":1,"name":"Home","item":"https:\/\/kataloog.orto.ee\/"},{"@type":"ListItem","position":2,"name":"Tuotteet","item":"https:\/\/kataloog.orto.ee\/tooted\/"},{"@type":"ListItem","position":3,"name":"Vahvistava shampoo Takiainen Puhas Loodus 250 ml"}]},{"@type":"WebSite","@id":"https:\/\/kataloog.orto.ee\/#website","url":"https:\/\/kataloog.orto.ee\/","name":"Orto","description":"","potentialAction":[{"@type":"SearchAction","target":{"@type":"EntryPoint","urlTemplate":"https:\/\/kataloog.orto.ee\/?s={search_term_string}"},"query-input":"required name=search_term_string"}],"inLanguage":"fi"}]}},"_links":{"self":[{"href":"https:\/\/kataloog.orto.ee\/fi\/wp-json\/wp\/v2\/product\/2101"}],"collection":[{"href":"https:\/\/kataloog.orto.ee\/fi\/wp-json\/wp\/v2\/product"}],"about":[{"href":"https:\/\/kataloog.orto.ee\/fi\/wp-json\/wp\/v2\/types\/product"}],"wp:featuredmedia":[{"embeddable":true,"href":"https:\/\/kataloog.orto.ee\/fi\/wp-json\/wp\/v2\/media\/2103"}],"wp:attachment":[{"href":"https:\/\/kataloog.orto.ee\/fi\/wp-json\/wp\/v2\/media?parent=2101"}],"wp:term":[{"taxonomy":"product_cat","embeddable":true,"href":"https:\/\/kataloog.orto.ee\/fi\/wp-json\/wp\/v2\/product_cat?post=2101"},{"taxonomy":"product_tag","embeddable":true,"href":"https:\/\/kataloog.orto.ee\/fi\/wp-json\/wp\/v2\/product_tag?post=2101"}],"curies":[{"name":"wp","href":"https:\/\/api.w.org\/{rel}","templated":true}]}}