{"id":2061,"date":"2020-04-16T16:11:13","date_gmt":"2020-04-16T13:11:13","guid":{"rendered":"https:\/\/orto.ee\/pood\/puhas-loodus-kaitsev-sampoon-paevalill-250-ml\/"},"modified":"2022-06-09T11:38:19","modified_gmt":"2022-06-09T08:38:19","slug":"puhas-loodus-kaitsev-sampoon-paevalill-250-ml","status":"publish","type":"product","link":"https:\/\/kataloog.orto.ee\/fi\/pood\/puhas-loodus-kaitsev-sampoon-paevalill-250-ml\/","title":{"rendered":"V\u00e4ri\u00e4 suojaava shampoo Auringonkukka Puhas Loodus 250 ml"},"content":{"rendered":"<p>Suojaava shampoo normaaleille ja v\u00e4rj\u00e4ttyille hiuksille.<\/p>\n<p>Sis\u00e4lt\u00e4\u00e4 aktiivisia aineosia, jotka suojaavat hiuksia ja palauttavat hiusten rakenteen. 100 % luonnollinen auringonkukansiemenuute auttaa suojaamaan sek\u00e4 v\u00e4rj\u00e4ttyjen ett\u00e4 luonnonv\u00e4risten hiusten v\u00e4ris\u00e4vy\u00e4 ja ehk\u00e4isem\u00e4\u00e4n hiusten haalistumista. Kookosp\u00e4hkin\u00e4\u00f6ljyst\u00e4 ja sokereista saadut luonnolliset pesev\u00e4t aineet ja biolipidit antavat kosteuttavan vaikutuksen ja auttavat s\u00e4ilytt\u00e4m\u00e4\u00e4n hiusv\u00e4rin kirkkauden. Ei s\u00e4vyt\u00e4 hiuksia.<\/p>\n<p>VIHRE\u00c4 KOOSTUMUS \u2013 valtaosa ainesosista on luonnollista alkuper\u00e4\u00e4.<\/p>\n","protected":false},"excerpt":{"rendered":"<p>Suojaava shampoo normaaleille ja v\u00e4rj\u00e4ttyille hiuksille. Sis\u00e4lt\u00e4\u00e4 aktiivisia aineosia, jotka suojaavat hiuksia ja palauttavat hiusten rakenteen. 100 % luonnollinen auringonkukansiemenuute&#8230;<\/p>\n","protected":false},"featured_media":2063,"template":"","meta":{"_et_pb_use_builder":"","_et_pb_old_content":"","_et_gb_content_width":""},"product_cat":[73,132],"product_tag":[],"acf":[],"yoast_head":"<!-- This site is optimized with the Yoast SEO plugin v21.5 - https:\/\/yoast.com\/wordpress\/plugins\/seo\/ -->\n<title>V\u00e4ri\u00e4 suojaava shampoo Auringonkukka Puhas Loodus 250 ml - Orto<\/title>\n<meta name=\"description\" content=\"V\u00e4ri\u00e4 suojaava shampoo Auringonkukka Puhas Loodus 250 ml\" \/>\n<meta name=\"robots\" content=\"noindex, follow, max-snippet:-1, max-image-preview:large, max-video-preview:-1\" \/>\n<meta property=\"og:locale\" content=\"fi_FI\" \/>\n<meta property=\"og:type\" content=\"article\" \/>\n<meta property=\"og:title\" content=\"V\u00e4ri\u00e4 suojaava shampoo Auringonkukka Puhas Loodus 250 ml - Orto\" \/>\n<meta property=\"og:description\" content=\"V\u00e4ri\u00e4 suojaava shampoo Auringonkukka Puhas Loodus 250 ml\" \/>\n<meta property=\"og:url\" content=\"https:\/\/kataloog.orto.ee\/pood\/puhas-loodus-kaitsev-sampoon-paevalill-250-ml\/\" \/>\n<meta property=\"og:site_name\" content=\"Orto\" \/>\n<meta property=\"article:modified_time\" content=\"2022-06-09T08:38:19+00:00\" \/>\n<meta property=\"og:image\" content=\"https:\/\/kataloog.orto.ee\/wp-content\/uploads\/2020\/04\/Puhas_Loodus_paevalill_shampoo-scaled.jpg\" \/>\n\t<meta property=\"og:image:width\" content=\"1206\" \/>\n\t<meta property=\"og:image:height\" content=\"2560\" \/>\n\t<meta property=\"og:image:type\" content=\"image\/jpeg\" \/>\n<meta name=\"twitter:card\" content=\"summary_large_image\" \/>\n<meta name=\"twitter:label1\" content=\"Arvioitu lukuaika\" \/>\n\t<meta name=\"twitter:data1\" content=\"1 minuutti\" \/>\n<script type=\"application\/ld+json\" class=\"yoast-schema-graph\">{\"@context\":\"https:\/\/schema.org\",\"@graph\":[{\"@type\":\"WebPage\",\"@id\":\"https:\/\/kataloog.orto.ee\/pood\/puhas-loodus-kaitsev-sampoon-paevalill-250-ml\/\",\"url\":\"https:\/\/kataloog.orto.ee\/pood\/puhas-loodus-kaitsev-sampoon-paevalill-250-ml\/\",\"name\":\"V\u00e4ri\u00e4 suojaava shampoo Auringonkukka Puhas Loodus 250 ml - Orto\",\"isPartOf\":{\"@id\":\"https:\/\/kataloog.orto.ee\/#website\"},\"datePublished\":\"2020-04-16T13:11:13+00:00\",\"dateModified\":\"2022-06-09T08:38:19+00:00\",\"description\":\"V\u00e4ri\u00e4 suojaava shampoo Auringonkukka Puhas Loodus 250 ml\",\"breadcrumb\":{\"@id\":\"https:\/\/kataloog.orto.ee\/pood\/puhas-loodus-kaitsev-sampoon-paevalill-250-ml\/#breadcrumb\"},\"inLanguage\":\"fi\",\"potentialAction\":[{\"@type\":\"ReadAction\",\"target\":[\"https:\/\/kataloog.orto.ee\/pood\/puhas-loodus-kaitsev-sampoon-paevalill-250-ml\/\"]}]},{\"@type\":\"BreadcrumbList\",\"@id\":\"https:\/\/kataloog.orto.ee\/pood\/puhas-loodus-kaitsev-sampoon-paevalill-250-ml\/#breadcrumb\",\"itemListElement\":[{\"@type\":\"ListItem\",\"position\":1,\"name\":\"Home\",\"item\":\"https:\/\/kataloog.orto.ee\/\"},{\"@type\":\"ListItem\",\"position\":2,\"name\":\"Tuotteet\",\"item\":\"https:\/\/kataloog.orto.ee\/tooted\/\"},{\"@type\":\"ListItem\",\"position\":3,\"name\":\"V\u00e4ri\u00e4 suojaava shampoo Auringonkukka Puhas Loodus 250 ml\"}]},{\"@type\":\"WebSite\",\"@id\":\"https:\/\/kataloog.orto.ee\/#website\",\"url\":\"https:\/\/kataloog.orto.ee\/\",\"name\":\"Orto\",\"description\":\"\",\"potentialAction\":[{\"@type\":\"SearchAction\",\"target\":{\"@type\":\"EntryPoint\",\"urlTemplate\":\"https:\/\/kataloog.orto.ee\/?s={search_term_string}\"},\"query-input\":\"required name=search_term_string\"}],\"inLanguage\":\"fi\"}]}<\/script>\n<!-- \/ Yoast SEO plugin. -->","yoast_head_json":{"title":"V\u00e4ri\u00e4 suojaava shampoo Auringonkukka Puhas Loodus 250 ml - Orto","description":"V\u00e4ri\u00e4 suojaava shampoo Auringonkukka Puhas Loodus 250 ml","robots":{"index":"noindex","follow":"follow","max-snippet":"max-snippet:-1","max-image-preview":"max-image-preview:large","max-video-preview":"max-video-preview:-1"},"og_locale":"fi_FI","og_type":"article","og_title":"V\u00e4ri\u00e4 suojaava shampoo Auringonkukka Puhas Loodus 250 ml - Orto","og_description":"V\u00e4ri\u00e4 suojaava shampoo Auringonkukka Puhas Loodus 250 ml","og_url":"https:\/\/kataloog.orto.ee\/pood\/puhas-loodus-kaitsev-sampoon-paevalill-250-ml\/","og_site_name":"Orto","article_modified_time":"2022-06-09T08:38:19+00:00","og_image":[{"width":1206,"height":2560,"url":"https:\/\/kataloog.orto.ee\/wp-content\/uploads\/2020\/04\/Puhas_Loodus_paevalill_shampoo-scaled.jpg","type":"image\/jpeg"}],"twitter_card":"summary_large_image","twitter_misc":{"Arvioitu lukuaika":"1 minuutti"},"schema":{"@context":"https:\/\/schema.org","@graph":[{"@type":"WebPage","@id":"https:\/\/kataloog.orto.ee\/pood\/puhas-loodus-kaitsev-sampoon-paevalill-250-ml\/","url":"https:\/\/kataloog.orto.ee\/pood\/puhas-loodus-kaitsev-sampoon-paevalill-250-ml\/","name":"V\u00e4ri\u00e4 suojaava shampoo Auringonkukka Puhas Loodus 250 ml - Orto","isPartOf":{"@id":"https:\/\/kataloog.orto.ee\/#website"},"datePublished":"2020-04-16T13:11:13+00:00","dateModified":"2022-06-09T08:38:19+00:00","description":"V\u00e4ri\u00e4 suojaava shampoo Auringonkukka Puhas Loodus 250 ml","breadcrumb":{"@id":"https:\/\/kataloog.orto.ee\/pood\/puhas-loodus-kaitsev-sampoon-paevalill-250-ml\/#breadcrumb"},"inLanguage":"fi","potentialAction":[{"@type":"ReadAction","target":["https:\/\/kataloog.orto.ee\/pood\/puhas-loodus-kaitsev-sampoon-paevalill-250-ml\/"]}]},{"@type":"BreadcrumbList","@id":"https:\/\/kataloog.orto.ee\/pood\/puhas-loodus-kaitsev-sampoon-paevalill-250-ml\/#breadcrumb","itemListElement":[{"@type":"ListItem","position":1,"name":"Home","item":"https:\/\/kataloog.orto.ee\/"},{"@type":"ListItem","position":2,"name":"Tuotteet","item":"https:\/\/kataloog.orto.ee\/tooted\/"},{"@type":"ListItem","position":3,"name":"V\u00e4ri\u00e4 suojaava shampoo Auringonkukka Puhas Loodus 250 ml"}]},{"@type":"WebSite","@id":"https:\/\/kataloog.orto.ee\/#website","url":"https:\/\/kataloog.orto.ee\/","name":"Orto","description":"","potentialAction":[{"@type":"SearchAction","target":{"@type":"EntryPoint","urlTemplate":"https:\/\/kataloog.orto.ee\/?s={search_term_string}"},"query-input":"required name=search_term_string"}],"inLanguage":"fi"}]}},"_links":{"self":[{"href":"https:\/\/kataloog.orto.ee\/fi\/wp-json\/wp\/v2\/product\/2061"}],"collection":[{"href":"https:\/\/kataloog.orto.ee\/fi\/wp-json\/wp\/v2\/product"}],"about":[{"href":"https:\/\/kataloog.orto.ee\/fi\/wp-json\/wp\/v2\/types\/product"}],"wp:featuredmedia":[{"embeddable":true,"href":"https:\/\/kataloog.orto.ee\/fi\/wp-json\/wp\/v2\/media\/2063"}],"wp:attachment":[{"href":"https:\/\/kataloog.orto.ee\/fi\/wp-json\/wp\/v2\/media?parent=2061"}],"wp:term":[{"taxonomy":"product_cat","embeddable":true,"href":"https:\/\/kataloog.orto.ee\/fi\/wp-json\/wp\/v2\/product_cat?post=2061"},{"taxonomy":"product_tag","embeddable":true,"href":"https:\/\/kataloog.orto.ee\/fi\/wp-json\/wp\/v2\/product_tag?post=2061"}],"curies":[{"name":"wp","href":"https:\/\/api.w.org\/{rel}","templated":true}]}}