{"id":2051,"date":"2020-04-16T16:16:23","date_gmt":"2020-04-16T13:16:23","guid":{"rendered":"https:\/\/orto.ee\/pood\/puhas-loodus-niisutav-sampoon-must-sostar-250-ml\/"},"modified":"2022-06-09T12:01:49","modified_gmt":"2022-06-09T09:01:49","slug":"puhas-loodus-niisutav-sampoon-must-sostar-250-ml","status":"publish","type":"product","link":"https:\/\/kataloog.orto.ee\/fi\/pood\/puhas-loodus-niisutav-sampoon-must-sostar-250-ml\/","title":{"rendered":"Kosteuttava shampoo Mustaherukka Puhas Loodus 250 ml"},"content":{"rendered":"<p>Kosteuttava shampoo normaaleille ja herkille hiuksille.<\/p>\n<p>Hell\u00e4varainen ja luonnollinen shampoo on rikastettu kosteuttavilla ainesosilla sek\u00e4 luonnollisilla mustaherukka-, mustikka- ja kahviuutteilla, jotka suojaavat hiuksia. Biolipidit ja aminohapot antavat hiuksille vahvuutta ja elinvoimaa, lis\u00e4\u00e4v\u00e4t kiiltoa ja v\u00e4hent\u00e4v\u00e4t lent\u00e4vyytt\u00e4. Pehme\u00e4t kasvi\u00f6ljyist\u00e4 ja sokereista saadut pesev\u00e4t aineet puhdistavat hiukset ja hiuspohjan hell\u00e4varaisesti. Tuloksena on luonnollisen kauniit hiukset.<\/p>\n<p><em>VIHRE\u00c4 KOOSTUMUS \u2013 valtaosa ainesosista on luonnollista alkuper\u00e4\u00e4.<\/em><\/p>\n","protected":false},"excerpt":{"rendered":"<p>Kosteuttava shampoo normaaleille ja herkille hiuksille. Hell\u00e4varainen ja luonnollinen shampoo on rikastettu kosteuttavilla ainesosilla sek\u00e4 luonnollisilla mustaherukka-, mustikka- ja kahviuutteilla,&#8230;<\/p>\n","protected":false},"featured_media":2053,"template":"","meta":{"_et_pb_use_builder":"","_et_pb_old_content":"","_et_gb_content_width":""},"product_cat":[73,132],"product_tag":[],"acf":[],"yoast_head":"<!-- This site is optimized with the Yoast SEO plugin v21.5 - https:\/\/yoast.com\/wordpress\/plugins\/seo\/ -->\n<title>Kosteuttava shampoo Mustaherukka Puhas Loodus 250 ml - Orto<\/title>\n<meta name=\"description\" content=\"Kosteuttava shampoo Mustaherukka Puhas Loodus 250 ml\" \/>\n<meta name=\"robots\" content=\"noindex, follow, max-snippet:-1, max-image-preview:large, max-video-preview:-1\" \/>\n<meta property=\"og:locale\" content=\"fi_FI\" \/>\n<meta property=\"og:type\" content=\"article\" \/>\n<meta property=\"og:title\" content=\"Kosteuttava shampoo Mustaherukka Puhas Loodus 250 ml - Orto\" \/>\n<meta property=\"og:description\" content=\"Kosteuttava shampoo Mustaherukka Puhas Loodus 250 ml\" \/>\n<meta property=\"og:url\" content=\"https:\/\/kataloog.orto.ee\/pood\/puhas-loodus-niisutav-sampoon-must-sostar-250-ml\/\" \/>\n<meta property=\"og:site_name\" content=\"Orto\" \/>\n<meta property=\"article:modified_time\" content=\"2022-06-09T09:01:49+00:00\" \/>\n<meta property=\"og:image\" content=\"https:\/\/kataloog.orto.ee\/wp-content\/uploads\/2020\/04\/Puhas_Loodus_must-sostar_shampoo-scaled.jpg\" \/>\n\t<meta property=\"og:image:width\" content=\"1206\" \/>\n\t<meta property=\"og:image:height\" content=\"2560\" \/>\n\t<meta property=\"og:image:type\" content=\"image\/jpeg\" \/>\n<meta name=\"twitter:card\" content=\"summary_large_image\" \/>\n<meta name=\"twitter:label1\" content=\"Arvioitu lukuaika\" \/>\n\t<meta name=\"twitter:data1\" content=\"1 minuutti\" \/>\n<script type=\"application\/ld+json\" class=\"yoast-schema-graph\">{\"@context\":\"https:\/\/schema.org\",\"@graph\":[{\"@type\":\"WebPage\",\"@id\":\"https:\/\/kataloog.orto.ee\/pood\/puhas-loodus-niisutav-sampoon-must-sostar-250-ml\/\",\"url\":\"https:\/\/kataloog.orto.ee\/pood\/puhas-loodus-niisutav-sampoon-must-sostar-250-ml\/\",\"name\":\"Kosteuttava shampoo Mustaherukka Puhas Loodus 250 ml - Orto\",\"isPartOf\":{\"@id\":\"https:\/\/kataloog.orto.ee\/#website\"},\"datePublished\":\"2020-04-16T13:16:23+00:00\",\"dateModified\":\"2022-06-09T09:01:49+00:00\",\"description\":\"Kosteuttava shampoo Mustaherukka Puhas Loodus 250 ml\",\"breadcrumb\":{\"@id\":\"https:\/\/kataloog.orto.ee\/pood\/puhas-loodus-niisutav-sampoon-must-sostar-250-ml\/#breadcrumb\"},\"inLanguage\":\"fi\",\"potentialAction\":[{\"@type\":\"ReadAction\",\"target\":[\"https:\/\/kataloog.orto.ee\/pood\/puhas-loodus-niisutav-sampoon-must-sostar-250-ml\/\"]}]},{\"@type\":\"BreadcrumbList\",\"@id\":\"https:\/\/kataloog.orto.ee\/pood\/puhas-loodus-niisutav-sampoon-must-sostar-250-ml\/#breadcrumb\",\"itemListElement\":[{\"@type\":\"ListItem\",\"position\":1,\"name\":\"Home\",\"item\":\"https:\/\/kataloog.orto.ee\/\"},{\"@type\":\"ListItem\",\"position\":2,\"name\":\"Tuotteet\",\"item\":\"https:\/\/kataloog.orto.ee\/tooted\/\"},{\"@type\":\"ListItem\",\"position\":3,\"name\":\"Kosteuttava shampoo Mustaherukka Puhas Loodus 250 ml\"}]},{\"@type\":\"WebSite\",\"@id\":\"https:\/\/kataloog.orto.ee\/#website\",\"url\":\"https:\/\/kataloog.orto.ee\/\",\"name\":\"Orto\",\"description\":\"\",\"potentialAction\":[{\"@type\":\"SearchAction\",\"target\":{\"@type\":\"EntryPoint\",\"urlTemplate\":\"https:\/\/kataloog.orto.ee\/?s={search_term_string}\"},\"query-input\":\"required name=search_term_string\"}],\"inLanguage\":\"fi\"}]}<\/script>\n<!-- \/ Yoast SEO plugin. -->","yoast_head_json":{"title":"Kosteuttava shampoo Mustaherukka Puhas Loodus 250 ml - Orto","description":"Kosteuttava shampoo Mustaherukka Puhas Loodus 250 ml","robots":{"index":"noindex","follow":"follow","max-snippet":"max-snippet:-1","max-image-preview":"max-image-preview:large","max-video-preview":"max-video-preview:-1"},"og_locale":"fi_FI","og_type":"article","og_title":"Kosteuttava shampoo Mustaherukka Puhas Loodus 250 ml - Orto","og_description":"Kosteuttava shampoo Mustaherukka Puhas Loodus 250 ml","og_url":"https:\/\/kataloog.orto.ee\/pood\/puhas-loodus-niisutav-sampoon-must-sostar-250-ml\/","og_site_name":"Orto","article_modified_time":"2022-06-09T09:01:49+00:00","og_image":[{"width":1206,"height":2560,"url":"https:\/\/kataloog.orto.ee\/wp-content\/uploads\/2020\/04\/Puhas_Loodus_must-sostar_shampoo-scaled.jpg","type":"image\/jpeg"}],"twitter_card":"summary_large_image","twitter_misc":{"Arvioitu lukuaika":"1 minuutti"},"schema":{"@context":"https:\/\/schema.org","@graph":[{"@type":"WebPage","@id":"https:\/\/kataloog.orto.ee\/pood\/puhas-loodus-niisutav-sampoon-must-sostar-250-ml\/","url":"https:\/\/kataloog.orto.ee\/pood\/puhas-loodus-niisutav-sampoon-must-sostar-250-ml\/","name":"Kosteuttava shampoo Mustaherukka Puhas Loodus 250 ml - Orto","isPartOf":{"@id":"https:\/\/kataloog.orto.ee\/#website"},"datePublished":"2020-04-16T13:16:23+00:00","dateModified":"2022-06-09T09:01:49+00:00","description":"Kosteuttava shampoo Mustaherukka Puhas Loodus 250 ml","breadcrumb":{"@id":"https:\/\/kataloog.orto.ee\/pood\/puhas-loodus-niisutav-sampoon-must-sostar-250-ml\/#breadcrumb"},"inLanguage":"fi","potentialAction":[{"@type":"ReadAction","target":["https:\/\/kataloog.orto.ee\/pood\/puhas-loodus-niisutav-sampoon-must-sostar-250-ml\/"]}]},{"@type":"BreadcrumbList","@id":"https:\/\/kataloog.orto.ee\/pood\/puhas-loodus-niisutav-sampoon-must-sostar-250-ml\/#breadcrumb","itemListElement":[{"@type":"ListItem","position":1,"name":"Home","item":"https:\/\/kataloog.orto.ee\/"},{"@type":"ListItem","position":2,"name":"Tuotteet","item":"https:\/\/kataloog.orto.ee\/tooted\/"},{"@type":"ListItem","position":3,"name":"Kosteuttava shampoo Mustaherukka Puhas Loodus 250 ml"}]},{"@type":"WebSite","@id":"https:\/\/kataloog.orto.ee\/#website","url":"https:\/\/kataloog.orto.ee\/","name":"Orto","description":"","potentialAction":[{"@type":"SearchAction","target":{"@type":"EntryPoint","urlTemplate":"https:\/\/kataloog.orto.ee\/?s={search_term_string}"},"query-input":"required name=search_term_string"}],"inLanguage":"fi"}]}},"_links":{"self":[{"href":"https:\/\/kataloog.orto.ee\/fi\/wp-json\/wp\/v2\/product\/2051"}],"collection":[{"href":"https:\/\/kataloog.orto.ee\/fi\/wp-json\/wp\/v2\/product"}],"about":[{"href":"https:\/\/kataloog.orto.ee\/fi\/wp-json\/wp\/v2\/types\/product"}],"wp:featuredmedia":[{"embeddable":true,"href":"https:\/\/kataloog.orto.ee\/fi\/wp-json\/wp\/v2\/media\/2053"}],"wp:attachment":[{"href":"https:\/\/kataloog.orto.ee\/fi\/wp-json\/wp\/v2\/media?parent=2051"}],"wp:term":[{"taxonomy":"product_cat","embeddable":true,"href":"https:\/\/kataloog.orto.ee\/fi\/wp-json\/wp\/v2\/product_cat?post=2051"},{"taxonomy":"product_tag","embeddable":true,"href":"https:\/\/kataloog.orto.ee\/fi\/wp-json\/wp\/v2\/product_tag?post=2051"}],"curies":[{"name":"wp","href":"https:\/\/api.w.org\/{rel}","templated":true}]}}