{"id":2009,"date":"2020-09-22T12:59:28","date_gmt":"2020-09-22T09:59:28","guid":{"rendered":"https:\/\/orto.ee\/pood\/puhas-loodus-dusi-ja-vannioli-250-ml-2\/"},"modified":"2022-06-03T13:16:54","modified_gmt":"2022-06-03T10:16:54","slug":"puhas-loodus-dusi-ja-vannioli-250-ml-2","status":"publish","type":"product","link":"https:\/\/kataloog.orto.ee\/fi\/pood\/puhas-loodus-dusi-ja-vannioli-250-ml-2\/","title":{"rendered":"Suihku- ja kylpy\u00f6ljy Puhas Loodus 250 ml"},"content":{"rendered":"<p>Suihku- ja kylpy\u00f6ljy kuivalle ja herk\u00e4lle iholle.<\/p>\n<p>Sis\u00e4lt\u00e4\u00e4 arvokkaita ryp\u00e4leensiemen-, kookos-, rosmariini-, risiini- ja rypsi\u00f6ljyj\u00e4, jotka takaavat tehokkaan ihonhoidon. Vedet\u00f6n koostumus on runsaasti kosteuttava ja soveltuu my\u00f6s usein toistuvaan k\u00e4ytt\u00f6\u00f6n. Suihku\u00f6ljy muuttuu veden kanssa k\u00e4ytettyn\u00e4 maitomaiseksi vaahdoksi, joka puhdistaa hell\u00e4varaisesti, j\u00e4tt\u00e4en ihon pehme\u00e4ksi ja miellytt\u00e4v\u00e4n tuoksuiseksi.<\/p>\n<p>VIHRE\u00c4 KOOSTUMUS \u2013 yli 60% p\u00e4\u00e4asiassa luonnollista alkuper\u00e4\u00e4 olevista ainesosista on luonnollisia \u00f6ljyj\u00e4. Ei sis\u00e4ll\u00e4 s\u00e4il\u00f6nt\u00e4- ja v\u00e4riaineita.<\/p>\n<p>&nbsp;<\/p>\n","protected":false},"excerpt":{"rendered":"<p>Suihku- ja kylpy\u00f6ljy kuivalle ja herk\u00e4lle iholle. Sis\u00e4lt\u00e4\u00e4 arvokkaita ryp\u00e4leensiemen-, kookos-, rosmariini-, risiini- ja rypsi\u00f6ljyj\u00e4, jotka takaavat tehokkaan ihonhoidon. Vedet\u00f6n&#8230;<\/p>\n","protected":false},"featured_media":2960,"template":"","meta":{"_et_pb_use_builder":"","_et_pb_old_content":"","_et_gb_content_width":""},"product_cat":[126],"product_tag":[160],"acf":[],"yoast_head":"<!-- This site is optimized with the Yoast SEO plugin v21.5 - https:\/\/yoast.com\/wordpress\/plugins\/seo\/ -->\n<title>Suihku- ja kylpy\u00f6ljy Puhas Loodus 250 ml - Orto<\/title>\n<meta name=\"description\" content=\"Suihku- ja kylpy\u00f6ljy Puhas Loodus 250 ml\" \/>\n<meta name=\"robots\" content=\"noindex, follow, max-snippet:-1, max-image-preview:large, max-video-preview:-1\" \/>\n<meta property=\"og:locale\" content=\"fi_FI\" \/>\n<meta property=\"og:type\" content=\"article\" \/>\n<meta property=\"og:title\" content=\"Suihku- ja kylpy\u00f6ljy Puhas Loodus 250 ml - Orto\" \/>\n<meta property=\"og:description\" content=\"Suihku- ja kylpy\u00f6ljy Puhas Loodus 250 ml\" \/>\n<meta property=\"og:url\" content=\"https:\/\/kataloog.orto.ee\/pood\/puhas-loodus-dusi-ja-vannioli-250-ml-2\/\" \/>\n<meta property=\"og:site_name\" content=\"Orto\" \/>\n<meta property=\"article:modified_time\" content=\"2022-06-03T10:16:54+00:00\" \/>\n<meta property=\"og:image\" content=\"https:\/\/kataloog.orto.ee\/wp-content\/uploads\/2021\/09\/PL-Dusioli-pilt-scaled.jpg\" \/>\n\t<meta property=\"og:image:width\" content=\"1465\" \/>\n\t<meta property=\"og:image:height\" content=\"2560\" \/>\n\t<meta property=\"og:image:type\" content=\"image\/jpeg\" \/>\n<meta name=\"twitter:card\" content=\"summary_large_image\" \/>\n<meta name=\"twitter:label1\" content=\"Arvioitu lukuaika\" \/>\n\t<meta name=\"twitter:data1\" content=\"1 minuutti\" \/>\n<script type=\"application\/ld+json\" class=\"yoast-schema-graph\">{\"@context\":\"https:\/\/schema.org\",\"@graph\":[{\"@type\":\"WebPage\",\"@id\":\"https:\/\/kataloog.orto.ee\/pood\/puhas-loodus-dusi-ja-vannioli-250-ml-2\/\",\"url\":\"https:\/\/kataloog.orto.ee\/pood\/puhas-loodus-dusi-ja-vannioli-250-ml-2\/\",\"name\":\"Suihku- ja kylpy\u00f6ljy Puhas Loodus 250 ml - Orto\",\"isPartOf\":{\"@id\":\"https:\/\/kataloog.orto.ee\/#website\"},\"datePublished\":\"2020-09-22T09:59:28+00:00\",\"dateModified\":\"2022-06-03T10:16:54+00:00\",\"description\":\"Suihku- ja kylpy\u00f6ljy Puhas Loodus 250 ml\",\"breadcrumb\":{\"@id\":\"https:\/\/kataloog.orto.ee\/pood\/puhas-loodus-dusi-ja-vannioli-250-ml-2\/#breadcrumb\"},\"inLanguage\":\"fi\",\"potentialAction\":[{\"@type\":\"ReadAction\",\"target\":[\"https:\/\/kataloog.orto.ee\/pood\/puhas-loodus-dusi-ja-vannioli-250-ml-2\/\"]}]},{\"@type\":\"BreadcrumbList\",\"@id\":\"https:\/\/kataloog.orto.ee\/pood\/puhas-loodus-dusi-ja-vannioli-250-ml-2\/#breadcrumb\",\"itemListElement\":[{\"@type\":\"ListItem\",\"position\":1,\"name\":\"Home\",\"item\":\"https:\/\/kataloog.orto.ee\/\"},{\"@type\":\"ListItem\",\"position\":2,\"name\":\"Tuotteet\",\"item\":\"https:\/\/kataloog.orto.ee\/tooted\/\"},{\"@type\":\"ListItem\",\"position\":3,\"name\":\"Suihku- ja kylpy\u00f6ljy Puhas Loodus 250 ml\"}]},{\"@type\":\"WebSite\",\"@id\":\"https:\/\/kataloog.orto.ee\/#website\",\"url\":\"https:\/\/kataloog.orto.ee\/\",\"name\":\"Orto\",\"description\":\"\",\"potentialAction\":[{\"@type\":\"SearchAction\",\"target\":{\"@type\":\"EntryPoint\",\"urlTemplate\":\"https:\/\/kataloog.orto.ee\/?s={search_term_string}\"},\"query-input\":\"required name=search_term_string\"}],\"inLanguage\":\"fi\"}]}<\/script>\n<!-- \/ Yoast SEO plugin. -->","yoast_head_json":{"title":"Suihku- ja kylpy\u00f6ljy Puhas Loodus 250 ml - Orto","description":"Suihku- ja kylpy\u00f6ljy Puhas Loodus 250 ml","robots":{"index":"noindex","follow":"follow","max-snippet":"max-snippet:-1","max-image-preview":"max-image-preview:large","max-video-preview":"max-video-preview:-1"},"og_locale":"fi_FI","og_type":"article","og_title":"Suihku- ja kylpy\u00f6ljy Puhas Loodus 250 ml - Orto","og_description":"Suihku- ja kylpy\u00f6ljy Puhas Loodus 250 ml","og_url":"https:\/\/kataloog.orto.ee\/pood\/puhas-loodus-dusi-ja-vannioli-250-ml-2\/","og_site_name":"Orto","article_modified_time":"2022-06-03T10:16:54+00:00","og_image":[{"width":1465,"height":2560,"url":"https:\/\/kataloog.orto.ee\/wp-content\/uploads\/2021\/09\/PL-Dusioli-pilt-scaled.jpg","type":"image\/jpeg"}],"twitter_card":"summary_large_image","twitter_misc":{"Arvioitu lukuaika":"1 minuutti"},"schema":{"@context":"https:\/\/schema.org","@graph":[{"@type":"WebPage","@id":"https:\/\/kataloog.orto.ee\/pood\/puhas-loodus-dusi-ja-vannioli-250-ml-2\/","url":"https:\/\/kataloog.orto.ee\/pood\/puhas-loodus-dusi-ja-vannioli-250-ml-2\/","name":"Suihku- ja kylpy\u00f6ljy Puhas Loodus 250 ml - Orto","isPartOf":{"@id":"https:\/\/kataloog.orto.ee\/#website"},"datePublished":"2020-09-22T09:59:28+00:00","dateModified":"2022-06-03T10:16:54+00:00","description":"Suihku- ja kylpy\u00f6ljy Puhas Loodus 250 ml","breadcrumb":{"@id":"https:\/\/kataloog.orto.ee\/pood\/puhas-loodus-dusi-ja-vannioli-250-ml-2\/#breadcrumb"},"inLanguage":"fi","potentialAction":[{"@type":"ReadAction","target":["https:\/\/kataloog.orto.ee\/pood\/puhas-loodus-dusi-ja-vannioli-250-ml-2\/"]}]},{"@type":"BreadcrumbList","@id":"https:\/\/kataloog.orto.ee\/pood\/puhas-loodus-dusi-ja-vannioli-250-ml-2\/#breadcrumb","itemListElement":[{"@type":"ListItem","position":1,"name":"Home","item":"https:\/\/kataloog.orto.ee\/"},{"@type":"ListItem","position":2,"name":"Tuotteet","item":"https:\/\/kataloog.orto.ee\/tooted\/"},{"@type":"ListItem","position":3,"name":"Suihku- ja kylpy\u00f6ljy Puhas Loodus 250 ml"}]},{"@type":"WebSite","@id":"https:\/\/kataloog.orto.ee\/#website","url":"https:\/\/kataloog.orto.ee\/","name":"Orto","description":"","potentialAction":[{"@type":"SearchAction","target":{"@type":"EntryPoint","urlTemplate":"https:\/\/kataloog.orto.ee\/?s={search_term_string}"},"query-input":"required name=search_term_string"}],"inLanguage":"fi"}]}},"_links":{"self":[{"href":"https:\/\/kataloog.orto.ee\/fi\/wp-json\/wp\/v2\/product\/2009"}],"collection":[{"href":"https:\/\/kataloog.orto.ee\/fi\/wp-json\/wp\/v2\/product"}],"about":[{"href":"https:\/\/kataloog.orto.ee\/fi\/wp-json\/wp\/v2\/types\/product"}],"wp:featuredmedia":[{"embeddable":true,"href":"https:\/\/kataloog.orto.ee\/fi\/wp-json\/wp\/v2\/media\/2960"}],"wp:attachment":[{"href":"https:\/\/kataloog.orto.ee\/fi\/wp-json\/wp\/v2\/media?parent=2009"}],"wp:term":[{"taxonomy":"product_cat","embeddable":true,"href":"https:\/\/kataloog.orto.ee\/fi\/wp-json\/wp\/v2\/product_cat?post=2009"},{"taxonomy":"product_tag","embeddable":true,"href":"https:\/\/kataloog.orto.ee\/fi\/wp-json\/wp\/v2\/product_tag?post=2009"}],"curies":[{"name":"wp","href":"https:\/\/api.w.org\/{rel}","templated":true}]}}