{"id":1993,"date":"2020-09-22T12:53:46","date_gmt":"2020-09-22T09:53:46","guid":{"rendered":"https:\/\/orto.ee\/pood\/puhas-loodus-sport-dusigeel-meestele\/"},"modified":"2021-09-24T13:20:14","modified_gmt":"2021-09-24T10:20:14","slug":"puhas-loodus-sport-dusigeel-meestele","status":"publish","type":"product","link":"https:\/\/kataloog.orto.ee\/fi\/pood\/puhas-loodus-sport-dusigeel-meestele\/","title":{"rendered":"Sport suihkugeeli miehille 250 ml"},"content":{"rendered":"<p>Luonnollista mentoli ja piparminttu-uutetta sis\u00e4lt\u00e4v\u00e4 virkist\u00e4v\u00e4 ja energisoiva suihkugeeli.<\/p>\n<p>Sopii aktiivista el\u00e4m\u00e4ntyyli\u00e4 harrastavalle miehelle. Piparminttu-uute ja mentoli viilent\u00e4v\u00e4t ja kiinteytt\u00e4v\u00e4t ihoa sek\u00e4 j\u00e4tt\u00e4v\u00e4t raikkaan ja puhtaan tunteen. Suihkugeeli on erinomainen virkist\u00e4j\u00e4, joka auttaa palauttamaan kehon energiaa. Miehek\u00e4s tuoksu pirist\u00e4\u00e4 mielt\u00e4 ja tuo ryhti\u00e4 koko p\u00e4iv\u00e4\u00e4n.<\/p>\n","protected":false},"excerpt":{"rendered":"<p>Luonnollista mentoli ja piparminttu-uutetta sis\u00e4lt\u00e4v\u00e4 virkist\u00e4v\u00e4 ja energisoiva suihkugeeli. Sopii aktiivista el\u00e4m\u00e4ntyyli\u00e4 harrastavalle miehelle. Piparminttu-uute ja mentoli viilent\u00e4v\u00e4t ja kiinteytt\u00e4v\u00e4t&#8230;<\/p>\n","protected":false},"featured_media":1994,"template":"","meta":{"_et_pb_use_builder":"","_et_pb_old_content":"","_et_gb_content_width":""},"product_cat":[126],"product_tag":[],"acf":[],"yoast_head":"<!-- This site is optimized with the Yoast SEO plugin v21.5 - https:\/\/yoast.com\/wordpress\/plugins\/seo\/ -->\n<title>Sport suihkugeeli miehille 250 ml - Orto<\/title>\n<meta name=\"description\" content=\"Sport suihkugeeli miehille 250 ml\" \/>\n<meta name=\"robots\" content=\"noindex, follow, max-snippet:-1, max-image-preview:large, max-video-preview:-1\" \/>\n<meta property=\"og:locale\" content=\"fi_FI\" \/>\n<meta property=\"og:type\" content=\"article\" \/>\n<meta property=\"og:title\" content=\"Sport suihkugeeli miehille 250 ml - Orto\" \/>\n<meta property=\"og:description\" content=\"Sport suihkugeeli miehille 250 ml\" \/>\n<meta property=\"og:url\" content=\"https:\/\/kataloog.orto.ee\/pood\/puhas-loodus-sport-dusigeel-meestele\/\" \/>\n<meta property=\"og:site_name\" content=\"Orto\" \/>\n<meta property=\"article:modified_time\" content=\"2021-09-24T10:20:14+00:00\" \/>\n<meta property=\"og:image\" content=\"https:\/\/kataloog.orto.ee\/wp-content\/uploads\/2020\/09\/4740006013739-scaled.jpg\" \/>\n\t<meta property=\"og:image:width\" content=\"1206\" \/>\n\t<meta property=\"og:image:height\" content=\"2560\" \/>\n\t<meta property=\"og:image:type\" content=\"image\/jpeg\" \/>\n<meta name=\"twitter:card\" content=\"summary_large_image\" \/>\n<meta name=\"twitter:label1\" content=\"Arvioitu lukuaika\" \/>\n\t<meta name=\"twitter:data1\" content=\"1 minuutti\" \/>\n<script type=\"application\/ld+json\" class=\"yoast-schema-graph\">{\"@context\":\"https:\/\/schema.org\",\"@graph\":[{\"@type\":\"WebPage\",\"@id\":\"https:\/\/kataloog.orto.ee\/pood\/puhas-loodus-sport-dusigeel-meestele\/\",\"url\":\"https:\/\/kataloog.orto.ee\/pood\/puhas-loodus-sport-dusigeel-meestele\/\",\"name\":\"Sport suihkugeeli miehille 250 ml - Orto\",\"isPartOf\":{\"@id\":\"https:\/\/kataloog.orto.ee\/#website\"},\"datePublished\":\"2020-09-22T09:53:46+00:00\",\"dateModified\":\"2021-09-24T10:20:14+00:00\",\"description\":\"Sport suihkugeeli miehille 250 ml\",\"breadcrumb\":{\"@id\":\"https:\/\/kataloog.orto.ee\/pood\/puhas-loodus-sport-dusigeel-meestele\/#breadcrumb\"},\"inLanguage\":\"fi\",\"potentialAction\":[{\"@type\":\"ReadAction\",\"target\":[\"https:\/\/kataloog.orto.ee\/pood\/puhas-loodus-sport-dusigeel-meestele\/\"]}]},{\"@type\":\"BreadcrumbList\",\"@id\":\"https:\/\/kataloog.orto.ee\/pood\/puhas-loodus-sport-dusigeel-meestele\/#breadcrumb\",\"itemListElement\":[{\"@type\":\"ListItem\",\"position\":1,\"name\":\"Home\",\"item\":\"https:\/\/kataloog.orto.ee\/\"},{\"@type\":\"ListItem\",\"position\":2,\"name\":\"Tuotteet\",\"item\":\"https:\/\/kataloog.orto.ee\/tooted\/\"},{\"@type\":\"ListItem\",\"position\":3,\"name\":\"Sport suihkugeeli miehille 250 ml\"}]},{\"@type\":\"WebSite\",\"@id\":\"https:\/\/kataloog.orto.ee\/#website\",\"url\":\"https:\/\/kataloog.orto.ee\/\",\"name\":\"Orto\",\"description\":\"\",\"potentialAction\":[{\"@type\":\"SearchAction\",\"target\":{\"@type\":\"EntryPoint\",\"urlTemplate\":\"https:\/\/kataloog.orto.ee\/?s={search_term_string}\"},\"query-input\":\"required name=search_term_string\"}],\"inLanguage\":\"fi\"}]}<\/script>\n<!-- \/ Yoast SEO plugin. -->","yoast_head_json":{"title":"Sport suihkugeeli miehille 250 ml - Orto","description":"Sport suihkugeeli miehille 250 ml","robots":{"index":"noindex","follow":"follow","max-snippet":"max-snippet:-1","max-image-preview":"max-image-preview:large","max-video-preview":"max-video-preview:-1"},"og_locale":"fi_FI","og_type":"article","og_title":"Sport suihkugeeli miehille 250 ml - Orto","og_description":"Sport suihkugeeli miehille 250 ml","og_url":"https:\/\/kataloog.orto.ee\/pood\/puhas-loodus-sport-dusigeel-meestele\/","og_site_name":"Orto","article_modified_time":"2021-09-24T10:20:14+00:00","og_image":[{"width":1206,"height":2560,"url":"https:\/\/kataloog.orto.ee\/wp-content\/uploads\/2020\/09\/4740006013739-scaled.jpg","type":"image\/jpeg"}],"twitter_card":"summary_large_image","twitter_misc":{"Arvioitu lukuaika":"1 minuutti"},"schema":{"@context":"https:\/\/schema.org","@graph":[{"@type":"WebPage","@id":"https:\/\/kataloog.orto.ee\/pood\/puhas-loodus-sport-dusigeel-meestele\/","url":"https:\/\/kataloog.orto.ee\/pood\/puhas-loodus-sport-dusigeel-meestele\/","name":"Sport suihkugeeli miehille 250 ml - Orto","isPartOf":{"@id":"https:\/\/kataloog.orto.ee\/#website"},"datePublished":"2020-09-22T09:53:46+00:00","dateModified":"2021-09-24T10:20:14+00:00","description":"Sport suihkugeeli miehille 250 ml","breadcrumb":{"@id":"https:\/\/kataloog.orto.ee\/pood\/puhas-loodus-sport-dusigeel-meestele\/#breadcrumb"},"inLanguage":"fi","potentialAction":[{"@type":"ReadAction","target":["https:\/\/kataloog.orto.ee\/pood\/puhas-loodus-sport-dusigeel-meestele\/"]}]},{"@type":"BreadcrumbList","@id":"https:\/\/kataloog.orto.ee\/pood\/puhas-loodus-sport-dusigeel-meestele\/#breadcrumb","itemListElement":[{"@type":"ListItem","position":1,"name":"Home","item":"https:\/\/kataloog.orto.ee\/"},{"@type":"ListItem","position":2,"name":"Tuotteet","item":"https:\/\/kataloog.orto.ee\/tooted\/"},{"@type":"ListItem","position":3,"name":"Sport suihkugeeli miehille 250 ml"}]},{"@type":"WebSite","@id":"https:\/\/kataloog.orto.ee\/#website","url":"https:\/\/kataloog.orto.ee\/","name":"Orto","description":"","potentialAction":[{"@type":"SearchAction","target":{"@type":"EntryPoint","urlTemplate":"https:\/\/kataloog.orto.ee\/?s={search_term_string}"},"query-input":"required name=search_term_string"}],"inLanguage":"fi"}]}},"_links":{"self":[{"href":"https:\/\/kataloog.orto.ee\/fi\/wp-json\/wp\/v2\/product\/1993"}],"collection":[{"href":"https:\/\/kataloog.orto.ee\/fi\/wp-json\/wp\/v2\/product"}],"about":[{"href":"https:\/\/kataloog.orto.ee\/fi\/wp-json\/wp\/v2\/types\/product"}],"wp:featuredmedia":[{"embeddable":true,"href":"https:\/\/kataloog.orto.ee\/fi\/wp-json\/wp\/v2\/media\/1994"}],"wp:attachment":[{"href":"https:\/\/kataloog.orto.ee\/fi\/wp-json\/wp\/v2\/media?parent=1993"}],"wp:term":[{"taxonomy":"product_cat","embeddable":true,"href":"https:\/\/kataloog.orto.ee\/fi\/wp-json\/wp\/v2\/product_cat?post=1993"},{"taxonomy":"product_tag","embeddable":true,"href":"https:\/\/kataloog.orto.ee\/fi\/wp-json\/wp\/v2\/product_tag?post=1993"}],"curies":[{"name":"wp","href":"https:\/\/api.w.org\/{rel}","templated":true}]}}