{"id":1947,"date":"2020-04-17T13:59:42","date_gmt":"2020-04-17T10:59:42","guid":{"rendered":"https:\/\/orto.ee\/pood\/puhas-kodu-antistaatiline-porandapesuvahend-500ml\/"},"modified":"2022-06-06T13:42:06","modified_gmt":"2022-06-06T10:42:06","slug":"puhas-kodu-antistaatiline-porandapesuvahend-500ml","status":"publish","type":"product","link":"https:\/\/kataloog.orto.ee\/fi\/pood\/puhas-kodu-antistaatiline-porandapesuvahend-500ml\/","title":{"rendered":"Lattianpesuaine Puhas Kodu 500 ml"},"content":{"rendered":"<p>Antistaattinen lattianpesuaine.<\/p>\n<p>Pesuainetiiviste maalattujen puulattioiden, laminaattiparketin, muovisten tai keraamisten lattialaattojen pesuun. Puhdistaa tehokkaasti ja antaa antistaattisen vaikutuksen. Soveltuu k\u00e4ytett\u00e4v\u00e4ksi sek\u00e4 kotona ett\u00e4 julkisissa tiloissa. Laminaattilattioiden pesuun tulisi k\u00e4ytt\u00e4\u00e4 laimeampaa liuosta ja v\u00e4lt\u00e4 liiallista kosteutta lattialla. Noudata lattianp\u00e4\u00e4llysteen valmistajan ohjeita.<\/p>\n","protected":false},"excerpt":{"rendered":"<p>Antistaattinen lattianpesuaine. Pesuainetiiviste maalattujen puulattioiden, laminaattiparketin, muovisten tai keraamisten lattialaattojen pesuun. Puhdistaa tehokkaasti ja antaa antistaattisen vaikutuksen. Soveltuu k\u00e4ytett\u00e4v\u00e4ksi sek\u00e4&#8230;<\/p>\n","protected":false},"featured_media":1948,"template":"","meta":{"_et_pb_use_builder":"","_et_pb_old_content":"","_et_gb_content_width":""},"product_cat":[93],"product_tag":[],"acf":[],"yoast_head":"<!-- This site is optimized with the Yoast SEO plugin v21.5 - https:\/\/yoast.com\/wordpress\/plugins\/seo\/ -->\n<title>Lattianpesuaine Puhas Kodu 500 ml - Orto<\/title>\n<meta name=\"description\" content=\"Lattianpesuaine Puhas Kodu 500 ml\" \/>\n<meta name=\"robots\" content=\"noindex, follow, max-snippet:-1, max-image-preview:large, max-video-preview:-1\" \/>\n<meta property=\"og:locale\" content=\"fi_FI\" \/>\n<meta property=\"og:type\" content=\"article\" \/>\n<meta property=\"og:title\" content=\"Lattianpesuaine Puhas Kodu 500 ml - Orto\" \/>\n<meta property=\"og:description\" content=\"Lattianpesuaine Puhas Kodu 500 ml\" \/>\n<meta property=\"og:url\" content=\"https:\/\/kataloog.orto.ee\/pood\/puhas-kodu-antistaatiline-porandapesuvahend-500ml\/\" \/>\n<meta property=\"og:site_name\" content=\"Orto\" \/>\n<meta property=\"article:modified_time\" content=\"2022-06-06T10:42:06+00:00\" \/>\n<meta property=\"og:image\" content=\"https:\/\/kataloog.orto.ee\/wp-content\/uploads\/2020\/04\/4740006004034-scaled.jpg\" \/>\n\t<meta property=\"og:image:width\" content=\"1784\" \/>\n\t<meta property=\"og:image:height\" content=\"2560\" \/>\n\t<meta property=\"og:image:type\" content=\"image\/jpeg\" \/>\n<meta name=\"twitter:card\" content=\"summary_large_image\" \/>\n<meta name=\"twitter:label1\" content=\"Arvioitu lukuaika\" \/>\n\t<meta name=\"twitter:data1\" content=\"1 minuutti\" \/>\n<script type=\"application\/ld+json\" class=\"yoast-schema-graph\">{\"@context\":\"https:\/\/schema.org\",\"@graph\":[{\"@type\":\"WebPage\",\"@id\":\"https:\/\/kataloog.orto.ee\/pood\/puhas-kodu-antistaatiline-porandapesuvahend-500ml\/\",\"url\":\"https:\/\/kataloog.orto.ee\/pood\/puhas-kodu-antistaatiline-porandapesuvahend-500ml\/\",\"name\":\"Lattianpesuaine Puhas Kodu 500 ml - Orto\",\"isPartOf\":{\"@id\":\"https:\/\/kataloog.orto.ee\/#website\"},\"datePublished\":\"2020-04-17T10:59:42+00:00\",\"dateModified\":\"2022-06-06T10:42:06+00:00\",\"description\":\"Lattianpesuaine Puhas Kodu 500 ml\",\"breadcrumb\":{\"@id\":\"https:\/\/kataloog.orto.ee\/pood\/puhas-kodu-antistaatiline-porandapesuvahend-500ml\/#breadcrumb\"},\"inLanguage\":\"fi\",\"potentialAction\":[{\"@type\":\"ReadAction\",\"target\":[\"https:\/\/kataloog.orto.ee\/pood\/puhas-kodu-antistaatiline-porandapesuvahend-500ml\/\"]}]},{\"@type\":\"BreadcrumbList\",\"@id\":\"https:\/\/kataloog.orto.ee\/pood\/puhas-kodu-antistaatiline-porandapesuvahend-500ml\/#breadcrumb\",\"itemListElement\":[{\"@type\":\"ListItem\",\"position\":1,\"name\":\"Home\",\"item\":\"https:\/\/kataloog.orto.ee\/\"},{\"@type\":\"ListItem\",\"position\":2,\"name\":\"Tuotteet\",\"item\":\"https:\/\/kataloog.orto.ee\/tooted\/\"},{\"@type\":\"ListItem\",\"position\":3,\"name\":\"Lattianpesuaine Puhas Kodu 500 ml\"}]},{\"@type\":\"WebSite\",\"@id\":\"https:\/\/kataloog.orto.ee\/#website\",\"url\":\"https:\/\/kataloog.orto.ee\/\",\"name\":\"Orto\",\"description\":\"\",\"potentialAction\":[{\"@type\":\"SearchAction\",\"target\":{\"@type\":\"EntryPoint\",\"urlTemplate\":\"https:\/\/kataloog.orto.ee\/?s={search_term_string}\"},\"query-input\":\"required name=search_term_string\"}],\"inLanguage\":\"fi\"}]}<\/script>\n<!-- \/ Yoast SEO plugin. -->","yoast_head_json":{"title":"Lattianpesuaine Puhas Kodu 500 ml - Orto","description":"Lattianpesuaine Puhas Kodu 500 ml","robots":{"index":"noindex","follow":"follow","max-snippet":"max-snippet:-1","max-image-preview":"max-image-preview:large","max-video-preview":"max-video-preview:-1"},"og_locale":"fi_FI","og_type":"article","og_title":"Lattianpesuaine Puhas Kodu 500 ml - Orto","og_description":"Lattianpesuaine Puhas Kodu 500 ml","og_url":"https:\/\/kataloog.orto.ee\/pood\/puhas-kodu-antistaatiline-porandapesuvahend-500ml\/","og_site_name":"Orto","article_modified_time":"2022-06-06T10:42:06+00:00","og_image":[{"width":1784,"height":2560,"url":"https:\/\/kataloog.orto.ee\/wp-content\/uploads\/2020\/04\/4740006004034-scaled.jpg","type":"image\/jpeg"}],"twitter_card":"summary_large_image","twitter_misc":{"Arvioitu lukuaika":"1 minuutti"},"schema":{"@context":"https:\/\/schema.org","@graph":[{"@type":"WebPage","@id":"https:\/\/kataloog.orto.ee\/pood\/puhas-kodu-antistaatiline-porandapesuvahend-500ml\/","url":"https:\/\/kataloog.orto.ee\/pood\/puhas-kodu-antistaatiline-porandapesuvahend-500ml\/","name":"Lattianpesuaine Puhas Kodu 500 ml - Orto","isPartOf":{"@id":"https:\/\/kataloog.orto.ee\/#website"},"datePublished":"2020-04-17T10:59:42+00:00","dateModified":"2022-06-06T10:42:06+00:00","description":"Lattianpesuaine Puhas Kodu 500 ml","breadcrumb":{"@id":"https:\/\/kataloog.orto.ee\/pood\/puhas-kodu-antistaatiline-porandapesuvahend-500ml\/#breadcrumb"},"inLanguage":"fi","potentialAction":[{"@type":"ReadAction","target":["https:\/\/kataloog.orto.ee\/pood\/puhas-kodu-antistaatiline-porandapesuvahend-500ml\/"]}]},{"@type":"BreadcrumbList","@id":"https:\/\/kataloog.orto.ee\/pood\/puhas-kodu-antistaatiline-porandapesuvahend-500ml\/#breadcrumb","itemListElement":[{"@type":"ListItem","position":1,"name":"Home","item":"https:\/\/kataloog.orto.ee\/"},{"@type":"ListItem","position":2,"name":"Tuotteet","item":"https:\/\/kataloog.orto.ee\/tooted\/"},{"@type":"ListItem","position":3,"name":"Lattianpesuaine Puhas Kodu 500 ml"}]},{"@type":"WebSite","@id":"https:\/\/kataloog.orto.ee\/#website","url":"https:\/\/kataloog.orto.ee\/","name":"Orto","description":"","potentialAction":[{"@type":"SearchAction","target":{"@type":"EntryPoint","urlTemplate":"https:\/\/kataloog.orto.ee\/?s={search_term_string}"},"query-input":"required name=search_term_string"}],"inLanguage":"fi"}]}},"_links":{"self":[{"href":"https:\/\/kataloog.orto.ee\/fi\/wp-json\/wp\/v2\/product\/1947"}],"collection":[{"href":"https:\/\/kataloog.orto.ee\/fi\/wp-json\/wp\/v2\/product"}],"about":[{"href":"https:\/\/kataloog.orto.ee\/fi\/wp-json\/wp\/v2\/types\/product"}],"wp:featuredmedia":[{"embeddable":true,"href":"https:\/\/kataloog.orto.ee\/fi\/wp-json\/wp\/v2\/media\/1948"}],"wp:attachment":[{"href":"https:\/\/kataloog.orto.ee\/fi\/wp-json\/wp\/v2\/media?parent=1947"}],"wp:term":[{"taxonomy":"product_cat","embeddable":true,"href":"https:\/\/kataloog.orto.ee\/fi\/wp-json\/wp\/v2\/product_cat?post=1947"},{"taxonomy":"product_tag","embeddable":true,"href":"https:\/\/kataloog.orto.ee\/fi\/wp-json\/wp\/v2\/product_tag?post=1947"}],"curies":[{"name":"wp","href":"https:\/\/api.w.org\/{rel}","templated":true}]}}