{"id":1938,"date":"2020-04-17T13:37:49","date_gmt":"2020-04-17T10:37:49","guid":{"rendered":"https:\/\/orto.ee\/pood\/porandapesuvahend-maali-5000ml\/"},"modified":"2022-06-09T14:09:42","modified_gmt":"2022-06-09T11:09:42","slug":"porandapesuvahend-maali-5000ml","status":"publish","type":"product","link":"https:\/\/kataloog.orto.ee\/fi\/pood\/porandapesuvahend-maali-5000ml\/","title":{"rendered":"Lattianpesuaine Maali 5000ml"},"content":{"rendered":"<p>Pesuainetiiviste maalattujen puulattioiden, laminaattiparketin, muovisten tai keraamisten lattialaattojen pesuun. Puhdistaa tehokkaasti ja antaa antistaattisen vaikutuksen. Soveltuu k\u00e4ytett\u00e4v\u00e4ksi sek\u00e4 kotona ett\u00e4 julkisissa tiloissa. Laminaattilattioiden pesussa tulisi v\u00e4ltt\u00e4\u00e4 liiallista kosteutta lattialla. Noudata lattianp\u00e4\u00e4llysteen valmistajan ohjeita.<\/p>\n","protected":false},"excerpt":{"rendered":"<p>Pesuainetiiviste maalattujen puulattioiden, laminaattiparketin, muovisten tai keraamisten lattialaattojen pesuun. Puhdistaa tehokkaasti ja antaa antistaattisen vaikutuksen. Soveltuu k\u00e4ytett\u00e4v\u00e4ksi sek\u00e4 kotona ett\u00e4&#8230;<\/p>\n","protected":false},"featured_media":1940,"template":"","meta":{"_et_pb_use_builder":"","_et_pb_old_content":"","_et_gb_content_width":""},"product_cat":[96],"product_tag":[],"acf":[],"yoast_head":"<!-- This site is optimized with the Yoast SEO plugin v21.5 - https:\/\/yoast.com\/wordpress\/plugins\/seo\/ -->\n<title>Lattianpesuaine Maali 5000ml - Orto<\/title>\n<meta name=\"description\" content=\"Lattianpesuaine Maali 5000ml\" \/>\n<meta name=\"robots\" content=\"noindex, follow, max-snippet:-1, max-image-preview:large, max-video-preview:-1\" \/>\n<meta property=\"og:locale\" content=\"fi_FI\" \/>\n<meta property=\"og:type\" content=\"article\" \/>\n<meta property=\"og:title\" content=\"Lattianpesuaine Maali 5000ml - Orto\" \/>\n<meta property=\"og:description\" content=\"Lattianpesuaine Maali 5000ml\" \/>\n<meta property=\"og:url\" content=\"https:\/\/kataloog.orto.ee\/pood\/porandapesuvahend-maali-5000ml\/\" \/>\n<meta property=\"og:site_name\" content=\"Orto\" \/>\n<meta property=\"article:modified_time\" content=\"2022-06-09T11:09:42+00:00\" \/>\n<meta property=\"og:image\" content=\"https:\/\/kataloog.orto.ee\/wp-content\/uploads\/2020\/04\/P\u00f5randapesuvahend-kanister-scaled.jpg\" \/>\n\t<meta property=\"og:image:width\" content=\"1707\" \/>\n\t<meta property=\"og:image:height\" content=\"2560\" \/>\n\t<meta property=\"og:image:type\" content=\"image\/jpeg\" \/>\n<meta name=\"twitter:card\" content=\"summary_large_image\" \/>\n<meta name=\"twitter:label1\" content=\"Arvioitu lukuaika\" \/>\n\t<meta name=\"twitter:data1\" content=\"1 minuutti\" \/>\n<script type=\"application\/ld+json\" class=\"yoast-schema-graph\">{\"@context\":\"https:\/\/schema.org\",\"@graph\":[{\"@type\":\"WebPage\",\"@id\":\"https:\/\/kataloog.orto.ee\/pood\/porandapesuvahend-maali-5000ml\/\",\"url\":\"https:\/\/kataloog.orto.ee\/pood\/porandapesuvahend-maali-5000ml\/\",\"name\":\"Lattianpesuaine Maali 5000ml - Orto\",\"isPartOf\":{\"@id\":\"https:\/\/kataloog.orto.ee\/#website\"},\"datePublished\":\"2020-04-17T10:37:49+00:00\",\"dateModified\":\"2022-06-09T11:09:42+00:00\",\"description\":\"Lattianpesuaine Maali 5000ml\",\"breadcrumb\":{\"@id\":\"https:\/\/kataloog.orto.ee\/pood\/porandapesuvahend-maali-5000ml\/#breadcrumb\"},\"inLanguage\":\"fi\",\"potentialAction\":[{\"@type\":\"ReadAction\",\"target\":[\"https:\/\/kataloog.orto.ee\/pood\/porandapesuvahend-maali-5000ml\/\"]}]},{\"@type\":\"BreadcrumbList\",\"@id\":\"https:\/\/kataloog.orto.ee\/pood\/porandapesuvahend-maali-5000ml\/#breadcrumb\",\"itemListElement\":[{\"@type\":\"ListItem\",\"position\":1,\"name\":\"Home\",\"item\":\"https:\/\/kataloog.orto.ee\/\"},{\"@type\":\"ListItem\",\"position\":2,\"name\":\"Tuotteet\",\"item\":\"https:\/\/kataloog.orto.ee\/tooted\/\"},{\"@type\":\"ListItem\",\"position\":3,\"name\":\"Lattianpesuaine Maali 5000ml\"}]},{\"@type\":\"WebSite\",\"@id\":\"https:\/\/kataloog.orto.ee\/#website\",\"url\":\"https:\/\/kataloog.orto.ee\/\",\"name\":\"Orto\",\"description\":\"\",\"potentialAction\":[{\"@type\":\"SearchAction\",\"target\":{\"@type\":\"EntryPoint\",\"urlTemplate\":\"https:\/\/kataloog.orto.ee\/?s={search_term_string}\"},\"query-input\":\"required name=search_term_string\"}],\"inLanguage\":\"fi\"}]}<\/script>\n<!-- \/ Yoast SEO plugin. -->","yoast_head_json":{"title":"Lattianpesuaine Maali 5000ml - Orto","description":"Lattianpesuaine Maali 5000ml","robots":{"index":"noindex","follow":"follow","max-snippet":"max-snippet:-1","max-image-preview":"max-image-preview:large","max-video-preview":"max-video-preview:-1"},"og_locale":"fi_FI","og_type":"article","og_title":"Lattianpesuaine Maali 5000ml - Orto","og_description":"Lattianpesuaine Maali 5000ml","og_url":"https:\/\/kataloog.orto.ee\/pood\/porandapesuvahend-maali-5000ml\/","og_site_name":"Orto","article_modified_time":"2022-06-09T11:09:42+00:00","og_image":[{"width":1707,"height":2560,"url":"https:\/\/kataloog.orto.ee\/wp-content\/uploads\/2020\/04\/P\u00f5randapesuvahend-kanister-scaled.jpg","type":"image\/jpeg"}],"twitter_card":"summary_large_image","twitter_misc":{"Arvioitu lukuaika":"1 minuutti"},"schema":{"@context":"https:\/\/schema.org","@graph":[{"@type":"WebPage","@id":"https:\/\/kataloog.orto.ee\/pood\/porandapesuvahend-maali-5000ml\/","url":"https:\/\/kataloog.orto.ee\/pood\/porandapesuvahend-maali-5000ml\/","name":"Lattianpesuaine Maali 5000ml - Orto","isPartOf":{"@id":"https:\/\/kataloog.orto.ee\/#website"},"datePublished":"2020-04-17T10:37:49+00:00","dateModified":"2022-06-09T11:09:42+00:00","description":"Lattianpesuaine Maali 5000ml","breadcrumb":{"@id":"https:\/\/kataloog.orto.ee\/pood\/porandapesuvahend-maali-5000ml\/#breadcrumb"},"inLanguage":"fi","potentialAction":[{"@type":"ReadAction","target":["https:\/\/kataloog.orto.ee\/pood\/porandapesuvahend-maali-5000ml\/"]}]},{"@type":"BreadcrumbList","@id":"https:\/\/kataloog.orto.ee\/pood\/porandapesuvahend-maali-5000ml\/#breadcrumb","itemListElement":[{"@type":"ListItem","position":1,"name":"Home","item":"https:\/\/kataloog.orto.ee\/"},{"@type":"ListItem","position":2,"name":"Tuotteet","item":"https:\/\/kataloog.orto.ee\/tooted\/"},{"@type":"ListItem","position":3,"name":"Lattianpesuaine Maali 5000ml"}]},{"@type":"WebSite","@id":"https:\/\/kataloog.orto.ee\/#website","url":"https:\/\/kataloog.orto.ee\/","name":"Orto","description":"","potentialAction":[{"@type":"SearchAction","target":{"@type":"EntryPoint","urlTemplate":"https:\/\/kataloog.orto.ee\/?s={search_term_string}"},"query-input":"required name=search_term_string"}],"inLanguage":"fi"}]}},"_links":{"self":[{"href":"https:\/\/kataloog.orto.ee\/fi\/wp-json\/wp\/v2\/product\/1938"}],"collection":[{"href":"https:\/\/kataloog.orto.ee\/fi\/wp-json\/wp\/v2\/product"}],"about":[{"href":"https:\/\/kataloog.orto.ee\/fi\/wp-json\/wp\/v2\/types\/product"}],"wp:featuredmedia":[{"embeddable":true,"href":"https:\/\/kataloog.orto.ee\/fi\/wp-json\/wp\/v2\/media\/1940"}],"wp:attachment":[{"href":"https:\/\/kataloog.orto.ee\/fi\/wp-json\/wp\/v2\/media?parent=1938"}],"wp:term":[{"taxonomy":"product_cat","embeddable":true,"href":"https:\/\/kataloog.orto.ee\/fi\/wp-json\/wp\/v2\/product_cat?post=1938"},{"taxonomy":"product_tag","embeddable":true,"href":"https:\/\/kataloog.orto.ee\/fi\/wp-json\/wp\/v2\/product_tag?post=1938"}],"curies":[{"name":"wp","href":"https:\/\/api.w.org\/{rel}","templated":true}]}}