{"id":1901,"date":"2020-04-17T13:54:54","date_gmt":"2020-04-17T10:54:54","guid":{"rendered":"https:\/\/orto.ee\/pood\/happeline-puhastaja-vanniol-500-ml\/"},"modified":"2022-06-06T13:40:10","modified_gmt":"2022-06-06T10:40:10","slug":"happeline-puhastaja-vanniol-500-ml","status":"publish","type":"product","link":"https:\/\/kataloog.orto.ee\/fi\/pood\/happeline-puhastaja-vanniol-500-ml\/","title":{"rendered":"Hapan puhdistusaine Vanniol Puhas Kodu 500 ml"},"content":{"rendered":"<p>Hapan puhdistusaine pesualtaiden, wc-istuinten, kaakeli- ja fajanssipintojen puhdistukseen.<\/p>\n<p>Poistaa tehokkaasti ruostetahrat sek\u00e4 suola- ja kalkkikerrostumat. Kylpyammeiden puhdistuksessa noudata valmistajan ohjeita. S\u00e4\u00e4nn\u00f6llinen huolto auttaa yll\u00e4pit\u00e4m\u00e4\u00e4n hygieenist\u00e4 puhtautta. Ei sis\u00e4ll\u00e4 hajusteita, fosforiyhdisteit\u00e4, hankausaineita eik\u00e4 liuottimia.<\/p>\n<p>&nbsp;<\/p>\n<p>&nbsp;<\/p>\n","protected":false},"excerpt":{"rendered":"<p>Hapan puhdistusaine pesualtaiden, wc-istuinten, kaakeli- ja fajanssipintojen puhdistukseen. Poistaa tehokkaasti ruostetahrat sek\u00e4 suola- ja kalkkikerrostumat. Kylpyammeiden puhdistuksessa noudata valmistajan ohjeita&#8230;.<\/p>\n","protected":false},"featured_media":1902,"template":"","meta":{"_et_pb_use_builder":"","_et_pb_old_content":"","_et_gb_content_width":""},"product_cat":[93],"product_tag":[],"acf":[],"yoast_head":"<!-- This site is optimized with the Yoast SEO plugin v21.5 - https:\/\/yoast.com\/wordpress\/plugins\/seo\/ -->\n<title>Hapan puhdistusaine Vanniol Puhas Kodu 500 ml - Orto<\/title>\n<meta name=\"description\" content=\"Hapan puhdistusaine Vanniol Puhas Kodu 500 ml\" \/>\n<meta name=\"robots\" content=\"noindex, follow, max-snippet:-1, max-image-preview:large, max-video-preview:-1\" \/>\n<meta property=\"og:locale\" content=\"fi_FI\" \/>\n<meta property=\"og:type\" content=\"article\" \/>\n<meta property=\"og:title\" content=\"Hapan puhdistusaine Vanniol Puhas Kodu 500 ml - Orto\" \/>\n<meta property=\"og:description\" content=\"Hapan puhdistusaine Vanniol Puhas Kodu 500 ml\" \/>\n<meta property=\"og:url\" content=\"https:\/\/kataloog.orto.ee\/pood\/happeline-puhastaja-vanniol-500-ml\/\" \/>\n<meta property=\"og:site_name\" content=\"Orto\" \/>\n<meta property=\"article:modified_time\" content=\"2022-06-06T10:40:10+00:00\" \/>\n<meta property=\"og:image\" content=\"https:\/\/kataloog.orto.ee\/wp-content\/uploads\/2020\/04\/PK-Vanniol-Eesti-pilt-scaled.jpg\" \/>\n\t<meta property=\"og:image:width\" content=\"1784\" \/>\n\t<meta property=\"og:image:height\" content=\"2560\" \/>\n\t<meta property=\"og:image:type\" content=\"image\/jpeg\" \/>\n<meta name=\"twitter:card\" content=\"summary_large_image\" \/>\n<meta name=\"twitter:label1\" content=\"Arvioitu lukuaika\" \/>\n\t<meta name=\"twitter:data1\" content=\"1 minuutti\" \/>\n<script type=\"application\/ld+json\" class=\"yoast-schema-graph\">{\"@context\":\"https:\/\/schema.org\",\"@graph\":[{\"@type\":\"WebPage\",\"@id\":\"https:\/\/kataloog.orto.ee\/pood\/happeline-puhastaja-vanniol-500-ml\/\",\"url\":\"https:\/\/kataloog.orto.ee\/pood\/happeline-puhastaja-vanniol-500-ml\/\",\"name\":\"Hapan puhdistusaine Vanniol Puhas Kodu 500 ml - Orto\",\"isPartOf\":{\"@id\":\"https:\/\/kataloog.orto.ee\/#website\"},\"datePublished\":\"2020-04-17T10:54:54+00:00\",\"dateModified\":\"2022-06-06T10:40:10+00:00\",\"description\":\"Hapan puhdistusaine Vanniol Puhas Kodu 500 ml\",\"breadcrumb\":{\"@id\":\"https:\/\/kataloog.orto.ee\/pood\/happeline-puhastaja-vanniol-500-ml\/#breadcrumb\"},\"inLanguage\":\"fi\",\"potentialAction\":[{\"@type\":\"ReadAction\",\"target\":[\"https:\/\/kataloog.orto.ee\/pood\/happeline-puhastaja-vanniol-500-ml\/\"]}]},{\"@type\":\"BreadcrumbList\",\"@id\":\"https:\/\/kataloog.orto.ee\/pood\/happeline-puhastaja-vanniol-500-ml\/#breadcrumb\",\"itemListElement\":[{\"@type\":\"ListItem\",\"position\":1,\"name\":\"Home\",\"item\":\"https:\/\/kataloog.orto.ee\/\"},{\"@type\":\"ListItem\",\"position\":2,\"name\":\"Tuotteet\",\"item\":\"https:\/\/kataloog.orto.ee\/tooted\/\"},{\"@type\":\"ListItem\",\"position\":3,\"name\":\"Hapan puhdistusaine Vanniol Puhas Kodu 500 ml\"}]},{\"@type\":\"WebSite\",\"@id\":\"https:\/\/kataloog.orto.ee\/#website\",\"url\":\"https:\/\/kataloog.orto.ee\/\",\"name\":\"Orto\",\"description\":\"\",\"potentialAction\":[{\"@type\":\"SearchAction\",\"target\":{\"@type\":\"EntryPoint\",\"urlTemplate\":\"https:\/\/kataloog.orto.ee\/?s={search_term_string}\"},\"query-input\":\"required name=search_term_string\"}],\"inLanguage\":\"fi\"}]}<\/script>\n<!-- \/ Yoast SEO plugin. -->","yoast_head_json":{"title":"Hapan puhdistusaine Vanniol Puhas Kodu 500 ml - Orto","description":"Hapan puhdistusaine Vanniol Puhas Kodu 500 ml","robots":{"index":"noindex","follow":"follow","max-snippet":"max-snippet:-1","max-image-preview":"max-image-preview:large","max-video-preview":"max-video-preview:-1"},"og_locale":"fi_FI","og_type":"article","og_title":"Hapan puhdistusaine Vanniol Puhas Kodu 500 ml - Orto","og_description":"Hapan puhdistusaine Vanniol Puhas Kodu 500 ml","og_url":"https:\/\/kataloog.orto.ee\/pood\/happeline-puhastaja-vanniol-500-ml\/","og_site_name":"Orto","article_modified_time":"2022-06-06T10:40:10+00:00","og_image":[{"width":1784,"height":2560,"url":"https:\/\/kataloog.orto.ee\/wp-content\/uploads\/2020\/04\/PK-Vanniol-Eesti-pilt-scaled.jpg","type":"image\/jpeg"}],"twitter_card":"summary_large_image","twitter_misc":{"Arvioitu lukuaika":"1 minuutti"},"schema":{"@context":"https:\/\/schema.org","@graph":[{"@type":"WebPage","@id":"https:\/\/kataloog.orto.ee\/pood\/happeline-puhastaja-vanniol-500-ml\/","url":"https:\/\/kataloog.orto.ee\/pood\/happeline-puhastaja-vanniol-500-ml\/","name":"Hapan puhdistusaine Vanniol Puhas Kodu 500 ml - Orto","isPartOf":{"@id":"https:\/\/kataloog.orto.ee\/#website"},"datePublished":"2020-04-17T10:54:54+00:00","dateModified":"2022-06-06T10:40:10+00:00","description":"Hapan puhdistusaine Vanniol Puhas Kodu 500 ml","breadcrumb":{"@id":"https:\/\/kataloog.orto.ee\/pood\/happeline-puhastaja-vanniol-500-ml\/#breadcrumb"},"inLanguage":"fi","potentialAction":[{"@type":"ReadAction","target":["https:\/\/kataloog.orto.ee\/pood\/happeline-puhastaja-vanniol-500-ml\/"]}]},{"@type":"BreadcrumbList","@id":"https:\/\/kataloog.orto.ee\/pood\/happeline-puhastaja-vanniol-500-ml\/#breadcrumb","itemListElement":[{"@type":"ListItem","position":1,"name":"Home","item":"https:\/\/kataloog.orto.ee\/"},{"@type":"ListItem","position":2,"name":"Tuotteet","item":"https:\/\/kataloog.orto.ee\/tooted\/"},{"@type":"ListItem","position":3,"name":"Hapan puhdistusaine Vanniol Puhas Kodu 500 ml"}]},{"@type":"WebSite","@id":"https:\/\/kataloog.orto.ee\/#website","url":"https:\/\/kataloog.orto.ee\/","name":"Orto","description":"","potentialAction":[{"@type":"SearchAction","target":{"@type":"EntryPoint","urlTemplate":"https:\/\/kataloog.orto.ee\/?s={search_term_string}"},"query-input":"required name=search_term_string"}],"inLanguage":"fi"}]}},"_links":{"self":[{"href":"https:\/\/kataloog.orto.ee\/fi\/wp-json\/wp\/v2\/product\/1901"}],"collection":[{"href":"https:\/\/kataloog.orto.ee\/fi\/wp-json\/wp\/v2\/product"}],"about":[{"href":"https:\/\/kataloog.orto.ee\/fi\/wp-json\/wp\/v2\/types\/product"}],"wp:featuredmedia":[{"embeddable":true,"href":"https:\/\/kataloog.orto.ee\/fi\/wp-json\/wp\/v2\/media\/1902"}],"wp:attachment":[{"href":"https:\/\/kataloog.orto.ee\/fi\/wp-json\/wp\/v2\/media?parent=1901"}],"wp:term":[{"taxonomy":"product_cat","embeddable":true,"href":"https:\/\/kataloog.orto.ee\/fi\/wp-json\/wp\/v2\/product_cat?post=1901"},{"taxonomy":"product_tag","embeddable":true,"href":"https:\/\/kataloog.orto.ee\/fi\/wp-json\/wp\/v2\/product_tag?post=1901"}],"curies":[{"name":"wp","href":"https:\/\/api.w.org\/{rel}","templated":true}]}}