{"id":1854,"date":"2020-04-17T13:17:35","date_gmt":"2020-04-17T10:17:35","guid":{"rendered":"https:\/\/orto.ee\/pood\/vedel-roheline-seep-500ml\/"},"modified":"2022-06-03T13:13:36","modified_gmt":"2022-06-03T10:13:36","slug":"vedel-roheline-seep-500ml","status":"publish","type":"product","link":"https:\/\/kataloog.orto.ee\/fi\/pood\/vedel-roheline-seep-500ml\/","title":{"rendered":"Luonnollinen Vihre\u00e4 Saippua Puhas Kodu 500 ml"},"content":{"rendered":"<p>Luonnollinen kasvi\u00f6ljypohjainen kaliumsaippua soveltuu kaikkien tekstiilimateriaalien pesemiseen ja kodintarvikkeiden, lattioiden ym. pest\u00e4vien pintojen puhdistukseen. Tuote soveltuu my\u00f6s puutarhak\u00e4ytt\u00f6\u00f6n kasvinhoitotuotteena sek\u00e4 muiden ruiskutusliuosten tarttuvuuden lis\u00e4\u00e4miseksi.<\/p>\n<p>Lis\u00e4tietoja vihre\u00e4n saippuan k\u00e4ytt\u00f6mahdollisuuksista l\u00f6yd\u00e4t verkkosivuiltamme. Ei sis\u00e4ll\u00e4 hajusteita eik\u00e4 s\u00e4il\u00f6nt\u00e4aineita.<\/p>\n<p>&nbsp;<\/p>\n","protected":false},"excerpt":{"rendered":"<p>Luonnollinen kasvi\u00f6ljypohjainen kaliumsaippua soveltuu kaikkien tekstiilimateriaalien pesemiseen ja kodintarvikkeiden, lattioiden ym. pest\u00e4vien pintojen puhdistukseen. Tuote soveltuu my\u00f6s puutarhak\u00e4ytt\u00f6\u00f6n kasvinhoitotuotteena sek\u00e4&#8230;<\/p>\n","protected":false},"featured_media":1855,"template":"","meta":{"_et_pb_use_builder":"","_et_pb_old_content":"","_et_gb_content_width":""},"product_cat":[93,100],"product_tag":[],"acf":[],"yoast_head":"<!-- This site is optimized with the Yoast SEO plugin v21.5 - https:\/\/yoast.com\/wordpress\/plugins\/seo\/ -->\n<title>Luonnollinen Vihre\u00e4 Saippua Puhas Kodu 500 ml - Orto<\/title>\n<meta name=\"description\" content=\"Luonnollinen Vihre\u00e4 Saippua Puhas Kodu 500 ml\" \/>\n<meta name=\"robots\" content=\"noindex, follow, max-snippet:-1, max-image-preview:large, max-video-preview:-1\" \/>\n<meta property=\"og:locale\" content=\"fi_FI\" \/>\n<meta property=\"og:type\" content=\"article\" \/>\n<meta property=\"og:title\" content=\"Luonnollinen Vihre\u00e4 Saippua Puhas Kodu 500 ml - Orto\" \/>\n<meta property=\"og:description\" content=\"Luonnollinen Vihre\u00e4 Saippua Puhas Kodu 500 ml\" \/>\n<meta property=\"og:url\" content=\"https:\/\/kataloog.orto.ee\/pood\/vedel-roheline-seep-500ml\/\" \/>\n<meta property=\"og:site_name\" content=\"Orto\" \/>\n<meta property=\"article:modified_time\" content=\"2022-06-03T10:13:36+00:00\" \/>\n<meta property=\"og:image\" content=\"https:\/\/kataloog.orto.ee\/wp-content\/uploads\/2020\/04\/4740006004225-scaled.jpg\" \/>\n\t<meta property=\"og:image:width\" content=\"1784\" \/>\n\t<meta property=\"og:image:height\" content=\"2560\" \/>\n\t<meta property=\"og:image:type\" content=\"image\/jpeg\" \/>\n<meta name=\"twitter:card\" content=\"summary_large_image\" \/>\n<meta name=\"twitter:label1\" content=\"Arvioitu lukuaika\" \/>\n\t<meta name=\"twitter:data1\" content=\"1 minuutti\" \/>\n<script type=\"application\/ld+json\" class=\"yoast-schema-graph\">{\"@context\":\"https:\/\/schema.org\",\"@graph\":[{\"@type\":\"WebPage\",\"@id\":\"https:\/\/kataloog.orto.ee\/pood\/vedel-roheline-seep-500ml\/\",\"url\":\"https:\/\/kataloog.orto.ee\/pood\/vedel-roheline-seep-500ml\/\",\"name\":\"Luonnollinen Vihre\u00e4 Saippua Puhas Kodu 500 ml - Orto\",\"isPartOf\":{\"@id\":\"https:\/\/kataloog.orto.ee\/#website\"},\"datePublished\":\"2020-04-17T10:17:35+00:00\",\"dateModified\":\"2022-06-03T10:13:36+00:00\",\"description\":\"Luonnollinen Vihre\u00e4 Saippua Puhas Kodu 500 ml\",\"breadcrumb\":{\"@id\":\"https:\/\/kataloog.orto.ee\/pood\/vedel-roheline-seep-500ml\/#breadcrumb\"},\"inLanguage\":\"fi\",\"potentialAction\":[{\"@type\":\"ReadAction\",\"target\":[\"https:\/\/kataloog.orto.ee\/pood\/vedel-roheline-seep-500ml\/\"]}]},{\"@type\":\"BreadcrumbList\",\"@id\":\"https:\/\/kataloog.orto.ee\/pood\/vedel-roheline-seep-500ml\/#breadcrumb\",\"itemListElement\":[{\"@type\":\"ListItem\",\"position\":1,\"name\":\"Home\",\"item\":\"https:\/\/kataloog.orto.ee\/\"},{\"@type\":\"ListItem\",\"position\":2,\"name\":\"Tuotteet\",\"item\":\"https:\/\/kataloog.orto.ee\/tooted\/\"},{\"@type\":\"ListItem\",\"position\":3,\"name\":\"Luonnollinen Vihre\u00e4 Saippua Puhas Kodu 500 ml\"}]},{\"@type\":\"WebSite\",\"@id\":\"https:\/\/kataloog.orto.ee\/#website\",\"url\":\"https:\/\/kataloog.orto.ee\/\",\"name\":\"Orto\",\"description\":\"\",\"potentialAction\":[{\"@type\":\"SearchAction\",\"target\":{\"@type\":\"EntryPoint\",\"urlTemplate\":\"https:\/\/kataloog.orto.ee\/?s={search_term_string}\"},\"query-input\":\"required name=search_term_string\"}],\"inLanguage\":\"fi\"}]}<\/script>\n<!-- \/ Yoast SEO plugin. -->","yoast_head_json":{"title":"Luonnollinen Vihre\u00e4 Saippua Puhas Kodu 500 ml - Orto","description":"Luonnollinen Vihre\u00e4 Saippua Puhas Kodu 500 ml","robots":{"index":"noindex","follow":"follow","max-snippet":"max-snippet:-1","max-image-preview":"max-image-preview:large","max-video-preview":"max-video-preview:-1"},"og_locale":"fi_FI","og_type":"article","og_title":"Luonnollinen Vihre\u00e4 Saippua Puhas Kodu 500 ml - Orto","og_description":"Luonnollinen Vihre\u00e4 Saippua Puhas Kodu 500 ml","og_url":"https:\/\/kataloog.orto.ee\/pood\/vedel-roheline-seep-500ml\/","og_site_name":"Orto","article_modified_time":"2022-06-03T10:13:36+00:00","og_image":[{"width":1784,"height":2560,"url":"https:\/\/kataloog.orto.ee\/wp-content\/uploads\/2020\/04\/4740006004225-scaled.jpg","type":"image\/jpeg"}],"twitter_card":"summary_large_image","twitter_misc":{"Arvioitu lukuaika":"1 minuutti"},"schema":{"@context":"https:\/\/schema.org","@graph":[{"@type":"WebPage","@id":"https:\/\/kataloog.orto.ee\/pood\/vedel-roheline-seep-500ml\/","url":"https:\/\/kataloog.orto.ee\/pood\/vedel-roheline-seep-500ml\/","name":"Luonnollinen Vihre\u00e4 Saippua Puhas Kodu 500 ml - Orto","isPartOf":{"@id":"https:\/\/kataloog.orto.ee\/#website"},"datePublished":"2020-04-17T10:17:35+00:00","dateModified":"2022-06-03T10:13:36+00:00","description":"Luonnollinen Vihre\u00e4 Saippua Puhas Kodu 500 ml","breadcrumb":{"@id":"https:\/\/kataloog.orto.ee\/pood\/vedel-roheline-seep-500ml\/#breadcrumb"},"inLanguage":"fi","potentialAction":[{"@type":"ReadAction","target":["https:\/\/kataloog.orto.ee\/pood\/vedel-roheline-seep-500ml\/"]}]},{"@type":"BreadcrumbList","@id":"https:\/\/kataloog.orto.ee\/pood\/vedel-roheline-seep-500ml\/#breadcrumb","itemListElement":[{"@type":"ListItem","position":1,"name":"Home","item":"https:\/\/kataloog.orto.ee\/"},{"@type":"ListItem","position":2,"name":"Tuotteet","item":"https:\/\/kataloog.orto.ee\/tooted\/"},{"@type":"ListItem","position":3,"name":"Luonnollinen Vihre\u00e4 Saippua Puhas Kodu 500 ml"}]},{"@type":"WebSite","@id":"https:\/\/kataloog.orto.ee\/#website","url":"https:\/\/kataloog.orto.ee\/","name":"Orto","description":"","potentialAction":[{"@type":"SearchAction","target":{"@type":"EntryPoint","urlTemplate":"https:\/\/kataloog.orto.ee\/?s={search_term_string}"},"query-input":"required name=search_term_string"}],"inLanguage":"fi"}]}},"_links":{"self":[{"href":"https:\/\/kataloog.orto.ee\/fi\/wp-json\/wp\/v2\/product\/1854"}],"collection":[{"href":"https:\/\/kataloog.orto.ee\/fi\/wp-json\/wp\/v2\/product"}],"about":[{"href":"https:\/\/kataloog.orto.ee\/fi\/wp-json\/wp\/v2\/types\/product"}],"wp:featuredmedia":[{"embeddable":true,"href":"https:\/\/kataloog.orto.ee\/fi\/wp-json\/wp\/v2\/media\/1855"}],"wp:attachment":[{"href":"https:\/\/kataloog.orto.ee\/fi\/wp-json\/wp\/v2\/media?parent=1854"}],"wp:term":[{"taxonomy":"product_cat","embeddable":true,"href":"https:\/\/kataloog.orto.ee\/fi\/wp-json\/wp\/v2\/product_cat?post=1854"},{"taxonomy":"product_tag","embeddable":true,"href":"https:\/\/kataloog.orto.ee\/fi\/wp-json\/wp\/v2\/product_tag?post=1854"}],"curies":[{"name":"wp","href":"https:\/\/api.w.org\/{rel}","templated":true}]}}