{"id":1777,"date":"2020-04-16T19:20:41","date_gmt":"2020-04-16T16:20:41","guid":{"rendered":"https:\/\/orto.ee\/pood\/orto-hooldav-katekreem-kummeli-ja-glutseriiniga-75ml-ja-150ml\/"},"modified":"2022-06-14T12:57:59","modified_gmt":"2022-06-14T09:57:59","slug":"orto-hooldav-katekreem-kummeli-ja-glutseriiniga-75ml-ja-150ml","status":"publish","type":"product","link":"https:\/\/kataloog.orto.ee\/fi\/pood\/orto-hooldav-katekreem-kummeli-ja-glutseriiniga-75ml-ja-150ml\/","title":{"rendered":"Hoitava k\u00e4sivoide 150 ml"},"content":{"rendered":"<p>Sis\u00e4lt\u00e4\u00e4 kamomilla ja glyseriini\u00e4.<\/p>\n<p>Samettiset k\u00e4det koko p\u00e4iv\u00e4ksi. Erinomainen k\u00e4sivoide jokap\u00e4iv\u00e4iseen k\u00e4ytt\u00f6\u00f6n. Kamomillauute, glyseriini, rapsi\u00f6ljy ja lanoliini kosteuttavat ja pehmitt\u00e4v\u00e4t ihoa, muuttaen karheimmatkin k\u00e4det samettisiksi. Mentoli antaa k\u00e4sille miellytt\u00e4v\u00e4\u00e4 raikkautta.<\/p>\n<p>KOKEMUS VUODESTA 1932<\/p>\n","protected":false},"excerpt":{"rendered":"<p>Sis\u00e4lt\u00e4\u00e4 kamomilla ja glyseriini\u00e4. Samettiset k\u00e4det koko p\u00e4iv\u00e4ksi. Erinomainen k\u00e4sivoide jokap\u00e4iv\u00e4iseen k\u00e4ytt\u00f6\u00f6n. Kamomillauute, glyseriini, rapsi\u00f6ljy ja lanoliini kosteuttavat ja pehmitt\u00e4v\u00e4t&#8230;<\/p>\n","protected":false},"featured_media":3043,"template":"","meta":{"_et_pb_use_builder":"","_et_pb_old_content":"","_et_gb_content_width":""},"product_cat":[80],"product_tag":[],"acf":[],"yoast_head":"<!-- This site is optimized with the Yoast SEO plugin v21.5 - https:\/\/yoast.com\/wordpress\/plugins\/seo\/ -->\n<title>Hoitava k\u00e4sivoide 150 ml - Orto<\/title>\n<meta name=\"description\" content=\"Hoitava k\u00e4sivoide 150 ml\" \/>\n<meta name=\"robots\" content=\"noindex, follow, max-snippet:-1, max-image-preview:large, max-video-preview:-1\" \/>\n<meta property=\"og:locale\" content=\"fi_FI\" \/>\n<meta property=\"og:type\" content=\"article\" \/>\n<meta property=\"og:title\" content=\"Hoitava k\u00e4sivoide 150 ml - Orto\" \/>\n<meta property=\"og:description\" content=\"Hoitava k\u00e4sivoide 150 ml\" \/>\n<meta property=\"og:url\" content=\"https:\/\/kataloog.orto.ee\/pood\/orto-hooldav-katekreem-kummeli-ja-glutseriiniga-75ml-ja-150ml\/\" \/>\n<meta property=\"og:site_name\" content=\"Orto\" \/>\n<meta property=\"article:modified_time\" content=\"2022-06-14T09:57:59+00:00\" \/>\n<meta property=\"og:image\" content=\"https:\/\/kataloog.orto.ee\/wp-content\/uploads\/2022\/01\/K2te_ja_jalakreemid_mockid_150ml_kollane.jpg\" \/>\n\t<meta property=\"og:image:width\" content=\"828\" \/>\n\t<meta property=\"og:image:height\" content=\"1612\" \/>\n\t<meta property=\"og:image:type\" content=\"image\/jpeg\" \/>\n<meta name=\"twitter:card\" content=\"summary_large_image\" \/>\n<meta name=\"twitter:label1\" content=\"Arvioitu lukuaika\" \/>\n\t<meta name=\"twitter:data1\" content=\"1 minuutti\" \/>\n<script type=\"application\/ld+json\" class=\"yoast-schema-graph\">{\"@context\":\"https:\/\/schema.org\",\"@graph\":[{\"@type\":\"WebPage\",\"@id\":\"https:\/\/kataloog.orto.ee\/pood\/orto-hooldav-katekreem-kummeli-ja-glutseriiniga-75ml-ja-150ml\/\",\"url\":\"https:\/\/kataloog.orto.ee\/pood\/orto-hooldav-katekreem-kummeli-ja-glutseriiniga-75ml-ja-150ml\/\",\"name\":\"Hoitava k\u00e4sivoide 150 ml - Orto\",\"isPartOf\":{\"@id\":\"https:\/\/kataloog.orto.ee\/#website\"},\"datePublished\":\"2020-04-16T16:20:41+00:00\",\"dateModified\":\"2022-06-14T09:57:59+00:00\",\"description\":\"Hoitava k\u00e4sivoide 150 ml\",\"breadcrumb\":{\"@id\":\"https:\/\/kataloog.orto.ee\/pood\/orto-hooldav-katekreem-kummeli-ja-glutseriiniga-75ml-ja-150ml\/#breadcrumb\"},\"inLanguage\":\"fi\",\"potentialAction\":[{\"@type\":\"ReadAction\",\"target\":[\"https:\/\/kataloog.orto.ee\/pood\/orto-hooldav-katekreem-kummeli-ja-glutseriiniga-75ml-ja-150ml\/\"]}]},{\"@type\":\"BreadcrumbList\",\"@id\":\"https:\/\/kataloog.orto.ee\/pood\/orto-hooldav-katekreem-kummeli-ja-glutseriiniga-75ml-ja-150ml\/#breadcrumb\",\"itemListElement\":[{\"@type\":\"ListItem\",\"position\":1,\"name\":\"Home\",\"item\":\"https:\/\/kataloog.orto.ee\/\"},{\"@type\":\"ListItem\",\"position\":2,\"name\":\"Tuotteet\",\"item\":\"https:\/\/kataloog.orto.ee\/tooted\/\"},{\"@type\":\"ListItem\",\"position\":3,\"name\":\"Hoitava k\u00e4sivoide 150 ml\"}]},{\"@type\":\"WebSite\",\"@id\":\"https:\/\/kataloog.orto.ee\/#website\",\"url\":\"https:\/\/kataloog.orto.ee\/\",\"name\":\"Orto\",\"description\":\"\",\"potentialAction\":[{\"@type\":\"SearchAction\",\"target\":{\"@type\":\"EntryPoint\",\"urlTemplate\":\"https:\/\/kataloog.orto.ee\/?s={search_term_string}\"},\"query-input\":\"required name=search_term_string\"}],\"inLanguage\":\"fi\"}]}<\/script>\n<!-- \/ Yoast SEO plugin. -->","yoast_head_json":{"title":"Hoitava k\u00e4sivoide 150 ml - Orto","description":"Hoitava k\u00e4sivoide 150 ml","robots":{"index":"noindex","follow":"follow","max-snippet":"max-snippet:-1","max-image-preview":"max-image-preview:large","max-video-preview":"max-video-preview:-1"},"og_locale":"fi_FI","og_type":"article","og_title":"Hoitava k\u00e4sivoide 150 ml - Orto","og_description":"Hoitava k\u00e4sivoide 150 ml","og_url":"https:\/\/kataloog.orto.ee\/pood\/orto-hooldav-katekreem-kummeli-ja-glutseriiniga-75ml-ja-150ml\/","og_site_name":"Orto","article_modified_time":"2022-06-14T09:57:59+00:00","og_image":[{"width":828,"height":1612,"url":"https:\/\/kataloog.orto.ee\/wp-content\/uploads\/2022\/01\/K2te_ja_jalakreemid_mockid_150ml_kollane.jpg","type":"image\/jpeg"}],"twitter_card":"summary_large_image","twitter_misc":{"Arvioitu lukuaika":"1 minuutti"},"schema":{"@context":"https:\/\/schema.org","@graph":[{"@type":"WebPage","@id":"https:\/\/kataloog.orto.ee\/pood\/orto-hooldav-katekreem-kummeli-ja-glutseriiniga-75ml-ja-150ml\/","url":"https:\/\/kataloog.orto.ee\/pood\/orto-hooldav-katekreem-kummeli-ja-glutseriiniga-75ml-ja-150ml\/","name":"Hoitava k\u00e4sivoide 150 ml - Orto","isPartOf":{"@id":"https:\/\/kataloog.orto.ee\/#website"},"datePublished":"2020-04-16T16:20:41+00:00","dateModified":"2022-06-14T09:57:59+00:00","description":"Hoitava k\u00e4sivoide 150 ml","breadcrumb":{"@id":"https:\/\/kataloog.orto.ee\/pood\/orto-hooldav-katekreem-kummeli-ja-glutseriiniga-75ml-ja-150ml\/#breadcrumb"},"inLanguage":"fi","potentialAction":[{"@type":"ReadAction","target":["https:\/\/kataloog.orto.ee\/pood\/orto-hooldav-katekreem-kummeli-ja-glutseriiniga-75ml-ja-150ml\/"]}]},{"@type":"BreadcrumbList","@id":"https:\/\/kataloog.orto.ee\/pood\/orto-hooldav-katekreem-kummeli-ja-glutseriiniga-75ml-ja-150ml\/#breadcrumb","itemListElement":[{"@type":"ListItem","position":1,"name":"Home","item":"https:\/\/kataloog.orto.ee\/"},{"@type":"ListItem","position":2,"name":"Tuotteet","item":"https:\/\/kataloog.orto.ee\/tooted\/"},{"@type":"ListItem","position":3,"name":"Hoitava k\u00e4sivoide 150 ml"}]},{"@type":"WebSite","@id":"https:\/\/kataloog.orto.ee\/#website","url":"https:\/\/kataloog.orto.ee\/","name":"Orto","description":"","potentialAction":[{"@type":"SearchAction","target":{"@type":"EntryPoint","urlTemplate":"https:\/\/kataloog.orto.ee\/?s={search_term_string}"},"query-input":"required name=search_term_string"}],"inLanguage":"fi"}]}},"_links":{"self":[{"href":"https:\/\/kataloog.orto.ee\/fi\/wp-json\/wp\/v2\/product\/1777"}],"collection":[{"href":"https:\/\/kataloog.orto.ee\/fi\/wp-json\/wp\/v2\/product"}],"about":[{"href":"https:\/\/kataloog.orto.ee\/fi\/wp-json\/wp\/v2\/types\/product"}],"wp:featuredmedia":[{"embeddable":true,"href":"https:\/\/kataloog.orto.ee\/fi\/wp-json\/wp\/v2\/media\/3043"}],"wp:attachment":[{"href":"https:\/\/kataloog.orto.ee\/fi\/wp-json\/wp\/v2\/media?parent=1777"}],"wp:term":[{"taxonomy":"product_cat","embeddable":true,"href":"https:\/\/kataloog.orto.ee\/fi\/wp-json\/wp\/v2\/product_cat?post=1777"},{"taxonomy":"product_tag","embeddable":true,"href":"https:\/\/kataloog.orto.ee\/fi\/wp-json\/wp\/v2\/product_tag?post=1777"}],"curies":[{"name":"wp","href":"https:\/\/api.w.org\/{rel}","templated":true}]}}