{"id":1738,"date":"2021-02-11T10:16:54","date_gmt":"2021-02-11T08:16:54","guid":{"rendered":"https:\/\/orto.ee\/pood\/orto-varskendav-jalakreem-kummeli-kampri-ja-meevahaga-75ml\/"},"modified":"2022-05-09T11:07:09","modified_gmt":"2022-05-09T08:07:09","slug":"orto-varskendav-jalakreem-kummeli-kampri-ja-meevahaga-75ml","status":"publish","type":"product","link":"https:\/\/kataloog.orto.ee\/fi\/pood\/orto-varskendav-jalakreem-kummeli-kampri-ja-meevahaga-75ml\/","title":{"rendered":"Raikastava jalkavoide 75 ml"},"content":{"rendered":"<p>Sis\u00e4lt\u00e4\u00e4 kamomillaa, kamferia ja mehil\u00e4isvahaa.<\/p>\n<p>Lievitt\u00e4\u00e4 jalkojen v\u00e4symyst\u00e4. Klassinen jalkavoide, johon sis\u00e4ltyv\u00e4t kamomillauute, mehil\u00e4isvaha ja kamferi lievitt\u00e4v\u00e4t jalkojen v\u00e4symyst\u00e4 sek\u00e4 kosteuttavat ja silottavat ihoa. Voide helpottaa kuolleiden ihosolujen poistoa sek\u00e4 muuttaa karhean ihon pehme\u00e4ksi ja joustavaksi.<\/p>\n<p>Erinomaista lievityst\u00e4 v\u00e4syneille jaloille joka ilta.<\/p>\n<p>KOKEMUS VUODESTA 1932<\/p>\n","protected":false},"excerpt":{"rendered":"<p>Sis\u00e4lt\u00e4\u00e4 kamomillaa, kamferia ja mehil\u00e4isvahaa. Lievitt\u00e4\u00e4 jalkojen v\u00e4symyst\u00e4. Klassinen jalkavoide, johon sis\u00e4ltyv\u00e4t kamomillauute, mehil\u00e4isvaha ja kamferi lievitt\u00e4v\u00e4t jalkojen v\u00e4symyst\u00e4 sek\u00e4&#8230;<\/p>\n","protected":false},"featured_media":3034,"template":"","meta":{"_et_pb_use_builder":"","_et_pb_old_content":"","_et_gb_content_width":""},"product_cat":[80],"product_tag":[],"acf":[],"yoast_head":"<!-- This site is optimized with the Yoast SEO plugin v21.5 - https:\/\/yoast.com\/wordpress\/plugins\/seo\/ -->\n<title>Raikastava jalkavoide 75 ml - Orto<\/title>\n<meta name=\"description\" content=\"Raikastava jalkavoide 75 ml\" \/>\n<meta name=\"robots\" content=\"noindex, follow, max-snippet:-1, max-image-preview:large, max-video-preview:-1\" \/>\n<meta property=\"og:locale\" content=\"fi_FI\" \/>\n<meta property=\"og:type\" content=\"article\" \/>\n<meta property=\"og:title\" content=\"Raikastava jalkavoide 75 ml - Orto\" \/>\n<meta property=\"og:description\" content=\"Raikastava jalkavoide 75 ml\" \/>\n<meta property=\"og:url\" content=\"https:\/\/kataloog.orto.ee\/pood\/orto-varskendav-jalakreem-kummeli-kampri-ja-meevahaga-75ml\/\" \/>\n<meta property=\"og:site_name\" content=\"Orto\" \/>\n<meta property=\"article:modified_time\" content=\"2022-05-09T08:07:09+00:00\" \/>\n<meta property=\"og:image\" content=\"https:\/\/kataloog.orto.ee\/wp-content\/uploads\/2022\/01\/K2te_ja_jalakreemid_mockid_75ml_lilla.jpg\" \/>\n\t<meta property=\"og:image:width\" content=\"828\" \/>\n\t<meta property=\"og:image:height\" content=\"1612\" \/>\n\t<meta property=\"og:image:type\" content=\"image\/jpeg\" \/>\n<meta name=\"twitter:card\" content=\"summary_large_image\" \/>\n<meta name=\"twitter:label1\" content=\"Arvioitu lukuaika\" \/>\n\t<meta name=\"twitter:data1\" content=\"1 minuutti\" \/>\n<script type=\"application\/ld+json\" class=\"yoast-schema-graph\">{\"@context\":\"https:\/\/schema.org\",\"@graph\":[{\"@type\":\"WebPage\",\"@id\":\"https:\/\/kataloog.orto.ee\/pood\/orto-varskendav-jalakreem-kummeli-kampri-ja-meevahaga-75ml\/\",\"url\":\"https:\/\/kataloog.orto.ee\/pood\/orto-varskendav-jalakreem-kummeli-kampri-ja-meevahaga-75ml\/\",\"name\":\"Raikastava jalkavoide 75 ml - Orto\",\"isPartOf\":{\"@id\":\"https:\/\/kataloog.orto.ee\/#website\"},\"datePublished\":\"2021-02-11T08:16:54+00:00\",\"dateModified\":\"2022-05-09T08:07:09+00:00\",\"description\":\"Raikastava jalkavoide 75 ml\",\"breadcrumb\":{\"@id\":\"https:\/\/kataloog.orto.ee\/pood\/orto-varskendav-jalakreem-kummeli-kampri-ja-meevahaga-75ml\/#breadcrumb\"},\"inLanguage\":\"fi\",\"potentialAction\":[{\"@type\":\"ReadAction\",\"target\":[\"https:\/\/kataloog.orto.ee\/pood\/orto-varskendav-jalakreem-kummeli-kampri-ja-meevahaga-75ml\/\"]}]},{\"@type\":\"BreadcrumbList\",\"@id\":\"https:\/\/kataloog.orto.ee\/pood\/orto-varskendav-jalakreem-kummeli-kampri-ja-meevahaga-75ml\/#breadcrumb\",\"itemListElement\":[{\"@type\":\"ListItem\",\"position\":1,\"name\":\"Home\",\"item\":\"https:\/\/kataloog.orto.ee\/\"},{\"@type\":\"ListItem\",\"position\":2,\"name\":\"Tuotteet\",\"item\":\"https:\/\/kataloog.orto.ee\/tooted\/\"},{\"@type\":\"ListItem\",\"position\":3,\"name\":\"Raikastava jalkavoide 75 ml\"}]},{\"@type\":\"WebSite\",\"@id\":\"https:\/\/kataloog.orto.ee\/#website\",\"url\":\"https:\/\/kataloog.orto.ee\/\",\"name\":\"Orto\",\"description\":\"\",\"potentialAction\":[{\"@type\":\"SearchAction\",\"target\":{\"@type\":\"EntryPoint\",\"urlTemplate\":\"https:\/\/kataloog.orto.ee\/?s={search_term_string}\"},\"query-input\":\"required name=search_term_string\"}],\"inLanguage\":\"fi\"}]}<\/script>\n<!-- \/ Yoast SEO plugin. -->","yoast_head_json":{"title":"Raikastava jalkavoide 75 ml - Orto","description":"Raikastava jalkavoide 75 ml","robots":{"index":"noindex","follow":"follow","max-snippet":"max-snippet:-1","max-image-preview":"max-image-preview:large","max-video-preview":"max-video-preview:-1"},"og_locale":"fi_FI","og_type":"article","og_title":"Raikastava jalkavoide 75 ml - Orto","og_description":"Raikastava jalkavoide 75 ml","og_url":"https:\/\/kataloog.orto.ee\/pood\/orto-varskendav-jalakreem-kummeli-kampri-ja-meevahaga-75ml\/","og_site_name":"Orto","article_modified_time":"2022-05-09T08:07:09+00:00","og_image":[{"width":828,"height":1612,"url":"https:\/\/kataloog.orto.ee\/wp-content\/uploads\/2022\/01\/K2te_ja_jalakreemid_mockid_75ml_lilla.jpg","type":"image\/jpeg"}],"twitter_card":"summary_large_image","twitter_misc":{"Arvioitu lukuaika":"1 minuutti"},"schema":{"@context":"https:\/\/schema.org","@graph":[{"@type":"WebPage","@id":"https:\/\/kataloog.orto.ee\/pood\/orto-varskendav-jalakreem-kummeli-kampri-ja-meevahaga-75ml\/","url":"https:\/\/kataloog.orto.ee\/pood\/orto-varskendav-jalakreem-kummeli-kampri-ja-meevahaga-75ml\/","name":"Raikastava jalkavoide 75 ml - Orto","isPartOf":{"@id":"https:\/\/kataloog.orto.ee\/#website"},"datePublished":"2021-02-11T08:16:54+00:00","dateModified":"2022-05-09T08:07:09+00:00","description":"Raikastava jalkavoide 75 ml","breadcrumb":{"@id":"https:\/\/kataloog.orto.ee\/pood\/orto-varskendav-jalakreem-kummeli-kampri-ja-meevahaga-75ml\/#breadcrumb"},"inLanguage":"fi","potentialAction":[{"@type":"ReadAction","target":["https:\/\/kataloog.orto.ee\/pood\/orto-varskendav-jalakreem-kummeli-kampri-ja-meevahaga-75ml\/"]}]},{"@type":"BreadcrumbList","@id":"https:\/\/kataloog.orto.ee\/pood\/orto-varskendav-jalakreem-kummeli-kampri-ja-meevahaga-75ml\/#breadcrumb","itemListElement":[{"@type":"ListItem","position":1,"name":"Home","item":"https:\/\/kataloog.orto.ee\/"},{"@type":"ListItem","position":2,"name":"Tuotteet","item":"https:\/\/kataloog.orto.ee\/tooted\/"},{"@type":"ListItem","position":3,"name":"Raikastava jalkavoide 75 ml"}]},{"@type":"WebSite","@id":"https:\/\/kataloog.orto.ee\/#website","url":"https:\/\/kataloog.orto.ee\/","name":"Orto","description":"","potentialAction":[{"@type":"SearchAction","target":{"@type":"EntryPoint","urlTemplate":"https:\/\/kataloog.orto.ee\/?s={search_term_string}"},"query-input":"required name=search_term_string"}],"inLanguage":"fi"}]}},"_links":{"self":[{"href":"https:\/\/kataloog.orto.ee\/fi\/wp-json\/wp\/v2\/product\/1738"}],"collection":[{"href":"https:\/\/kataloog.orto.ee\/fi\/wp-json\/wp\/v2\/product"}],"about":[{"href":"https:\/\/kataloog.orto.ee\/fi\/wp-json\/wp\/v2\/types\/product"}],"wp:featuredmedia":[{"embeddable":true,"href":"https:\/\/kataloog.orto.ee\/fi\/wp-json\/wp\/v2\/media\/3034"}],"wp:attachment":[{"href":"https:\/\/kataloog.orto.ee\/fi\/wp-json\/wp\/v2\/media?parent=1738"}],"wp:term":[{"taxonomy":"product_cat","embeddable":true,"href":"https:\/\/kataloog.orto.ee\/fi\/wp-json\/wp\/v2\/product_cat?post=1738"},{"taxonomy":"product_tag","embeddable":true,"href":"https:\/\/kataloog.orto.ee\/fi\/wp-json\/wp\/v2\/product_tag?post=1738"}],"curies":[{"name":"wp","href":"https:\/\/api.w.org\/{rel}","templated":true}]}}