{"id":1682,"date":"2020-04-17T12:19:23","date_gmt":"2020-04-17T09:19:23","guid":{"rendered":"https:\/\/orto.ee\/pood\/puhas-loodus-tasakaalustav-naopesugeel-teepuu-150ml\/"},"modified":"2022-06-09T11:31:42","modified_gmt":"2022-06-09T08:31:42","slug":"puhas-loodus-tasakaalustav-naopesugeel-teepuu-150ml","status":"publish","type":"product","link":"https:\/\/kataloog.orto.ee\/fi\/pood\/puhas-loodus-tasakaalustav-naopesugeel-teepuu-150ml\/","title":{"rendered":"Tasapainottava kasvojenpesugeeli Teepuu Puhas Loodus 150 ml"},"content":{"rendered":"<p>Tasapainottava kasvojenpesugeeli rasvaiselle ja ongelmaiholle.<\/p>\n<p>Luonnollinen teepuu\u00f6ljy, valkopaju-uute ja salisyylihappo tasapainottavat rasvaisen ihon mikrobiomin ja supistavat ihohuokosia; tuloksena matta, puhdas ja silkkinen iho. Jokap\u00e4iv\u00e4iseen k\u00e4ytt\u00f6\u00f6n.<\/p>\n<p>Yli 95% ainesosista on luonnollista alkuper\u00e4\u00e4.<\/p>\n<p>DERMATOLOGISESTI TESTATTU<\/p>\n","protected":false},"excerpt":{"rendered":"<p>Tasapainottava kasvojenpesugeeli rasvaiselle ja ongelmaiholle. Luonnollinen teepuu\u00f6ljy, valkopaju-uute ja salisyylihappo tasapainottavat rasvaisen ihon mikrobiomin ja supistavat ihohuokosia; tuloksena matta, puhdas&#8230;<\/p>\n","protected":false},"featured_media":2927,"template":"","meta":{"_et_pb_use_builder":"","_et_pb_old_content":"","_et_gb_content_width":""},"product_cat":[109],"product_tag":[],"acf":[],"yoast_head":"<!-- This site is optimized with the Yoast SEO plugin v21.5 - https:\/\/yoast.com\/wordpress\/plugins\/seo\/ -->\n<title>Tasapainottava kasvojenpesugeeli Teepuu Puhas Loodus 150 ml - Orto<\/title>\n<meta name=\"description\" content=\"Tasapainottava kasvojenpesugeeli Teepuu Puhas Loodus 150 ml\" \/>\n<meta name=\"robots\" content=\"noindex, follow, max-snippet:-1, max-image-preview:large, max-video-preview:-1\" \/>\n<meta property=\"og:locale\" content=\"fi_FI\" \/>\n<meta property=\"og:type\" content=\"article\" \/>\n<meta property=\"og:title\" content=\"Tasapainottava kasvojenpesugeeli Teepuu Puhas Loodus 150 ml - Orto\" \/>\n<meta property=\"og:description\" content=\"Tasapainottava kasvojenpesugeeli Teepuu Puhas Loodus 150 ml\" \/>\n<meta property=\"og:url\" content=\"https:\/\/kataloog.orto.ee\/pood\/puhas-loodus-tasakaalustav-naopesugeel-teepuu-150ml\/\" \/>\n<meta property=\"og:site_name\" content=\"Orto\" \/>\n<meta property=\"article:modified_time\" content=\"2022-06-09T08:31:42+00:00\" \/>\n<meta property=\"og:image\" content=\"https:\/\/kataloog.orto.ee\/wp-content\/uploads\/2021\/09\/Orto_PL_150ml_Teepuu_mockup-scaled.jpg\" \/>\n\t<meta property=\"og:image:width\" content=\"1542\" \/>\n\t<meta property=\"og:image:height\" content=\"2560\" \/>\n\t<meta property=\"og:image:type\" content=\"image\/jpeg\" \/>\n<meta name=\"twitter:card\" content=\"summary_large_image\" \/>\n<meta name=\"twitter:label1\" content=\"Arvioitu lukuaika\" \/>\n\t<meta name=\"twitter:data1\" content=\"1 minuutti\" \/>\n<script type=\"application\/ld+json\" class=\"yoast-schema-graph\">{\"@context\":\"https:\/\/schema.org\",\"@graph\":[{\"@type\":\"WebPage\",\"@id\":\"https:\/\/kataloog.orto.ee\/pood\/puhas-loodus-tasakaalustav-naopesugeel-teepuu-150ml\/\",\"url\":\"https:\/\/kataloog.orto.ee\/pood\/puhas-loodus-tasakaalustav-naopesugeel-teepuu-150ml\/\",\"name\":\"Tasapainottava kasvojenpesugeeli Teepuu Puhas Loodus 150 ml - Orto\",\"isPartOf\":{\"@id\":\"https:\/\/kataloog.orto.ee\/#website\"},\"datePublished\":\"2020-04-17T09:19:23+00:00\",\"dateModified\":\"2022-06-09T08:31:42+00:00\",\"description\":\"Tasapainottava kasvojenpesugeeli Teepuu Puhas Loodus 150 ml\",\"breadcrumb\":{\"@id\":\"https:\/\/kataloog.orto.ee\/pood\/puhas-loodus-tasakaalustav-naopesugeel-teepuu-150ml\/#breadcrumb\"},\"inLanguage\":\"fi\",\"potentialAction\":[{\"@type\":\"ReadAction\",\"target\":[\"https:\/\/kataloog.orto.ee\/pood\/puhas-loodus-tasakaalustav-naopesugeel-teepuu-150ml\/\"]}]},{\"@type\":\"BreadcrumbList\",\"@id\":\"https:\/\/kataloog.orto.ee\/pood\/puhas-loodus-tasakaalustav-naopesugeel-teepuu-150ml\/#breadcrumb\",\"itemListElement\":[{\"@type\":\"ListItem\",\"position\":1,\"name\":\"Home\",\"item\":\"https:\/\/kataloog.orto.ee\/\"},{\"@type\":\"ListItem\",\"position\":2,\"name\":\"Tuotteet\",\"item\":\"https:\/\/kataloog.orto.ee\/tooted\/\"},{\"@type\":\"ListItem\",\"position\":3,\"name\":\"Tasapainottava kasvojenpesugeeli Teepuu Puhas Loodus 150 ml\"}]},{\"@type\":\"WebSite\",\"@id\":\"https:\/\/kataloog.orto.ee\/#website\",\"url\":\"https:\/\/kataloog.orto.ee\/\",\"name\":\"Orto\",\"description\":\"\",\"potentialAction\":[{\"@type\":\"SearchAction\",\"target\":{\"@type\":\"EntryPoint\",\"urlTemplate\":\"https:\/\/kataloog.orto.ee\/?s={search_term_string}\"},\"query-input\":\"required name=search_term_string\"}],\"inLanguage\":\"fi\"}]}<\/script>\n<!-- \/ Yoast SEO plugin. -->","yoast_head_json":{"title":"Tasapainottava kasvojenpesugeeli Teepuu Puhas Loodus 150 ml - Orto","description":"Tasapainottava kasvojenpesugeeli Teepuu Puhas Loodus 150 ml","robots":{"index":"noindex","follow":"follow","max-snippet":"max-snippet:-1","max-image-preview":"max-image-preview:large","max-video-preview":"max-video-preview:-1"},"og_locale":"fi_FI","og_type":"article","og_title":"Tasapainottava kasvojenpesugeeli Teepuu Puhas Loodus 150 ml - Orto","og_description":"Tasapainottava kasvojenpesugeeli Teepuu Puhas Loodus 150 ml","og_url":"https:\/\/kataloog.orto.ee\/pood\/puhas-loodus-tasakaalustav-naopesugeel-teepuu-150ml\/","og_site_name":"Orto","article_modified_time":"2022-06-09T08:31:42+00:00","og_image":[{"width":1542,"height":2560,"url":"https:\/\/kataloog.orto.ee\/wp-content\/uploads\/2021\/09\/Orto_PL_150ml_Teepuu_mockup-scaled.jpg","type":"image\/jpeg"}],"twitter_card":"summary_large_image","twitter_misc":{"Arvioitu lukuaika":"1 minuutti"},"schema":{"@context":"https:\/\/schema.org","@graph":[{"@type":"WebPage","@id":"https:\/\/kataloog.orto.ee\/pood\/puhas-loodus-tasakaalustav-naopesugeel-teepuu-150ml\/","url":"https:\/\/kataloog.orto.ee\/pood\/puhas-loodus-tasakaalustav-naopesugeel-teepuu-150ml\/","name":"Tasapainottava kasvojenpesugeeli Teepuu Puhas Loodus 150 ml - Orto","isPartOf":{"@id":"https:\/\/kataloog.orto.ee\/#website"},"datePublished":"2020-04-17T09:19:23+00:00","dateModified":"2022-06-09T08:31:42+00:00","description":"Tasapainottava kasvojenpesugeeli Teepuu Puhas Loodus 150 ml","breadcrumb":{"@id":"https:\/\/kataloog.orto.ee\/pood\/puhas-loodus-tasakaalustav-naopesugeel-teepuu-150ml\/#breadcrumb"},"inLanguage":"fi","potentialAction":[{"@type":"ReadAction","target":["https:\/\/kataloog.orto.ee\/pood\/puhas-loodus-tasakaalustav-naopesugeel-teepuu-150ml\/"]}]},{"@type":"BreadcrumbList","@id":"https:\/\/kataloog.orto.ee\/pood\/puhas-loodus-tasakaalustav-naopesugeel-teepuu-150ml\/#breadcrumb","itemListElement":[{"@type":"ListItem","position":1,"name":"Home","item":"https:\/\/kataloog.orto.ee\/"},{"@type":"ListItem","position":2,"name":"Tuotteet","item":"https:\/\/kataloog.orto.ee\/tooted\/"},{"@type":"ListItem","position":3,"name":"Tasapainottava kasvojenpesugeeli Teepuu Puhas Loodus 150 ml"}]},{"@type":"WebSite","@id":"https:\/\/kataloog.orto.ee\/#website","url":"https:\/\/kataloog.orto.ee\/","name":"Orto","description":"","potentialAction":[{"@type":"SearchAction","target":{"@type":"EntryPoint","urlTemplate":"https:\/\/kataloog.orto.ee\/?s={search_term_string}"},"query-input":"required name=search_term_string"}],"inLanguage":"fi"}]}},"_links":{"self":[{"href":"https:\/\/kataloog.orto.ee\/fi\/wp-json\/wp\/v2\/product\/1682"}],"collection":[{"href":"https:\/\/kataloog.orto.ee\/fi\/wp-json\/wp\/v2\/product"}],"about":[{"href":"https:\/\/kataloog.orto.ee\/fi\/wp-json\/wp\/v2\/types\/product"}],"wp:featuredmedia":[{"embeddable":true,"href":"https:\/\/kataloog.orto.ee\/fi\/wp-json\/wp\/v2\/media\/2927"}],"wp:attachment":[{"href":"https:\/\/kataloog.orto.ee\/fi\/wp-json\/wp\/v2\/media?parent=1682"}],"wp:term":[{"taxonomy":"product_cat","embeddable":true,"href":"https:\/\/kataloog.orto.ee\/fi\/wp-json\/wp\/v2\/product_cat?post=1682"},{"taxonomy":"product_tag","embeddable":true,"href":"https:\/\/kataloog.orto.ee\/fi\/wp-json\/wp\/v2\/product_tag?post=1682"}],"curies":[{"name":"wp","href":"https:\/\/api.w.org\/{rel}","templated":true}]}}