{"id":1633,"date":"2020-04-16T16:30:57","date_gmt":"2020-04-16T13:30:57","guid":{"rendered":"https:\/\/orto.ee\/pood\/loogastav-ja-pehmendav-jalakreem-lavendel-75-ml\/"},"modified":"2022-11-17T13:48:13","modified_gmt":"2022-11-17T11:48:13","slug":"loogastav-ja-pehmendav-jalakreem-lavendel-75-ml","status":"publish","type":"product","link":"https:\/\/kataloog.orto.ee\/fi\/pood\/loogastav-ja-pehmendav-jalakreem-lavendel-75-ml\/","title":{"rendered":"Puhas Loodus rentouttava ja pehmitt\u00e4v\u00e4 jalkavoide Laventeli  75 ml"},"content":{"rendered":"<p>V\u00e4syneille jaloille.<\/p>\n<p>Sis\u00e4lt\u00e4\u00e4 ainutlaatuista eteeristen \u00f6ljyjen yhdistelm\u00e4\u00e4, jonka rauhoittava tuoksu on harmonisessa tasapainossa viilent\u00e4v\u00e4n ja rentouttavan vaikutuksen kanssa. Biologisesti runsasrakenteinen kaakaovoi ja soija\u00f6ljy vahvistavat voiteen aromaterapista vaikutusta ja pehment\u00e4v\u00e4t samalla jalkoja. S\u00e4\u00e4nn\u00f6llisesti k\u00e4ytettyn\u00e4 voide lievent\u00e4\u00e4 v\u00e4symyksest\u00e4 aiheutuvaa raskasta tunnetta. Levitet\u00e4\u00e4n tasaisesti jalkaterille ja s\u00e4\u00e4rille hierovin liikkein alhaalta yl\u00f6sp\u00e4in.<\/p>\n<p>Yli 95% ainesosista on luonnollista alkuper\u00e4\u00e4.<\/p>\n","protected":false},"excerpt":{"rendered":"<p>V\u00e4syneille jaloille. Sis\u00e4lt\u00e4\u00e4 ainutlaatuista eteeristen \u00f6ljyjen yhdistelm\u00e4\u00e4, jonka rauhoittava tuoksu on harmonisessa tasapainossa viilent\u00e4v\u00e4n ja rentouttavan vaikutuksen kanssa. Biologisesti runsasrakenteinen&#8230;<\/p>\n","protected":false},"featured_media":3189,"template":"","meta":{"_et_pb_use_builder":"","_et_pb_old_content":"","_et_gb_content_width":""},"product_cat":[114],"product_tag":[],"acf":[],"yoast_head":"<!-- This site is optimized with the Yoast SEO plugin v21.5 - https:\/\/yoast.com\/wordpress\/plugins\/seo\/ -->\n<title>Puhas Loodus rentouttava ja pehmitt\u00e4v\u00e4 jalkavoide Laventeli 75 ml - Orto<\/title>\n<meta name=\"description\" content=\"Puhas Loodus rentouttava ja pehmitt\u00e4v\u00e4 jalkavoide Laventeli 75 ml\" \/>\n<meta name=\"robots\" content=\"noindex, follow, max-snippet:-1, max-image-preview:large, max-video-preview:-1\" \/>\n<meta property=\"og:locale\" content=\"fi_FI\" \/>\n<meta property=\"og:type\" content=\"article\" \/>\n<meta property=\"og:title\" content=\"Puhas Loodus rentouttava ja pehmitt\u00e4v\u00e4 jalkavoide Laventeli 75 ml - Orto\" \/>\n<meta property=\"og:description\" content=\"Puhas Loodus rentouttava ja pehmitt\u00e4v\u00e4 jalkavoide Laventeli 75 ml\" \/>\n<meta property=\"og:url\" content=\"https:\/\/kataloog.orto.ee\/pood\/loogastav-ja-pehmendav-jalakreem-lavendel-75-ml\/\" \/>\n<meta property=\"og:site_name\" content=\"Orto\" \/>\n<meta property=\"article:modified_time\" content=\"2022-11-17T11:48:13+00:00\" \/>\n<meta property=\"og:image\" content=\"https:\/\/kataloog.orto.ee\/wp-content\/uploads\/2022\/06\/Orto_PL_75ml_Lavendel_mockup-scaled.jpg\" \/>\n\t<meta property=\"og:image:width\" content=\"1166\" \/>\n\t<meta property=\"og:image:height\" content=\"2560\" \/>\n\t<meta property=\"og:image:type\" content=\"image\/jpeg\" \/>\n<meta name=\"twitter:card\" content=\"summary_large_image\" \/>\n<meta name=\"twitter:label1\" content=\"Arvioitu lukuaika\" \/>\n\t<meta name=\"twitter:data1\" content=\"1 minuutti\" \/>\n<script type=\"application\/ld+json\" class=\"yoast-schema-graph\">{\"@context\":\"https:\/\/schema.org\",\"@graph\":[{\"@type\":\"WebPage\",\"@id\":\"https:\/\/kataloog.orto.ee\/pood\/loogastav-ja-pehmendav-jalakreem-lavendel-75-ml\/\",\"url\":\"https:\/\/kataloog.orto.ee\/pood\/loogastav-ja-pehmendav-jalakreem-lavendel-75-ml\/\",\"name\":\"Puhas Loodus rentouttava ja pehmitt\u00e4v\u00e4 jalkavoide Laventeli 75 ml - Orto\",\"isPartOf\":{\"@id\":\"https:\/\/kataloog.orto.ee\/#website\"},\"datePublished\":\"2020-04-16T13:30:57+00:00\",\"dateModified\":\"2022-11-17T11:48:13+00:00\",\"description\":\"Puhas Loodus rentouttava ja pehmitt\u00e4v\u00e4 jalkavoide Laventeli 75 ml\",\"breadcrumb\":{\"@id\":\"https:\/\/kataloog.orto.ee\/pood\/loogastav-ja-pehmendav-jalakreem-lavendel-75-ml\/#breadcrumb\"},\"inLanguage\":\"fi\",\"potentialAction\":[{\"@type\":\"ReadAction\",\"target\":[\"https:\/\/kataloog.orto.ee\/pood\/loogastav-ja-pehmendav-jalakreem-lavendel-75-ml\/\"]}]},{\"@type\":\"BreadcrumbList\",\"@id\":\"https:\/\/kataloog.orto.ee\/pood\/loogastav-ja-pehmendav-jalakreem-lavendel-75-ml\/#breadcrumb\",\"itemListElement\":[{\"@type\":\"ListItem\",\"position\":1,\"name\":\"Home\",\"item\":\"https:\/\/kataloog.orto.ee\/\"},{\"@type\":\"ListItem\",\"position\":2,\"name\":\"Tuotteet\",\"item\":\"https:\/\/kataloog.orto.ee\/tooted\/\"},{\"@type\":\"ListItem\",\"position\":3,\"name\":\"Puhas Loodus rentouttava ja pehmitt\u00e4v\u00e4 jalkavoide Laventeli 75 ml\"}]},{\"@type\":\"WebSite\",\"@id\":\"https:\/\/kataloog.orto.ee\/#website\",\"url\":\"https:\/\/kataloog.orto.ee\/\",\"name\":\"Orto\",\"description\":\"\",\"potentialAction\":[{\"@type\":\"SearchAction\",\"target\":{\"@type\":\"EntryPoint\",\"urlTemplate\":\"https:\/\/kataloog.orto.ee\/?s={search_term_string}\"},\"query-input\":\"required name=search_term_string\"}],\"inLanguage\":\"fi\"}]}<\/script>\n<!-- \/ Yoast SEO plugin. -->","yoast_head_json":{"title":"Puhas Loodus rentouttava ja pehmitt\u00e4v\u00e4 jalkavoide Laventeli 75 ml - Orto","description":"Puhas Loodus rentouttava ja pehmitt\u00e4v\u00e4 jalkavoide Laventeli 75 ml","robots":{"index":"noindex","follow":"follow","max-snippet":"max-snippet:-1","max-image-preview":"max-image-preview:large","max-video-preview":"max-video-preview:-1"},"og_locale":"fi_FI","og_type":"article","og_title":"Puhas Loodus rentouttava ja pehmitt\u00e4v\u00e4 jalkavoide Laventeli 75 ml - Orto","og_description":"Puhas Loodus rentouttava ja pehmitt\u00e4v\u00e4 jalkavoide Laventeli 75 ml","og_url":"https:\/\/kataloog.orto.ee\/pood\/loogastav-ja-pehmendav-jalakreem-lavendel-75-ml\/","og_site_name":"Orto","article_modified_time":"2022-11-17T11:48:13+00:00","og_image":[{"width":1166,"height":2560,"url":"https:\/\/kataloog.orto.ee\/wp-content\/uploads\/2022\/06\/Orto_PL_75ml_Lavendel_mockup-scaled.jpg","type":"image\/jpeg"}],"twitter_card":"summary_large_image","twitter_misc":{"Arvioitu lukuaika":"1 minuutti"},"schema":{"@context":"https:\/\/schema.org","@graph":[{"@type":"WebPage","@id":"https:\/\/kataloog.orto.ee\/pood\/loogastav-ja-pehmendav-jalakreem-lavendel-75-ml\/","url":"https:\/\/kataloog.orto.ee\/pood\/loogastav-ja-pehmendav-jalakreem-lavendel-75-ml\/","name":"Puhas Loodus rentouttava ja pehmitt\u00e4v\u00e4 jalkavoide Laventeli 75 ml - Orto","isPartOf":{"@id":"https:\/\/kataloog.orto.ee\/#website"},"datePublished":"2020-04-16T13:30:57+00:00","dateModified":"2022-11-17T11:48:13+00:00","description":"Puhas Loodus rentouttava ja pehmitt\u00e4v\u00e4 jalkavoide Laventeli 75 ml","breadcrumb":{"@id":"https:\/\/kataloog.orto.ee\/pood\/loogastav-ja-pehmendav-jalakreem-lavendel-75-ml\/#breadcrumb"},"inLanguage":"fi","potentialAction":[{"@type":"ReadAction","target":["https:\/\/kataloog.orto.ee\/pood\/loogastav-ja-pehmendav-jalakreem-lavendel-75-ml\/"]}]},{"@type":"BreadcrumbList","@id":"https:\/\/kataloog.orto.ee\/pood\/loogastav-ja-pehmendav-jalakreem-lavendel-75-ml\/#breadcrumb","itemListElement":[{"@type":"ListItem","position":1,"name":"Home","item":"https:\/\/kataloog.orto.ee\/"},{"@type":"ListItem","position":2,"name":"Tuotteet","item":"https:\/\/kataloog.orto.ee\/tooted\/"},{"@type":"ListItem","position":3,"name":"Puhas Loodus rentouttava ja pehmitt\u00e4v\u00e4 jalkavoide Laventeli 75 ml"}]},{"@type":"WebSite","@id":"https:\/\/kataloog.orto.ee\/#website","url":"https:\/\/kataloog.orto.ee\/","name":"Orto","description":"","potentialAction":[{"@type":"SearchAction","target":{"@type":"EntryPoint","urlTemplate":"https:\/\/kataloog.orto.ee\/?s={search_term_string}"},"query-input":"required name=search_term_string"}],"inLanguage":"fi"}]}},"_links":{"self":[{"href":"https:\/\/kataloog.orto.ee\/fi\/wp-json\/wp\/v2\/product\/1633"}],"collection":[{"href":"https:\/\/kataloog.orto.ee\/fi\/wp-json\/wp\/v2\/product"}],"about":[{"href":"https:\/\/kataloog.orto.ee\/fi\/wp-json\/wp\/v2\/types\/product"}],"wp:featuredmedia":[{"embeddable":true,"href":"https:\/\/kataloog.orto.ee\/fi\/wp-json\/wp\/v2\/media\/3189"}],"wp:attachment":[{"href":"https:\/\/kataloog.orto.ee\/fi\/wp-json\/wp\/v2\/media?parent=1633"}],"wp:term":[{"taxonomy":"product_cat","embeddable":true,"href":"https:\/\/kataloog.orto.ee\/fi\/wp-json\/wp\/v2\/product_cat?post=1633"},{"taxonomy":"product_tag","embeddable":true,"href":"https:\/\/kataloog.orto.ee\/fi\/wp-json\/wp\/v2\/product_tag?post=1633"}],"curies":[{"name":"wp","href":"https:\/\/api.w.org\/{rel}","templated":true}]}}