{"id":1625,"date":"2020-04-16T16:32:19","date_gmt":"2020-04-16T13:32:19","guid":{"rendered":"https:\/\/orto.ee\/pood\/niisutav-multiaktiivne-jalakreem-avokaado-75-ml\/"},"modified":"2021-09-24T11:36:09","modified_gmt":"2021-09-24T08:36:09","slug":"niisutav-multiaktiivne-jalakreem-avokaado-75-ml","status":"publish","type":"product","link":"https:\/\/kataloog.orto.ee\/fi\/pood\/niisutav-multiaktiivne-jalakreem-avokaado-75-ml\/","title":{"rendered":"Puhas Loodus monitoiminen jalkavoide Avokado kuivahkolle iholle 75 ml"},"content":{"rendered":"<p>Tehokkaasti kosteuttava voide, joka sis\u00e4lt\u00e4\u00e4 luonnollisia hunajaentsyymej\u00e4 ja hell\u00e4sti kuorivia happoja poistaa hell\u00e4varaisesti vanhentuneet ihosolut. Arnikkiuute ja allantoiini elvytt\u00e4v\u00e4t ihosolujen uudistumista. Avokado\u00f6ljy ja hunajavaha pehment\u00e4v\u00e4t ja silottavat kuivuuteen taipuvaista karheaa ihoa sek\u00e4 yhdess\u00e4 keh\u00e4kukkauutteen ja E-vitamiinin kanssa suojaavat jalkoja ulkoisilta \u00e4rsykkeilt\u00e4. S\u00e4\u00e4nn\u00f6llisesti k\u00e4ytt\u00e4en voide ehk\u00e4isee kantap\u00e4iden halkeamien synty\u00e4.<\/p>\n<p>Yli 95% ainesosista on luonnollista alkuper\u00e4\u00e4.<\/p>\n","protected":false},"excerpt":{"rendered":"<p>Tehokkaasti kosteuttava voide, joka sis\u00e4lt\u00e4\u00e4 luonnollisia hunajaentsyymej\u00e4 ja hell\u00e4sti kuorivia happoja poistaa hell\u00e4varaisesti vanhentuneet ihosolut. Arnikkiuute ja allantoiini elvytt\u00e4v\u00e4t ihosolujen&#8230;<\/p>\n","protected":false},"featured_media":2529,"template":"","meta":{"_et_pb_use_builder":"","_et_pb_old_content":"","_et_gb_content_width":""},"product_cat":[114],"product_tag":[],"acf":[],"yoast_head":"<!-- This site is optimized with the Yoast SEO plugin v21.5 - https:\/\/yoast.com\/wordpress\/plugins\/seo\/ -->\n<title>Puhas Loodus monitoiminen jalkavoide Avokado kuivahkolle iholle 75 ml - Orto<\/title>\n<meta name=\"description\" content=\"Puhas Loodus monitoiminen jalkavoide Avokado kuivahkolle iholle 75 ml\" \/>\n<meta name=\"robots\" content=\"noindex, follow, max-snippet:-1, max-image-preview:large, max-video-preview:-1\" \/>\n<meta property=\"og:locale\" content=\"fi_FI\" \/>\n<meta property=\"og:type\" content=\"article\" \/>\n<meta property=\"og:title\" content=\"Puhas Loodus monitoiminen jalkavoide Avokado kuivahkolle iholle 75 ml - Orto\" \/>\n<meta property=\"og:description\" content=\"Puhas Loodus monitoiminen jalkavoide Avokado kuivahkolle iholle 75 ml\" \/>\n<meta property=\"og:url\" content=\"https:\/\/kataloog.orto.ee\/pood\/niisutav-multiaktiivne-jalakreem-avokaado-75-ml\/\" \/>\n<meta property=\"og:site_name\" content=\"Orto\" \/>\n<meta property=\"article:modified_time\" content=\"2021-09-24T08:36:09+00:00\" \/>\n<meta property=\"og:image\" content=\"https:\/\/kataloog.orto.ee\/wp-content\/uploads\/2021\/08\/Orto_PL_75ml_Avocado_mockup-003.png\" \/>\n\t<meta property=\"og:image:width\" content=\"2037\" \/>\n\t<meta property=\"og:image:height\" content=\"4474\" \/>\n\t<meta property=\"og:image:type\" content=\"image\/png\" \/>\n<meta name=\"twitter:card\" content=\"summary_large_image\" \/>\n<meta name=\"twitter:label1\" content=\"Arvioitu lukuaika\" \/>\n\t<meta name=\"twitter:data1\" content=\"1 minuutti\" \/>\n<script type=\"application\/ld+json\" class=\"yoast-schema-graph\">{\"@context\":\"https:\/\/schema.org\",\"@graph\":[{\"@type\":\"WebPage\",\"@id\":\"https:\/\/kataloog.orto.ee\/pood\/niisutav-multiaktiivne-jalakreem-avokaado-75-ml\/\",\"url\":\"https:\/\/kataloog.orto.ee\/pood\/niisutav-multiaktiivne-jalakreem-avokaado-75-ml\/\",\"name\":\"Puhas Loodus monitoiminen jalkavoide Avokado kuivahkolle iholle 75 ml - Orto\",\"isPartOf\":{\"@id\":\"https:\/\/kataloog.orto.ee\/#website\"},\"datePublished\":\"2020-04-16T13:32:19+00:00\",\"dateModified\":\"2021-09-24T08:36:09+00:00\",\"description\":\"Puhas Loodus monitoiminen jalkavoide Avokado kuivahkolle iholle 75 ml\",\"breadcrumb\":{\"@id\":\"https:\/\/kataloog.orto.ee\/pood\/niisutav-multiaktiivne-jalakreem-avokaado-75-ml\/#breadcrumb\"},\"inLanguage\":\"fi\",\"potentialAction\":[{\"@type\":\"ReadAction\",\"target\":[\"https:\/\/kataloog.orto.ee\/pood\/niisutav-multiaktiivne-jalakreem-avokaado-75-ml\/\"]}]},{\"@type\":\"BreadcrumbList\",\"@id\":\"https:\/\/kataloog.orto.ee\/pood\/niisutav-multiaktiivne-jalakreem-avokaado-75-ml\/#breadcrumb\",\"itemListElement\":[{\"@type\":\"ListItem\",\"position\":1,\"name\":\"Home\",\"item\":\"https:\/\/kataloog.orto.ee\/\"},{\"@type\":\"ListItem\",\"position\":2,\"name\":\"Tuotteet\",\"item\":\"https:\/\/kataloog.orto.ee\/tooted\/\"},{\"@type\":\"ListItem\",\"position\":3,\"name\":\"Puhas Loodus monitoiminen jalkavoide Avokado kuivahkolle iholle 75 ml\"}]},{\"@type\":\"WebSite\",\"@id\":\"https:\/\/kataloog.orto.ee\/#website\",\"url\":\"https:\/\/kataloog.orto.ee\/\",\"name\":\"Orto\",\"description\":\"\",\"potentialAction\":[{\"@type\":\"SearchAction\",\"target\":{\"@type\":\"EntryPoint\",\"urlTemplate\":\"https:\/\/kataloog.orto.ee\/?s={search_term_string}\"},\"query-input\":\"required name=search_term_string\"}],\"inLanguage\":\"fi\"}]}<\/script>\n<!-- \/ Yoast SEO plugin. -->","yoast_head_json":{"title":"Puhas Loodus monitoiminen jalkavoide Avokado kuivahkolle iholle 75 ml - Orto","description":"Puhas Loodus monitoiminen jalkavoide Avokado kuivahkolle iholle 75 ml","robots":{"index":"noindex","follow":"follow","max-snippet":"max-snippet:-1","max-image-preview":"max-image-preview:large","max-video-preview":"max-video-preview:-1"},"og_locale":"fi_FI","og_type":"article","og_title":"Puhas Loodus monitoiminen jalkavoide Avokado kuivahkolle iholle 75 ml - Orto","og_description":"Puhas Loodus monitoiminen jalkavoide Avokado kuivahkolle iholle 75 ml","og_url":"https:\/\/kataloog.orto.ee\/pood\/niisutav-multiaktiivne-jalakreem-avokaado-75-ml\/","og_site_name":"Orto","article_modified_time":"2021-09-24T08:36:09+00:00","og_image":[{"width":2037,"height":4474,"url":"https:\/\/kataloog.orto.ee\/wp-content\/uploads\/2021\/08\/Orto_PL_75ml_Avocado_mockup-003.png","type":"image\/png"}],"twitter_card":"summary_large_image","twitter_misc":{"Arvioitu lukuaika":"1 minuutti"},"schema":{"@context":"https:\/\/schema.org","@graph":[{"@type":"WebPage","@id":"https:\/\/kataloog.orto.ee\/pood\/niisutav-multiaktiivne-jalakreem-avokaado-75-ml\/","url":"https:\/\/kataloog.orto.ee\/pood\/niisutav-multiaktiivne-jalakreem-avokaado-75-ml\/","name":"Puhas Loodus monitoiminen jalkavoide Avokado kuivahkolle iholle 75 ml - Orto","isPartOf":{"@id":"https:\/\/kataloog.orto.ee\/#website"},"datePublished":"2020-04-16T13:32:19+00:00","dateModified":"2021-09-24T08:36:09+00:00","description":"Puhas Loodus monitoiminen jalkavoide Avokado kuivahkolle iholle 75 ml","breadcrumb":{"@id":"https:\/\/kataloog.orto.ee\/pood\/niisutav-multiaktiivne-jalakreem-avokaado-75-ml\/#breadcrumb"},"inLanguage":"fi","potentialAction":[{"@type":"ReadAction","target":["https:\/\/kataloog.orto.ee\/pood\/niisutav-multiaktiivne-jalakreem-avokaado-75-ml\/"]}]},{"@type":"BreadcrumbList","@id":"https:\/\/kataloog.orto.ee\/pood\/niisutav-multiaktiivne-jalakreem-avokaado-75-ml\/#breadcrumb","itemListElement":[{"@type":"ListItem","position":1,"name":"Home","item":"https:\/\/kataloog.orto.ee\/"},{"@type":"ListItem","position":2,"name":"Tuotteet","item":"https:\/\/kataloog.orto.ee\/tooted\/"},{"@type":"ListItem","position":3,"name":"Puhas Loodus monitoiminen jalkavoide Avokado kuivahkolle iholle 75 ml"}]},{"@type":"WebSite","@id":"https:\/\/kataloog.orto.ee\/#website","url":"https:\/\/kataloog.orto.ee\/","name":"Orto","description":"","potentialAction":[{"@type":"SearchAction","target":{"@type":"EntryPoint","urlTemplate":"https:\/\/kataloog.orto.ee\/?s={search_term_string}"},"query-input":"required name=search_term_string"}],"inLanguage":"fi"}]}},"_links":{"self":[{"href":"https:\/\/kataloog.orto.ee\/fi\/wp-json\/wp\/v2\/product\/1625"}],"collection":[{"href":"https:\/\/kataloog.orto.ee\/fi\/wp-json\/wp\/v2\/product"}],"about":[{"href":"https:\/\/kataloog.orto.ee\/fi\/wp-json\/wp\/v2\/types\/product"}],"wp:featuredmedia":[{"embeddable":true,"href":"https:\/\/kataloog.orto.ee\/fi\/wp-json\/wp\/v2\/media\/2529"}],"wp:attachment":[{"href":"https:\/\/kataloog.orto.ee\/fi\/wp-json\/wp\/v2\/media?parent=1625"}],"wp:term":[{"taxonomy":"product_cat","embeddable":true,"href":"https:\/\/kataloog.orto.ee\/fi\/wp-json\/wp\/v2\/product_cat?post=1625"},{"taxonomy":"product_tag","embeddable":true,"href":"https:\/\/kataloog.orto.ee\/fi\/wp-json\/wp\/v2\/product_tag?post=1625"}],"curies":[{"name":"wp","href":"https:\/\/api.w.org\/{rel}","templated":true}]}}