{"id":1607,"date":"2020-04-02T15:34:59","date_gmt":"2020-04-02T12:34:59","guid":{"rendered":"https:\/\/orto.ee\/pood\/niisutav-ja-rahustav-ookreem-saialill-75ml\/"},"modified":"2021-09-24T11:41:56","modified_gmt":"2021-09-24T08:41:56","slug":"niisutav-ja-rahustav-ookreem-saialill-75ml","status":"publish","type":"product","link":"https:\/\/kataloog.orto.ee\/fi\/pood\/niisutav-ja-rahustav-ookreem-saialill-75ml\/","title":{"rendered":"Kosteuttava ja rauhoittava y\u00f6voide Keh\u00e4kukka Puhas Loodus 75 ml"},"content":{"rendered":"<p>Kuivalle ja herk\u00e4lle iholle.<\/p>\n<p>Luonnonpuhdas kasvojen ihoa kosteuttava ja pehment\u00e4v\u00e4 voide jokailtaiseen k\u00e4ytt\u00f6\u00f6n. Keh\u00e4kukkauute ja bisabolol lievitt\u00e4v\u00e4t herk\u00e4n ja stressist\u00e4 k\u00e4rsineen ihon \u00e4rsytyst\u00e4. \u00d6ljyjen kuningatar jojoba\u00f6ljy yhdess\u00e4 sheavoin ja tehokkaiden kasvivalmisteiden kanssa antavat iholle tarvittavaa kosteutta ja elinvoimaa, vahvistavat kudoksia ja pehment\u00e4v\u00e4t haurasta ihoa.<\/p>\n<p>Yli 95% ainesosista on luonnollista alkuper\u00e4\u00e4.<\/p>\n<p>&nbsp;<\/p>\n","protected":false},"excerpt":{"rendered":"<p>Kuivalle ja herk\u00e4lle iholle. Luonnonpuhdas kasvojen ihoa kosteuttava ja pehment\u00e4v\u00e4 voide jokailtaiseen k\u00e4ytt\u00f6\u00f6n. Keh\u00e4kukkauute ja bisabolol lievitt\u00e4v\u00e4t herk\u00e4n ja stressist\u00e4&#8230;<\/p>\n","protected":false},"featured_media":2264,"template":"","meta":{"_et_pb_use_builder":"","_et_pb_old_content":"","_et_gb_content_width":""},"product_cat":[110],"product_tag":[],"acf":[],"yoast_head":"<!-- This site is optimized with the Yoast SEO plugin v21.5 - https:\/\/yoast.com\/wordpress\/plugins\/seo\/ -->\n<title>Kosteuttava ja rauhoittava y\u00f6voide Keh\u00e4kukka Puhas Loodus 75 ml - Orto<\/title>\n<meta name=\"description\" content=\"Kosteuttava ja rauhoittava y\u00f6voide Keh\u00e4kukka Puhas Loodus 75 ml\" \/>\n<meta name=\"robots\" content=\"noindex, follow, max-snippet:-1, max-image-preview:large, max-video-preview:-1\" \/>\n<meta property=\"og:locale\" content=\"fi_FI\" \/>\n<meta property=\"og:type\" content=\"article\" \/>\n<meta property=\"og:title\" content=\"Kosteuttava ja rauhoittava y\u00f6voide Keh\u00e4kukka Puhas Loodus 75 ml - Orto\" \/>\n<meta property=\"og:description\" content=\"Kosteuttava ja rauhoittava y\u00f6voide Keh\u00e4kukka Puhas Loodus 75 ml\" \/>\n<meta property=\"og:url\" content=\"https:\/\/kataloog.orto.ee\/pood\/niisutav-ja-rahustav-ookreem-saialill-75ml\/\" \/>\n<meta property=\"og:site_name\" content=\"Orto\" \/>\n<meta property=\"article:modified_time\" content=\"2021-09-24T08:41:56+00:00\" \/>\n<meta property=\"og:image\" content=\"https:\/\/kataloog.orto.ee\/wp-content\/uploads\/2021\/07\/Orto_PL_75ml_Saialill_mockup-466x1024.png\" \/>\n\t<meta property=\"og:image:width\" content=\"466\" \/>\n\t<meta property=\"og:image:height\" content=\"1024\" \/>\n\t<meta property=\"og:image:type\" content=\"image\/png\" \/>\n<meta name=\"twitter:card\" content=\"summary_large_image\" \/>\n<meta name=\"twitter:label1\" content=\"Arvioitu lukuaika\" \/>\n\t<meta name=\"twitter:data1\" content=\"1 minuutti\" \/>\n<script type=\"application\/ld+json\" class=\"yoast-schema-graph\">{\"@context\":\"https:\/\/schema.org\",\"@graph\":[{\"@type\":\"WebPage\",\"@id\":\"https:\/\/kataloog.orto.ee\/pood\/niisutav-ja-rahustav-ookreem-saialill-75ml\/\",\"url\":\"https:\/\/kataloog.orto.ee\/pood\/niisutav-ja-rahustav-ookreem-saialill-75ml\/\",\"name\":\"Kosteuttava ja rauhoittava y\u00f6voide Keh\u00e4kukka Puhas Loodus 75 ml - Orto\",\"isPartOf\":{\"@id\":\"https:\/\/kataloog.orto.ee\/#website\"},\"datePublished\":\"2020-04-02T12:34:59+00:00\",\"dateModified\":\"2021-09-24T08:41:56+00:00\",\"description\":\"Kosteuttava ja rauhoittava y\u00f6voide Keh\u00e4kukka Puhas Loodus 75 ml\",\"breadcrumb\":{\"@id\":\"https:\/\/kataloog.orto.ee\/pood\/niisutav-ja-rahustav-ookreem-saialill-75ml\/#breadcrumb\"},\"inLanguage\":\"fi\",\"potentialAction\":[{\"@type\":\"ReadAction\",\"target\":[\"https:\/\/kataloog.orto.ee\/pood\/niisutav-ja-rahustav-ookreem-saialill-75ml\/\"]}]},{\"@type\":\"BreadcrumbList\",\"@id\":\"https:\/\/kataloog.orto.ee\/pood\/niisutav-ja-rahustav-ookreem-saialill-75ml\/#breadcrumb\",\"itemListElement\":[{\"@type\":\"ListItem\",\"position\":1,\"name\":\"Home\",\"item\":\"https:\/\/kataloog.orto.ee\/\"},{\"@type\":\"ListItem\",\"position\":2,\"name\":\"Tuotteet\",\"item\":\"https:\/\/kataloog.orto.ee\/tooted\/\"},{\"@type\":\"ListItem\",\"position\":3,\"name\":\"Kosteuttava ja rauhoittava y\u00f6voide Keh\u00e4kukka Puhas Loodus 75 ml\"}]},{\"@type\":\"WebSite\",\"@id\":\"https:\/\/kataloog.orto.ee\/#website\",\"url\":\"https:\/\/kataloog.orto.ee\/\",\"name\":\"Orto\",\"description\":\"\",\"potentialAction\":[{\"@type\":\"SearchAction\",\"target\":{\"@type\":\"EntryPoint\",\"urlTemplate\":\"https:\/\/kataloog.orto.ee\/?s={search_term_string}\"},\"query-input\":\"required name=search_term_string\"}],\"inLanguage\":\"fi\"}]}<\/script>\n<!-- \/ Yoast SEO plugin. -->","yoast_head_json":{"title":"Kosteuttava ja rauhoittava y\u00f6voide Keh\u00e4kukka Puhas Loodus 75 ml - Orto","description":"Kosteuttava ja rauhoittava y\u00f6voide Keh\u00e4kukka Puhas Loodus 75 ml","robots":{"index":"noindex","follow":"follow","max-snippet":"max-snippet:-1","max-image-preview":"max-image-preview:large","max-video-preview":"max-video-preview:-1"},"og_locale":"fi_FI","og_type":"article","og_title":"Kosteuttava ja rauhoittava y\u00f6voide Keh\u00e4kukka Puhas Loodus 75 ml - Orto","og_description":"Kosteuttava ja rauhoittava y\u00f6voide Keh\u00e4kukka Puhas Loodus 75 ml","og_url":"https:\/\/kataloog.orto.ee\/pood\/niisutav-ja-rahustav-ookreem-saialill-75ml\/","og_site_name":"Orto","article_modified_time":"2021-09-24T08:41:56+00:00","og_image":[{"width":466,"height":1024,"url":"https:\/\/kataloog.orto.ee\/wp-content\/uploads\/2021\/07\/Orto_PL_75ml_Saialill_mockup-466x1024.png","type":"image\/png"}],"twitter_card":"summary_large_image","twitter_misc":{"Arvioitu lukuaika":"1 minuutti"},"schema":{"@context":"https:\/\/schema.org","@graph":[{"@type":"WebPage","@id":"https:\/\/kataloog.orto.ee\/pood\/niisutav-ja-rahustav-ookreem-saialill-75ml\/","url":"https:\/\/kataloog.orto.ee\/pood\/niisutav-ja-rahustav-ookreem-saialill-75ml\/","name":"Kosteuttava ja rauhoittava y\u00f6voide Keh\u00e4kukka Puhas Loodus 75 ml - Orto","isPartOf":{"@id":"https:\/\/kataloog.orto.ee\/#website"},"datePublished":"2020-04-02T12:34:59+00:00","dateModified":"2021-09-24T08:41:56+00:00","description":"Kosteuttava ja rauhoittava y\u00f6voide Keh\u00e4kukka Puhas Loodus 75 ml","breadcrumb":{"@id":"https:\/\/kataloog.orto.ee\/pood\/niisutav-ja-rahustav-ookreem-saialill-75ml\/#breadcrumb"},"inLanguage":"fi","potentialAction":[{"@type":"ReadAction","target":["https:\/\/kataloog.orto.ee\/pood\/niisutav-ja-rahustav-ookreem-saialill-75ml\/"]}]},{"@type":"BreadcrumbList","@id":"https:\/\/kataloog.orto.ee\/pood\/niisutav-ja-rahustav-ookreem-saialill-75ml\/#breadcrumb","itemListElement":[{"@type":"ListItem","position":1,"name":"Home","item":"https:\/\/kataloog.orto.ee\/"},{"@type":"ListItem","position":2,"name":"Tuotteet","item":"https:\/\/kataloog.orto.ee\/tooted\/"},{"@type":"ListItem","position":3,"name":"Kosteuttava ja rauhoittava y\u00f6voide Keh\u00e4kukka Puhas Loodus 75 ml"}]},{"@type":"WebSite","@id":"https:\/\/kataloog.orto.ee\/#website","url":"https:\/\/kataloog.orto.ee\/","name":"Orto","description":"","potentialAction":[{"@type":"SearchAction","target":{"@type":"EntryPoint","urlTemplate":"https:\/\/kataloog.orto.ee\/?s={search_term_string}"},"query-input":"required name=search_term_string"}],"inLanguage":"fi"}]}},"_links":{"self":[{"href":"https:\/\/kataloog.orto.ee\/fi\/wp-json\/wp\/v2\/product\/1607"}],"collection":[{"href":"https:\/\/kataloog.orto.ee\/fi\/wp-json\/wp\/v2\/product"}],"about":[{"href":"https:\/\/kataloog.orto.ee\/fi\/wp-json\/wp\/v2\/types\/product"}],"wp:featuredmedia":[{"embeddable":true,"href":"https:\/\/kataloog.orto.ee\/fi\/wp-json\/wp\/v2\/media\/2264"}],"wp:attachment":[{"href":"https:\/\/kataloog.orto.ee\/fi\/wp-json\/wp\/v2\/media?parent=1607"}],"wp:term":[{"taxonomy":"product_cat","embeddable":true,"href":"https:\/\/kataloog.orto.ee\/fi\/wp-json\/wp\/v2\/product_cat?post=1607"},{"taxonomy":"product_tag","embeddable":true,"href":"https:\/\/kataloog.orto.ee\/fi\/wp-json\/wp\/v2\/product_tag?post=1607"}],"curies":[{"name":"wp","href":"https:\/\/api.w.org\/{rel}","templated":true}]}}