{"id":1602,"date":"2020-04-02T15:35:28","date_gmt":"2020-04-02T12:35:28","guid":{"rendered":"https:\/\/orto.ee\/pood\/toitev-ja-taastav-ookreem-mesi-75-ml\/"},"modified":"2022-06-06T13:30:29","modified_gmt":"2022-06-06T10:30:29","slug":"toitev-ja-taastav-ookreem-mesi-75-ml","status":"publish","type":"product","link":"https:\/\/kataloog.orto.ee\/fi\/pood\/toitev-ja-taastav-ookreem-mesi-75-ml\/","title":{"rendered":"Puhas Loodus ravitseva ja uudistava y\u00f6voide Hunaja 75 ml"},"content":{"rendered":"<p>Kaikille ihotyypeille.<\/p>\n<p>Mehil\u00e4isemomaitoon ja kuminauutteeseen sis\u00e4ltyv\u00e4t runsaat bioaktiiviset stimuloivat ihosolujen uudistumista, ehk\u00e4isev\u00e4t ihon ennenaikaista ik\u00e4\u00e4ntymist\u00e4 sek\u00e4 yhdess\u00e4 kasvi\u00f6ljyjen, hunajavahan ja allantoiinin kanssa uudistavat ja vahvistavat kudoksia. Oliivi\u00f6ljyst\u00e4 saatu pitk\u00e4vaikutteinen kosteuttaja auttaa ravitsemaan ihoa ja palauttamaan sen j\u00e4ntevyyden.<\/p>\n<p>Yli 95% ainesosista on luonnollista alkuper\u00e4\u00e4.<\/p>\n<p>&nbsp;<\/p>\n","protected":false},"excerpt":{"rendered":"<p>Kaikille ihotyypeille. Mehil\u00e4isemomaitoon ja kuminauutteeseen sis\u00e4ltyv\u00e4t runsaat bioaktiiviset stimuloivat ihosolujen uudistumista, ehk\u00e4isev\u00e4t ihon ennenaikaista ik\u00e4\u00e4ntymist\u00e4 sek\u00e4 yhdess\u00e4 kasvi\u00f6ljyjen, hunajavahan ja&#8230;<\/p>\n","protected":false},"featured_media":2268,"template":"","meta":{"_et_pb_use_builder":"","_et_pb_old_content":"","_et_gb_content_width":""},"product_cat":[110],"product_tag":[],"acf":[],"yoast_head":"<!-- This site is optimized with the Yoast SEO plugin v21.5 - https:\/\/yoast.com\/wordpress\/plugins\/seo\/ -->\n<title>Puhas Loodus ravitseva ja uudistava y\u00f6voide Hunaja 75 ml - Orto<\/title>\n<meta name=\"description\" content=\"Puhas Loodus ravitseva ja uudistava y\u00f6voide Hunaja 75 ml\" \/>\n<meta name=\"robots\" content=\"noindex, follow, max-snippet:-1, max-image-preview:large, max-video-preview:-1\" \/>\n<meta property=\"og:locale\" content=\"fi_FI\" \/>\n<meta property=\"og:type\" content=\"article\" \/>\n<meta property=\"og:title\" content=\"Puhas Loodus ravitseva ja uudistava y\u00f6voide Hunaja 75 ml - Orto\" \/>\n<meta property=\"og:description\" content=\"Puhas Loodus ravitseva ja uudistava y\u00f6voide Hunaja 75 ml\" \/>\n<meta property=\"og:url\" content=\"https:\/\/kataloog.orto.ee\/pood\/toitev-ja-taastav-ookreem-mesi-75-ml\/\" \/>\n<meta property=\"og:site_name\" content=\"Orto\" \/>\n<meta property=\"article:modified_time\" content=\"2022-06-06T10:30:29+00:00\" \/>\n<meta property=\"og:image\" content=\"https:\/\/kataloog.orto.ee\/wp-content\/uploads\/2021\/07\/Orto_PL_75ml_Mesi_mockup_-466x1024.png\" \/>\n\t<meta property=\"og:image:width\" content=\"466\" \/>\n\t<meta property=\"og:image:height\" content=\"1024\" \/>\n\t<meta property=\"og:image:type\" content=\"image\/png\" \/>\n<meta name=\"twitter:card\" content=\"summary_large_image\" \/>\n<meta name=\"twitter:label1\" content=\"Arvioitu lukuaika\" \/>\n\t<meta name=\"twitter:data1\" content=\"1 minuutti\" \/>\n<script type=\"application\/ld+json\" class=\"yoast-schema-graph\">{\"@context\":\"https:\/\/schema.org\",\"@graph\":[{\"@type\":\"WebPage\",\"@id\":\"https:\/\/kataloog.orto.ee\/pood\/toitev-ja-taastav-ookreem-mesi-75-ml\/\",\"url\":\"https:\/\/kataloog.orto.ee\/pood\/toitev-ja-taastav-ookreem-mesi-75-ml\/\",\"name\":\"Puhas Loodus ravitseva ja uudistava y\u00f6voide Hunaja 75 ml - Orto\",\"isPartOf\":{\"@id\":\"https:\/\/kataloog.orto.ee\/#website\"},\"datePublished\":\"2020-04-02T12:35:28+00:00\",\"dateModified\":\"2022-06-06T10:30:29+00:00\",\"description\":\"Puhas Loodus ravitseva ja uudistava y\u00f6voide Hunaja 75 ml\",\"breadcrumb\":{\"@id\":\"https:\/\/kataloog.orto.ee\/pood\/toitev-ja-taastav-ookreem-mesi-75-ml\/#breadcrumb\"},\"inLanguage\":\"fi\",\"potentialAction\":[{\"@type\":\"ReadAction\",\"target\":[\"https:\/\/kataloog.orto.ee\/pood\/toitev-ja-taastav-ookreem-mesi-75-ml\/\"]}]},{\"@type\":\"BreadcrumbList\",\"@id\":\"https:\/\/kataloog.orto.ee\/pood\/toitev-ja-taastav-ookreem-mesi-75-ml\/#breadcrumb\",\"itemListElement\":[{\"@type\":\"ListItem\",\"position\":1,\"name\":\"Home\",\"item\":\"https:\/\/kataloog.orto.ee\/\"},{\"@type\":\"ListItem\",\"position\":2,\"name\":\"Tuotteet\",\"item\":\"https:\/\/kataloog.orto.ee\/tooted\/\"},{\"@type\":\"ListItem\",\"position\":3,\"name\":\"Puhas Loodus ravitseva ja uudistava y\u00f6voide Hunaja 75 ml\"}]},{\"@type\":\"WebSite\",\"@id\":\"https:\/\/kataloog.orto.ee\/#website\",\"url\":\"https:\/\/kataloog.orto.ee\/\",\"name\":\"Orto\",\"description\":\"\",\"potentialAction\":[{\"@type\":\"SearchAction\",\"target\":{\"@type\":\"EntryPoint\",\"urlTemplate\":\"https:\/\/kataloog.orto.ee\/?s={search_term_string}\"},\"query-input\":\"required name=search_term_string\"}],\"inLanguage\":\"fi\"}]}<\/script>\n<!-- \/ Yoast SEO plugin. -->","yoast_head_json":{"title":"Puhas Loodus ravitseva ja uudistava y\u00f6voide Hunaja 75 ml - Orto","description":"Puhas Loodus ravitseva ja uudistava y\u00f6voide Hunaja 75 ml","robots":{"index":"noindex","follow":"follow","max-snippet":"max-snippet:-1","max-image-preview":"max-image-preview:large","max-video-preview":"max-video-preview:-1"},"og_locale":"fi_FI","og_type":"article","og_title":"Puhas Loodus ravitseva ja uudistava y\u00f6voide Hunaja 75 ml - Orto","og_description":"Puhas Loodus ravitseva ja uudistava y\u00f6voide Hunaja 75 ml","og_url":"https:\/\/kataloog.orto.ee\/pood\/toitev-ja-taastav-ookreem-mesi-75-ml\/","og_site_name":"Orto","article_modified_time":"2022-06-06T10:30:29+00:00","og_image":[{"width":466,"height":1024,"url":"https:\/\/kataloog.orto.ee\/wp-content\/uploads\/2021\/07\/Orto_PL_75ml_Mesi_mockup_-466x1024.png","type":"image\/png"}],"twitter_card":"summary_large_image","twitter_misc":{"Arvioitu lukuaika":"1 minuutti"},"schema":{"@context":"https:\/\/schema.org","@graph":[{"@type":"WebPage","@id":"https:\/\/kataloog.orto.ee\/pood\/toitev-ja-taastav-ookreem-mesi-75-ml\/","url":"https:\/\/kataloog.orto.ee\/pood\/toitev-ja-taastav-ookreem-mesi-75-ml\/","name":"Puhas Loodus ravitseva ja uudistava y\u00f6voide Hunaja 75 ml - Orto","isPartOf":{"@id":"https:\/\/kataloog.orto.ee\/#website"},"datePublished":"2020-04-02T12:35:28+00:00","dateModified":"2022-06-06T10:30:29+00:00","description":"Puhas Loodus ravitseva ja uudistava y\u00f6voide Hunaja 75 ml","breadcrumb":{"@id":"https:\/\/kataloog.orto.ee\/pood\/toitev-ja-taastav-ookreem-mesi-75-ml\/#breadcrumb"},"inLanguage":"fi","potentialAction":[{"@type":"ReadAction","target":["https:\/\/kataloog.orto.ee\/pood\/toitev-ja-taastav-ookreem-mesi-75-ml\/"]}]},{"@type":"BreadcrumbList","@id":"https:\/\/kataloog.orto.ee\/pood\/toitev-ja-taastav-ookreem-mesi-75-ml\/#breadcrumb","itemListElement":[{"@type":"ListItem","position":1,"name":"Home","item":"https:\/\/kataloog.orto.ee\/"},{"@type":"ListItem","position":2,"name":"Tuotteet","item":"https:\/\/kataloog.orto.ee\/tooted\/"},{"@type":"ListItem","position":3,"name":"Puhas Loodus ravitseva ja uudistava y\u00f6voide Hunaja 75 ml"}]},{"@type":"WebSite","@id":"https:\/\/kataloog.orto.ee\/#website","url":"https:\/\/kataloog.orto.ee\/","name":"Orto","description":"","potentialAction":[{"@type":"SearchAction","target":{"@type":"EntryPoint","urlTemplate":"https:\/\/kataloog.orto.ee\/?s={search_term_string}"},"query-input":"required name=search_term_string"}],"inLanguage":"fi"}]}},"_links":{"self":[{"href":"https:\/\/kataloog.orto.ee\/fi\/wp-json\/wp\/v2\/product\/1602"}],"collection":[{"href":"https:\/\/kataloog.orto.ee\/fi\/wp-json\/wp\/v2\/product"}],"about":[{"href":"https:\/\/kataloog.orto.ee\/fi\/wp-json\/wp\/v2\/types\/product"}],"wp:featuredmedia":[{"embeddable":true,"href":"https:\/\/kataloog.orto.ee\/fi\/wp-json\/wp\/v2\/media\/2268"}],"wp:attachment":[{"href":"https:\/\/kataloog.orto.ee\/fi\/wp-json\/wp\/v2\/media?parent=1602"}],"wp:term":[{"taxonomy":"product_cat","embeddable":true,"href":"https:\/\/kataloog.orto.ee\/fi\/wp-json\/wp\/v2\/product_cat?post=1602"},{"taxonomy":"product_tag","embeddable":true,"href":"https:\/\/kataloog.orto.ee\/fi\/wp-json\/wp\/v2\/product_tag?post=1602"}],"curies":[{"name":"wp","href":"https:\/\/api.w.org\/{rel}","templated":true}]}}