{"id":1596,"date":"2020-04-02T15:34:32","date_gmt":"2020-04-02T12:34:32","guid":{"rendered":"https:\/\/orto.ee\/pood\/niisutav-ja-toniseeriv-paevakreem-kurk-75-ml\/"},"modified":"2022-06-09T13:27:10","modified_gmt":"2022-06-09T10:27:10","slug":"niisutav-ja-toniseeriv-paevakreem-kurk-75-ml","status":"publish","type":"product","link":"https:\/\/kataloog.orto.ee\/fi\/pood\/niisutav-ja-toniseeriv-paevakreem-kurk-75-ml\/","title":{"rendered":"Kosteuttava ja virkist\u00e4v\u00e4 p\u00e4iv\u00e4voide Kurkku Puhas Loodus 75ml"},"content":{"rendered":"<p>Normaalille ja rasvaiselle iholle.<\/p>\n<p>Kurkku-uute puhdistaa ihoa, supistaa huokosia ja vaalentaa t\u00e4pli\u00e4 sek\u00e4 virkist\u00e4\u00e4 ihoa. Oliivi\u00f6ljyst\u00e4 saatu pitk\u00e4vaikutteinen kosteuttaja auttaa ravitsemaan ihoa ja palauttamaan sen j\u00e4ntevyyden. E-vitamiini kasvi\u00f6ljyt ehk\u00e4isev\u00e4t ihon ennenaikaista ik\u00e4\u00e4ntymist\u00e4 ja aktivoivat solujen uudistumista. Kosteuttava jojoba\u00f6ljy tehostaa UV-suodatinten vaikutusta ja suojaa ihoa haitallisilta ymp\u00e4rist\u00f6vaikutuksilta. Bisabolol rauhoittaa ja pehment\u00e4\u00e4 stressaantunutta ihoa.<\/p>\n<p>Yli 95% ainesosista on luonnollista alkuper\u00e4\u00e4.<\/p>\n","protected":false},"excerpt":{"rendered":"<p>Normaalille ja rasvaiselle iholle. Kurkku-uute puhdistaa ihoa, supistaa huokosia ja vaalentaa t\u00e4pli\u00e4 sek\u00e4 virkist\u00e4\u00e4 ihoa. Oliivi\u00f6ljyst\u00e4 saatu pitk\u00e4vaikutteinen kosteuttaja auttaa&#8230;<\/p>\n","protected":false},"featured_media":2260,"template":"","meta":{"_et_pb_use_builder":"","_et_pb_old_content":"","_et_gb_content_width":""},"product_cat":[110],"product_tag":[],"acf":[],"yoast_head":"<!-- This site is optimized with the Yoast SEO plugin v21.5 - https:\/\/yoast.com\/wordpress\/plugins\/seo\/ -->\n<title>Kosteuttava ja virkist\u00e4v\u00e4 p\u00e4iv\u00e4voide Kurkku Puhas Loodus 75ml - Orto<\/title>\n<meta name=\"description\" content=\"Kosteuttava ja virkist\u00e4v\u00e4 p\u00e4iv\u00e4voide Kurkku Puhas Loodus 75ml\" \/>\n<meta name=\"robots\" content=\"noindex, follow, max-snippet:-1, max-image-preview:large, max-video-preview:-1\" \/>\n<meta property=\"og:locale\" content=\"fi_FI\" \/>\n<meta property=\"og:type\" content=\"article\" \/>\n<meta property=\"og:title\" content=\"Kosteuttava ja virkist\u00e4v\u00e4 p\u00e4iv\u00e4voide Kurkku Puhas Loodus 75ml - Orto\" \/>\n<meta property=\"og:description\" content=\"Kosteuttava ja virkist\u00e4v\u00e4 p\u00e4iv\u00e4voide Kurkku Puhas Loodus 75ml\" \/>\n<meta property=\"og:url\" content=\"https:\/\/kataloog.orto.ee\/pood\/niisutav-ja-toniseeriv-paevakreem-kurk-75-ml\/\" \/>\n<meta property=\"og:site_name\" content=\"Orto\" \/>\n<meta property=\"article:modified_time\" content=\"2022-06-09T10:27:10+00:00\" \/>\n<meta property=\"og:image\" content=\"https:\/\/kataloog.orto.ee\/wp-content\/uploads\/2021\/07\/Orto_PL_75ml_Kurk_mockup-466x1024.png\" \/>\n\t<meta property=\"og:image:width\" content=\"466\" \/>\n\t<meta property=\"og:image:height\" content=\"1024\" \/>\n\t<meta property=\"og:image:type\" content=\"image\/png\" \/>\n<meta name=\"twitter:card\" content=\"summary_large_image\" \/>\n<meta name=\"twitter:label1\" content=\"Arvioitu lukuaika\" \/>\n\t<meta name=\"twitter:data1\" content=\"1 minuutti\" \/>\n<script type=\"application\/ld+json\" class=\"yoast-schema-graph\">{\"@context\":\"https:\/\/schema.org\",\"@graph\":[{\"@type\":\"WebPage\",\"@id\":\"https:\/\/kataloog.orto.ee\/pood\/niisutav-ja-toniseeriv-paevakreem-kurk-75-ml\/\",\"url\":\"https:\/\/kataloog.orto.ee\/pood\/niisutav-ja-toniseeriv-paevakreem-kurk-75-ml\/\",\"name\":\"Kosteuttava ja virkist\u00e4v\u00e4 p\u00e4iv\u00e4voide Kurkku Puhas Loodus 75ml - Orto\",\"isPartOf\":{\"@id\":\"https:\/\/kataloog.orto.ee\/#website\"},\"datePublished\":\"2020-04-02T12:34:32+00:00\",\"dateModified\":\"2022-06-09T10:27:10+00:00\",\"description\":\"Kosteuttava ja virkist\u00e4v\u00e4 p\u00e4iv\u00e4voide Kurkku Puhas Loodus 75ml\",\"breadcrumb\":{\"@id\":\"https:\/\/kataloog.orto.ee\/pood\/niisutav-ja-toniseeriv-paevakreem-kurk-75-ml\/#breadcrumb\"},\"inLanguage\":\"fi\",\"potentialAction\":[{\"@type\":\"ReadAction\",\"target\":[\"https:\/\/kataloog.orto.ee\/pood\/niisutav-ja-toniseeriv-paevakreem-kurk-75-ml\/\"]}]},{\"@type\":\"BreadcrumbList\",\"@id\":\"https:\/\/kataloog.orto.ee\/pood\/niisutav-ja-toniseeriv-paevakreem-kurk-75-ml\/#breadcrumb\",\"itemListElement\":[{\"@type\":\"ListItem\",\"position\":1,\"name\":\"Home\",\"item\":\"https:\/\/kataloog.orto.ee\/\"},{\"@type\":\"ListItem\",\"position\":2,\"name\":\"Tuotteet\",\"item\":\"https:\/\/kataloog.orto.ee\/tooted\/\"},{\"@type\":\"ListItem\",\"position\":3,\"name\":\"Kosteuttava ja virkist\u00e4v\u00e4 p\u00e4iv\u00e4voide Kurkku Puhas Loodus 75ml\"}]},{\"@type\":\"WebSite\",\"@id\":\"https:\/\/kataloog.orto.ee\/#website\",\"url\":\"https:\/\/kataloog.orto.ee\/\",\"name\":\"Orto\",\"description\":\"\",\"potentialAction\":[{\"@type\":\"SearchAction\",\"target\":{\"@type\":\"EntryPoint\",\"urlTemplate\":\"https:\/\/kataloog.orto.ee\/?s={search_term_string}\"},\"query-input\":\"required name=search_term_string\"}],\"inLanguage\":\"fi\"}]}<\/script>\n<!-- \/ Yoast SEO plugin. -->","yoast_head_json":{"title":"Kosteuttava ja virkist\u00e4v\u00e4 p\u00e4iv\u00e4voide Kurkku Puhas Loodus 75ml - Orto","description":"Kosteuttava ja virkist\u00e4v\u00e4 p\u00e4iv\u00e4voide Kurkku Puhas Loodus 75ml","robots":{"index":"noindex","follow":"follow","max-snippet":"max-snippet:-1","max-image-preview":"max-image-preview:large","max-video-preview":"max-video-preview:-1"},"og_locale":"fi_FI","og_type":"article","og_title":"Kosteuttava ja virkist\u00e4v\u00e4 p\u00e4iv\u00e4voide Kurkku Puhas Loodus 75ml - Orto","og_description":"Kosteuttava ja virkist\u00e4v\u00e4 p\u00e4iv\u00e4voide Kurkku Puhas Loodus 75ml","og_url":"https:\/\/kataloog.orto.ee\/pood\/niisutav-ja-toniseeriv-paevakreem-kurk-75-ml\/","og_site_name":"Orto","article_modified_time":"2022-06-09T10:27:10+00:00","og_image":[{"width":466,"height":1024,"url":"https:\/\/kataloog.orto.ee\/wp-content\/uploads\/2021\/07\/Orto_PL_75ml_Kurk_mockup-466x1024.png","type":"image\/png"}],"twitter_card":"summary_large_image","twitter_misc":{"Arvioitu lukuaika":"1 minuutti"},"schema":{"@context":"https:\/\/schema.org","@graph":[{"@type":"WebPage","@id":"https:\/\/kataloog.orto.ee\/pood\/niisutav-ja-toniseeriv-paevakreem-kurk-75-ml\/","url":"https:\/\/kataloog.orto.ee\/pood\/niisutav-ja-toniseeriv-paevakreem-kurk-75-ml\/","name":"Kosteuttava ja virkist\u00e4v\u00e4 p\u00e4iv\u00e4voide Kurkku Puhas Loodus 75ml - Orto","isPartOf":{"@id":"https:\/\/kataloog.orto.ee\/#website"},"datePublished":"2020-04-02T12:34:32+00:00","dateModified":"2022-06-09T10:27:10+00:00","description":"Kosteuttava ja virkist\u00e4v\u00e4 p\u00e4iv\u00e4voide Kurkku Puhas Loodus 75ml","breadcrumb":{"@id":"https:\/\/kataloog.orto.ee\/pood\/niisutav-ja-toniseeriv-paevakreem-kurk-75-ml\/#breadcrumb"},"inLanguage":"fi","potentialAction":[{"@type":"ReadAction","target":["https:\/\/kataloog.orto.ee\/pood\/niisutav-ja-toniseeriv-paevakreem-kurk-75-ml\/"]}]},{"@type":"BreadcrumbList","@id":"https:\/\/kataloog.orto.ee\/pood\/niisutav-ja-toniseeriv-paevakreem-kurk-75-ml\/#breadcrumb","itemListElement":[{"@type":"ListItem","position":1,"name":"Home","item":"https:\/\/kataloog.orto.ee\/"},{"@type":"ListItem","position":2,"name":"Tuotteet","item":"https:\/\/kataloog.orto.ee\/tooted\/"},{"@type":"ListItem","position":3,"name":"Kosteuttava ja virkist\u00e4v\u00e4 p\u00e4iv\u00e4voide Kurkku Puhas Loodus 75ml"}]},{"@type":"WebSite","@id":"https:\/\/kataloog.orto.ee\/#website","url":"https:\/\/kataloog.orto.ee\/","name":"Orto","description":"","potentialAction":[{"@type":"SearchAction","target":{"@type":"EntryPoint","urlTemplate":"https:\/\/kataloog.orto.ee\/?s={search_term_string}"},"query-input":"required name=search_term_string"}],"inLanguage":"fi"}]}},"_links":{"self":[{"href":"https:\/\/kataloog.orto.ee\/fi\/wp-json\/wp\/v2\/product\/1596"}],"collection":[{"href":"https:\/\/kataloog.orto.ee\/fi\/wp-json\/wp\/v2\/product"}],"about":[{"href":"https:\/\/kataloog.orto.ee\/fi\/wp-json\/wp\/v2\/types\/product"}],"wp:featuredmedia":[{"embeddable":true,"href":"https:\/\/kataloog.orto.ee\/fi\/wp-json\/wp\/v2\/media\/2260"}],"wp:attachment":[{"href":"https:\/\/kataloog.orto.ee\/fi\/wp-json\/wp\/v2\/media?parent=1596"}],"wp:term":[{"taxonomy":"product_cat","embeddable":true,"href":"https:\/\/kataloog.orto.ee\/fi\/wp-json\/wp\/v2\/product_cat?post=1596"},{"taxonomy":"product_tag","embeddable":true,"href":"https:\/\/kataloog.orto.ee\/fi\/wp-json\/wp\/v2\/product_tag?post=1596"}],"curies":[{"name":"wp","href":"https:\/\/api.w.org\/{rel}","templated":true}]}}