{"id":1697,"date":"2020-03-30T13:00:06","date_gmt":"2020-03-30T10:00:06","guid":{"rendered":"https:\/\/orto.ee\/kontakt\/"},"modified":"2023-09-19T15:30:41","modified_gmt":"2023-09-19T12:30:41","slug":"kontakt","status":"publish","type":"page","link":"https:\/\/kataloog.orto.ee\/fi\/kontakt\/","title":{"rendered":"Ota meihin yhteytt\u00e4"},"content":{"rendered":"<div class=\"wp-block-image\">\n<figure class=\"alignright size-full is-resized\"><img loading=\"lazy\" decoding=\"async\" src=\"https:\/\/kataloog.orto.ee\/wp-content\/uploads\/2020\/04\/Orto-kontaktipilt@2x.png\" alt=\"\" class=\"wp-image-738\" width=\"580\" height=\"590\" srcset=\"https:\/\/kataloog.orto.ee\/wp-content\/uploads\/2020\/04\/Orto-kontaktipilt@2x.png 773w, https:\/\/kataloog.orto.ee\/wp-content\/uploads\/2020\/04\/Orto-kontaktipilt@2x-295x300.png 295w, https:\/\/kataloog.orto.ee\/wp-content\/uploads\/2020\/04\/Orto-kontaktipilt@2x-768x782.png 768w, https:\/\/kataloog.orto.ee\/wp-content\/uploads\/2020\/04\/Orto-kontaktipilt@2x-600x611.png 600w, https:\/\/kataloog.orto.ee\/wp-content\/uploads\/2020\/04\/Orto-kontaktipilt@2x-270x275.png 270w, https:\/\/kataloog.orto.ee\/wp-content\/uploads\/2020\/04\/Orto-kontaktipilt@2x-157x160.png 157w, https:\/\/kataloog.orto.ee\/wp-content\/uploads\/2020\/04\/Orto-kontaktipilt@2x-54x55.png 54w, https:\/\/kataloog.orto.ee\/wp-content\/uploads\/2020\/04\/Orto-kontaktipilt@2x-98x100.png 98w, https:\/\/kataloog.orto.ee\/wp-content\/uploads\/2020\/04\/Orto-kontaktipilt@2x-70x70.png 70w, https:\/\/kataloog.orto.ee\/wp-content\/uploads\/2020\/04\/Orto-kontaktipilt@2x-340x346.png 340w, https:\/\/kataloog.orto.ee\/wp-content\/uploads\/2020\/04\/Orto-kontaktipilt@2x-60x60.png 60w\" sizes=\"(max-width: 580px) 100vw, 580px\" \/><\/figure><\/div>\n\n\n<p class=\"wp-el\">Orto AS <a href=\"mailto:info@orto.ee\">info@orto.ee<\/a> Puh +3726164180<\/p>\n\n\n\n<p class=\"wp-el\"><strong>Myyntiosasto<\/strong> <\/p>\n\n\n\n<p class=\"wp-el\">Kerlin J\u00e4rmut <\/p>\n\n\n\n<p class=\"wp-el\">S\u00e4hk\u00f6posti: <a href=\"mailto:myyk@orto.ee\">myyk@orto.ee<\/a> <\/p>\n\n\n\n<p class=\"wp-el\">Puh +3726164185 Mob+37255534518<\/p>\n\n\n\n<p class=\"wp-el\"><\/p>\n\n\n\n<div class=\"wp-block-columns is-layout-flex wp-container-core-columns-layout-1 wp-block-columns-is-layout-flex\">\n<div class=\"wp-block-column is-layout-flow wp-block-column-is-layout-flow\">\n<h2 class=\"wp-el wp-block-heading\">Kirjoita meille!<\/h2>\n\n\n\n<div class=\"wpcf7 no-js\" id=\"wpcf7-f765-o1\" lang=\"et\" dir=\"ltr\">\n<div class=\"screen-reader-response\"><p role=\"status\" aria-live=\"polite\" aria-atomic=\"true\"><\/p> <ul><\/ul><\/div>\n<form action=\"\/fi\/wp-json\/wp\/v2\/pages\/1697#wpcf7-f765-o1\" method=\"post\" class=\"wpcf7-form init\" aria-label=\"Contact form\" novalidate=\"novalidate\" data-status=\"init\">\n<div style=\"display: none;\">\n<input type=\"hidden\" name=\"_wpcf7\" value=\"765\" \/>\n<input type=\"hidden\" name=\"_wpcf7_version\" value=\"5.8.2\" \/>\n<input type=\"hidden\" name=\"_wpcf7_locale\" value=\"et\" \/>\n<input type=\"hidden\" name=\"_wpcf7_unit_tag\" value=\"wpcf7-f765-o1\" \/>\n<input type=\"hidden\" name=\"_wpcf7_container_post\" value=\"0\" \/>\n<input type=\"hidden\" name=\"_wpcf7_posted_data_hash\" value=\"\" \/>\n<\/div>\n<p><label> Nimi <abbr>*<\/abbr><br \/>\n<span class=\"wpcf7-form-control-wrap\" data-name=\"your-name\"><input size=\"40\" class=\"wpcf7-form-control wpcf7-text wpcf7-validates-as-required\" aria-required=\"true\" aria-invalid=\"false\" value=\"\" type=\"text\" name=\"your-name\" \/><\/span> <\/label>\n<\/p>\n<p><label> Email <abbr>*<\/abbr><br \/>\n<span class=\"wpcf7-form-control-wrap\" data-name=\"your-email\"><input size=\"40\" class=\"wpcf7-form-control wpcf7-email wpcf7-validates-as-required wpcf7-text wpcf7-validates-as-email\" aria-required=\"true\" aria-invalid=\"false\" value=\"\" type=\"email\" name=\"your-email\" \/><\/span> <\/label>\n<\/p>\n<p><label> Teade<br \/>\n<span class=\"wpcf7-form-control-wrap\" data-name=\"your-message\"><textarea cols=\"40\" rows=\"10\" minlength=\"2\" class=\"wpcf7-form-control wpcf7-textarea\" aria-invalid=\"false\" name=\"your-message\"><\/textarea><\/span> <\/label>\n<\/p>\n<p><input class=\"wpcf7-form-control wpcf7-submit has-spinner\" type=\"submit\" value=\"Saada\" \/>\n<\/p><div class=\"wpcf7-response-output\" aria-hidden=\"true\"><\/div>\n<\/form>\n<\/div>\n\n<\/div>\n\n\n\n<div class=\"wp-block-column is-layout-flow wp-block-column-is-layout-flow\">\n<iframe loading=\"lazy\" src=\"https:\/\/www.google.com\/maps\/embed?pb=!1m18!1m12!1m3!1d2029.719821067609!2d24.821834016207045!3d59.42106851070547!2m3!1f0!2f0!3f0!3m2!1i1024!2i768!4f13.1!3m3!1m2!1s0x4692eca0b7b84f91%3A0x9f1f6746c56d38cd!2sOrto%20AS!5e0!3m2!1sen!2see!4v1587661497522!5m2!1sen!2see\" width=\"600\" height=\"450\" frameborder=\"0\" style=\"border:0;\" allowfullscreen=\"\" aria-hidden=\"false\" tabindex=\"0\"><\/iframe>\n<\/div>\n<\/div>\n\n\n\n<p class=\"wp-el\"><\/p>\n","protected":false},"excerpt":{"rendered":"<p>Orto AS info@orto.ee Puh +3726164180 Myyntiosasto Kerlin J\u00e4rmut S\u00e4hk\u00f6posti: myyk@orto.ee Puh +3726164185 Mob+37255534518 Kirjoita meille!<\/p>\n","protected":false},"author":1,"featured_media":0,"parent":0,"menu_order":30,"comment_status":"closed","ping_status":"closed","template":"","meta":{"_et_pb_use_builder":"","_et_pb_old_content":"","_et_gb_content_width":"","footnotes":""},"acf":[],"yoast_head":"<!-- This site is optimized with the Yoast SEO plugin v21.5 - https:\/\/yoast.com\/wordpress\/plugins\/seo\/ -->\n<title>Ota meihin yhteytt\u00e4 - Orto<\/title>\n<meta name=\"description\" content=\"Ota meihin yhteytt\u00e4\" \/>\n<meta name=\"robots\" content=\"noindex, follow, max-snippet:-1, max-image-preview:large, max-video-preview:-1\" \/>\n<meta property=\"og:locale\" content=\"fi_FI\" \/>\n<meta property=\"og:type\" content=\"article\" \/>\n<meta property=\"og:title\" content=\"Ota meihin yhteytt\u00e4 - Orto\" \/>\n<meta property=\"og:description\" content=\"Ota meihin yhteytt\u00e4\" \/>\n<meta property=\"og:url\" content=\"https:\/\/kataloog.orto.ee\/kontakt\/\" \/>\n<meta property=\"og:site_name\" content=\"Orto\" \/>\n<meta property=\"article:modified_time\" content=\"2023-09-19T12:30:41+00:00\" \/>\n<meta property=\"og:image\" content=\"https:\/\/kataloog.orto.ee\/wp-content\/uploads\/2020\/04\/Orto-kontaktipilt@2x.png\" \/>\n<meta name=\"twitter:card\" content=\"summary_large_image\" \/>\n<meta name=\"twitter:label1\" content=\"Arvioitu lukuaika\" \/>\n\t<meta name=\"twitter:data1\" content=\"1 minuutti\" \/>\n<script type=\"application\/ld+json\" class=\"yoast-schema-graph\">{\"@context\":\"https:\/\/schema.org\",\"@graph\":[{\"@type\":\"WebPage\",\"@id\":\"https:\/\/kataloog.orto.ee\/kontakt\/\",\"url\":\"https:\/\/kataloog.orto.ee\/kontakt\/\",\"name\":\"Ota meihin yhteytt\u00e4 - Orto\",\"isPartOf\":{\"@id\":\"https:\/\/kataloog.orto.ee\/#website\"},\"datePublished\":\"2020-03-30T10:00:06+00:00\",\"dateModified\":\"2023-09-19T12:30:41+00:00\",\"description\":\"Ota meihin yhteytt\u00e4\",\"breadcrumb\":{\"@id\":\"https:\/\/kataloog.orto.ee\/kontakt\/#breadcrumb\"},\"inLanguage\":\"fi\",\"potentialAction\":[{\"@type\":\"ReadAction\",\"target\":[\"https:\/\/kataloog.orto.ee\/kontakt\/\"]}]},{\"@type\":\"BreadcrumbList\",\"@id\":\"https:\/\/kataloog.orto.ee\/kontakt\/#breadcrumb\",\"itemListElement\":[{\"@type\":\"ListItem\",\"position\":1,\"name\":\"Home\",\"item\":\"https:\/\/kataloog.orto.ee\/\"},{\"@type\":\"ListItem\",\"position\":2,\"name\":\"Ota meihin yhteytt\u00e4\"}]},{\"@type\":\"WebSite\",\"@id\":\"https:\/\/kataloog.orto.ee\/#website\",\"url\":\"https:\/\/kataloog.orto.ee\/\",\"name\":\"Orto\",\"description\":\"\",\"potentialAction\":[{\"@type\":\"SearchAction\",\"target\":{\"@type\":\"EntryPoint\",\"urlTemplate\":\"https:\/\/kataloog.orto.ee\/?s={search_term_string}\"},\"query-input\":\"required name=search_term_string\"}],\"inLanguage\":\"fi\"}]}<\/script>\n<!-- \/ Yoast SEO plugin. -->","yoast_head_json":{"title":"Ota meihin yhteytt\u00e4 - Orto","description":"Ota meihin yhteytt\u00e4","robots":{"index":"noindex","follow":"follow","max-snippet":"max-snippet:-1","max-image-preview":"max-image-preview:large","max-video-preview":"max-video-preview:-1"},"og_locale":"fi_FI","og_type":"article","og_title":"Ota meihin yhteytt\u00e4 - Orto","og_description":"Ota meihin yhteytt\u00e4","og_url":"https:\/\/kataloog.orto.ee\/kontakt\/","og_site_name":"Orto","article_modified_time":"2023-09-19T12:30:41+00:00","og_image":[{"url":"https:\/\/kataloog.orto.ee\/wp-content\/uploads\/2020\/04\/Orto-kontaktipilt@2x.png"}],"twitter_card":"summary_large_image","twitter_misc":{"Arvioitu lukuaika":"1 minuutti"},"schema":{"@context":"https:\/\/schema.org","@graph":[{"@type":"WebPage","@id":"https:\/\/kataloog.orto.ee\/kontakt\/","url":"https:\/\/kataloog.orto.ee\/kontakt\/","name":"Ota meihin yhteytt\u00e4 - Orto","isPartOf":{"@id":"https:\/\/kataloog.orto.ee\/#website"},"datePublished":"2020-03-30T10:00:06+00:00","dateModified":"2023-09-19T12:30:41+00:00","description":"Ota meihin yhteytt\u00e4","breadcrumb":{"@id":"https:\/\/kataloog.orto.ee\/kontakt\/#breadcrumb"},"inLanguage":"fi","potentialAction":[{"@type":"ReadAction","target":["https:\/\/kataloog.orto.ee\/kontakt\/"]}]},{"@type":"BreadcrumbList","@id":"https:\/\/kataloog.orto.ee\/kontakt\/#breadcrumb","itemListElement":[{"@type":"ListItem","position":1,"name":"Home","item":"https:\/\/kataloog.orto.ee\/"},{"@type":"ListItem","position":2,"name":"Ota meihin yhteytt\u00e4"}]},{"@type":"WebSite","@id":"https:\/\/kataloog.orto.ee\/#website","url":"https:\/\/kataloog.orto.ee\/","name":"Orto","description":"","potentialAction":[{"@type":"SearchAction","target":{"@type":"EntryPoint","urlTemplate":"https:\/\/kataloog.orto.ee\/?s={search_term_string}"},"query-input":"required name=search_term_string"}],"inLanguage":"fi"}]}},"_links":{"self":[{"href":"https:\/\/kataloog.orto.ee\/fi\/wp-json\/wp\/v2\/pages\/1697"}],"collection":[{"href":"https:\/\/kataloog.orto.ee\/fi\/wp-json\/wp\/v2\/pages"}],"about":[{"href":"https:\/\/kataloog.orto.ee\/fi\/wp-json\/wp\/v2\/types\/page"}],"author":[{"embeddable":true,"href":"https:\/\/kataloog.orto.ee\/fi\/wp-json\/wp\/v2\/users\/1"}],"replies":[{"embeddable":true,"href":"https:\/\/kataloog.orto.ee\/fi\/wp-json\/wp\/v2\/comments?post=1697"}],"version-history":[{"count":3,"href":"https:\/\/kataloog.orto.ee\/fi\/wp-json\/wp\/v2\/pages\/1697\/revisions"}],"predecessor-version":[{"id":3393,"href":"https:\/\/kataloog.orto.ee\/fi\/wp-json\/wp\/v2\/pages\/1697\/revisions\/3393"}],"wp:attachment":[{"href":"https:\/\/kataloog.orto.ee\/fi\/wp-json\/wp\/v2\/media?parent=1697"}],"curies":[{"name":"wp","href":"https:\/\/api.w.org\/{rel}","templated":true}]}}