{"id":1453,"date":"2020-04-02T11:22:52","date_gmt":"2020-04-02T08:22:52","guid":{"rendered":"https:\/\/orto.ee\/meist\/liikmelisus\/"},"modified":"2022-11-25T10:34:52","modified_gmt":"2022-11-25T08:34:52","slug":"liikmelisus","status":"publish","type":"page","link":"https:\/\/kataloog.orto.ee\/fi\/meist\/liikmelisus\/","title":{"rendered":"J\u00e4senyys"},"content":{"rendered":"<div class=\"b-block pad-top-60 pad-bottom-60\"><h3 class='b-part p-title container text-left text-primary'>Orto osallistuu seuraavien organisaatioiden ja liikkeiden toimintaan<\/h3><div class=\"b-part p-txtmediac container-p0 no-gutters\"><div class=\"p-txtmediac__content col-md-6\"><div class=\"p-txtmediac__txt editor-content\"><p><strong>Viron kemianteollisuusliitto (Eesti Keemiat\u00f6\u00f6stuse Liit)<\/strong><\/p>\n<p>Viron kemianteollisuusliitto (EKTL) on kemianalan yrityksi\u00e4 yhdist\u00e4v\u00e4 voittoa tavoittelematon yhdistys, joka perustettiin yhteisin voimin 16. syyskuuta 1991 itsen\u00e4isyyden palauttamisen ja kruunun k\u00e4ytt\u00f6\u00f6noton yhteydess\u00e4 syntyneiden ongelmien ratkaisemiseksi. T\u00e4ll\u00e4 hetkell\u00e4 EKTL:ll\u00e4 on 55 j\u00e4sent\u00e4.<\/p>\n<p>EKTL:n p\u00e4\u00e4tavoite on:<\/p>\n<p>Viron kemianteollisuuden kehitt\u00e4minen, tehokkuuden, kilpailukyvyn ja turvallisuuden lis\u00e4\u00e4minen.<\/p>\n<p>Ja ty\u00f6kaluja ovat:<\/p>\n<p>Lains\u00e4\u00e4d\u00e4nn\u00f6n parantaminen, lobbaus, koulutus ja tiedotus.<\/p>\n<\/div><\/div><div class=\"p-txtmediac__media col-auto col-md-5 col-xl-auto\"><img loading=\"lazy\" decoding=\"async\" width=\"470\" height=\"280\" src=\"https:\/\/kataloog.orto.ee\/wp-content\/uploads\/2020\/04\/tarbekeemia-2-470x280.jpg\" class=\"attachment-img-470x280 size-img-470x280\" alt=\"\" \/><\/div><\/div><div class=\"b-part p-txtmediac container-p0 no-gutters p-txtmediac--reverse\"><div class=\"p-txtmediac__content p-txtmediac__content--reverse col-md-6\"><div class=\"p-txtmediac__txt editor-content\"><p><strong>Kuluttajakemikaalien ja kosmetiikan sektoriryhm\u00e4<\/strong><\/p>\n<p>Sektoriryhm\u00e4\u00e4n kuuluvat liiton j\u00e4senet, jotka harjoittavat kuluttajakemikaalien ja kosmetiikan tuotantoa ja myynti\u00e4:<\/p>\n<p>AS Orto, AS Estko, AS Chemi-Pharm, O\u00dc Flora Kaubandus, Henkel Balti O\u00dc, O\u00dc Kemitek, Joik O\u00dc, O\u00dc Nurme Looduskosmeetika, L\u2019Oreal Poland and Baltic Hub, Unilever Eesti AS, Mayeri Industries AS, O\u00dc Eurobio Lab, Ontic O\u00dc, O\u00dc Turbliss, Perfect Cosmetics O\u00dc ja Signe Seebid O\u00dc.<\/p>\n<p>Sektoriryhm\u00e4 k\u00e4sittelee sek\u00e4 Viron ett\u00e4 Euroopan unionin lains\u00e4\u00e4d\u00e4nn\u00f6st\u00e4 johtuvia toimialan yhteisi\u00e4 kysymyksi\u00e4, jotka liittyv\u00e4t esimerkiksi kosmetiikkaan ja luonnonkosmetiikkaan, detergentteihin, biosideihin, REACH- ja CLP- merkint\u00f6ihin kuluttajakemikaaleissa sek\u00e4 pakkaus- ja muoviaiheisiin.<\/p>\n<\/div><\/div><div class=\"p-txtmediac__media col-auto col-md-5 col-xl-auto\"><img loading=\"lazy\" decoding=\"async\" width=\"470\" height=\"280\" src=\"https:\/\/kataloog.orto.ee\/wp-content\/uploads\/2020\/04\/tarbekeemia-1-470x280.jpg\" class=\"attachment-img-470x280 size-img-470x280\" alt=\"\" \/><\/div><\/div><div class=\"b-part p-txtmediac container-p0 no-gutters\"><div class=\"p-txtmediac__content col-md-6\"><div class=\"p-txtmediac__txt editor-content\"><p><strong>Euroopan kosmetiikkaj\u00e4rjest\u00f6<\/strong><\/p>\n<p>AS Orto osallistuu Euroopan kosmetiikkaj\u00e4rjest\u00f6n (The Personal Care Association) toimintaan Viron kemianteollisuusliiton kautta<\/p>\n<p>Lis\u00e4tietoja:\u00a0 \u00a0 \u00a0<a href=\"http:\/\/www.cosmeticseurope.eu\/\">cosmeticseurope.eu\/<\/a><\/p>\n<\/div><\/div><div class=\"p-txtmediac__media col-auto col-md-5 col-xl-auto\"><img loading=\"lazy\" decoding=\"async\" width=\"470\" height=\"280\" src=\"https:\/\/kataloog.orto.ee\/wp-content\/uploads\/2020\/03\/bee-4529254-470x280.jpg\" class=\"attachment-img-470x280 size-img-470x280\" alt=\"\" \/><\/div><\/div><div class=\"b-part p-txtmediac container-p0 no-gutters p-txtmediac--reverse\"><div class=\"p-txtmediac__content p-txtmediac__content--reverse col-md-6\"><div class=\"p-txtmediac__txt editor-content\"><p><strong>Euroopan pesu- ja puhdistusainealan j\u00e4rjest\u00f6<\/strong><\/p>\n<p>AS Orto osallistuu Euroopan pesu- ja puhdistusainealan j\u00e4rjest\u00f6n (A.I.S.E) toimintaan Viron kemianteollisuusliiton kautta.<\/p>\n<p>Lis\u00e4tietoja:\u00a0 \u00a0 <a href=\"https:\/\/www.aise.eu\/\">aise.eu\/<\/a><\/p>\n<\/div><\/div><div class=\"p-txtmediac__media col-auto col-md-5 col-xl-auto\"><img loading=\"lazy\" decoding=\"async\" width=\"470\" height=\"280\" src=\"https:\/\/kataloog.orto.ee\/wp-content\/uploads\/2020\/04\/ettevottest.jpg\" class=\"attachment-img-470x280 size-img-470x280\" alt=\"\" srcset=\"https:\/\/kataloog.orto.ee\/wp-content\/uploads\/2020\/04\/ettevottest.jpg 470w, https:\/\/kataloog.orto.ee\/wp-content\/uploads\/2020\/04\/ettevottest-300x179.jpg 300w, https:\/\/kataloog.orto.ee\/wp-content\/uploads\/2020\/04\/ettevottest-270x161.jpg 270w, https:\/\/kataloog.orto.ee\/wp-content\/uploads\/2020\/04\/ettevottest-190x113.jpg 190w, https:\/\/kataloog.orto.ee\/wp-content\/uploads\/2020\/04\/ettevottest-92x55.jpg 92w, https:\/\/kataloog.orto.ee\/wp-content\/uploads\/2020\/04\/ettevottest-100x60.jpg 100w, https:\/\/kataloog.orto.ee\/wp-content\/uploads\/2020\/04\/ettevottest-340x203.jpg 340w, https:\/\/kataloog.orto.ee\/wp-content\/uploads\/2020\/04\/ettevottest-60x36.jpg 60w\" sizes=\"(max-width: 470px) 100vw, 470px\" \/><\/div><\/div><div class=\"b-part p-txtmediac container-p0 no-gutters\"><div class=\"p-txtmediac__content col-md-6\"><div class=\"p-txtmediac__txt editor-content\"><p><strong>Viron ymp\u00e4rist\u00f6johtamisen yhdistys (Eesti Keskkonnajuhtimise Assotsiatsioon (EKJA))<\/strong><\/p>\n<p>Voittoa tavoittelematon j\u00e4rjest\u00f6, joka perustettiin 21. huhtikuuta 2003 vapaaehtoisen j\u00e4senyyden perusteella ja joka yhdist\u00e4\u00e4 yritykset, organisaatiot ja yksityishenkil\u00f6t edist\u00e4m\u00e4\u00e4n yritt\u00e4jyyteen liittyv\u00e4\u00e4 ymp\u00e4rist\u00f6toimintaa ja edustaa j\u00e4sentens\u00e4 etuja ymp\u00e4rist\u00f6kysymyksiss\u00e4.<\/p>\n<p>Yhdistys toimii v\u00e4lilenkkin\u00e4 yritysten ja valtion v\u00e4lill\u00e4 (esim. osallistuminen lains\u00e4\u00e4d\u00e4nt\u00f6ty\u00f6h\u00f6n) sek\u00e4 yritysten ja kansalaisyhteiskunnan v\u00e4lill\u00e4 (esim. suhteet ymp\u00e4rist\u00f6j\u00e4rjest\u00f6ihin) ja edustaa j\u00e4sentens\u00e4 etuja ymp\u00e4rist\u00f6asioissa.<\/p>\n<\/div><\/div><div class=\"p-txtmediac__media col-auto col-md-5 col-xl-auto\"><img loading=\"lazy\" decoding=\"async\" width=\"470\" height=\"280\" src=\"https:\/\/kataloog.orto.ee\/wp-content\/uploads\/2020\/04\/asutamisest.jpg\" class=\"attachment-img-470x280 size-img-470x280\" alt=\"\" srcset=\"https:\/\/kataloog.orto.ee\/wp-content\/uploads\/2020\/04\/asutamisest.jpg 470w, https:\/\/kataloog.orto.ee\/wp-content\/uploads\/2020\/04\/asutamisest-300x179.jpg 300w, https:\/\/kataloog.orto.ee\/wp-content\/uploads\/2020\/04\/asutamisest-270x161.jpg 270w, https:\/\/kataloog.orto.ee\/wp-content\/uploads\/2020\/04\/asutamisest-190x113.jpg 190w, https:\/\/kataloog.orto.ee\/wp-content\/uploads\/2020\/04\/asutamisest-92x55.jpg 92w, https:\/\/kataloog.orto.ee\/wp-content\/uploads\/2020\/04\/asutamisest-100x60.jpg 100w, https:\/\/kataloog.orto.ee\/wp-content\/uploads\/2020\/04\/asutamisest-340x203.jpg 340w, https:\/\/kataloog.orto.ee\/wp-content\/uploads\/2020\/04\/asutamisest-60x36.jpg 60w\" sizes=\"(max-width: 470px) 100vw, 470px\" \/><\/div><\/div><\/div>\n\n\n<h2 class=\"wp-el wp-block-heading\">Responsible Care -vastuullisuusohjelma<\/h2>\n\n\n\n<p class=\"wp-el\"><a href=\"http:\/\/www.icca-chem.org\/en\/Home\/Responsible-care\/\">http:\/\/www.icca-chem.org\/en\/Home\/Responsible-care\/<\/a><\/p>\n\n\n\n<p class=\"wp-el\">Responsible Care on kemianteollisuuden aloite, joka syntyi Kanadassa vuonna 1984, ja jonka puitteissa yritykset p\u00e4\u00e4ttiv\u00e4t tehd\u00e4 yhteisty\u00f6t\u00e4 tuotteiden ja teknologisten prosessien terveyden, turvallisuuden ja ymp\u00e4rist\u00f6nsuojelun tason parantamiseksi siten, ett\u00e4 ne pystyv\u00e4t my\u00f6t\u00e4vaikuttamaan sek\u00e4 paikallisen alueen ett\u00e4 koko yhteiskunnan kest\u00e4v\u00e4\u00e4n kehitykseen.<\/p>\n\n\n\n<p class=\"wp-el\">Viron kemianteollisuusliitto (EKTL) ja sen 6 j\u00e4senyrityst\u00e4, joiden joukossa on my\u00f6s AS ORTO, liittyiv\u00e4t Responsible Care -aloitteeseen vuonna 2002.<\/p>\n\n\n\n<p class=\"wp-el\">Tavoitteena on, ett\u00e4 Viron kemianteollisuusliiton j\u00e4senet k\u00e4ytt\u00e4ytyv\u00e4t hyvien k\u00e4yt\u00e4nt\u00f6jen mukaisesti, vaikka yhti\u00f6ll\u00e4 ei s\u00e4\u00e4nt\u00f6jen mukaisesti ole suoraa velvollisuutta toimia niin. T\u00e4m\u00e4 on yrityksen v\u00e4litt\u00e4minen tuotteidensa ja toimintojensa vaikutuksista sek\u00e4 vastuu niist\u00e4 my\u00f6s silloin, kun tuote ei en\u00e4\u00e4 ole yrityksen hallinnassa. Koska yritys v\u00e4litt\u00e4\u00e4, se ottaa my\u00f6s vastuun.<\/p>\n\n\n\n<p class=\"wp-el\"><strong>Responsible Care -ohjelman toimintaperiaatteet:<\/strong><\/p>\n\n\n\n<ol type=\"1\" class=\"wp-el\"><li>Ihmisten terveydest\u00e4 ja turvallisuudesta huolehtiminen, ymp\u00e4rist\u00f6n suojelu, p\u00e4\u00e4st\u00f6jen ja pilaantumisen rajoittaminen ovat t\u00e4rke\u00e4 ja olennainen osa yhti\u00f6n liiketoimintaprosessia.<\/li><li>Kannustamme ja ohjaamme yrityksen henkil\u00f6kuntaa toimimaan vastuullisesti ymp\u00e4rist\u00f6nsuojelun ja ty\u00f6turvallisuuden alalla.<\/li><li>Pyrimme jatkuvasti k\u00e4ytt\u00e4m\u00e4\u00e4n raaka-aineita ja energiaa kest\u00e4v\u00e4sti sek\u00e4 v\u00e4hent\u00e4m\u00e4\u00e4n p\u00e4\u00e4st\u00f6j\u00e4 ja j\u00e4tteit\u00e4.<\/li><li>Olemme tietoisia toimintamme ymp\u00e4rist\u00f6- ja ty\u00f6turvallisuusriskeist\u00e4 ja v\u00e4henn\u00e4mme niit\u00e4.<\/li><li>Uutta prosessia tai tuotetta toteuttaessamme selvit\u00e4mme niiden vaikutukset ymp\u00e4rist\u00f6\u00f6n ja ihmisten terveyteen.<\/li><li>Tiedotamme viranomaisille yhti\u00f6n toiminnasta ja sen vaikutuksista ymp\u00e4rist\u00f6\u00f6n ja ihmisten terveyteen.<\/li><li>Tiedotamme paikallisille asukkaille ja muille sidosryhmille tuotantotoiminnastamme ja tuotteistamme sek\u00e4 niiden mahdollisista ymp\u00e4rist\u00f6vaikutuksista.<\/li><li>Opastamme asiakkaita tuotteidemme turvalliseen k\u00e4sittelyyn ja j\u00e4tehuoltoon.<\/li><li>Odotamme kumppaneiltamme samojen periaatteiden noudattamista ja kannustamme heit\u00e4 noudattamaan niit\u00e4.<\/li><li>Teknologiansiirron yhteydess\u00e4 selit\u00e4mme is\u00e4nt\u00e4yritykselle ymp\u00e4rist\u00f6n ja ihmisten terveyden suojelemiseksi tarvittavia k\u00e4sittelyolosuhteita.<\/li><\/ol>\n\n\n\n<p class=\"wp-el\"><\/p>\n","protected":false},"excerpt":{"rendered":"<p>Responsible Care -vastuullisuusohjelma http:\/\/www.icca-chem.org\/en\/Home\/Responsible-care\/ Responsible Care on kemianteollisuuden aloite, joka syntyi Kanadassa vuonna 1984, ja jonka puitteissa yritykset p\u00e4\u00e4ttiv\u00e4t tehd\u00e4&#8230;<\/p>\n","protected":false},"author":1,"featured_media":0,"parent":1323,"menu_order":40,"comment_status":"closed","ping_status":"closed","template":"","meta":{"_et_pb_use_builder":"","_et_pb_old_content":"","_et_gb_content_width":"","footnotes":""},"acf":[],"yoast_head":"<!-- This site is optimized with the Yoast SEO plugin v21.5 - https:\/\/yoast.com\/wordpress\/plugins\/seo\/ -->\n<title>J\u00e4senyys - Orto<\/title>\n<meta name=\"description\" content=\"J\u00e4senyys\" \/>\n<meta name=\"robots\" content=\"noindex, follow, max-snippet:-1, max-image-preview:large, max-video-preview:-1\" \/>\n<meta property=\"og:locale\" content=\"fi_FI\" \/>\n<meta property=\"og:type\" content=\"article\" \/>\n<meta property=\"og:title\" content=\"J\u00e4senyys - Orto\" \/>\n<meta property=\"og:description\" content=\"J\u00e4senyys\" \/>\n<meta property=\"og:url\" content=\"https:\/\/kataloog.orto.ee\/meist\/liikmelisus\/\" \/>\n<meta property=\"og:site_name\" content=\"Orto\" \/>\n<meta property=\"article:modified_time\" content=\"2022-11-25T08:34:52+00:00\" \/>\n<meta name=\"twitter:card\" content=\"summary_large_image\" \/>\n<meta name=\"twitter:label1\" content=\"Arvioitu lukuaika\" \/>\n\t<meta name=\"twitter:data1\" content=\"2 minuuttia\" \/>\n<script type=\"application\/ld+json\" class=\"yoast-schema-graph\">{\"@context\":\"https:\/\/schema.org\",\"@graph\":[{\"@type\":\"WebPage\",\"@id\":\"https:\/\/kataloog.orto.ee\/meist\/liikmelisus\/\",\"url\":\"https:\/\/kataloog.orto.ee\/meist\/liikmelisus\/\",\"name\":\"J\u00e4senyys - Orto\",\"isPartOf\":{\"@id\":\"https:\/\/kataloog.orto.ee\/#website\"},\"datePublished\":\"2020-04-02T08:22:52+00:00\",\"dateModified\":\"2022-11-25T08:34:52+00:00\",\"description\":\"J\u00e4senyys\",\"breadcrumb\":{\"@id\":\"https:\/\/kataloog.orto.ee\/meist\/liikmelisus\/#breadcrumb\"},\"inLanguage\":\"fi\",\"potentialAction\":[{\"@type\":\"ReadAction\",\"target\":[\"https:\/\/kataloog.orto.ee\/meist\/liikmelisus\/\"]}]},{\"@type\":\"BreadcrumbList\",\"@id\":\"https:\/\/kataloog.orto.ee\/meist\/liikmelisus\/#breadcrumb\",\"itemListElement\":[{\"@type\":\"ListItem\",\"position\":1,\"name\":\"Home\",\"item\":\"https:\/\/kataloog.orto.ee\/\"},{\"@type\":\"ListItem\",\"position\":2,\"name\":\"Meist\u00e4\",\"item\":\"https:\/\/kataloog.orto.ee\/meist\/\"},{\"@type\":\"ListItem\",\"position\":3,\"name\":\"J\u00e4senyys\"}]},{\"@type\":\"WebSite\",\"@id\":\"https:\/\/kataloog.orto.ee\/#website\",\"url\":\"https:\/\/kataloog.orto.ee\/\",\"name\":\"Orto\",\"description\":\"\",\"potentialAction\":[{\"@type\":\"SearchAction\",\"target\":{\"@type\":\"EntryPoint\",\"urlTemplate\":\"https:\/\/kataloog.orto.ee\/?s={search_term_string}\"},\"query-input\":\"required name=search_term_string\"}],\"inLanguage\":\"fi\"}]}<\/script>\n<!-- \/ Yoast SEO plugin. -->","yoast_head_json":{"title":"J\u00e4senyys - Orto","description":"J\u00e4senyys","robots":{"index":"noindex","follow":"follow","max-snippet":"max-snippet:-1","max-image-preview":"max-image-preview:large","max-video-preview":"max-video-preview:-1"},"og_locale":"fi_FI","og_type":"article","og_title":"J\u00e4senyys - Orto","og_description":"J\u00e4senyys","og_url":"https:\/\/kataloog.orto.ee\/meist\/liikmelisus\/","og_site_name":"Orto","article_modified_time":"2022-11-25T08:34:52+00:00","twitter_card":"summary_large_image","twitter_misc":{"Arvioitu lukuaika":"2 minuuttia"},"schema":{"@context":"https:\/\/schema.org","@graph":[{"@type":"WebPage","@id":"https:\/\/kataloog.orto.ee\/meist\/liikmelisus\/","url":"https:\/\/kataloog.orto.ee\/meist\/liikmelisus\/","name":"J\u00e4senyys - Orto","isPartOf":{"@id":"https:\/\/kataloog.orto.ee\/#website"},"datePublished":"2020-04-02T08:22:52+00:00","dateModified":"2022-11-25T08:34:52+00:00","description":"J\u00e4senyys","breadcrumb":{"@id":"https:\/\/kataloog.orto.ee\/meist\/liikmelisus\/#breadcrumb"},"inLanguage":"fi","potentialAction":[{"@type":"ReadAction","target":["https:\/\/kataloog.orto.ee\/meist\/liikmelisus\/"]}]},{"@type":"BreadcrumbList","@id":"https:\/\/kataloog.orto.ee\/meist\/liikmelisus\/#breadcrumb","itemListElement":[{"@type":"ListItem","position":1,"name":"Home","item":"https:\/\/kataloog.orto.ee\/"},{"@type":"ListItem","position":2,"name":"Meist\u00e4","item":"https:\/\/kataloog.orto.ee\/meist\/"},{"@type":"ListItem","position":3,"name":"J\u00e4senyys"}]},{"@type":"WebSite","@id":"https:\/\/kataloog.orto.ee\/#website","url":"https:\/\/kataloog.orto.ee\/","name":"Orto","description":"","potentialAction":[{"@type":"SearchAction","target":{"@type":"EntryPoint","urlTemplate":"https:\/\/kataloog.orto.ee\/?s={search_term_string}"},"query-input":"required name=search_term_string"}],"inLanguage":"fi"}]}},"_links":{"self":[{"href":"https:\/\/kataloog.orto.ee\/fi\/wp-json\/wp\/v2\/pages\/1453"}],"collection":[{"href":"https:\/\/kataloog.orto.ee\/fi\/wp-json\/wp\/v2\/pages"}],"about":[{"href":"https:\/\/kataloog.orto.ee\/fi\/wp-json\/wp\/v2\/types\/page"}],"author":[{"embeddable":true,"href":"https:\/\/kataloog.orto.ee\/fi\/wp-json\/wp\/v2\/users\/1"}],"replies":[{"embeddable":true,"href":"https:\/\/kataloog.orto.ee\/fi\/wp-json\/wp\/v2\/comments?post=1453"}],"version-history":[{"count":3,"href":"https:\/\/kataloog.orto.ee\/fi\/wp-json\/wp\/v2\/pages\/1453\/revisions"}],"predecessor-version":[{"id":3346,"href":"https:\/\/kataloog.orto.ee\/fi\/wp-json\/wp\/v2\/pages\/1453\/revisions\/3346"}],"up":[{"embeddable":true,"href":"https:\/\/kataloog.orto.ee\/fi\/wp-json\/wp\/v2\/pages\/1323"}],"wp:attachment":[{"href":"https:\/\/kataloog.orto.ee\/fi\/wp-json\/wp\/v2\/media?parent=1453"}],"curies":[{"name":"wp","href":"https:\/\/api.w.org\/{rel}","templated":true}]}}