{"id":1428,"date":"2020-10-21T14:07:00","date_gmt":"2020-10-21T11:07:00","guid":{"rendered":"https:\/\/orto.ee\/meist\/keskkond-ja-loodus\/"},"modified":"2021-05-21T14:23:52","modified_gmt":"2021-05-21T11:23:52","slug":"keskkond-ja-loodus","status":"publish","type":"page","link":"https:\/\/kataloog.orto.ee\/fi\/meist\/keskkond-ja-loodus\/","title":{"rendered":"Ymp\u00e4rist\u00f6 ja luonto"},"content":{"rendered":"<div class=\"b-block pad-top-60 pad-bottom-60\"><div class=\"b-part p-txtmediac container-p0 no-gutters\"><div class=\"p-txtmediac__content col-md-6\"><div class=\"p-txtmediac__txt editor-content\"><h2>Kest\u00e4v\u00e4 kehitys (Sustainability)<\/h2>\n<p>Luonnolliset raaka-aineet ovat arvostettuja ja kuluttajien joukossa nyky\u00e4\u00e4n yh\u00e4 enemm\u00e4n suosittuja. Vuonna 1998 luotu Puhas Loodus -kosmetiikkasarja on kunnianosoitus luonnolle ja ymp\u00e4rist\u00f6lle. Olemme iloisia n\u00e4hdess\u00e4mme, ett\u00e4 on kasvamassa uusi Puhas Loodus -tuotteiden k\u00e4ytt\u00e4jien sukupolvi.<\/p>\n<p>Sen lis\u00e4ksi, ett\u00e4 yksi suurimmista raaka-aineiden valinnan kriteereist\u00e4 on niiden luonnollinen alkuper\u00e4, otamme huomioon my\u00f6s sen, ett\u00e4 raaka-aineiden jatkojalostus olisi vastuullista. Varmistamme, ett\u00e4 ainesosat, joissa l\u00e4ht\u00f6aineena k\u00e4ytet\u00e4\u00e4n palmu\u00f6ljy\u00e4, toimitetaan meille vastuullisen toimitusketjun kautta ja ettemme kuormita ekosysteemi\u00e4 liikaa.<\/p>\n<p>Kehit\u00e4mme jatkuvasti tuotteidemme koostumuksia ja tuotantoteknologiaamme korkean laadun varmistamiseksi ymp\u00e4rist\u00f6n kannalta kest\u00e4v\u00e4ll\u00e4 tavalla.<\/p>\n<\/div><\/div><div class=\"p-txtmediac__media col-auto col-md-5 col-xl-auto\"><img loading=\"lazy\" decoding=\"async\" width=\"470\" height=\"280\" src=\"https:\/\/kataloog.orto.ee\/wp-content\/uploads\/2020\/10\/pexels-kelly-lacy-3030283-470x280.jpg\" class=\"attachment-img-470x280 size-img-470x280\" alt=\"\" \/><\/div><\/div><div class=\"b-part p-txtmediac container-p0 no-gutters p-txtmediac--reverse\"><div class=\"p-txtmediac__content p-txtmediac__content--reverse col-md-6\"><div class=\"p-txtmediac__txt editor-content\"><p>&nbsp;<\/p>\n<p>Pakkauksemme ovat maksimaalisesti kierr\u00e4tett\u00e4vi\u00e4 muovituubeista ja -pulloista pahvipakkauksiin. Yksikomponenttiset ja helposti erotettavat muovipakkaukset mahdollistavat niiden uudelleenk\u00e4yt\u00f6n ilman monimutkaisia teknologioita soveltamatta. Tuotteiden pakkaamiseen k\u00e4ytett\u00e4v\u00e4t pahvilaatikot on valmistettu 99\u2013100% kierr\u00e4tetyst\u00e4 materiaalista ja niiden ker\u00e4\u00e4minen jatkossa on helppoa.<\/p>\n<p>Pakkausmateriaalien ker\u00e4\u00e4mist\u00e4 ja kierr\u00e4tt\u00e4mist\u00e4 varten teemme yhteisty\u00f6t\u00e4 Viron kierr\u00e4tysj\u00e4rjest\u00f6n (Eesti Taaskasutusorganisatsioon) kanssa, jonka kautta vastuullisen k\u00e4ytt\u00e4j\u00e4n pakkaus saavuttaa oikean paikan. Olemme liittyneet maailmanlaajuiseen kemiateollisuuden yrityksi\u00e4 yhdist\u00e4v\u00e4n Responsible Care -ohjelmaan.<\/p>\n<p><a href=\"https:\/\/icca-chem.org\/focus\/responsible-care\/\">https:\/\/icca-chem.org\/focus\/responsible-care\/<\/a><\/p>\n<\/div><\/div><div class=\"p-txtmediac__media col-auto col-md-5 col-xl-auto\"><img loading=\"lazy\" decoding=\"async\" width=\"470\" height=\"280\" src=\"https:\/\/kataloog.orto.ee\/wp-content\/uploads\/2020\/10\/pexels-alex-fu-2967770-470x280.jpg\" class=\"attachment-img-470x280 size-img-470x280\" alt=\"\" \/><\/div><\/div><\/div>\n\n\n<p class=\"wp-el\"><\/p>\n\n\n\n<p class=\"wp-el\"><\/p>\n","protected":false},"excerpt":{"rendered":"","protected":false},"author":1,"featured_media":0,"parent":1323,"menu_order":30,"comment_status":"closed","ping_status":"closed","template":"","meta":{"_et_pb_use_builder":"","_et_pb_old_content":"","_et_gb_content_width":"","footnotes":""},"acf":[],"yoast_head":"<!-- This site is optimized with the Yoast SEO plugin v21.5 - https:\/\/yoast.com\/wordpress\/plugins\/seo\/ -->\n<title>Ymp\u00e4rist\u00f6 ja luonto - Orto<\/title>\n<meta name=\"description\" content=\"Ymp\u00e4rist\u00f6 ja luonto\" \/>\n<meta name=\"robots\" content=\"noindex, follow, max-snippet:-1, max-image-preview:large, max-video-preview:-1\" \/>\n<meta property=\"og:locale\" content=\"fi_FI\" \/>\n<meta property=\"og:type\" content=\"article\" \/>\n<meta property=\"og:title\" content=\"Ymp\u00e4rist\u00f6 ja luonto - Orto\" \/>\n<meta property=\"og:description\" content=\"Ymp\u00e4rist\u00f6 ja luonto\" \/>\n<meta property=\"og:url\" content=\"https:\/\/kataloog.orto.ee\/meist\/keskkond-ja-loodus\/\" \/>\n<meta property=\"og:site_name\" content=\"Orto\" \/>\n<meta property=\"article:modified_time\" content=\"2021-05-21T11:23:52+00:00\" \/>\n<meta name=\"twitter:card\" content=\"summary_large_image\" \/>\n<script type=\"application\/ld+json\" class=\"yoast-schema-graph\">{\"@context\":\"https:\/\/schema.org\",\"@graph\":[{\"@type\":\"WebPage\",\"@id\":\"https:\/\/kataloog.orto.ee\/meist\/keskkond-ja-loodus\/\",\"url\":\"https:\/\/kataloog.orto.ee\/meist\/keskkond-ja-loodus\/\",\"name\":\"Ymp\u00e4rist\u00f6 ja luonto - Orto\",\"isPartOf\":{\"@id\":\"https:\/\/kataloog.orto.ee\/#website\"},\"datePublished\":\"2020-10-21T11:07:00+00:00\",\"dateModified\":\"2021-05-21T11:23:52+00:00\",\"description\":\"Ymp\u00e4rist\u00f6 ja luonto\",\"breadcrumb\":{\"@id\":\"https:\/\/kataloog.orto.ee\/meist\/keskkond-ja-loodus\/#breadcrumb\"},\"inLanguage\":\"fi\",\"potentialAction\":[{\"@type\":\"ReadAction\",\"target\":[\"https:\/\/kataloog.orto.ee\/meist\/keskkond-ja-loodus\/\"]}]},{\"@type\":\"BreadcrumbList\",\"@id\":\"https:\/\/kataloog.orto.ee\/meist\/keskkond-ja-loodus\/#breadcrumb\",\"itemListElement\":[{\"@type\":\"ListItem\",\"position\":1,\"name\":\"Home\",\"item\":\"https:\/\/kataloog.orto.ee\/\"},{\"@type\":\"ListItem\",\"position\":2,\"name\":\"Meist\u00e4\",\"item\":\"https:\/\/kataloog.orto.ee\/meist\/\"},{\"@type\":\"ListItem\",\"position\":3,\"name\":\"Ymp\u00e4rist\u00f6 ja luonto\"}]},{\"@type\":\"WebSite\",\"@id\":\"https:\/\/kataloog.orto.ee\/#website\",\"url\":\"https:\/\/kataloog.orto.ee\/\",\"name\":\"Orto\",\"description\":\"\",\"potentialAction\":[{\"@type\":\"SearchAction\",\"target\":{\"@type\":\"EntryPoint\",\"urlTemplate\":\"https:\/\/kataloog.orto.ee\/?s={search_term_string}\"},\"query-input\":\"required name=search_term_string\"}],\"inLanguage\":\"fi\"}]}<\/script>\n<!-- \/ Yoast SEO plugin. -->","yoast_head_json":{"title":"Ymp\u00e4rist\u00f6 ja luonto - Orto","description":"Ymp\u00e4rist\u00f6 ja luonto","robots":{"index":"noindex","follow":"follow","max-snippet":"max-snippet:-1","max-image-preview":"max-image-preview:large","max-video-preview":"max-video-preview:-1"},"og_locale":"fi_FI","og_type":"article","og_title":"Ymp\u00e4rist\u00f6 ja luonto - Orto","og_description":"Ymp\u00e4rist\u00f6 ja luonto","og_url":"https:\/\/kataloog.orto.ee\/meist\/keskkond-ja-loodus\/","og_site_name":"Orto","article_modified_time":"2021-05-21T11:23:52+00:00","twitter_card":"summary_large_image","schema":{"@context":"https:\/\/schema.org","@graph":[{"@type":"WebPage","@id":"https:\/\/kataloog.orto.ee\/meist\/keskkond-ja-loodus\/","url":"https:\/\/kataloog.orto.ee\/meist\/keskkond-ja-loodus\/","name":"Ymp\u00e4rist\u00f6 ja luonto - Orto","isPartOf":{"@id":"https:\/\/kataloog.orto.ee\/#website"},"datePublished":"2020-10-21T11:07:00+00:00","dateModified":"2021-05-21T11:23:52+00:00","description":"Ymp\u00e4rist\u00f6 ja luonto","breadcrumb":{"@id":"https:\/\/kataloog.orto.ee\/meist\/keskkond-ja-loodus\/#breadcrumb"},"inLanguage":"fi","potentialAction":[{"@type":"ReadAction","target":["https:\/\/kataloog.orto.ee\/meist\/keskkond-ja-loodus\/"]}]},{"@type":"BreadcrumbList","@id":"https:\/\/kataloog.orto.ee\/meist\/keskkond-ja-loodus\/#breadcrumb","itemListElement":[{"@type":"ListItem","position":1,"name":"Home","item":"https:\/\/kataloog.orto.ee\/"},{"@type":"ListItem","position":2,"name":"Meist\u00e4","item":"https:\/\/kataloog.orto.ee\/meist\/"},{"@type":"ListItem","position":3,"name":"Ymp\u00e4rist\u00f6 ja luonto"}]},{"@type":"WebSite","@id":"https:\/\/kataloog.orto.ee\/#website","url":"https:\/\/kataloog.orto.ee\/","name":"Orto","description":"","potentialAction":[{"@type":"SearchAction","target":{"@type":"EntryPoint","urlTemplate":"https:\/\/kataloog.orto.ee\/?s={search_term_string}"},"query-input":"required name=search_term_string"}],"inLanguage":"fi"}]}},"_links":{"self":[{"href":"https:\/\/kataloog.orto.ee\/fi\/wp-json\/wp\/v2\/pages\/1428"}],"collection":[{"href":"https:\/\/kataloog.orto.ee\/fi\/wp-json\/wp\/v2\/pages"}],"about":[{"href":"https:\/\/kataloog.orto.ee\/fi\/wp-json\/wp\/v2\/types\/page"}],"author":[{"embeddable":true,"href":"https:\/\/kataloog.orto.ee\/fi\/wp-json\/wp\/v2\/users\/1"}],"replies":[{"embeddable":true,"href":"https:\/\/kataloog.orto.ee\/fi\/wp-json\/wp\/v2\/comments?post=1428"}],"version-history":[{"count":2,"href":"https:\/\/kataloog.orto.ee\/fi\/wp-json\/wp\/v2\/pages\/1428\/revisions"}],"predecessor-version":[{"id":1438,"href":"https:\/\/kataloog.orto.ee\/fi\/wp-json\/wp\/v2\/pages\/1428\/revisions\/1438"}],"up":[{"embeddable":true,"href":"https:\/\/kataloog.orto.ee\/fi\/wp-json\/wp\/v2\/pages\/1323"}],"wp:attachment":[{"href":"https:\/\/kataloog.orto.ee\/fi\/wp-json\/wp\/v2\/media?parent=1428"}],"curies":[{"name":"wp","href":"https:\/\/api.w.org\/{rel}","templated":true}]}}