{"id":1414,"date":"2020-04-02T11:22:28","date_gmt":"2020-04-02T08:22:28","guid":{"rendered":"https:\/\/orto.ee\/meist\/tootmine\/"},"modified":"2021-05-21T14:11:11","modified_gmt":"2021-05-21T11:11:11","slug":"tootmine","status":"publish","type":"page","link":"https:\/\/kataloog.orto.ee\/fi\/meist\/tootmine\/","title":{"rendered":"Tuotanto"},"content":{"rendered":"<div class=\"b-block pad-top-60 pad-bottom-60\"><div class=\"b-part p-txtmediac container-p0 no-gutters\"><div class=\"p-txtmediac__content col-md-6\"><div class=\"p-txtmediac__txt editor-content\"><p>Olemme kompakti tuotantolaitos, jonka nykyaikainen teknologia yhdistettyn\u00e4 pienen yrityksen joustavuuteen mahdollistaa tuotteiden tehokkaan ja taloudellisen valmistuksen.<\/p>\n<p>Kosmetiikkatuotteiden ja puhdistusaineiden tuotanto tapahtuu erillisiss\u00e4 tuotantoyksik\u00f6iss\u00e4. Viime vuosina sovellettujen teknisten innovaatioiden ja edistyneiden automaattisten j\u00e4rjestelmien ansiosta tuotteita voidaan valmistaa huomattavasti nopeammin, helpommin ja tehokkaammin. Laitekantamme tarjoaa erilaisia \u200b\u200bvaihtoehtoja.<\/p>\n<p>&nbsp;<\/p>\n<\/div><\/div><div class=\"p-txtmediac__media col-auto col-md-5 col-xl-auto\"><img loading=\"lazy\" decoding=\"async\" width=\"470\" height=\"280\" src=\"https:\/\/kataloog.orto.ee\/wp-content\/uploads\/2020\/10\/pexels-minamarie-michell-570041-470x280.jpg\" class=\"attachment-img-470x280 size-img-470x280\" alt=\"\" \/><\/div><\/div><\/div><div class=\"b-spacer pad-top-60 pad-bottom-60 bg-light\"><\/div>\n\n\n<p class=\"wp-el\"><\/p>\n\n\n\n<p class=\"wp-el\"><\/p>\n","protected":false},"excerpt":{"rendered":"","protected":false},"author":1,"featured_media":0,"parent":1323,"menu_order":30,"comment_status":"closed","ping_status":"closed","template":"","meta":{"_et_pb_use_builder":"","_et_pb_old_content":"","_et_gb_content_width":"","footnotes":""},"acf":[],"yoast_head":"<!-- This site is optimized with the Yoast SEO plugin v21.5 - https:\/\/yoast.com\/wordpress\/plugins\/seo\/ -->\n<title>Tuotanto - Orto<\/title>\n<meta name=\"description\" content=\"Tuotanto\" \/>\n<meta name=\"robots\" content=\"noindex, follow, max-snippet:-1, max-image-preview:large, max-video-preview:-1\" \/>\n<meta property=\"og:locale\" content=\"fi_FI\" \/>\n<meta property=\"og:type\" content=\"article\" \/>\n<meta property=\"og:title\" content=\"Tuotanto - Orto\" \/>\n<meta property=\"og:description\" content=\"Tuotanto\" \/>\n<meta property=\"og:url\" content=\"https:\/\/kataloog.orto.ee\/meist\/tootmine\/\" \/>\n<meta property=\"og:site_name\" content=\"Orto\" \/>\n<meta property=\"article:modified_time\" content=\"2021-05-21T11:11:11+00:00\" \/>\n<meta name=\"twitter:card\" content=\"summary_large_image\" \/>\n<script type=\"application\/ld+json\" class=\"yoast-schema-graph\">{\"@context\":\"https:\/\/schema.org\",\"@graph\":[{\"@type\":\"WebPage\",\"@id\":\"https:\/\/kataloog.orto.ee\/meist\/tootmine\/\",\"url\":\"https:\/\/kataloog.orto.ee\/meist\/tootmine\/\",\"name\":\"Tuotanto - Orto\",\"isPartOf\":{\"@id\":\"https:\/\/kataloog.orto.ee\/#website\"},\"datePublished\":\"2020-04-02T08:22:28+00:00\",\"dateModified\":\"2021-05-21T11:11:11+00:00\",\"description\":\"Tuotanto\",\"breadcrumb\":{\"@id\":\"https:\/\/kataloog.orto.ee\/meist\/tootmine\/#breadcrumb\"},\"inLanguage\":\"fi\",\"potentialAction\":[{\"@type\":\"ReadAction\",\"target\":[\"https:\/\/kataloog.orto.ee\/meist\/tootmine\/\"]}]},{\"@type\":\"BreadcrumbList\",\"@id\":\"https:\/\/kataloog.orto.ee\/meist\/tootmine\/#breadcrumb\",\"itemListElement\":[{\"@type\":\"ListItem\",\"position\":1,\"name\":\"Home\",\"item\":\"https:\/\/kataloog.orto.ee\/\"},{\"@type\":\"ListItem\",\"position\":2,\"name\":\"Meist\u00e4\",\"item\":\"https:\/\/kataloog.orto.ee\/meist\/\"},{\"@type\":\"ListItem\",\"position\":3,\"name\":\"Tuotanto\"}]},{\"@type\":\"WebSite\",\"@id\":\"https:\/\/kataloog.orto.ee\/#website\",\"url\":\"https:\/\/kataloog.orto.ee\/\",\"name\":\"Orto\",\"description\":\"\",\"potentialAction\":[{\"@type\":\"SearchAction\",\"target\":{\"@type\":\"EntryPoint\",\"urlTemplate\":\"https:\/\/kataloog.orto.ee\/?s={search_term_string}\"},\"query-input\":\"required name=search_term_string\"}],\"inLanguage\":\"fi\"}]}<\/script>\n<!-- \/ Yoast SEO plugin. -->","yoast_head_json":{"title":"Tuotanto - Orto","description":"Tuotanto","robots":{"index":"noindex","follow":"follow","max-snippet":"max-snippet:-1","max-image-preview":"max-image-preview:large","max-video-preview":"max-video-preview:-1"},"og_locale":"fi_FI","og_type":"article","og_title":"Tuotanto - Orto","og_description":"Tuotanto","og_url":"https:\/\/kataloog.orto.ee\/meist\/tootmine\/","og_site_name":"Orto","article_modified_time":"2021-05-21T11:11:11+00:00","twitter_card":"summary_large_image","schema":{"@context":"https:\/\/schema.org","@graph":[{"@type":"WebPage","@id":"https:\/\/kataloog.orto.ee\/meist\/tootmine\/","url":"https:\/\/kataloog.orto.ee\/meist\/tootmine\/","name":"Tuotanto - Orto","isPartOf":{"@id":"https:\/\/kataloog.orto.ee\/#website"},"datePublished":"2020-04-02T08:22:28+00:00","dateModified":"2021-05-21T11:11:11+00:00","description":"Tuotanto","breadcrumb":{"@id":"https:\/\/kataloog.orto.ee\/meist\/tootmine\/#breadcrumb"},"inLanguage":"fi","potentialAction":[{"@type":"ReadAction","target":["https:\/\/kataloog.orto.ee\/meist\/tootmine\/"]}]},{"@type":"BreadcrumbList","@id":"https:\/\/kataloog.orto.ee\/meist\/tootmine\/#breadcrumb","itemListElement":[{"@type":"ListItem","position":1,"name":"Home","item":"https:\/\/kataloog.orto.ee\/"},{"@type":"ListItem","position":2,"name":"Meist\u00e4","item":"https:\/\/kataloog.orto.ee\/meist\/"},{"@type":"ListItem","position":3,"name":"Tuotanto"}]},{"@type":"WebSite","@id":"https:\/\/kataloog.orto.ee\/#website","url":"https:\/\/kataloog.orto.ee\/","name":"Orto","description":"","potentialAction":[{"@type":"SearchAction","target":{"@type":"EntryPoint","urlTemplate":"https:\/\/kataloog.orto.ee\/?s={search_term_string}"},"query-input":"required name=search_term_string"}],"inLanguage":"fi"}]}},"_links":{"self":[{"href":"https:\/\/kataloog.orto.ee\/fi\/wp-json\/wp\/v2\/pages\/1414"}],"collection":[{"href":"https:\/\/kataloog.orto.ee\/fi\/wp-json\/wp\/v2\/pages"}],"about":[{"href":"https:\/\/kataloog.orto.ee\/fi\/wp-json\/wp\/v2\/types\/page"}],"author":[{"embeddable":true,"href":"https:\/\/kataloog.orto.ee\/fi\/wp-json\/wp\/v2\/users\/1"}],"replies":[{"embeddable":true,"href":"https:\/\/kataloog.orto.ee\/fi\/wp-json\/wp\/v2\/comments?post=1414"}],"version-history":[{"count":2,"href":"https:\/\/kataloog.orto.ee\/fi\/wp-json\/wp\/v2\/pages\/1414\/revisions"}],"predecessor-version":[{"id":1426,"href":"https:\/\/kataloog.orto.ee\/fi\/wp-json\/wp\/v2\/pages\/1414\/revisions\/1426"}],"up":[{"embeddable":true,"href":"https:\/\/kataloog.orto.ee\/fi\/wp-json\/wp\/v2\/pages\/1323"}],"wp:attachment":[{"href":"https:\/\/kataloog.orto.ee\/fi\/wp-json\/wp\/v2\/media?parent=1414"}],"curies":[{"name":"wp","href":"https:\/\/api.w.org\/{rel}","templated":true}]}}