{"id":1400,"date":"2020-04-02T11:22:16","date_gmt":"2020-04-02T08:22:16","guid":{"rendered":"https:\/\/orto.ee\/meist\/arendustegevus\/"},"modified":"2021-05-21T13:57:41","modified_gmt":"2021-05-21T10:57:41","slug":"arendustegevus","status":"publish","type":"page","link":"https:\/\/kataloog.orto.ee\/fi\/meist\/arendustegevus\/","title":{"rendered":"Tuotekehitys"},"content":{"rendered":"<div class=\"b-block pad-top-60 pad-bottom-60\"><div class=\"b-part p-txtmediac container-p0 no-gutters\"><div class=\"p-txtmediac__content col-md-6\"><div class=\"p-txtmediac__txt editor-content\"><p>Kehityskeskuksemme korkeasti koulutetut tuotekehitt\u00e4j\u00e4t luovat uusia tuotteita sek\u00e4 uudistavat ja modernisoivat olemassa olevia tuotteita. Kosmetiikan j\u00e4nnitt\u00e4v\u00e4 ja innostava maailma sek\u00e4 runsas raaka-ainevalikoima antavat inspiraatiota uusien tuotteiden kehitt\u00e4miseen. Kaikki uudet tuotteet syntyv\u00e4t omassa laboratoriossamme ja ensimm\u00e4iset testaajat ovat omia ihmisi\u00e4. Kommunikointi kuluttajiemme kanssa tuotekehitysprosessin aikana on korvaamattoman arvokasta.<\/p>\n<p>K\u00e4yt\u00e4mme huolella valikoituja, todistetusti tehokkaita korkealaatuisia ja turvallisia ainesosia Virosta ja muualta maailmalta. Luonnollista alkuper\u00e4\u00e4 olevien ja uusiutuvista raaka-aineista valmistettavien ainesosien osuus tuotteissamme on kasvanut vuosi vuodelta.<\/p>\n<p>&nbsp;<\/p>\n<\/div><\/div><div class=\"p-txtmediac__media col-auto col-md-5 col-xl-auto\"><img loading=\"lazy\" decoding=\"async\" width=\"470\" height=\"280\" src=\"https:\/\/kataloog.orto.ee\/wp-content\/uploads\/2020\/10\/pexels-dana-tentis-725998-470x280.jpg\" class=\"attachment-img-470x280 size-img-470x280\" alt=\"\" \/><\/div><\/div><\/div>","protected":false},"excerpt":{"rendered":"","protected":false},"author":1,"featured_media":0,"parent":1323,"menu_order":20,"comment_status":"closed","ping_status":"closed","template":"","meta":{"_et_pb_use_builder":"","_et_pb_old_content":"","_et_gb_content_width":"","footnotes":""},"acf":[],"yoast_head":"<!-- This site is optimized with the Yoast SEO plugin v21.5 - https:\/\/yoast.com\/wordpress\/plugins\/seo\/ -->\n<title>Tuotekehitys - Orto<\/title>\n<meta name=\"description\" content=\"Tuotekehitys\" \/>\n<meta name=\"robots\" content=\"noindex, follow, max-snippet:-1, max-image-preview:large, max-video-preview:-1\" \/>\n<meta property=\"og:locale\" content=\"fi_FI\" \/>\n<meta property=\"og:type\" content=\"article\" \/>\n<meta property=\"og:title\" content=\"Tuotekehitys - Orto\" \/>\n<meta property=\"og:description\" content=\"Tuotekehitys\" \/>\n<meta property=\"og:url\" content=\"https:\/\/kataloog.orto.ee\/meist\/arendustegevus\/\" \/>\n<meta property=\"og:site_name\" content=\"Orto\" \/>\n<meta property=\"article:modified_time\" content=\"2021-05-21T10:57:41+00:00\" \/>\n<meta name=\"twitter:card\" content=\"summary_large_image\" \/>\n<script type=\"application\/ld+json\" class=\"yoast-schema-graph\">{\"@context\":\"https:\/\/schema.org\",\"@graph\":[{\"@type\":\"WebPage\",\"@id\":\"https:\/\/kataloog.orto.ee\/meist\/arendustegevus\/\",\"url\":\"https:\/\/kataloog.orto.ee\/meist\/arendustegevus\/\",\"name\":\"Tuotekehitys - Orto\",\"isPartOf\":{\"@id\":\"https:\/\/kataloog.orto.ee\/#website\"},\"datePublished\":\"2020-04-02T08:22:16+00:00\",\"dateModified\":\"2021-05-21T10:57:41+00:00\",\"description\":\"Tuotekehitys\",\"breadcrumb\":{\"@id\":\"https:\/\/kataloog.orto.ee\/meist\/arendustegevus\/#breadcrumb\"},\"inLanguage\":\"fi\",\"potentialAction\":[{\"@type\":\"ReadAction\",\"target\":[\"https:\/\/kataloog.orto.ee\/meist\/arendustegevus\/\"]}]},{\"@type\":\"BreadcrumbList\",\"@id\":\"https:\/\/kataloog.orto.ee\/meist\/arendustegevus\/#breadcrumb\",\"itemListElement\":[{\"@type\":\"ListItem\",\"position\":1,\"name\":\"Home\",\"item\":\"https:\/\/kataloog.orto.ee\/\"},{\"@type\":\"ListItem\",\"position\":2,\"name\":\"Meist\u00e4\",\"item\":\"https:\/\/kataloog.orto.ee\/meist\/\"},{\"@type\":\"ListItem\",\"position\":3,\"name\":\"Tuotekehitys\"}]},{\"@type\":\"WebSite\",\"@id\":\"https:\/\/kataloog.orto.ee\/#website\",\"url\":\"https:\/\/kataloog.orto.ee\/\",\"name\":\"Orto\",\"description\":\"\",\"potentialAction\":[{\"@type\":\"SearchAction\",\"target\":{\"@type\":\"EntryPoint\",\"urlTemplate\":\"https:\/\/kataloog.orto.ee\/?s={search_term_string}\"},\"query-input\":\"required name=search_term_string\"}],\"inLanguage\":\"fi\"}]}<\/script>\n<!-- \/ Yoast SEO plugin. -->","yoast_head_json":{"title":"Tuotekehitys - Orto","description":"Tuotekehitys","robots":{"index":"noindex","follow":"follow","max-snippet":"max-snippet:-1","max-image-preview":"max-image-preview:large","max-video-preview":"max-video-preview:-1"},"og_locale":"fi_FI","og_type":"article","og_title":"Tuotekehitys - Orto","og_description":"Tuotekehitys","og_url":"https:\/\/kataloog.orto.ee\/meist\/arendustegevus\/","og_site_name":"Orto","article_modified_time":"2021-05-21T10:57:41+00:00","twitter_card":"summary_large_image","schema":{"@context":"https:\/\/schema.org","@graph":[{"@type":"WebPage","@id":"https:\/\/kataloog.orto.ee\/meist\/arendustegevus\/","url":"https:\/\/kataloog.orto.ee\/meist\/arendustegevus\/","name":"Tuotekehitys - Orto","isPartOf":{"@id":"https:\/\/kataloog.orto.ee\/#website"},"datePublished":"2020-04-02T08:22:16+00:00","dateModified":"2021-05-21T10:57:41+00:00","description":"Tuotekehitys","breadcrumb":{"@id":"https:\/\/kataloog.orto.ee\/meist\/arendustegevus\/#breadcrumb"},"inLanguage":"fi","potentialAction":[{"@type":"ReadAction","target":["https:\/\/kataloog.orto.ee\/meist\/arendustegevus\/"]}]},{"@type":"BreadcrumbList","@id":"https:\/\/kataloog.orto.ee\/meist\/arendustegevus\/#breadcrumb","itemListElement":[{"@type":"ListItem","position":1,"name":"Home","item":"https:\/\/kataloog.orto.ee\/"},{"@type":"ListItem","position":2,"name":"Meist\u00e4","item":"https:\/\/kataloog.orto.ee\/meist\/"},{"@type":"ListItem","position":3,"name":"Tuotekehitys"}]},{"@type":"WebSite","@id":"https:\/\/kataloog.orto.ee\/#website","url":"https:\/\/kataloog.orto.ee\/","name":"Orto","description":"","potentialAction":[{"@type":"SearchAction","target":{"@type":"EntryPoint","urlTemplate":"https:\/\/kataloog.orto.ee\/?s={search_term_string}"},"query-input":"required name=search_term_string"}],"inLanguage":"fi"}]}},"_links":{"self":[{"href":"https:\/\/kataloog.orto.ee\/fi\/wp-json\/wp\/v2\/pages\/1400"}],"collection":[{"href":"https:\/\/kataloog.orto.ee\/fi\/wp-json\/wp\/v2\/pages"}],"about":[{"href":"https:\/\/kataloog.orto.ee\/fi\/wp-json\/wp\/v2\/types\/page"}],"author":[{"embeddable":true,"href":"https:\/\/kataloog.orto.ee\/fi\/wp-json\/wp\/v2\/users\/1"}],"replies":[{"embeddable":true,"href":"https:\/\/kataloog.orto.ee\/fi\/wp-json\/wp\/v2\/comments?post=1400"}],"version-history":[{"count":2,"href":"https:\/\/kataloog.orto.ee\/fi\/wp-json\/wp\/v2\/pages\/1400\/revisions"}],"predecessor-version":[{"id":1406,"href":"https:\/\/kataloog.orto.ee\/fi\/wp-json\/wp\/v2\/pages\/1400\/revisions\/1406"}],"up":[{"embeddable":true,"href":"https:\/\/kataloog.orto.ee\/fi\/wp-json\/wp\/v2\/pages\/1323"}],"wp:attachment":[{"href":"https:\/\/kataloog.orto.ee\/fi\/wp-json\/wp\/v2\/media?parent=1400"}],"curies":[{"name":"wp","href":"https:\/\/api.w.org\/{rel}","templated":true}]}}