{"id":1392,"date":"2020-04-02T11:21:47","date_gmt":"2020-04-02T08:21:47","guid":{"rendered":"https:\/\/orto.ee\/meist\/ettevottest\/"},"modified":"2022-11-25T10:13:10","modified_gmt":"2022-11-25T08:13:10","slug":"ettevottest","status":"publish","type":"page","link":"https:\/\/kataloog.orto.ee\/fi\/meist\/ettevottest\/","title":{"rendered":"Yrityksest\u00e4"},"content":{"rendered":"<div class=\"b-block pad-top-50 pad-bottom-50\"><div class=\"b-part p-txtmediac container-p0 no-gutters p-txtmediac--reverse\"><div class=\"p-txtmediac__content p-txtmediac__content--reverse col-md-6\"><div class=\"p-txtmediac__txt editor-content\"><p>Orto on nykyaikainen tuotantolaitos, joka valmistaa kosmetiikkatuotteita ja kodinkemikaaleja.<\/p>\n<p>Orton arvokkain rikkaus on 90 vuoden kokemus alallaan. Uuden teknologian, tuotekehityksen ja tehokkaan markkinointiviestinn\u00e4n tuloksena Orto on johtavassa asemassa Viron kosmetiikkamarkkinoilla, ollessaan laadukkaiden kasvohoitotuotteidensa ansiosta noussut kolmen parhaan joukkoon.<\/p>\n<p>Orton arvokkaana resurssina on tuotekehityskeskuksen asiantuntijoiden pitk\u00e4aikainen kokemus ja tietotaito, menestyksek\u00e4s br\u00e4ndikonsepti ja tasapainoinen tuotevalikoima.<\/p>\n<\/div><\/div><div class=\"p-txtmediac__media col-auto col-md-5 col-xl-auto\"><img loading=\"lazy\" decoding=\"async\" width=\"470\" height=\"280\" src=\"https:\/\/kataloog.orto.ee\/wp-content\/uploads\/2020\/04\/ettevottest.jpg\" class=\"attachment-img-470x280 size-img-470x280\" alt=\"\" srcset=\"https:\/\/kataloog.orto.ee\/wp-content\/uploads\/2020\/04\/ettevottest.jpg 470w, https:\/\/kataloog.orto.ee\/wp-content\/uploads\/2020\/04\/ettevottest-300x179.jpg 300w, https:\/\/kataloog.orto.ee\/wp-content\/uploads\/2020\/04\/ettevottest-270x161.jpg 270w, https:\/\/kataloog.orto.ee\/wp-content\/uploads\/2020\/04\/ettevottest-190x113.jpg 190w, https:\/\/kataloog.orto.ee\/wp-content\/uploads\/2020\/04\/ettevottest-92x55.jpg 92w, https:\/\/kataloog.orto.ee\/wp-content\/uploads\/2020\/04\/ettevottest-100x60.jpg 100w, https:\/\/kataloog.orto.ee\/wp-content\/uploads\/2020\/04\/ettevottest-340x203.jpg 340w, https:\/\/kataloog.orto.ee\/wp-content\/uploads\/2020\/04\/ettevottest-60x36.jpg 60w\" sizes=\"(max-width: 470px) 100vw, 470px\" \/><\/div><\/div><\/div>","protected":false},"excerpt":{"rendered":"","protected":false},"author":1,"featured_media":0,"parent":1323,"menu_order":0,"comment_status":"closed","ping_status":"closed","template":"","meta":{"_et_pb_use_builder":"","_et_pb_old_content":"","_et_gb_content_width":"","footnotes":""},"acf":[],"yoast_head":"<!-- This site is optimized with the Yoast SEO plugin v21.5 - https:\/\/yoast.com\/wordpress\/plugins\/seo\/ -->\n<title>Yrityksest\u00e4 - Orto<\/title>\n<meta name=\"description\" content=\"Yrityksest\u00e4\" \/>\n<meta name=\"robots\" content=\"noindex, follow, max-snippet:-1, max-image-preview:large, max-video-preview:-1\" \/>\n<meta property=\"og:locale\" content=\"fi_FI\" \/>\n<meta property=\"og:type\" content=\"article\" \/>\n<meta property=\"og:title\" content=\"Yrityksest\u00e4 - Orto\" \/>\n<meta property=\"og:description\" content=\"Yrityksest\u00e4\" \/>\n<meta property=\"og:url\" content=\"https:\/\/kataloog.orto.ee\/meist\/ettevottest\/\" \/>\n<meta property=\"og:site_name\" content=\"Orto\" \/>\n<meta property=\"article:modified_time\" content=\"2022-11-25T08:13:10+00:00\" \/>\n<meta name=\"twitter:card\" content=\"summary_large_image\" \/>\n<script type=\"application\/ld+json\" class=\"yoast-schema-graph\">{\"@context\":\"https:\/\/schema.org\",\"@graph\":[{\"@type\":\"WebPage\",\"@id\":\"https:\/\/kataloog.orto.ee\/meist\/ettevottest\/\",\"url\":\"https:\/\/kataloog.orto.ee\/meist\/ettevottest\/\",\"name\":\"Yrityksest\u00e4 - Orto\",\"isPartOf\":{\"@id\":\"https:\/\/kataloog.orto.ee\/#website\"},\"datePublished\":\"2020-04-02T08:21:47+00:00\",\"dateModified\":\"2022-11-25T08:13:10+00:00\",\"description\":\"Yrityksest\u00e4\",\"breadcrumb\":{\"@id\":\"https:\/\/kataloog.orto.ee\/meist\/ettevottest\/#breadcrumb\"},\"inLanguage\":\"fi\",\"potentialAction\":[{\"@type\":\"ReadAction\",\"target\":[\"https:\/\/kataloog.orto.ee\/meist\/ettevottest\/\"]}]},{\"@type\":\"BreadcrumbList\",\"@id\":\"https:\/\/kataloog.orto.ee\/meist\/ettevottest\/#breadcrumb\",\"itemListElement\":[{\"@type\":\"ListItem\",\"position\":1,\"name\":\"Home\",\"item\":\"https:\/\/kataloog.orto.ee\/\"},{\"@type\":\"ListItem\",\"position\":2,\"name\":\"Meist\u00e4\",\"item\":\"https:\/\/kataloog.orto.ee\/meist\/\"},{\"@type\":\"ListItem\",\"position\":3,\"name\":\"Yrityksest\u00e4\"}]},{\"@type\":\"WebSite\",\"@id\":\"https:\/\/kataloog.orto.ee\/#website\",\"url\":\"https:\/\/kataloog.orto.ee\/\",\"name\":\"Orto\",\"description\":\"\",\"potentialAction\":[{\"@type\":\"SearchAction\",\"target\":{\"@type\":\"EntryPoint\",\"urlTemplate\":\"https:\/\/kataloog.orto.ee\/?s={search_term_string}\"},\"query-input\":\"required name=search_term_string\"}],\"inLanguage\":\"fi\"}]}<\/script>\n<!-- \/ Yoast SEO plugin. -->","yoast_head_json":{"title":"Yrityksest\u00e4 - Orto","description":"Yrityksest\u00e4","robots":{"index":"noindex","follow":"follow","max-snippet":"max-snippet:-1","max-image-preview":"max-image-preview:large","max-video-preview":"max-video-preview:-1"},"og_locale":"fi_FI","og_type":"article","og_title":"Yrityksest\u00e4 - Orto","og_description":"Yrityksest\u00e4","og_url":"https:\/\/kataloog.orto.ee\/meist\/ettevottest\/","og_site_name":"Orto","article_modified_time":"2022-11-25T08:13:10+00:00","twitter_card":"summary_large_image","schema":{"@context":"https:\/\/schema.org","@graph":[{"@type":"WebPage","@id":"https:\/\/kataloog.orto.ee\/meist\/ettevottest\/","url":"https:\/\/kataloog.orto.ee\/meist\/ettevottest\/","name":"Yrityksest\u00e4 - Orto","isPartOf":{"@id":"https:\/\/kataloog.orto.ee\/#website"},"datePublished":"2020-04-02T08:21:47+00:00","dateModified":"2022-11-25T08:13:10+00:00","description":"Yrityksest\u00e4","breadcrumb":{"@id":"https:\/\/kataloog.orto.ee\/meist\/ettevottest\/#breadcrumb"},"inLanguage":"fi","potentialAction":[{"@type":"ReadAction","target":["https:\/\/kataloog.orto.ee\/meist\/ettevottest\/"]}]},{"@type":"BreadcrumbList","@id":"https:\/\/kataloog.orto.ee\/meist\/ettevottest\/#breadcrumb","itemListElement":[{"@type":"ListItem","position":1,"name":"Home","item":"https:\/\/kataloog.orto.ee\/"},{"@type":"ListItem","position":2,"name":"Meist\u00e4","item":"https:\/\/kataloog.orto.ee\/meist\/"},{"@type":"ListItem","position":3,"name":"Yrityksest\u00e4"}]},{"@type":"WebSite","@id":"https:\/\/kataloog.orto.ee\/#website","url":"https:\/\/kataloog.orto.ee\/","name":"Orto","description":"","potentialAction":[{"@type":"SearchAction","target":{"@type":"EntryPoint","urlTemplate":"https:\/\/kataloog.orto.ee\/?s={search_term_string}"},"query-input":"required name=search_term_string"}],"inLanguage":"fi"}]}},"_links":{"self":[{"href":"https:\/\/kataloog.orto.ee\/fi\/wp-json\/wp\/v2\/pages\/1392"}],"collection":[{"href":"https:\/\/kataloog.orto.ee\/fi\/wp-json\/wp\/v2\/pages"}],"about":[{"href":"https:\/\/kataloog.orto.ee\/fi\/wp-json\/wp\/v2\/types\/page"}],"author":[{"embeddable":true,"href":"https:\/\/kataloog.orto.ee\/fi\/wp-json\/wp\/v2\/users\/1"}],"replies":[{"embeddable":true,"href":"https:\/\/kataloog.orto.ee\/fi\/wp-json\/wp\/v2\/comments?post=1392"}],"version-history":[{"count":3,"href":"https:\/\/kataloog.orto.ee\/fi\/wp-json\/wp\/v2\/pages\/1392\/revisions"}],"predecessor-version":[{"id":3336,"href":"https:\/\/kataloog.orto.ee\/fi\/wp-json\/wp\/v2\/pages\/1392\/revisions\/3336"}],"up":[{"embeddable":true,"href":"https:\/\/kataloog.orto.ee\/fi\/wp-json\/wp\/v2\/pages\/1323"}],"wp:attachment":[{"href":"https:\/\/kataloog.orto.ee\/fi\/wp-json\/wp\/v2\/media?parent=1392"}],"curies":[{"name":"wp","href":"https:\/\/api.w.org\/{rel}","templated":true}]}}