{"id":1338,"date":"2020-04-02T11:22:01","date_gmt":"2020-04-02T08:22:01","guid":{"rendered":"https:\/\/orto.ee\/meist\/ajalugu\/"},"modified":"2021-05-21T10:16:03","modified_gmt":"2021-05-21T07:16:03","slug":"ajalugu","status":"publish","type":"page","link":"https:\/\/kataloog.orto.ee\/fi\/meist\/ajalugu\/","title":{"rendered":"Historia"},"content":{"rendered":"<div class=\"b-block pad-top-60 pad-bottom-60\"><h4 class='b-part p-title container h2 font-weight-bold text-center text-primary'>Saavutuksemme vuosikymmenten aikana<\/h4><div class=\"b-part p-timeline\">            <div class=\"p-timeline__item\">\r\n                <div class=\"c-tl-card\">\r\n                    <span class=\"c-tl-card__time c-tl-card__time--right\">1930luku<\/span>\r\n                    <div class=\"c-tl-card__title c-tl-card__title--has-image\" style=\"background-image: url(https:\/\/kataloog.orto.ee\/wp-content\/uploads\/2020\/04\/1930ndad-530x200.jpg);\">\r\n                        <h4>1932\u20131939<\/h4>                    <\/div>\r\n                    <div class=\"c-tl-card__content\"><p style=\"text-align: left;\">1932 &#8211; Orton perustaminen ja toiminnan aloittaminen nelj\u00e4ll\u00e4 suunnalla (kuluttajakemikaalit, kodin kemikaalit, siivouskemikaalit, hajuvedet).<\/p>\n<p>1935 &#8211; Ortossa valmistettiin ensimm\u00e4inen kasvovoide.<\/p>\n<\/div>                <\/div>\r\n            <\/div>\r\n                        <div class=\"p-timeline__item p-timeline__item--reverse\">\r\n                <div class=\"c-tl-card\">\r\n                    <span class=\"c-tl-card__time c-tl-card__time--left\">1960luku<\/span>\r\n                    <div class=\"c-tl-card__title c-tl-card__title--has-image\" style=\"background-image: url(https:\/\/kataloog.orto.ee\/wp-content\/uploads\/2020\/04\/1960ndad-530x200.jpg);\">\r\n                        <h4>1960\u20131969<\/h4>                    <\/div>\r\n                    <div class=\"c-tl-card__content\"><p>1961 &#8211; Ajan my\u00f6t\u00e4 Orto laajensi toimintaansa (rakennusosasto, alumiinituubien, lasikuituhuonekalujen ja meripoijujen tuotanto).<\/p>\n<\/div>                <\/div>\r\n            <\/div>\r\n                        <div class=\"p-timeline__item\">\r\n                <div class=\"c-tl-card\">\r\n                    <span class=\"c-tl-card__time c-tl-card__time--right\">1990luku<\/span>\r\n                    <div class=\"c-tl-card__title c-tl-card__title--has-image\" style=\"background-image: url(https:\/\/kataloog.orto.ee\/wp-content\/uploads\/2020\/04\/1990ndad-530x200.jpg);\">\r\n                        <h4>1990\u20131999<\/h4>                    <\/div>\r\n                    <div class=\"c-tl-card__content\"><p>1995 &#8211; Orto aloitti Plix -hyttyskarkotteiden tuotannon<\/p>\n<p>1996 &#8211; Aurinkovoiteiden ja -emulsioiden Solar -tuotesarjan luominen<\/p>\n<p>1998 &#8211; P\u00e4\u00e4asiassa apteekeissa myyt\u00e4v\u00e4n Ortomed -tuotesarjan luominen<\/p>\n<p>1998 &#8211; Puhas Loodus -tuotesarjan luominen<\/p>\n<\/div>                <\/div>\r\n            <\/div>\r\n                        <div class=\"p-timeline__item p-timeline__item--reverse\">\r\n                <div class=\"c-tl-card\">\r\n                    <span class=\"c-tl-card__time c-tl-card__time--left\">21. sajand<\/span>\r\n                    <div class=\"c-tl-card__title c-tl-card__title--has-image\" style=\"background-image: url(https:\/\/kataloog.orto.ee\/wp-content\/uploads\/2020\/04\/2000-530x200.jpg);\">\r\n                        <h4>2000luku<\/h4>                    <\/div>\r\n                    <div class=\"c-tl-card__content\"><p>2017 &#8211; Orton nykyisen tuotanto-, varasto- ja toimistorakennuksen valmistuminen<\/p>\n<p>2019 &#8211; Puhas Loodus tunnustettiin Viron vihreimm\u00e4ksi tuotemerkiksi Baltian tuotemerkkifoorumilla<\/p>\n<\/div>                <\/div>\r\n            <\/div>\r\n            <\/div><\/div>","protected":false},"excerpt":{"rendered":"","protected":false},"author":1,"featured_media":0,"parent":1323,"menu_order":10,"comment_status":"closed","ping_status":"closed","template":"","meta":{"_et_pb_use_builder":"","_et_pb_old_content":"","_et_gb_content_width":"","footnotes":""},"acf":[],"yoast_head":"<!-- This site is optimized with the Yoast SEO plugin v21.5 - https:\/\/yoast.com\/wordpress\/plugins\/seo\/ -->\n<title>Historia - Orto<\/title>\n<meta name=\"description\" content=\"Historia\" \/>\n<meta name=\"robots\" content=\"noindex, follow, max-snippet:-1, max-image-preview:large, max-video-preview:-1\" \/>\n<meta property=\"og:locale\" content=\"fi_FI\" \/>\n<meta property=\"og:type\" content=\"article\" \/>\n<meta property=\"og:title\" content=\"Historia - Orto\" \/>\n<meta property=\"og:description\" content=\"Historia\" \/>\n<meta property=\"og:url\" content=\"https:\/\/kataloog.orto.ee\/meist\/ajalugu\/\" \/>\n<meta property=\"og:site_name\" content=\"Orto\" \/>\n<meta property=\"article:modified_time\" content=\"2021-05-21T07:16:03+00:00\" \/>\n<meta name=\"twitter:card\" content=\"summary_large_image\" \/>\n<script type=\"application\/ld+json\" class=\"yoast-schema-graph\">{\"@context\":\"https:\/\/schema.org\",\"@graph\":[{\"@type\":\"WebPage\",\"@id\":\"https:\/\/kataloog.orto.ee\/meist\/ajalugu\/\",\"url\":\"https:\/\/kataloog.orto.ee\/meist\/ajalugu\/\",\"name\":\"Historia - Orto\",\"isPartOf\":{\"@id\":\"https:\/\/kataloog.orto.ee\/#website\"},\"datePublished\":\"2020-04-02T08:22:01+00:00\",\"dateModified\":\"2021-05-21T07:16:03+00:00\",\"description\":\"Historia\",\"breadcrumb\":{\"@id\":\"https:\/\/kataloog.orto.ee\/meist\/ajalugu\/#breadcrumb\"},\"inLanguage\":\"fi\",\"potentialAction\":[{\"@type\":\"ReadAction\",\"target\":[\"https:\/\/kataloog.orto.ee\/meist\/ajalugu\/\"]}]},{\"@type\":\"BreadcrumbList\",\"@id\":\"https:\/\/kataloog.orto.ee\/meist\/ajalugu\/#breadcrumb\",\"itemListElement\":[{\"@type\":\"ListItem\",\"position\":1,\"name\":\"Home\",\"item\":\"https:\/\/kataloog.orto.ee\/\"},{\"@type\":\"ListItem\",\"position\":2,\"name\":\"Meist\u00e4\",\"item\":\"https:\/\/kataloog.orto.ee\/meist\/\"},{\"@type\":\"ListItem\",\"position\":3,\"name\":\"Historia\"}]},{\"@type\":\"WebSite\",\"@id\":\"https:\/\/kataloog.orto.ee\/#website\",\"url\":\"https:\/\/kataloog.orto.ee\/\",\"name\":\"Orto\",\"description\":\"\",\"potentialAction\":[{\"@type\":\"SearchAction\",\"target\":{\"@type\":\"EntryPoint\",\"urlTemplate\":\"https:\/\/kataloog.orto.ee\/?s={search_term_string}\"},\"query-input\":\"required name=search_term_string\"}],\"inLanguage\":\"fi\"}]}<\/script>\n<!-- \/ Yoast SEO plugin. -->","yoast_head_json":{"title":"Historia - Orto","description":"Historia","robots":{"index":"noindex","follow":"follow","max-snippet":"max-snippet:-1","max-image-preview":"max-image-preview:large","max-video-preview":"max-video-preview:-1"},"og_locale":"fi_FI","og_type":"article","og_title":"Historia - Orto","og_description":"Historia","og_url":"https:\/\/kataloog.orto.ee\/meist\/ajalugu\/","og_site_name":"Orto","article_modified_time":"2021-05-21T07:16:03+00:00","twitter_card":"summary_large_image","schema":{"@context":"https:\/\/schema.org","@graph":[{"@type":"WebPage","@id":"https:\/\/kataloog.orto.ee\/meist\/ajalugu\/","url":"https:\/\/kataloog.orto.ee\/meist\/ajalugu\/","name":"Historia - Orto","isPartOf":{"@id":"https:\/\/kataloog.orto.ee\/#website"},"datePublished":"2020-04-02T08:22:01+00:00","dateModified":"2021-05-21T07:16:03+00:00","description":"Historia","breadcrumb":{"@id":"https:\/\/kataloog.orto.ee\/meist\/ajalugu\/#breadcrumb"},"inLanguage":"fi","potentialAction":[{"@type":"ReadAction","target":["https:\/\/kataloog.orto.ee\/meist\/ajalugu\/"]}]},{"@type":"BreadcrumbList","@id":"https:\/\/kataloog.orto.ee\/meist\/ajalugu\/#breadcrumb","itemListElement":[{"@type":"ListItem","position":1,"name":"Home","item":"https:\/\/kataloog.orto.ee\/"},{"@type":"ListItem","position":2,"name":"Meist\u00e4","item":"https:\/\/kataloog.orto.ee\/meist\/"},{"@type":"ListItem","position":3,"name":"Historia"}]},{"@type":"WebSite","@id":"https:\/\/kataloog.orto.ee\/#website","url":"https:\/\/kataloog.orto.ee\/","name":"Orto","description":"","potentialAction":[{"@type":"SearchAction","target":{"@type":"EntryPoint","urlTemplate":"https:\/\/kataloog.orto.ee\/?s={search_term_string}"},"query-input":"required name=search_term_string"}],"inLanguage":"fi"}]}},"_links":{"self":[{"href":"https:\/\/kataloog.orto.ee\/fi\/wp-json\/wp\/v2\/pages\/1338"}],"collection":[{"href":"https:\/\/kataloog.orto.ee\/fi\/wp-json\/wp\/v2\/pages"}],"about":[{"href":"https:\/\/kataloog.orto.ee\/fi\/wp-json\/wp\/v2\/types\/page"}],"author":[{"embeddable":true,"href":"https:\/\/kataloog.orto.ee\/fi\/wp-json\/wp\/v2\/users\/1"}],"replies":[{"embeddable":true,"href":"https:\/\/kataloog.orto.ee\/fi\/wp-json\/wp\/v2\/comments?post=1338"}],"version-history":[{"count":3,"href":"https:\/\/kataloog.orto.ee\/fi\/wp-json\/wp\/v2\/pages\/1338\/revisions"}],"predecessor-version":[{"id":1364,"href":"https:\/\/kataloog.orto.ee\/fi\/wp-json\/wp\/v2\/pages\/1338\/revisions\/1364"}],"up":[{"embeddable":true,"href":"https:\/\/kataloog.orto.ee\/fi\/wp-json\/wp\/v2\/pages\/1323"}],"wp:attachment":[{"href":"https:\/\/kataloog.orto.ee\/fi\/wp-json\/wp\/v2\/media?parent=1338"}],"curies":[{"name":"wp","href":"https:\/\/api.w.org\/{rel}","templated":true}]}}