{"id":1452,"date":"2020-04-02T11:22:52","date_gmt":"2020-04-02T08:22:52","guid":{"rendered":"https:\/\/orto.ee\/meist\/liikmelisus\/"},"modified":"2022-11-25T10:33:33","modified_gmt":"2022-11-25T08:33:33","slug":"liikmelisus","status":"publish","type":"page","link":"https:\/\/kataloog.orto.ee\/en\/meist\/liikmelisus\/","title":{"rendered":"Membership"},"content":{"rendered":"<div class=\"b-block pad-top-60 pad-bottom-60\"><h3 class='b-part p-title container text-left text-primary'>Orto participates in the work of the following organizations and movements<\/h3><div class=\"b-part p-txtmediac container-p0 no-gutters\"><div class=\"p-txtmediac__content col-md-6\"><div class=\"p-txtmediac__txt editor-content\"><p><strong>Estonian Chemical Industry Association<\/strong><\/p>\n<p>The Estonian Chemical Industry Association (ECIA), is a non-profit association, founded on the 16th of September 1991, uniting chemical industry companies in order to solve the problems that had arisen with the restoration of independence and the introduction of our local currency. At present, ECIA has 55 members.<\/p>\n<p>The main objective of the ECIA is:<\/p>\n<p>Development of the Estonian chemical industry, increasing efficiency, competitiveness and safety.<\/p>\n<p>And the tools are:<\/p>\n<p>Legislation, lobbying, training and mediation of the outside world.<\/p>\n<p>&nbsp;<\/p>\n<\/div><\/div><div class=\"p-txtmediac__media col-auto col-md-5 col-xl-auto\"><img loading=\"lazy\" decoding=\"async\" width=\"470\" height=\"280\" src=\"https:\/\/kataloog.orto.ee\/wp-content\/uploads\/2020\/04\/tarbekeemia-2-470x280.jpg\" class=\"attachment-img-470x280 size-img-470x280\" alt=\"\" \/><\/div><\/div><div class=\"b-part p-txtmediac container-p0 no-gutters p-txtmediac--reverse\"><div class=\"p-txtmediac__content p-txtmediac__content--reverse col-md-6\"><div class=\"p-txtmediac__txt editor-content\"><p><strong>Consumer Chemicals and Cosmetics Sector Group<\/strong><\/p>\n<p>The sector group includes the members of the Association who are engaged in the production and sale of consumer chemicals and cosmetics:<\/p>\n<p>AS Orto, AS Estko, AS Chemi-Pharm, O\u00dc Flora Kaubandus, Henkel Balti O\u00dc, O\u00dc Kemitek, Joik O\u00dc, O\u00dc Nurme Looduskosmeetika, L\u2019Oreal Poland and Baltic Hub, Unilever Eesti AS, Mayeri Industries AS, O\u00dc Eurobio Lab, Ontic O\u00dc, O\u00dc Turbliss, Perfect Cosmetics O\u00dc and Signe Seebid O\u00dc.<\/p>\n<p>The sector group deals with emerging common problems both in Estonia and in areas arising from European Union legislation, such as cosmetics and natural cosmetics, detergents, biocides, REACH and CLP in consumer chemistry, and packaging and plastics.<\/p>\n<\/div><\/div><div class=\"p-txtmediac__media col-auto col-md-5 col-xl-auto\"><img loading=\"lazy\" decoding=\"async\" width=\"470\" height=\"280\" src=\"https:\/\/kataloog.orto.ee\/wp-content\/uploads\/2020\/04\/tarbekeemia-1-470x280.jpg\" class=\"attachment-img-470x280 size-img-470x280\" alt=\"\" \/><\/div><\/div><div class=\"b-part p-txtmediac container-p0 no-gutters\"><div class=\"p-txtmediac__content col-md-6\"><div class=\"p-txtmediac__txt editor-content\"><p><strong>Personal Care Association<\/strong><\/p>\n<p>Orto Ltd. participates in the work of The Personal Care Association through the Chemical Industry Association.<\/p>\n<p>Additional information<\/p>\n<p><a href=\"http:\/\/www.cosmeticseurope.eu\/\">cosmeticseurope.eu\/<\/a><\/p>\n<p>&nbsp;<\/p>\n<\/div><\/div><div class=\"p-txtmediac__media col-auto col-md-5 col-xl-auto\"><img loading=\"lazy\" decoding=\"async\" width=\"420\" height=\"280\" src=\"https:\/\/kataloog.orto.ee\/wp-content\/uploads\/2020\/03\/bee-4529254.jpg\" class=\"attachment-img-470x280 size-img-470x280\" alt=\"\" srcset=\"https:\/\/kataloog.orto.ee\/wp-content\/uploads\/2020\/03\/bee-4529254.jpg 1100w, https:\/\/kataloog.orto.ee\/wp-content\/uploads\/2020\/03\/bee-4529254-300x200.jpg 300w, https:\/\/kataloog.orto.ee\/wp-content\/uploads\/2020\/03\/bee-4529254-1024x683.jpg 1024w, https:\/\/kataloog.orto.ee\/wp-content\/uploads\/2020\/03\/bee-4529254-768x512.jpg 768w, https:\/\/kataloog.orto.ee\/wp-content\/uploads\/2020\/03\/bee-4529254-600x400.jpg 600w\" sizes=\"(max-width: 420px) 100vw, 420px\" \/><\/div><\/div><div class=\"b-part p-txtmediac container-p0 no-gutters p-txtmediac--reverse\"><div class=\"p-txtmediac__content p-txtmediac__content--reverse col-md-6\"><div class=\"p-txtmediac__txt editor-content\"><p><strong>International Association for Soaps, Detergents and Maintenance Products<\/strong><\/p>\n<p>Orto Ltd. participates in the work of International Association of Soaps, Detergents and Maintenance Products A.I.S.E through the Chemical Industry Association.<\/p>\n<p><a href=\"https:\/\/www.aise.eu\/\">aise.eu\/<\/a><\/p>\n<p>&nbsp;<\/p>\n<\/div><\/div><div class=\"p-txtmediac__media col-auto col-md-5 col-xl-auto\"><img loading=\"lazy\" decoding=\"async\" width=\"470\" height=\"280\" src=\"https:\/\/kataloog.orto.ee\/wp-content\/uploads\/2020\/04\/ettevottest.jpg\" class=\"attachment-img-470x280 size-img-470x280\" alt=\"\" srcset=\"https:\/\/kataloog.orto.ee\/wp-content\/uploads\/2020\/04\/ettevottest.jpg 470w, https:\/\/kataloog.orto.ee\/wp-content\/uploads\/2020\/04\/ettevottest-300x179.jpg 300w, https:\/\/kataloog.orto.ee\/wp-content\/uploads\/2020\/04\/ettevottest-190x113.jpg 190w, https:\/\/kataloog.orto.ee\/wp-content\/uploads\/2020\/04\/ettevottest-100x60.jpg 100w\" sizes=\"(max-width: 470px) 100vw, 470px\" \/><\/div><\/div><div class=\"b-part p-txtmediac container-p0 no-gutters\"><div class=\"p-txtmediac__content col-md-6\"><div class=\"p-txtmediac__txt editor-content\"><p><strong>Estonian Environmental Management Association (ESMA)<\/strong><\/p>\n<p>A non-profit organization established on 21 April 2003 on the basis of voluntary membership, which brings together companies, organizations and individuals to promote business-related environmental activities and represents the interests of its members in addressing environmental issues.<\/p>\n<p>The association acts as an intermediary between businesses and the state (e.g. participation in legislation) as well as businesses and civil society (e.g. relations with environmental organizations) and represents the interests of its members in environmental matters.<\/p>\n<p>&nbsp;<\/p>\n<\/div><\/div><div class=\"p-txtmediac__media col-auto col-md-5 col-xl-auto\"><img loading=\"lazy\" decoding=\"async\" width=\"470\" height=\"280\" src=\"https:\/\/kataloog.orto.ee\/wp-content\/uploads\/2020\/04\/asutamisest.jpg\" class=\"attachment-img-470x280 size-img-470x280\" alt=\"\" srcset=\"https:\/\/kataloog.orto.ee\/wp-content\/uploads\/2020\/04\/asutamisest.jpg 470w, https:\/\/kataloog.orto.ee\/wp-content\/uploads\/2020\/04\/asutamisest-300x179.jpg 300w, https:\/\/kataloog.orto.ee\/wp-content\/uploads\/2020\/04\/asutamisest-190x113.jpg 190w, https:\/\/kataloog.orto.ee\/wp-content\/uploads\/2020\/04\/asutamisest-100x60.jpg 100w\" sizes=\"(max-width: 470px) 100vw, 470px\" \/><\/div><\/div><\/div>\n\n\n<h2 class=\"wp-el wp-block-heading\">Responsible Care<\/h2>\n\n\n\n<p class=\"wp-el\"><a href=\"http:\/\/www.icca-chem.org\/en\/Home\/Responsible-care\/\">http:\/\/www.icca-chem.org\/en\/Home\/Responsible-care\/<\/a> <\/p>\n\n\n\n<p class=\"wp-el\">Responsible Care is a chemical industry initiative launched in Canada in 1984, where companies decided to work together to continuously improve the health, safety and environmental performance of products and processes so that they can contribute to the sustainable development of both the local area and society as a whole.<\/p>\n\n\n\n<p class=\"wp-el\">In 2002, the Estonian Chemical Industry&nbsp; Association (ECIA) and its 6 member companies Including ORTO Ltd. , joined the Responsible Care initiative<\/p>\n\n\n\n<p class=\"wp-el\">The goal is for the members of the Estonian Chemical Industry Association to behave in accordance with the unspecified good practices even if the company is not directly obliged to do so. It is the company\u2019s care and responsibility for the effects of its products and activities, even when the product has left the company\u2019s grounds. Because the company cares, it also takes responsibility.<\/p>\n\n\n\n<p class=\"wp-el\"><strong>Principles of the Responsible Care program:<\/strong><\/p>\n\n\n\n<ol type=\"1\" class=\"wp-el\"><li>We consider taking care of human health and safety, protecting the environment, limiting emissions and pollution to be an important and integral part of the company\u2019s business process.<\/li><li>We encourage and instruct the company\u2019s staff to act responsibly in the field of environmental protection and occupational safety.<\/li><li>We are constantly working towards using the raw materials and energy sustainably and reducing emissions and waste.<\/li><li>We are aware of and reduce the environmental and occupational safety risks of our operations.<\/li><li>When implementing a new process or product, we find out their impact on the environment and human health.<\/li><li>We inform the authorities about the company\u2019s activities and its effects on the environment and human health.<\/li><li>We inform the local population and other interested parties about our production activities and products and their possible effects on the environment.<\/li><li>We instruct customers on the safe handling of our products and waste disposal.<\/li><li>We expect and encourage our partners to follow the same principles.<\/li><li>In case of technology transfer, we will explain to the host company the handling conditions necessary to protect the environment and human health.<\/li><\/ol>\n\n\n\n<p class=\"wp-el\"><\/p>\n","protected":false},"excerpt":{"rendered":"<p>Responsible Care http:\/\/www.icca-chem.org\/en\/Home\/Responsible-care\/ Responsible Care is a chemical industry initiative launched in Canada in 1984, where companies decided to work&#8230;<\/p>\n","protected":false},"author":1,"featured_media":0,"parent":1317,"menu_order":40,"comment_status":"closed","ping_status":"closed","template":"","meta":{"_et_pb_use_builder":"","_et_pb_old_content":"","_et_gb_content_width":"","footnotes":""},"acf":[],"yoast_head":"<!-- This site is optimized with the Yoast SEO plugin v21.5 - https:\/\/yoast.com\/wordpress\/plugins\/seo\/ -->\n<title>Membership - Orto<\/title>\n<meta name=\"description\" content=\"Membership\" \/>\n<meta name=\"robots\" content=\"noindex, follow, max-snippet:-1, max-image-preview:large, max-video-preview:-1\" \/>\n<meta property=\"og:locale\" content=\"en_US\" \/>\n<meta property=\"og:type\" content=\"article\" \/>\n<meta property=\"og:title\" content=\"Membership - Orto\" \/>\n<meta property=\"og:description\" content=\"Membership\" \/>\n<meta property=\"og:url\" content=\"https:\/\/kataloog.orto.ee\/meist\/liikmelisus\/\" \/>\n<meta property=\"og:site_name\" content=\"Orto\" \/>\n<meta property=\"article:modified_time\" content=\"2022-11-25T08:33:33+00:00\" \/>\n<meta name=\"twitter:card\" content=\"summary_large_image\" \/>\n<meta name=\"twitter:label1\" content=\"Est. reading time\" \/>\n\t<meta name=\"twitter:data1\" content=\"2 minutes\" \/>\n<script type=\"application\/ld+json\" class=\"yoast-schema-graph\">{\"@context\":\"https:\/\/schema.org\",\"@graph\":[{\"@type\":\"WebPage\",\"@id\":\"https:\/\/kataloog.orto.ee\/meist\/liikmelisus\/\",\"url\":\"https:\/\/kataloog.orto.ee\/meist\/liikmelisus\/\",\"name\":\"Membership - Orto\",\"isPartOf\":{\"@id\":\"https:\/\/kataloog.orto.ee\/#website\"},\"datePublished\":\"2020-04-02T08:22:52+00:00\",\"dateModified\":\"2022-11-25T08:33:33+00:00\",\"description\":\"Membership\",\"breadcrumb\":{\"@id\":\"https:\/\/kataloog.orto.ee\/meist\/liikmelisus\/#breadcrumb\"},\"inLanguage\":\"en-US\",\"potentialAction\":[{\"@type\":\"ReadAction\",\"target\":[\"https:\/\/kataloog.orto.ee\/meist\/liikmelisus\/\"]}]},{\"@type\":\"BreadcrumbList\",\"@id\":\"https:\/\/kataloog.orto.ee\/meist\/liikmelisus\/#breadcrumb\",\"itemListElement\":[{\"@type\":\"ListItem\",\"position\":1,\"name\":\"Home\",\"item\":\"https:\/\/kataloog.orto.ee\/\"},{\"@type\":\"ListItem\",\"position\":2,\"name\":\"About us\",\"item\":\"https:\/\/kataloog.orto.ee\/meist\/\"},{\"@type\":\"ListItem\",\"position\":3,\"name\":\"Membership\"}]},{\"@type\":\"WebSite\",\"@id\":\"https:\/\/kataloog.orto.ee\/#website\",\"url\":\"https:\/\/kataloog.orto.ee\/\",\"name\":\"Orto\",\"description\":\"\",\"potentialAction\":[{\"@type\":\"SearchAction\",\"target\":{\"@type\":\"EntryPoint\",\"urlTemplate\":\"https:\/\/kataloog.orto.ee\/?s={search_term_string}\"},\"query-input\":\"required name=search_term_string\"}],\"inLanguage\":\"en-US\"}]}<\/script>\n<!-- \/ Yoast SEO plugin. -->","yoast_head_json":{"title":"Membership - Orto","description":"Membership","robots":{"index":"noindex","follow":"follow","max-snippet":"max-snippet:-1","max-image-preview":"max-image-preview:large","max-video-preview":"max-video-preview:-1"},"og_locale":"en_US","og_type":"article","og_title":"Membership - Orto","og_description":"Membership","og_url":"https:\/\/kataloog.orto.ee\/meist\/liikmelisus\/","og_site_name":"Orto","article_modified_time":"2022-11-25T08:33:33+00:00","twitter_card":"summary_large_image","twitter_misc":{"Est. reading time":"2 minutes"},"schema":{"@context":"https:\/\/schema.org","@graph":[{"@type":"WebPage","@id":"https:\/\/kataloog.orto.ee\/meist\/liikmelisus\/","url":"https:\/\/kataloog.orto.ee\/meist\/liikmelisus\/","name":"Membership - Orto","isPartOf":{"@id":"https:\/\/kataloog.orto.ee\/#website"},"datePublished":"2020-04-02T08:22:52+00:00","dateModified":"2022-11-25T08:33:33+00:00","description":"Membership","breadcrumb":{"@id":"https:\/\/kataloog.orto.ee\/meist\/liikmelisus\/#breadcrumb"},"inLanguage":"en-US","potentialAction":[{"@type":"ReadAction","target":["https:\/\/kataloog.orto.ee\/meist\/liikmelisus\/"]}]},{"@type":"BreadcrumbList","@id":"https:\/\/kataloog.orto.ee\/meist\/liikmelisus\/#breadcrumb","itemListElement":[{"@type":"ListItem","position":1,"name":"Home","item":"https:\/\/kataloog.orto.ee\/"},{"@type":"ListItem","position":2,"name":"About us","item":"https:\/\/kataloog.orto.ee\/meist\/"},{"@type":"ListItem","position":3,"name":"Membership"}]},{"@type":"WebSite","@id":"https:\/\/kataloog.orto.ee\/#website","url":"https:\/\/kataloog.orto.ee\/","name":"Orto","description":"","potentialAction":[{"@type":"SearchAction","target":{"@type":"EntryPoint","urlTemplate":"https:\/\/kataloog.orto.ee\/?s={search_term_string}"},"query-input":"required name=search_term_string"}],"inLanguage":"en-US"}]}},"_links":{"self":[{"href":"https:\/\/kataloog.orto.ee\/en\/wp-json\/wp\/v2\/pages\/1452"}],"collection":[{"href":"https:\/\/kataloog.orto.ee\/en\/wp-json\/wp\/v2\/pages"}],"about":[{"href":"https:\/\/kataloog.orto.ee\/en\/wp-json\/wp\/v2\/types\/page"}],"author":[{"embeddable":true,"href":"https:\/\/kataloog.orto.ee\/en\/wp-json\/wp\/v2\/users\/1"}],"replies":[{"embeddable":true,"href":"https:\/\/kataloog.orto.ee\/en\/wp-json\/wp\/v2\/comments?post=1452"}],"version-history":[{"count":3,"href":"https:\/\/kataloog.orto.ee\/en\/wp-json\/wp\/v2\/pages\/1452\/revisions"}],"predecessor-version":[{"id":3344,"href":"https:\/\/kataloog.orto.ee\/en\/wp-json\/wp\/v2\/pages\/1452\/revisions\/3344"}],"up":[{"embeddable":true,"href":"https:\/\/kataloog.orto.ee\/en\/wp-json\/wp\/v2\/pages\/1317"}],"wp:attachment":[{"href":"https:\/\/kataloog.orto.ee\/en\/wp-json\/wp\/v2\/media?parent=1452"}],"curies":[{"name":"wp","href":"https:\/\/api.w.org\/{rel}","templated":true}]}}